{"id":10528,"date":"2023-03-21T14:44:45","date_gmt":"2023-03-21T17:44:45","guid":{"rendered":"https:\/\/cloud.cnpgc.embrapa.br\/bpa-new\/?page_id=10528"},"modified":"2025-04-19T16:19:32","modified_gmt":"2025-04-19T19:19:32","slug":"elementor-10528","status":"publish","type":"page","link":"https:\/\/cloud.cnpgc.embrapa.br\/bpa\/elementor-10528\/","title":{"rendered":"Coordena\u00e7\u00e3o do Programa"},"content":{"rendered":"\t\t<div data-elementor-type=\"wp-page\" data-elementor-id=\"10528\" class=\"elementor elementor-10528\">\n\t\t\t\t\t\t<section class=\"elementor-section elementor-top-section elementor-element elementor-element-a84f86d elementor-section-boxed elementor-section-height-default elementor-section-height-default\" data-id=\"a84f86d\" data-element_type=\"section\" data-e-type=\"section\">\n\t\t\t\t\t\t<div class=\"elementor-container elementor-column-gap-default\">\n\t\t\t\t\t<div class=\"elementor-column elementor-col-100 elementor-top-column elementor-element elementor-element-1128e1c\" data-id=\"1128e1c\" data-element_type=\"column\" data-e-type=\"column\">\n\t\t\t<div class=\"elementor-widget-wrap elementor-element-populated\">\n\t\t\t\t\t\t<section class=\"elementor-section elementor-inner-section elementor-element elementor-element-6423c37 elementor-section-boxed elementor-section-height-default elementor-section-height-default\" data-id=\"6423c37\" data-element_type=\"section\" data-e-type=\"section\">\n\t\t\t\t\t\t<div class=\"elementor-container elementor-column-gap-default\">\n\t\t\t\t\t<div class=\"elementor-column elementor-col-50 elementor-inner-column elementor-element elementor-element-eb78d28\" data-id=\"eb78d28\" data-element_type=\"column\" data-e-type=\"column\">\n\t\t\t<div class=\"elementor-widget-wrap elementor-element-populated\">\n\t\t\t\t\t\t<div class=\"elementor-element elementor-element-a11abf5 elementor-widget elementor-widget-text-editor\" data-id=\"a11abf5\" data-element_type=\"widget\" data-e-type=\"widget\" data-widget_type=\"text-editor.default\">\n\t\t\t\t<div class=\"elementor-widget-container\">\n\t\t\t\t\t\t\t\t\t<h4><b>Coordena\u00e7\u00e3o<\/b><strong> Nacional\u00a0<\/strong><\/h4><p><b>Embrapa Gado de Corte<br \/><\/b>Endere\u00e7o:\u00a0Av. R\u00e1dio Maia, 830 &#8211; Vila Popular, Campo Grande, MS, CEP: 79106-550<br \/>Fone: (67) 3368.2000<br \/>E-mail:\u00a0cnpgc.bpa@embrapa.br<\/p><p><span style=\"font-family: var( --e-global-typography-text-font-family ), Sans-serif;\"><strong>Coordenadora Nacional<\/strong><br \/><\/span>Mariana de Arag\u00e3o Pereira<\/p><p><strong>Vice-Coordena\u00e7\u00e3o Nacional<\/strong><br \/>Vanessa Felipe de Souza<\/p><p><strong>Coordena\u00e7\u00e3o de Transfer\u00eancia de Tecnologia<\/strong><br \/>Marcelo Castro Pereira<\/p><p><b>Primeiro Secret\u00e1rio<br \/><\/b>Edson Espindola Cardoso<\/p>\t\t\t\t\t\t\t\t<\/div>\n\t\t\t\t<\/div>\n\t\t\t\t\t<\/div>\n\t\t<\/div>\n\t\t\t\t<div class=\"elementor-column elementor-col-50 elementor-inner-column elementor-element elementor-element-4b48177\" data-id=\"4b48177\" data-element_type=\"column\" data-e-type=\"column\">\n\t\t\t<div class=\"elementor-widget-wrap elementor-element-populated\">\n\t\t\t\t\t\t<div class=\"elementor-element elementor-element-801994e elementor-widget elementor-widget-text-editor\" data-id=\"801994e\" data-element_type=\"widget\" data-e-type=\"widget\" data-widget_type=\"text-editor.default\">\n\t\t\t\t<div class=\"elementor-widget-container\">\n\t\t\t\t\t\t\t\t\t<h4><b>Coordena\u00e7\u00f5es Regionais<\/b><\/h4>\n<p><b>Regi\u00e3o Sul<br>Embrapa Pecu\u00e1ria Sul<\/b><br>Bag\u00e9, RS, CEP: 96401-970<br>Fone:&nbsp;(53) 3240.4650<br>Coordenadores: Gustavo Martins da Silva &amp; <br>Vivian Dagnesi Timpani<\/p>\n<p><strong>Regi\u00e3o Centro-Oeste<br>Embrapa Pantanal<\/strong><br>Corumb\u00e1, MS, CEP: 79320-900<br>Fone:&nbsp;(67) 3368.2000<br>Coordenadora:&nbsp;<span style=\"color: #7a7a7a;\">Juliana Corr\u00eaa Borges Silva<\/span><\/p>\n<p><b>Regi\u00e3o Norte<br>Embrapa Pesca e Aquicultura<br><\/b>Palmas, TO, CEP: 77008-900<br>Fone:&nbsp;(63) 3229.7800<br>Coordenador:&nbsp;<span style=\"color: #7a7a7a;\">Marcelo K\u00f6nsgen Cunha<\/span><\/p>\n<p><b>Regi\u00e3o Sul<br>Embrapa Clima Temperado<br><\/b>Pelotas, RS, CEP: 96010-971<br>Fone:&nbsp;(53) 3275.8100<br>Coordenadora:&nbsp;<span style=\"color: #7a7a7a;\">Maria Cecilia Florisbal Dam\u00e9<\/span><\/p>\n<p><b>Regi\u00e3o Norte<br>Embrapa Acre<br><\/b>Rio Branco, AC, CEP: 69900-970<br>Fone:&nbsp;(68) 3212.3200<br>Coordenador:&nbsp;<span style=\"color: #7a7a7a;\">Maykel Franklin Lima Sales<\/span><\/p>\n<p><strong>Regi\u00e3o Norte<br><\/strong><b>Embrapa Rond\u00f4nia<\/b><br>Porto Velho, RO, CEP: 76815-800<br><span style=\"font-family: var( --e-global-typography-text-font-family ), Sans-serif;\">Fone:&nbsp;(69) 3219.5004<br>Coordenador:&nbsp;<\/span><span style=\"color: #7a7a7a;\">Rhuan Amorim de Lima<\/span><\/p>\n<p><span style=\"font-family: var( --e-global-typography-text-font-family ), Sans-serif;\"><b>Regi\u00e3o Sudeste<br>Pecu\u00e1ria Sudeste<br><\/b><\/span><span style=\"font-family: var( --e-global-typography-text-font-family ), Sans-serif;\">S\u00e3o Carlos, SP, CEP: 13560-970<br><\/span><span style=\"font-family: var( --e-global-typography-text-font-family ), Sans-serif;\">Fone: (16) 3411.5600<br>Coordenador:&nbsp;<\/span><span style=\"color: #7a7a7a;\">Sergio Raposo de Medeiros<\/span><\/p>\n<p><span style=\"font-weight: bold;\">Regi\u00e3o Sudeste<br><\/span><span style=\"font-family: var( --e-global-typography-text-font-family ), Sans-serif;\"><b>Embrapa Agricultura Digital<br><\/b><\/span><span style=\"font-family: var( --e-global-typography-text-font-family ), Sans-serif;\">Campinas, SP,&nbsp;<\/span><span style=\"font-family: var( --e-global-typography-text-font-family ), Sans-serif;\">CEP: 13083-886<br><\/span><span style=\"font-family: var( --e-global-typography-text-font-family ), Sans-serif;\">Fone:&nbsp;(19) 3211.5700<br>Coordenadora:&nbsp;<\/span><span style=\"color: #7a7a7a;\">Thais Basso Amaral&nbsp;<\/span><\/p>\t\t\t\t\t\t\t\t<\/div>\n\t\t\t\t<\/div>\n\t\t\t\t\t<\/div>\n\t\t<\/div>\n\t\t\t\t\t<\/div>\n\t\t<\/section>\n\t\t\t\t\t<\/div>\n\t\t<\/div>\n\t\t\t\t\t<\/div>\n\t\t<\/section>\n\t\t\t\t<\/div>\n\t\t","protected":false},"excerpt":{"rendered":"<p>Coordena\u00e7\u00e3o Nacional\u00a0 Embrapa Gado de CorteEndere\u00e7o:\u00a0Av. R\u00e1dio Maia, 830 &#8211; Vila Popular, Campo Grande, MS, CEP: 79106-550Fone: (67) 3368.2000E-mail:\u00a0cnpgc.bpa@embrapa.br Coordenadora NacionalMariana de Arag\u00e3o Pereira Vice-Coordena\u00e7\u00e3o NacionalVanessa Felipe de Souza Coordena\u00e7\u00e3o de Transfer\u00eancia de TecnologiaMarcelo Castro Pereira Primeiro Secret\u00e1rioEdson Espindola Cardoso Coordena\u00e7\u00f5es Regionais Regi\u00e3o SulEmbrapa Pecu\u00e1ria SulBag\u00e9, RS, CEP: 96401-970Fone:&nbsp;(53) 3240.4650Coordenadores: Gustavo Martins da Silva &amp;<a class=\"moretag\" href=\"https:\/\/cloud.cnpgc.embrapa.br\/bpa\/elementor-10528\/\"><span class=\"screen-reader-text\">Read more about Coordena\u00e7\u00e3o do Programa<\/span>[&#8230;]<\/a><\/p>\n","protected":false},"author":50,"featured_media":0,"parent":0,"menu_order":0,"comment_status":"closed","ping_status":"closed","template":"","meta":{"_exactmetrics_skip_tracking":false,"_exactmetrics_sitenote_active":false,"_exactmetrics_sitenote_note":"","_exactmetrics_sitenote_category":0,"footnotes":""},"class_list":["post-10528","page","type-page","status-publish","hentry"],"_links":{"self":[{"href":"https:\/\/cloud.cnpgc.embrapa.br\/bpa\/wp-json\/wp\/v2\/pages\/10528","targetHints":{"allow":["GET"]}}],"collection":[{"href":"https:\/\/cloud.cnpgc.embrapa.br\/bpa\/wp-json\/wp\/v2\/pages"}],"about":[{"href":"https:\/\/cloud.cnpgc.embrapa.br\/bpa\/wp-json\/wp\/v2\/types\/page"}],"author":[{"embeddable":true,"href":"https:\/\/cloud.cnpgc.embrapa.br\/bpa\/wp-json\/wp\/v2\/users\/50"}],"replies":[{"embeddable":true,"href":"https:\/\/cloud.cnpgc.embrapa.br\/bpa\/wp-json\/wp\/v2\/comments?post=10528"}],"version-history":[{"count":30,"href":"https:\/\/cloud.cnpgc.embrapa.br\/bpa\/wp-json\/wp\/v2\/pages\/10528\/revisions"}],"predecessor-version":[{"id":42960,"href":"https:\/\/cloud.cnpgc.embrapa.br\/bpa\/wp-json\/wp\/v2\/pages\/10528\/revisions\/42960"}],"wp:attachment":[{"href":"https:\/\/cloud.cnpgc.embrapa.br\/bpa\/wp-json\/wp\/v2\/media?parent=10528"}],"curies":[{"name":"wp","href":"https:\/\/api.w.org\/{rel}","templated":true}]}}