{"id":183,"date":"2022-01-12T23:31:40","date_gmt":"2022-01-13T02:31:40","guid":{"rendered":"http:\/\/cloud.cnpgc.embrapa.br\/bpa-new\/?page_id=183"},"modified":"2025-09-24T17:20:14","modified_gmt":"2025-09-24T20:20:14","slug":"publicacoes","status":"publish","type":"page","link":"https:\/\/cloud.cnpgc.embrapa.br\/bpa\/publicacoes\/","title":{"rendered":"Publica\u00e7\u00f5es"},"content":{"rendered":"\t\t<div data-elementor-type=\"wp-page\" data-elementor-id=\"183\" class=\"elementor elementor-183\">\n\t\t\t\t\t\t<section class=\"elementor-section elementor-top-section elementor-element elementor-element-0d38e9f elementor-section-boxed elementor-section-height-default elementor-section-height-default\" data-id=\"0d38e9f\" data-element_type=\"section\" data-e-type=\"section\">\n\t\t\t\t\t\t<div class=\"elementor-container elementor-column-gap-default\">\n\t\t\t\t\t<div class=\"elementor-column elementor-col-100 elementor-top-column elementor-element elementor-element-5d04653\" data-id=\"5d04653\" data-element_type=\"column\" data-e-type=\"column\">\n\t\t\t<div class=\"elementor-widget-wrap elementor-element-populated\">\n\t\t\t\t\t\t<section class=\"elementor-section elementor-inner-section elementor-element elementor-element-0b51deb elementor-section-boxed elementor-section-height-default elementor-section-height-default\" data-id=\"0b51deb\" data-element_type=\"section\" data-e-type=\"section\">\n\t\t\t\t\t\t<div class=\"elementor-container elementor-column-gap-default\">\n\t\t\t\t\t<div class=\"elementor-column elementor-col-50 elementor-inner-column elementor-element elementor-element-fc6d655\" data-id=\"fc6d655\" data-element_type=\"column\" data-e-type=\"column\">\n\t\t\t<div class=\"elementor-widget-wrap elementor-element-populated\">\n\t\t\t\t\t\t<div class=\"elementor-element elementor-element-966812a elementor-widget elementor-widget-text-editor\" data-id=\"966812a\" data-element_type=\"widget\" data-e-type=\"widget\" data-widget_type=\"text-editor.default\">\n\t\t\t\t<div class=\"elementor-widget-container\">\n\t\t\t\t\t\t\t\t\t<p><strong>Manual e Listas de Verifica\u00e7\u00e3o<\/strong><\/p><p><a href=\"https:\/\/cloud.cnpgc.embrapa.br\/bpa\/files\/2025\/04\/Manual-BPA-19042025.pdf\" target=\"_blank\" rel=\"noopener\">Manual BPA (2022)<\/a><\/p><p><a href=\"https:\/\/cloud.cnpgc.embrapa.br\/bpa\/files\/2025\/04\/Lista-BPA-19042025.pdf\" target=\"_blank\" rel=\"noopener\">Lista de Verifica\u00e7\u00e3o BPA (2023)<\/a><\/p>\t\t\t\t\t\t\t\t<\/div>\n\t\t\t\t<\/div>\n\t\t\t\t\t<\/div>\n\t\t<\/div>\n\t\t\t\t<div class=\"elementor-column elementor-col-50 elementor-inner-column elementor-element elementor-element-3ad4339\" data-id=\"3ad4339\" data-element_type=\"column\" data-e-type=\"column\">\n\t\t\t<div class=\"elementor-widget-wrap elementor-element-populated\">\n\t\t\t\t\t\t<div class=\"elementor-element elementor-element-6e18f18 elementor-widget elementor-widget-text-editor\" data-id=\"6e18f18\" data-element_type=\"widget\" data-e-type=\"widget\" data-widget_type=\"text-editor.default\">\n\t\t\t\t<div class=\"elementor-widget-container\">\n\t\t\t\t\t\t\t\t\t<p>\u00c1reas<b> Tem\u00e1ticas<\/b><\/p>\n<p><a href=\"https:\/\/cloud.cnpgc.embrapa.br\/bpa-new\/areas-tematicas\/\">Clique para acessar<\/a><\/p>\t\t\t\t\t\t\t\t<\/div>\n\t\t\t\t<\/div>\n\t\t\t\t\t<\/div>\n\t\t<\/div>\n\t\t\t\t\t<\/div>\n\t\t<\/section>\n\t\t\t\t\t<\/div>\n\t\t<\/div>\n\t\t\t\t\t<\/div>\n\t\t<\/section>\n\t\t\t\t<\/div>\n\t\t","protected":false},"excerpt":{"rendered":"<p>Manual e Listas de Verifica\u00e7\u00e3o Manual BPA (2022) Lista de Verifica\u00e7\u00e3o BPA (2023) \u00c1reas Tem\u00e1ticas Clique para acessar<\/p>\n","protected":false},"author":50,"featured_media":0,"parent":0,"menu_order":0,"comment_status":"closed","ping_status":"closed","template":"","meta":{"_exactmetrics_skip_tracking":false,"_exactmetrics_sitenote_active":false,"_exactmetrics_sitenote_note":"","_exactmetrics_sitenote_category":0,"footnotes":""},"class_list":["post-183","page","type-page","status-publish","hentry"],"_links":{"self":[{"href":"https:\/\/cloud.cnpgc.embrapa.br\/bpa\/wp-json\/wp\/v2\/pages\/183","targetHints":{"allow":["GET"]}}],"collection":[{"href":"https:\/\/cloud.cnpgc.embrapa.br\/bpa\/wp-json\/wp\/v2\/pages"}],"about":[{"href":"https:\/\/cloud.cnpgc.embrapa.br\/bpa\/wp-json\/wp\/v2\/types\/page"}],"author":[{"embeddable":true,"href":"https:\/\/cloud.cnpgc.embrapa.br\/bpa\/wp-json\/wp\/v2\/users\/50"}],"replies":[{"embeddable":true,"href":"https:\/\/cloud.cnpgc.embrapa.br\/bpa\/wp-json\/wp\/v2\/comments?post=183"}],"version-history":[{"count":25,"href":"https:\/\/cloud.cnpgc.embrapa.br\/bpa\/wp-json\/wp\/v2\/pages\/183\/revisions"}],"predecessor-version":[{"id":50585,"href":"https:\/\/cloud.cnpgc.embrapa.br\/bpa\/wp-json\/wp\/v2\/pages\/183\/revisions\/50585"}],"wp:attachment":[{"href":"https:\/\/cloud.cnpgc.embrapa.br\/bpa\/wp-json\/wp\/v2\/media?parent=183"}],"curies":[{"name":"wp","href":"https:\/\/api.w.org\/{rel}","templated":true}]}}