{"id":35,"date":"2021-09-20T16:14:24","date_gmt":"2021-09-20T19:14:24","guid":{"rendered":"http:\/\/cloud.cnpgc.embrapa.br\/bpa-new\/?page_id=35"},"modified":"2022-06-07T15:51:47","modified_gmt":"2022-06-07T18:51:47","slug":"bpa-e-odss","status":"publish","type":"page","link":"https:\/\/cloud.cnpgc.embrapa.br\/bpa\/bpa-e-odss\/","title":{"rendered":"Por que implantar?"},"content":{"rendered":"\t\t<div data-elementor-type=\"wp-page\" data-elementor-id=\"35\" class=\"elementor elementor-35\">\n\t\t\t\t\t\t<section class=\"elementor-section elementor-top-section elementor-element elementor-element-2ed282c elementor-section-boxed elementor-section-height-default elementor-section-height-default\" data-id=\"2ed282c\" data-element_type=\"section\" data-e-type=\"section\">\n\t\t\t\t\t\t<div class=\"elementor-container elementor-column-gap-default\">\n\t\t\t\t\t<div class=\"elementor-column elementor-col-100 elementor-top-column elementor-element elementor-element-cec7162\" data-id=\"cec7162\" data-element_type=\"column\" data-e-type=\"column\">\n\t\t\t<div class=\"elementor-widget-wrap elementor-element-populated\">\n\t\t\t\t\t\t<section class=\"elementor-section elementor-inner-section elementor-element elementor-element-0fe135d elementor-section-boxed elementor-section-height-default elementor-section-height-default\" data-id=\"0fe135d\" data-element_type=\"section\" data-e-type=\"section\">\n\t\t\t\t\t\t<div class=\"elementor-container elementor-column-gap-default\">\n\t\t\t\t\t<div class=\"elementor-column elementor-col-50 elementor-inner-column elementor-element elementor-element-8c8f989\" data-id=\"8c8f989\" data-element_type=\"column\" data-e-type=\"column\">\n\t\t\t<div class=\"elementor-widget-wrap elementor-element-populated\">\n\t\t\t\t\t\t<div class=\"elementor-element elementor-element-51eff7b elementor-widget elementor-widget-text-editor\" data-id=\"51eff7b\" data-element_type=\"widget\" data-e-type=\"widget\" data-widget_type=\"text-editor.default\">\n\t\t\t\t<div class=\"elementor-widget-container\">\n\t\t\t\t\t\t\t\t\t<ul>\n<li>Aumento da efici\u00eancia de produ\u00e7\u00e3o devido ao maior conhecimento e controle dos fatores produtivos;<\/li>\n<li>Redu\u00e7\u00e3o de perdas e desperd\u00edcio, com consequente redu\u00e7\u00e3o de custos;<\/li>\n<li>Identifica\u00e7\u00e3o e corre\u00e7\u00e3o de pontos cr\u00edticos de controle que assegurem uma produ\u00e7\u00e3o de carne bovina livre de res\u00edduos e outros contaminantes;<br \/>Planejamento e organiza\u00e7\u00e3o das atividades, finan\u00e7as, estoques e pessoas, que melhoram a gest\u00e3o e a lucratividade do neg\u00f3cio;<\/li>\n<li>Adequa\u00e7\u00e3o \u00e0 legisla\u00e7\u00e3o (compliance), especialmente trabalhista e ambiental, reduzindo os riscos de multas e outras penalidades;<\/li>\n<li>Redu\u00e7\u00e3o das emiss\u00f5es dos gases de efeito estufa (GEE);<\/li>\n<li>Aumento das oportunidades de negocia\u00e7\u00e3o com agrega\u00e7\u00e3o de valor ao produto ou \u00e0 fazenda (imagem);<\/li>\n<li>Aumento das oportunidades de obten\u00e7\u00e3o de cr\u00e9dito rural (alinhamento com ESG), inclusive na linha das \u201cfinan\u00e7as verdes\u201d; e,<br \/>Facilita\u00e7\u00e3o na obten\u00e7\u00e3o de certifica\u00e7\u00f5es diversas (ex. Carne Baixo Carbono &#8211; CBC) e de premia\u00e7\u00f5es em programas de carne de qualidade promovidos pela ind\u00fastria frigor\u00edfica.<\/li>\n<\/ul>\n<p>\u00a0<\/p>\t\t\t\t\t\t\t\t<\/div>\n\t\t\t\t<\/div>\n\t\t\t\t\t<\/div>\n\t\t<\/div>\n\t\t\t\t<div class=\"elementor-column elementor-col-50 elementor-inner-column elementor-element elementor-element-04a5e10\" data-id=\"04a5e10\" data-element_type=\"column\" data-e-type=\"column\">\n\t\t\t<div class=\"elementor-widget-wrap elementor-element-populated\">\n\t\t\t\t\t\t<div class=\"elementor-element elementor-element-71c0064 elementor-widget elementor-widget-text-editor\" data-id=\"71c0064\" data-element_type=\"widget\" data-e-type=\"widget\" data-widget_type=\"text-editor.default\">\n\t\t\t\t<div class=\"elementor-widget-container\">\n\t\t\t\t\t\t\t\t\t<p><strong>E tem mais&#8230;<\/strong><\/p>\n<p>Al\u00e9m dos benef\u00edcios que o BPA traz para os produtores, o Programa ainda<br \/>ajuda a pecu\u00e1ria brasileira a dar uma importante contribui\u00e7\u00e3o para os Objetivos<br \/>de Desenvolvimento Sustent\u00e1vel (ODS), propostos pela ONU. Entre eles, os de<br \/>maior destaque s\u00e3o:\u00a0<\/p>\n<p><!-- \/wp:paragraph --><!-- wp:paragraph --><\/p>\n<p>2.\u00a0<a href=\"https:\/\/www.embrapa.br\/busca-de-publicacoes\/-\/publicacao\/1096312\/fome-zero-e-agricultura-sustentavel-contribuicoes-da-embrapa\" target=\"_blank\" rel=\"noopener\"><strong>Fome zero e agricultura sustent\u00e1vel <\/strong><\/a><\/p>\n<p><!-- \/wp:paragraph --><!-- wp:paragraph --><\/p>\n<p>3. <a href=\"https:\/\/www.embrapa.br\/busca-de-publicacoes\/-\/publicacao\/1091377\/saude-e-bem-estar-contribuicoes-da-embrapa\" target=\"_blank\" rel=\"noopener\"><strong>Sa\u00fade e Bem-estar<\/strong><\/a><\/p>\n<p><!-- \/wp:paragraph --><!-- wp:paragraph --><\/p>\n<p>6. <a href=\"https:\/\/www.embrapa.br\/en\/busca-de-publicacoes\/-\/publicacao\/1090194\/agua-e-saneamento-contribuicoes-da-embrapa\" target=\"_blank\" rel=\"noopener\"><strong>\u00c1gua pot\u00e1vel e Saneamento<\/strong><\/a><\/p>\n<p><!-- \/wp:paragraph --><!-- wp:paragraph --><\/p>\n<p>8.<a href=\"https:\/\/brasil.un.org\/pt-br\/sdgs\/8\" target=\"_blank\" rel=\"noopener\"><strong> Trabalho decente e crescimento econ\u00f4mico <\/strong><\/a><\/p>\n<p><!-- \/wp:paragraph --><!-- wp:paragraph --><\/p>\n<p>12. <a href=\"https:\/\/www.embrapa.br\/en\/busca-de-publicacoes\/-\/publicacao\/1094845\/consumo-e-producao-responsaveis-contribuicoes-da-embrapa\" target=\"_blank\" rel=\"noopener\"><strong>Consumo e produ\u00e7\u00e3o respons\u00e1veis<\/strong><\/a><\/p>\n<p><!-- \/wp:paragraph --><!-- wp:paragraph --><\/p>\n<p>13. <a href=\"https:\/\/www.embrapa.br\/en\/busca-de-publicacoes\/-\/publicacao\/1090980\/acao-contra-a-mudanca-global-do-clima-contribuicoes-da-embrapa\" target=\"_blank\" rel=\"noopener\"><strong>A\u00e7\u00e3o contra a mudan\u00e7a global do clima<\/strong><\/a><\/p>\t\t\t\t\t\t\t\t<\/div>\n\t\t\t\t<\/div>\n\t\t\t\t\t<\/div>\n\t\t<\/div>\n\t\t\t\t\t<\/div>\n\t\t<\/section>\n\t\t\t\t\t<\/div>\n\t\t<\/div>\n\t\t\t\t\t<\/div>\n\t\t<\/section>\n\t\t\t\t<\/div>\n\t\t","protected":false},"excerpt":{"rendered":"<p>Aumento da efici\u00eancia de produ\u00e7\u00e3o devido ao maior conhecimento e controle dos fatores produtivos; Redu\u00e7\u00e3o de perdas e desperd\u00edcio, com consequente redu\u00e7\u00e3o de custos; Identifica\u00e7\u00e3o e corre\u00e7\u00e3o de pontos cr\u00edticos de controle que assegurem uma produ\u00e7\u00e3o de carne bovina livre de res\u00edduos e outros contaminantes; Planejamento e organiza\u00e7\u00e3o das atividades, finan\u00e7as, estoques e pessoas, que<a class=\"moretag\" href=\"https:\/\/cloud.cnpgc.embrapa.br\/bpa\/bpa-e-odss\/\"><span class=\"screen-reader-text\">Read more about Por que implantar?<\/span>[&#8230;]<\/a><\/p>\n","protected":false},"author":50,"featured_media":0,"parent":0,"menu_order":0,"comment_status":"closed","ping_status":"closed","template":"","meta":{"_exactmetrics_skip_tracking":false,"_exactmetrics_sitenote_active":false,"_exactmetrics_sitenote_note":"","_exactmetrics_sitenote_category":0,"footnotes":""},"class_list":["post-35","page","type-page","status-publish","hentry"],"_links":{"self":[{"href":"https:\/\/cloud.cnpgc.embrapa.br\/bpa\/wp-json\/wp\/v2\/pages\/35","targetHints":{"allow":["GET"]}}],"collection":[{"href":"https:\/\/cloud.cnpgc.embrapa.br\/bpa\/wp-json\/wp\/v2\/pages"}],"about":[{"href":"https:\/\/cloud.cnpgc.embrapa.br\/bpa\/wp-json\/wp\/v2\/types\/page"}],"author":[{"embeddable":true,"href":"https:\/\/cloud.cnpgc.embrapa.br\/bpa\/wp-json\/wp\/v2\/users\/50"}],"replies":[{"embeddable":true,"href":"https:\/\/cloud.cnpgc.embrapa.br\/bpa\/wp-json\/wp\/v2\/comments?post=35"}],"version-history":[{"count":23,"href":"https:\/\/cloud.cnpgc.embrapa.br\/bpa\/wp-json\/wp\/v2\/pages\/35\/revisions"}],"predecessor-version":[{"id":896,"href":"https:\/\/cloud.cnpgc.embrapa.br\/bpa\/wp-json\/wp\/v2\/pages\/35\/revisions\/896"}],"wp:attachment":[{"href":"https:\/\/cloud.cnpgc.embrapa.br\/bpa\/wp-json\/wp\/v2\/media?parent=35"}],"curies":[{"name":"wp","href":"https:\/\/api.w.org\/{rel}","templated":true}]}}