{"id":46752,"date":"2025-07-05T13:40:36","date_gmt":"2025-07-05T16:40:36","guid":{"rendered":"https:\/\/cloud.cnpgc.embrapa.br\/bpa-new\/?page_id=46752"},"modified":"2025-07-05T13:41:59","modified_gmt":"2025-07-05T16:41:59","slug":"curso-on-line","status":"publish","type":"page","link":"https:\/\/cloud.cnpgc.embrapa.br\/bpa\/curso-on-line\/","title":{"rendered":"Curso online"},"content":{"rendered":"\n<p>Curso Online de Boas Pr\u00e1ticas Agropecu\u00e1rias (BPA) na produ\u00e7\u00e3o de bovinos e bubalinos de corte.<\/p>\n\n\n\n<p>Clique no link abaixo para mais informa\u00e7\u00f5es.<\/p>\n\n\n\n<p><a href=\"https:\/\/bit.ly\/curso-online-bpa\" target=\"_blank\" rel=\"noreferrer noopener\">https:\/\/bit.ly\/curso-online-bpa<\/a><\/p>\n","protected":false},"excerpt":{"rendered":"<p>Curso Online de Boas Pr\u00e1ticas Agropecu\u00e1rias (BPA) na produ\u00e7\u00e3o de bovinos e bubalinos de corte. Clique no link abaixo para mais informa\u00e7\u00f5es. https:\/\/bit.ly\/curso-online-bpa<\/p>\n","protected":false},"author":50,"featured_media":0,"parent":0,"menu_order":0,"comment_status":"closed","ping_status":"closed","template":"","meta":{"_exactmetrics_skip_tracking":false,"_exactmetrics_sitenote_active":false,"_exactmetrics_sitenote_note":"","_exactmetrics_sitenote_category":0,"footnotes":""},"class_list":["post-46752","page","type-page","status-publish","hentry"],"_links":{"self":[{"href":"https:\/\/cloud.cnpgc.embrapa.br\/bpa\/wp-json\/wp\/v2\/pages\/46752","targetHints":{"allow":["GET"]}}],"collection":[{"href":"https:\/\/cloud.cnpgc.embrapa.br\/bpa\/wp-json\/wp\/v2\/pages"}],"about":[{"href":"https:\/\/cloud.cnpgc.embrapa.br\/bpa\/wp-json\/wp\/v2\/types\/page"}],"author":[{"embeddable":true,"href":"https:\/\/cloud.cnpgc.embrapa.br\/bpa\/wp-json\/wp\/v2\/users\/50"}],"replies":[{"embeddable":true,"href":"https:\/\/cloud.cnpgc.embrapa.br\/bpa\/wp-json\/wp\/v2\/comments?post=46752"}],"version-history":[{"count":2,"href":"https:\/\/cloud.cnpgc.embrapa.br\/bpa\/wp-json\/wp\/v2\/pages\/46752\/revisions"}],"predecessor-version":[{"id":46754,"href":"https:\/\/cloud.cnpgc.embrapa.br\/bpa\/wp-json\/wp\/v2\/pages\/46752\/revisions\/46754"}],"wp:attachment":[{"href":"https:\/\/cloud.cnpgc.embrapa.br\/bpa\/wp-json\/wp\/v2\/media?parent=46752"}],"curies":[{"name":"wp","href":"https:\/\/api.w.org\/{rel}","templated":true}]}}