{"id":24,"date":"2013-06-04T14:22:19","date_gmt":"2013-06-04T14:22:19","guid":{"rendered":"http:\/\/cloud.cnpgc.embrapa.br\/ceua\/?page_id=24"},"modified":"2023-07-27T14:51:59","modified_gmt":"2023-07-27T18:51:59","slug":"sobre","status":"publish","type":"page","link":"https:\/\/cloud.cnpgc.embrapa.br\/ceua\/","title":{"rendered":"Sobre"},"content":{"rendered":"<p>A Comiss\u00e3o de \u00c9tica para o Uso de Animais (CEUA) da Embrapa Gado de Corte tem natureza consultiva, normativa, educativa e deliberativa em rela\u00e7\u00e3o \u00e0 aprova\u00e7\u00e3o, ao controle, e \u00e0 vigil\u00e2ncia das atividades que envolvam uso cient\u00edfico de animais e mant\u00e9m fiel conformidade com as resolu\u00e7\u00f5es normativas do Conselho Nacional de Controle de Experimenta\u00e7\u00e3o Animal (CONCEA), do Minist\u00e9rio da Ci\u00eancia, Tecnologia, Inova\u00e7\u00f5es e Comunica\u00e7\u00f5es (MCTIC), de acordo com o estabelecido pela Lei n\u00ba 11.794, de 8 de outubro de 2008.<\/p>\n<p>A CEUA est\u00e1 vinculada \u00e0 Chefia Geral da Unidade e tem forma\u00e7\u00e3o multidisciplinar, sendo constitu\u00edda por membros internos e por membros externos, representantes de sociedade protetora dos animais legalmente constitu\u00edda.<\/p>\n<p>Entre outras fun\u00e7\u00f5es, compete \u00e0 Comiss\u00e3o examinar previamente os protocolos aplic\u00e1veis aos projetos de pesquisa cient\u00edfica a serem realizados para determinar sua compatibilidade com a legisla\u00e7\u00e3o aplic\u00e1vel, bem como incentivar a ado\u00e7\u00e3o dos princ\u00edpios de refinamento, redu\u00e7\u00e3o e substitui\u00e7\u00e3o no uso de animais em pesquisa cient\u00edfica.<\/p>\n","protected":false},"excerpt":{"rendered":"<p>A Comiss\u00e3o de \u00c9tica para o Uso de Animais (CEUA) da Embrapa Gado de Corte tem natureza consultiva, normativa, educativa e deliberativa em rela\u00e7\u00e3o \u00e0 aprova\u00e7\u00e3o, ao controle, e \u00e0 [&hellip;]<\/p>\n","protected":false},"author":43,"featured_media":0,"parent":0,"menu_order":0,"comment_status":"closed","ping_status":"open","template":"","meta":{"_exactmetrics_skip_tracking":false,"_exactmetrics_sitenote_active":false,"_exactmetrics_sitenote_note":"","_exactmetrics_sitenote_category":0,"footnotes":""},"class_list":["post-24","page","type-page","status-publish","hentry"],"_links":{"self":[{"href":"https:\/\/cloud.cnpgc.embrapa.br\/ceua\/wp-json\/wp\/v2\/pages\/24","targetHints":{"allow":["GET"]}}],"collection":[{"href":"https:\/\/cloud.cnpgc.embrapa.br\/ceua\/wp-json\/wp\/v2\/pages"}],"about":[{"href":"https:\/\/cloud.cnpgc.embrapa.br\/ceua\/wp-json\/wp\/v2\/types\/page"}],"author":[{"embeddable":true,"href":"https:\/\/cloud.cnpgc.embrapa.br\/ceua\/wp-json\/wp\/v2\/users\/43"}],"replies":[{"embeddable":true,"href":"https:\/\/cloud.cnpgc.embrapa.br\/ceua\/wp-json\/wp\/v2\/comments?post=24"}],"version-history":[{"count":3,"href":"https:\/\/cloud.cnpgc.embrapa.br\/ceua\/wp-json\/wp\/v2\/pages\/24\/revisions"}],"predecessor-version":[{"id":138,"href":"https:\/\/cloud.cnpgc.embrapa.br\/ceua\/wp-json\/wp\/v2\/pages\/24\/revisions\/138"}],"wp:attachment":[{"href":"https:\/\/cloud.cnpgc.embrapa.br\/ceua\/wp-json\/wp\/v2\/media?parent=24"}],"curies":[{"name":"wp","href":"https:\/\/api.w.org\/{rel}","templated":true}]}}