{"id":7,"date":"2013-06-04T14:14:06","date_gmt":"2013-06-04T14:14:06","guid":{"rendered":"http:\/\/cloud.cnpgc.embrapa.br\/ceua\/?page_id=7"},"modified":"2022-08-19T10:35:40","modified_gmt":"2022-08-19T14:35:40","slug":"formularios","status":"publish","type":"page","link":"https:\/\/cloud.cnpgc.embrapa.br\/ceua\/formularios\/","title":{"rendered":"Formul\u00e1rios"},"content":{"rendered":"<p><a href=\"https:\/\/cloud.cnpgc.embrapa.br\/ceua\/files\/2013\/06\/0000013210-Form_Cadastro-de-Pesquisador.doc\" target=\"_blank\" rel=\"noopener\">Cadastro de Pesquisador<\/a><\/p>\n<p><a href=\"https:\/\/cloud.cnpgc.embrapa.br\/ceua\/files\/2013\/06\/Form_Solicita\u00e7\u00e3o-de-Autoriza\u00e7\u00e3o-para-Uso-de-Animais_vers\u00e3o-4_rev_29_10_2015.doc\">Formul\u00e1rio de Solicita\u00e7\u00e3o de Autoriza\u00e7\u00e3o para Uso de Animais<\/a><\/p>\n<p><a href=\"https:\/\/cloud.cnpgc.embrapa.br\/ceua\/files\/2013\/06\/Form_Termo-de-Consentimento-Formal.doc\" target=\"_blank\" rel=\"noopener\">Termo de Consentimento Livre e Esclarecido<\/a><\/p>\n\n\n<p><\/p>\n","protected":false},"excerpt":{"rendered":"<p>Cadastro de Pesquisador Formul\u00e1rio de Solicita\u00e7\u00e3o de Autoriza\u00e7\u00e3o para Uso de Animais Termo de Consentimento Livre e Esclarecido<\/p>\n","protected":false},"author":2,"featured_media":0,"parent":0,"menu_order":0,"comment_status":"open","ping_status":"open","template":"","meta":{"_exactmetrics_skip_tracking":false,"_exactmetrics_sitenote_active":false,"_exactmetrics_sitenote_note":"","_exactmetrics_sitenote_category":0,"footnotes":""},"class_list":["post-7","page","type-page","status-publish","hentry"],"_links":{"self":[{"href":"https:\/\/cloud.cnpgc.embrapa.br\/ceua\/wp-json\/wp\/v2\/pages\/7","targetHints":{"allow":["GET"]}}],"collection":[{"href":"https:\/\/cloud.cnpgc.embrapa.br\/ceua\/wp-json\/wp\/v2\/pages"}],"about":[{"href":"https:\/\/cloud.cnpgc.embrapa.br\/ceua\/wp-json\/wp\/v2\/types\/page"}],"author":[{"embeddable":true,"href":"https:\/\/cloud.cnpgc.embrapa.br\/ceua\/wp-json\/wp\/v2\/users\/2"}],"replies":[{"embeddable":true,"href":"https:\/\/cloud.cnpgc.embrapa.br\/ceua\/wp-json\/wp\/v2\/comments?post=7"}],"version-history":[{"count":22,"href":"https:\/\/cloud.cnpgc.embrapa.br\/ceua\/wp-json\/wp\/v2\/pages\/7\/revisions"}],"predecessor-version":[{"id":148,"href":"https:\/\/cloud.cnpgc.embrapa.br\/ceua\/wp-json\/wp\/v2\/pages\/7\/revisions\/148"}],"wp:attachment":[{"href":"https:\/\/cloud.cnpgc.embrapa.br\/ceua\/wp-json\/wp\/v2\/media?parent=7"}],"curies":[{"name":"wp","href":"https:\/\/api.w.org\/{rel}","templated":true}]}}