{"id":2,"date":"2013-06-27T12:49:45","date_gmt":"2013-06-27T12:49:45","guid":{"rendered":"http:\/\/cloud.cnpgc.embrapa.br\/cibio\/?page_id=2"},"modified":"2021-08-08T09:18:22","modified_gmt":"2021-08-08T13:18:22","slug":"sobre","status":"publish","type":"page","link":"https:\/\/cloud.cnpgc.embrapa.br\/cibio\/","title":{"rendered":"CIBio"},"content":{"rendered":"<p>A\u00a0Comiss\u00e3o Interna de Biosseguran\u00e7a (CIBio) da Embrapa Gado de Corte<strong>\u00a0<\/strong>\u00e9 subordinada \u00e0\u00a0Comiss\u00e3o T\u00e9cnica Nacional de Biosseguran\u00e7a (CTNBio) e \u00e9 respons\u00e1vel pelo monitoramento e vigil\u00e2ncia dos trabalhos de engenharia gen\u00e9tica, manipula\u00e7\u00e3o, produ\u00e7\u00e3o e transporte de Organismos Geneticamente Modificados (OGMs) e por fazer cumprir a regulamenta\u00e7\u00e3o de Brasileira de Biosseguran\u00e7a nesta Institui\u00e7\u00e3o.<\/p>\n<p>O Certificado de Qualidade em Biosseguran\u00e7a &#8211; CQB constitui-se no credenciamento que a CTNBio concede \u00e0s institui\u00e7\u00f5es para desenvolver projetos e atividades com Organismos Geneticamente Modificados (OGM) e seus derivados.\u00a0<a class=\"accordion-toggle\"><span class=\"ng-binding\">CQB: 0159\/02 Embrapa Gado de Corte &#8211; Centro Nacional de Pesquisa de Gado de Corte.<\/span><\/a><\/p>\n<p>O <a href=\"http:\/\/cloud.cnpgc.embrapa.br\/cibio\/regimento-interno-e-legislacao\/instrucao-de-servico-e-regimento-interno-da-cibio\/\" rel=\"attachment wp-att-30\">regimento interno da CIBio<\/a>\u00a0da Embrapa Gado de Corte disp\u00f5e sobre seu funcionamento, composi\u00e7\u00e3o e compet\u00eancias.<\/p>\n<h2><strong>Composi\u00e7\u00e3o: \u00a0\u00a0<\/strong><\/h2>\n<hr \/>\n<h2><\/h2>\n<table style=\"height: 170px\" width=\"617\">\n<tbody>\n<tr>\n<td><strong>Membros Titulares:<\/strong><\/td>\n<td><strong>Membros Suplentes:<\/strong><\/td>\n<\/tr>\n<tr>\n<td>Lenita Ramires dos Santos (Presidente)<\/td>\n<td>Fabiane Siqueira<\/td>\n<\/tr>\n<tr>\n<td>Andrea Alves do Egito (Secret\u00e1ria)<\/td>\n<td>Maxwell Parella Andreu<\/td>\n<\/tr>\n<tr>\n<td>Marlei de Souza Vicente<\/td>\n<td>Andrea Raposo<\/td>\n<\/tr>\n<tr>\n<td>Fl\u00e1bio Ribeiro Araujo<\/td>\n<td>Mariane de Mendon\u00e7a Vilela<\/td>\n<\/tr>\n<tr>\n<td>Karem Guimar\u00e3es Xavier Meireles<\/td>\n<td>Vanessa Felipe de Souza<\/td>\n<\/tr>\n<\/tbody>\n<\/table>\n<p><strong>\u00a0<\/strong><\/p>\n<p><!--more--><\/p>\n<p style=\"text-align: center\"><a href=\"http:\/\/cloud.cnpgc.embrapa.br\/cibio\/files\/2013\/06\/Simbolo-biosseguranca.jpg\"><img fetchpriority=\"high\" decoding=\"async\" class=\"alignnone size-full wp-image-79\" src=\"http:\/\/cloud.cnpgc.embrapa.br\/cibio\/files\/2013\/06\/Simbolo-biosseguranca.jpg\" alt=\"Simbolo-biosseguranca\" width=\"319\" height=\"311\" srcset=\"https:\/\/cloud.cnpgc.embrapa.br\/cibio\/files\/2013\/06\/Simbolo-biosseguranca.jpg 319w, https:\/\/cloud.cnpgc.embrapa.br\/cibio\/files\/2013\/06\/Simbolo-biosseguranca-300x292.jpg 300w\" sizes=\"(max-width: 319px) 100vw, 319px\" \/><\/a><\/p>\n","protected":false},"excerpt":{"rendered":"<p>A\u00a0Comiss\u00e3o Interna de Biosseguran\u00e7a (CIBio) da Embrapa Gado de Corte\u00a0\u00e9 subordinada \u00e0\u00a0Comiss\u00e3o T\u00e9cnica Nacional de Biosseguran\u00e7a (CTNBio) e \u00e9 respons\u00e1vel pelo monitoramento e vigil\u00e2ncia dos trabalhos de engenharia gen\u00e9tica, manipula\u00e7\u00e3o, [&hellip;]<\/p>\n","protected":false},"author":1,"featured_media":0,"parent":0,"menu_order":0,"comment_status":"open","ping_status":"open","template":"","meta":{"_exactmetrics_skip_tracking":false,"_exactmetrics_sitenote_active":false,"_exactmetrics_sitenote_note":"","_exactmetrics_sitenote_category":0,"footnotes":""},"class_list":["post-2","page","type-page","status-publish","hentry"],"_links":{"self":[{"href":"https:\/\/cloud.cnpgc.embrapa.br\/cibio\/wp-json\/wp\/v2\/pages\/2","targetHints":{"allow":["GET"]}}],"collection":[{"href":"https:\/\/cloud.cnpgc.embrapa.br\/cibio\/wp-json\/wp\/v2\/pages"}],"about":[{"href":"https:\/\/cloud.cnpgc.embrapa.br\/cibio\/wp-json\/wp\/v2\/types\/page"}],"author":[{"embeddable":true,"href":"https:\/\/cloud.cnpgc.embrapa.br\/cibio\/wp-json\/wp\/v2\/users\/1"}],"replies":[{"embeddable":true,"href":"https:\/\/cloud.cnpgc.embrapa.br\/cibio\/wp-json\/wp\/v2\/comments?post=2"}],"version-history":[{"count":49,"href":"https:\/\/cloud.cnpgc.embrapa.br\/cibio\/wp-json\/wp\/v2\/pages\/2\/revisions"}],"predecessor-version":[{"id":287,"href":"https:\/\/cloud.cnpgc.embrapa.br\/cibio\/wp-json\/wp\/v2\/pages\/2\/revisions\/287"}],"wp:attachment":[{"href":"https:\/\/cloud.cnpgc.embrapa.br\/cibio\/wp-json\/wp\/v2\/media?parent=2"}],"curies":[{"name":"wp","href":"https:\/\/api.w.org\/{rel}","templated":true}]}}