{"id":53,"date":"2013-07-22T19:56:24","date_gmt":"2013-07-22T23:56:24","guid":{"rendered":"http:\/\/cloud.cnpgc.embrapa.br\/cibio\/?page_id=53"},"modified":"2019-01-04T10:05:11","modified_gmt":"2019-01-04T14:05:11","slug":"noticias","status":"publish","type":"page","link":"https:\/\/cloud.cnpgc.embrapa.br\/cibio\/noticias\/","title":{"rendered":""},"content":{"rendered":"<h1>Capacita\u00e7\u00f5es<\/h1>\n<p>A Embrapa Gado de Corte realiza anualmente uma capacita\u00e7\u00e3o para seus empregados (pesquisadores, analistas, t\u00e9cnicos e assistentes) que atuam em projetos ou atividades com OGMs, bem como para colaboradores (estagi\u00e1rios e bolsistas de gradua\u00e7\u00e3o e p\u00f3s-gradua\u00e7\u00e3o) e para os membros da CIBio.<\/p>\n<p>Nas capacita\u00e7\u00f5es s\u00e3o tratadas as bases conceituais sobre biosseguran\u00e7a; a legisla\u00e7\u00e3o sobre biosseguran\u00e7a para\u00a0Organismo Geneticamente Modificado (OGM) no Brasil;\u00a0boas pr\u00e1ticas laboratoriais e uso de Equipamentos de Prote\u00e7\u00e3o Individuais (EPI) e Coletivos (EPC).<\/p>\n<p><strong>Local:<\/strong>\u00a0Embrapa\u00a0Gado de Corte<\/p>\n<h2>\u00a0Programas das capacita\u00e7\u00f5es:<\/h2>\n<p><a href=\"http:\/\/cloud.cnpgc.embrapa.br\/cibio\/files\/2013\/07\/Folder-CAPACITA\u00c7\u00c3O-EM-CAPACITA\u00c7\u00c3O-EM-BIOSSEGURAN\u00c7A.docx\">2013 &#8211; 23 de maio<\/a><\/p>\n<p><a href=\"http:\/\/cloud.cnpgc.embrapa.br\/cibio\/files\/2013\/07\/Programa-CAPACITA\u00c7\u00c3O-EM-CAPACITA\u00c7\u00c3O-EM-BIOSSEGURAN\u00c7A.docx\">2014 &#8211; 10 e 11 de junho<\/a><\/p>\n<p><a href=\"http:\/\/cloud.cnpgc.embrapa.br\/cibio\/files\/2013\/07\/Folder-CAPACITA\u00c7\u00c3O-EM-BIOSSEGURAN\u00c7A20151.pdf\">2015 &#8211; 23 de setembro<\/a><\/p>\n<p><a href=\"http:\/\/cloud.cnpgc.embrapa.br\/cibio\/noticias\/programa-capacitacao-em-biosseguranca\/\" rel=\"attachment wp-att-233\">2016-22 e 23 de novembro<\/a><\/p>\n<p><a href=\"http:\/\/cloud.cnpgc.embrapa.br\/cibio\/noticias\/2017-19-de-setembro\/\" rel=\"attachment wp-att-254\">2017-19 de setembro<\/a><\/p>\n<p><a href=\"http:\/\/cloud.cnpgc.embrapa.br\/cibio\/noticias\/programa-capacitacao-em-biosseguranca-2\/\" rel=\"attachment wp-att-282\">2018-09 de agosto<\/a><\/p>\n<h2><\/h2>\n<h2><\/h2>\n","protected":false},"excerpt":{"rendered":"<p>Capacita\u00e7\u00f5es A Embrapa Gado de Corte realiza anualmente uma capacita\u00e7\u00e3o para seus empregados (pesquisadores, analistas, t\u00e9cnicos e assistentes) que atuam em projetos ou atividades com OGMs, bem como para colaboradores [&hellip;]<\/p>\n","protected":false},"author":27,"featured_media":0,"parent":0,"menu_order":0,"comment_status":"open","ping_status":"open","template":"","meta":{"_exactmetrics_skip_tracking":false,"_exactmetrics_sitenote_active":false,"_exactmetrics_sitenote_note":"","_exactmetrics_sitenote_category":0,"footnotes":""},"class_list":["post-53","page","type-page","status-publish","hentry"],"_links":{"self":[{"href":"https:\/\/cloud.cnpgc.embrapa.br\/cibio\/wp-json\/wp\/v2\/pages\/53","targetHints":{"allow":["GET"]}}],"collection":[{"href":"https:\/\/cloud.cnpgc.embrapa.br\/cibio\/wp-json\/wp\/v2\/pages"}],"about":[{"href":"https:\/\/cloud.cnpgc.embrapa.br\/cibio\/wp-json\/wp\/v2\/types\/page"}],"author":[{"embeddable":true,"href":"https:\/\/cloud.cnpgc.embrapa.br\/cibio\/wp-json\/wp\/v2\/users\/27"}],"replies":[{"embeddable":true,"href":"https:\/\/cloud.cnpgc.embrapa.br\/cibio\/wp-json\/wp\/v2\/comments?post=53"}],"version-history":[{"count":34,"href":"https:\/\/cloud.cnpgc.embrapa.br\/cibio\/wp-json\/wp\/v2\/pages\/53\/revisions"}],"predecessor-version":[{"id":283,"href":"https:\/\/cloud.cnpgc.embrapa.br\/cibio\/wp-json\/wp\/v2\/pages\/53\/revisions\/283"}],"wp:attachment":[{"href":"https:\/\/cloud.cnpgc.embrapa.br\/cibio\/wp-json\/wp\/v2\/media?parent=53"}],"curies":[{"name":"wp","href":"https:\/\/api.w.org\/{rel}","templated":true}]}}