{"id":7,"date":"2013-06-27T12:55:15","date_gmt":"2013-06-27T16:55:15","guid":{"rendered":"http:\/\/cloud.cnpgc.embrapa.br\/cibio\/?page_id=7"},"modified":"2018-12-21T13:52:12","modified_gmt":"2018-12-21T17:52:12","slug":"submissao-de-projetos","status":"publish","type":"page","link":"https:\/\/cloud.cnpgc.embrapa.br\/cibio\/submissao-de-projetos\/","title":{"rendered":"Do envio ao relat\u00f3rio"},"content":{"rendered":"<p><strong>Todos os projetos ou as atividades de pesquisa ou\u00a0rotina que envolvam a gera\u00e7\u00e3o ou utiliza\u00e7\u00e3o\u00a0de OGMs ou seus derivados na Embrapa Gado de Corte DEVEM\u00a0ser submetidos \u00e0 CIBio desta institui\u00e7\u00e3o ANTES\u00a0de serem iniciados.<\/strong><\/p>\n<p>O projeto ou atividade s\u00f3 pode ser iniciada AP\u00d3S A APROVA\u00c7\u00c3O pela CIBio (se classe de risco I) ou CTNBio (se classe de risco II ou superior).<\/p>\n<p>Conhe\u00e7a o <a href=\"http:\/\/cloud.cnpgc.embrapa.br\/cibio\/submissao-de-projetos\/processo-cibio-1\/\" rel=\"attachment wp-att-72\">caminho completo<\/a>\u00a0que um\u00a0projeto ou uma atividade com OGM percorre na\u00a0CIBio da Embrapa Gado de Corte.<\/p>\n<p>O Formul\u00e1rio de Submiss\u00e3o est\u00e1 dispon\u00edvel em:\u00a0<a href=\"https:\/\/pandora.cnpgc.embrapa.br\/ugq\/formulrio-de-submisso-de-projetos-ou-atividades-com-organismos-geneticamente-modificados-ogms-na-embrapa-gado-de-corte\">https:\/\/pandora.cnpgc.embrapa.br\/ugq\/formulrio-de-submisso-de-projetos-ou-atividades-com-organismos-geneticamente-modificados-ogms-na-embrapa-gado-de-corte<\/a><\/p>\n<p>O proponente dever\u00e1 preencher o Formul\u00e1rio de Submiss\u00e3o e entregar uma c\u00f3pia impressa na secretaria da CIBio e uma c\u00f3pia digital (em word) que dever\u00e1 ser enviada\u00a0para o endere\u00e7o eletr\u00f4nico cnpgc.cibio@embrapa.br<\/p>\n<p><strong>Ap\u00f3s inicio do projeto ou atividades com OGM, ANUALMENTE, os respons\u00e1veis t\u00e9cnicos (pesquisador principal) DEVER\u00c1 encaminhar O Relat\u00f3rio Anual de Atividades com OGM ou seus derivados \u00e0 CIBio da Embrapa Gado de Corte at\u00e9 30 de janeiro do ano subsequente.<\/strong> Estas informa\u00e7\u00f5es ir\u00e3o subsidiar o Relat\u00f3rio Anual geral da Embrapa Gado de Corte entregue \u00e0 CTNBio.<\/p>\n<p>Acesse o modelo de\u00a0relat\u00f3rio anual que deve ser encaminhado pelo pesquisador \u00e0 CIBio:\u00a0<a href=\"https:\/\/pandora.cnpgc.embrapa.br\/ugq\/relatrio-anual-de-projetos-ou-atividades-com-organismos-geneticamente-modificados-ogms-na-embrapa-gado-de-corte\">https:\/\/pandora.cnpgc.embrapa.br\/ugq\/relatrio-anual-de-projetos-ou-atividades-com-organismos-geneticamente-modificados-ogms-na-embrapa-gado-de-corte<\/a><\/p>\n<p>O relat\u00f3rio anual dever\u00e1 ser impresso e entregue na secretaria da CIBio e encaminhado de\u00a0forma digital\u00a0 (em word) para o endere\u00e7o eletr\u00f4nico cnpgc.cibio@embrapa.br\u00a0at\u00e9 o dia 31 de Janeiro do ano subsequente.<\/p>\n<p>Importante:\u00a0O n\u00e3o envio do relat\u00f3rio anual pode acarretar na suspens\u00e3o do projeto ou da atividade pela CIBio da Embrapa Gado de Corte.<\/p>\n","protected":false},"excerpt":{"rendered":"<p>Todos os projetos ou as atividades de pesquisa ou\u00a0rotina que envolvam a gera\u00e7\u00e3o ou utiliza\u00e7\u00e3o\u00a0de OGMs ou seus derivados na Embrapa Gado de Corte DEVEM\u00a0ser submetidos \u00e0 CIBio desta institui\u00e7\u00e3o [&hellip;]<\/p>\n","protected":false},"author":1,"featured_media":0,"parent":0,"menu_order":0,"comment_status":"open","ping_status":"closed","template":"","meta":{"_exactmetrics_skip_tracking":false,"_exactmetrics_sitenote_active":false,"_exactmetrics_sitenote_note":"","_exactmetrics_sitenote_category":0,"footnotes":""},"class_list":["post-7","page","type-page","status-publish","hentry"],"_links":{"self":[{"href":"https:\/\/cloud.cnpgc.embrapa.br\/cibio\/wp-json\/wp\/v2\/pages\/7","targetHints":{"allow":["GET"]}}],"collection":[{"href":"https:\/\/cloud.cnpgc.embrapa.br\/cibio\/wp-json\/wp\/v2\/pages"}],"about":[{"href":"https:\/\/cloud.cnpgc.embrapa.br\/cibio\/wp-json\/wp\/v2\/types\/page"}],"author":[{"embeddable":true,"href":"https:\/\/cloud.cnpgc.embrapa.br\/cibio\/wp-json\/wp\/v2\/users\/1"}],"replies":[{"embeddable":true,"href":"https:\/\/cloud.cnpgc.embrapa.br\/cibio\/wp-json\/wp\/v2\/comments?post=7"}],"version-history":[{"count":55,"href":"https:\/\/cloud.cnpgc.embrapa.br\/cibio\/wp-json\/wp\/v2\/pages\/7\/revisions"}],"predecessor-version":[{"id":274,"href":"https:\/\/cloud.cnpgc.embrapa.br\/cibio\/wp-json\/wp\/v2\/pages\/7\/revisions\/274"}],"wp:attachment":[{"href":"https:\/\/cloud.cnpgc.embrapa.br\/cibio\/wp-json\/wp\/v2\/media?parent=7"}],"curies":[{"name":"wp","href":"https:\/\/api.w.org\/{rel}","templated":true}]}}