{"id":10,"date":"2015-06-02T12:45:41","date_gmt":"2015-06-02T12:45:41","guid":{"rendered":"http:\/\/cloud.cnpgc.embrapa.br\/clipping\/?page_id=10"},"modified":"2023-07-27T19:59:37","modified_gmt":"2023-07-27T19:59:37","slug":"2012-2","status":"publish","type":"page","link":"https:\/\/cloud.cnpgc.embrapa.br\/clipping\/2012-2\/","title":{"rendered":"2012"},"content":{"rendered":"<p><strong>IMPRESSO<br \/>\n<\/strong><\/p>\n<hr>\n<p>&nbsp;<\/p>\n<p>Fevereiro<\/p>\n<ul>\n<li>0<a href=\"http:\/\/cloud.cnpgc.embrapa.br\/igu\/category\/s9-clipping\/c39-meses\/comunicacao\/clipping\/artigos\/Fevereiro\/JornalCorreioEstado_0602_Estacaomonta.pdf\">6\/02 \u2013 Correio do Estado<\/a> \u2013 Esta\u00e7\u00e3o de monta<\/li>\n<li>08\/02<a href=\"http:\/\/cloud.cnpgc.embrapa.br\/igu\/category\/s9-clipping\/c39-meses\/comunicacao\/clipping\/artigos\/Fevereiro\/JornalCorreioEstado_0802_Oncamodelo.pdf\"> \u2013 Correio do Estado<\/a> \u2013 On\u00e7a na Fazenda Modelo<\/li>\n<li><a href=\"http:\/\/cloud.cnpgc.embrapa.br\/igu\/category\/s9-clipping\/c39-meses\/comunicacao\/clipping\/artigos\/Fevereiro\/RevistaPanoramaRural_Ed156FEV_Ovinos.pdf\">Revista Panorama<\/a> Rural&nbsp;(Ed. 156) \u2013 Ovinos<\/li>\n<li><a href=\"http:\/\/cloud.cnpgc.embrapa.br\/igu\/category\/s9-clipping\/c39-meses\/comunicacao\/clipping\/artigos\/Fevereiro\/RevistaRural_Ed168FEV_DiagnosticoInstantaneo.pdf\">Revista Rural<\/a> (Ed. 168) \u2013 Diagn\u00f3stico instant\u00e2neo<\/li>\n<\/ul>\n<p>Mar\u00e7o<\/p>\n<ul>\n<li><a href=\"http:\/\/cloud.cnpgc.embrapa.br\/igu\/category\/s9-clipping\/c39-meses\/comunicacao\/clipping\/artigos\/Marco\/JornalCorreioEstado_0503_Dinapec.pdf\">05\/03 \u2013 Correio do Estado \u2013 Dinapec<\/a><\/li>\n<li><a href=\"http:\/\/cloud.cnpgc.embrapa.br\/igu\/category\/s9-clipping\/c39-meses\/comunicacao\/clipping\/artigos\/Marco\/JornalCorreioEstado_1203_CartaLeitor.pdf\">12\/03 \u2013 Correio do Estado \u2013 Carta do leitor<\/a><\/li>\n<li><a href=\"http:\/\/cloud.cnpgc.embrapa.br\/igu\/category\/s9-clipping\/c39-meses\/comunicacao\/clipping\/artigos\/Marco\/InformeAgropecuario_MAR_Dinapec.pdf\">Informe Agropecu\u00e1rio \u2013 Dinapec<\/a><\/li>\n<li><a href=\"http:\/\/cloud.cnpgc.embrapa.br\/igu\/category\/s9-clipping\/c39-meses\/comunicacao\/clipping\/artigos\/Marco\/NoticiarioTortuga_Ed477_VisitaEmbrapaTortuga.pdf\">Notici\u00e1rio Tortuga (Ed. 477) \u2013 Visita Tortuga_Embrapa<\/a><\/li>\n<li><a href=\"http:\/\/cloud.cnpgc.embrapa.br\/igu\/category\/s9-clipping\/c39-meses\/comunicacao\/clipping\/artigos\/Marco\/RevistaDBO_Ed377MAR_Cartaaoleitor.pdf\">Revista DBO (Ed. 377) \u2013 Nota informativa Livro ILPF<\/a><\/li>\n<\/ul>\n<p>Abril<\/p>\n<ul>\n<li><a href=\"http:\/\/cloud.cnpgc.embrapa.br\/igu\/category\/s9-clipping\/c39-meses\/comunicacao\/clipping\/artigos\/Abril\/RevistaDBO_Ed378ABR_WorkSanidade.pdf\">Revista DBO (Ed. 378) \u2013 Workshop sanidade animal<\/a><\/li>\n<\/ul>\n<p>Maio<\/p>\n<ul>\n<li><a href=\"http:\/\/cloud.cnpgc.embrapa.br\/igu\/category\/s9-clipping\/c39-meses\/comunicacao\/clipping\/artigos\/Maio\/RevistaAG_Ed156MAI_Cursomelhoramento.pdf\">Revista AG (Ed. 156) \u2013 Curso de melhoramento gen\u00e9tico animal<\/a><\/li>\n<li><a href=\"http:\/\/cloud.cnpgc.embrapa.br\/igu\/category\/s9-clipping\/c39-meses\/comunicacao\/clipping\/artigos\/Maio\/RevistaAG_Ed156MAI_Suplementacao.pdf\">Revista AG (Ed. 156) \u2013 Suplementa\u00e7\u00e3o<\/a><\/li>\n<\/ul>\n<p>Julho<\/p>\n<ul>\n<li><a href=\"http:\/\/cloud.cnpgc.embrapa.br\/igu\/category\/s9-clipping\/c39-meses\/comunicacao\/clipping\/artigos\/Julho\/JornalCorreioEstado_3007_Suplementacaoseca.pdf\">30\/07 \u2013 Correio do Estado \u2013 Suplementa\u00e7\u00e3o na seca<\/a><\/li>\n<li><a href=\"http:\/\/cloud.cnpgc.embrapa.br\/igu\/category\/s9-clipping\/c39-meses\/comunicacao\/clipping\/artigos\/Julho\/RevistaDBO_Ed381JUL_Reguamanejo.pdf\">Revista DBO (Ed. 381) \u2013 R\u00e9gua de manejo<\/a><\/li>\n<li><a href=\"http:\/\/cloud.cnpgc.embrapa.br\/igu\/category\/s9-clipping\/c39-meses\/comunicacao\/clipping\/artigos\/Julho\/RevistaRural_Ed173JUL_Emissaocontrole.pdf\">Revista Rural (Ed. 173) \u2013 Emiss\u00f5es sob controle<\/a><\/li>\n<\/ul>\n<p>Setembro<\/p>\n<ul>\n<li><a href=\"http:\/\/cloud.cnpgc.embrapa.br\/igu\/category\/s9-clipping\/c39-meses\/comunicacao\/clipping\/artigos\/Setembro\/JornalCorreioEstado_0309_Estacaomonta.pdf\">03\/09&nbsp;\u2013 Correio do Estado \u2013 Esta\u00e7\u00e3o de monta<\/a><\/li>\n<li><a href=\"http:\/\/cloud.cnpgc.embrapa.br\/igu\/category\/s9-clipping\/c39-meses\/comunicacao\/clipping\/artigos\/Setembro\/JornalCorreioEstado_2409_Reproducao.pdf\">24\/09 \u2013 Correio do Estado \u2013 Reprodu\u00e7\u00e3o e novilhas<\/a><\/li>\n<li><a href=\"http:\/\/cloud.cnpgc.embrapa.br\/igu\/category\/s9-clipping\/c39-meses\/comunicacao\/clipping\/artigos\/Setembro\/JornamMSFazCienciaFundect_Ed01_Agroescola.pdf\">Jornal MS Faz Ci\u00eancia\/Fundect (Ed. 001) \u2013 Agroescola<\/a><\/li>\n<li><a href=\"http:\/\/cloud.cnpgc.embrapa.br\/igu\/category\/s9-clipping\/c39-meses\/comunicacao\/clipping\/artigos\/Setembro\/RevistaAG_Ed160SET_Solopasto.pdf\">Revista AG (Ed. 160) \u2013 Solo e pasto<\/a><\/li>\n<li><a href=\"http:\/\/cloud.cnpgc.embrapa.br\/igu\/category\/s9-clipping\/c39-meses\/comunicacao\/clipping\/artigos\/Setembro\/RevistaRural_Ed175SET_Sobcontrole.pdf\">Revista Rural (Ed. 175) \u2013 Sob controle<\/a><\/li>\n<\/ul>\n<p>Outubro<\/p>\n<ul>\n<li><a href=\"http:\/\/cloud.cnpgc.embrapa.br\/igu\/category\/s9-clipping\/c39-meses\/comunicacao\/clipping\/artigos\/Outubro\/InformeAgropecuario_OUT_Espacotecnologico.pdf\">Informe Agropecu\u00e1rio \u2013&nbsp;Espa\u00e7o Tecnol\u00f3gico<\/a><\/li>\n<li><a href=\"http:\/\/cloud.cnpgc.embrapa.br\/igu\/category\/s9-clipping\/c39-meses\/comunicacao\/clipping\/artigos\/Outubro\/JornalCorreioEstado_1510_Fertilidadetouros.pdf\">15\/10 \u2013 Correio do Estado \u2013 Fertilidade em touros<\/a><\/li>\n<li><a href=\"http:\/\/cloud.cnpgc.embrapa.br\/igu\/category\/s9-clipping\/c39-meses\/comunicacao\/clipping\/artigos\/Outubro\/JornalCorreioEstado_1510_JCGC.pdf\">15\/10 \u2013 Correio do Estado \u2013 JCGC<\/a><\/li>\n<li><a href=\"http:\/\/cloud.cnpgc.embrapa.br\/igu\/category\/s9-clipping\/c39-meses\/comunicacao\/clipping\/artigos\/Outubro\/JornalCorreioEstado_2210_IATF.pdf\">22\/10 \u2013 Correio do Estado \u2013 IATF<\/a><\/li>\n<li><a href=\"http:\/\/cloud.cnpgc.embrapa.br\/igu\/category\/s9-clipping\/c39-meses\/comunicacao\/clipping\/artigos\/Outubro\/JornalCorreioEstado_2210_Verminoseovinos.pdf\">22\/10 \u2013 Correio do Estado \u2013 Verminose em ovinos<\/a><\/li>\n<li><a href=\"http:\/\/cloud.cnpgc.embrapa.br\/igu\/category\/s9-clipping\/c39-meses\/comunicacao\/clipping\/artigos\/Outubro\/JornalFolhaFazendeiro_OUT_Manejoreprodutivo.pdf\">Folha de Fazendeiro \u2013 Manejo reprodutivo<\/a><\/li>\n<li><a href=\"http:\/\/cloud.cnpgc.embrapa.br\/igu\/category\/s9-clipping\/c39-meses\/comunicacao\/clipping\/artigos\/Outubro\/RevistaNelore_EdOUT_Espacotecnologico.pdf\">Revista Nelore (Ed. OUT) \u2013 Espa\u00e7o tecnol\u00f3gico<\/a><\/li>\n<li><a href=\"http:\/\/cloud.cnpgc.embrapa.br\/igu\/category\/s9-clipping\/c39-meses\/comunicacao\/clipping\/artigos\/Outubro\/RevistaNelore_EdOUT_Novacultivar.pdf\">Revista Nelore (Ed. OUT) \u2013 Nova cultivar<\/a><\/li>\n<li><a href=\"http:\/\/cloud.cnpgc.embrapa.br\/igu\/category\/s9-clipping\/c39-meses\/comunicacao\/clipping\/artigos\/Outubro\/RevistaNelore_EdOUT_ZooctenistaAno.pdf\">Revista Nelore (Ed. OUT) \u2013 Zootecnista do ano<\/a><\/li>\n<\/ul>\n<p>Novembro<\/p>\n<ul>\n<li><a href=\"http:\/\/cloud.cnpgc.embrapa.br\/igu\/category\/s9-clipping\/c39-meses\/comunicacao\/clipping\/artigos\/Novembro\/JornalCorreioEstado_1211_Carrapatos.pdf\">12\/11 \u2013 Correio do Estado \u2013 Carrapatos<\/a><\/li>\n<li><a href=\"http:\/\/cloud.cnpgc.embrapa.br\/igu\/category\/s9-clipping\/c39-meses\/comunicacao\/clipping\/artigos\/Novembro\/JornalCorreioEstado_1211_Origem2012.pdf\">12\/11 \u2013 Correio do Estado \u2013 Origem 2012<\/a><\/li>\n<li><a href=\"http:\/\/cloud.cnpgc.embrapa.br\/igu\/category\/s9-clipping\/c39-meses\/comunicacao\/clipping\/artigos\/Novembro\/JornalCorreioEstado_1911_Doencasbovinos.pdf\">19\/11 \u2013 Correio do Estado \u2013 Enfermidades bovinas<\/a><\/li>\n<li><a href=\"http:\/\/cloud.cnpgc.embrapa.br\/igu\/category\/s9-clipping\/c39-meses\/comunicacao\/clipping\/artigos\/Novembro\/JornalCorreioEstado_1911_WorkTT.pdf\">19\/11 \u2013 Correio do Estado \u2013 Workshop TT<\/a><\/li>\n<li><a href=\"http:\/\/cloud.cnpgc.embrapa.br\/igu\/category\/s9-clipping\/c39-meses\/comunicacao\/clipping\/artigos\/Novembro\/JornalFolhaFazendeiro_NOV_Moscaestabulos.pdf\">Folha do Fazendeiro \u2013 Mosca-dos-est\u00e1bulos<\/a><\/li>\n<li><a href=\"http:\/\/cloud.cnpgc.embrapa.br\/igu\/category\/s9-clipping\/c39-meses\/comunicacao\/clipping\/artigos\/Novembro\/RevistaDBO_Ed385NOV_Agroescola.pdf\">Revista DBO (Ed. 385) \u2013 Agroescola<\/a><\/li>\n<\/ul>\n<p>Dezembro<\/p>\n<ul>\n<li><a href=\"http:\/\/cloud.cnpgc.embrapa.br\/igu\/category\/s9-clipping\/c39-meses\/comunicacao\/clipping\/artigos\/Dezembro\/InformeNovilhoPrecoce_DEZ_BPA.pdf\">Informe Novilho Precoce \u2013 BPA<\/a><\/li>\n<li><a href=\"http:\/\/cloud.cnpgc.embrapa.br\/igu\/category\/s9-clipping\/c39-meses\/comunicacao\/clipping\/artigos\/Dezembro\/JornalCorreioEstado_0312_CursoILPF.pdf\">03\/12 \u2013 Correio do Estado \u2013 Curso ILPF<\/a><\/li>\n<li><a href=\"http:\/\/cloud.cnpgc.embrapa.br\/igu\/category\/s9-clipping\/c39-meses\/comunicacao\/clipping\/artigos\/Dezembro\/JornalCorreioEstado_0312_Misturamineral.pdf\">03\/12 \u2013 Correio do Estado \u2013 Mistura mineral<\/a><\/li>\n<li><a href=\"http:\/\/cloud.cnpgc.embrapa.br\/igu\/category\/s9-clipping\/c39-meses\/comunicacao\/clipping\/artigos\/Dezembro\/JornalCorreioEstado_0612_Moscaestabulos.pdf\">06\/12 \u2013 Correio do Estado \u2013 Mosca-dos-est\u00e1bulos<\/a><\/li>\n<li><a href=\"http:\/\/cloud.cnpgc.embrapa.br\/igu\/category\/s9-clipping\/c39-meses\/comunicacao\/clipping\/artigos\/Dezembro\/RevistaLavoura_Ed692_Cartaaoleitor.pdf\">Revista A Lavoura (Ed. 692) \u2013 R\u00e9gua de manejo<\/a><\/li>\n<li><a href=\"http:\/\/cloud.cnpgc.embrapa.br\/igu\/category\/s9-clipping\/c39-meses\/comunicacao\/clipping\/artigos\/Dezembro\/RevistaProduz_Ed76_Melhoramentoenutricao.pdf\">Revista Produz (Ed. 76) \u2013 Melhoramento gen\u00e9tico e nutri\u00e7\u00e3o<\/a><\/li>\n<li><a href=\"http:\/\/cloud.cnpgc.embrapa.br\/igu\/category\/s9-clipping\/c39-meses\/comunicacao\/clipping\/artigos\/Dezembro\/RevistaRural_Ed178DEZ_Fujaresistencia.pdf\">Revista Rural (Ed. 178) \u2013 Fuja da resist\u00eancia<\/a><\/li>\n<\/ul>\n<p>&nbsp;<\/p>\n<p><strong>ON-LINE<br \/>\n<\/strong><\/p>\n<hr>\n<p><strong>&nbsp;<\/strong><\/p>\n<p>&nbsp;<\/p>\n<ul>\n<li><a href=\"http:\/\/cloud.cnpgc.embrapa.br\/igu\/category\/s9-clipping\/c39-meses\/comunicacao\/clipping\/Online\/Janeiro.pdf\">Janeiro<\/a><\/li>\n<li><a href=\"http:\/\/cloud.cnpgc.embrapa.br\/igu\/category\/s9-clipping\/c39-meses\/comunicacao\/clipping\/Online\/Fevereiro.pdf\">Fevereiro<\/a><\/li>\n<li><a href=\"http:\/\/cloud.cnpgc.embrapa.br\/igu\/category\/s9-clipping\/c39-meses\/comunicacao\/clipping\/Online\/Marco.pdf\">Mar\u00e7o<\/a><\/li>\n<li><a href=\"http:\/\/cloud.cnpgc.embrapa.br\/igu\/category\/s9-clipping\/c39-meses\/comunicacao\/clipping\/Online\/Abril.pdf\">Abril<\/a><\/li>\n<li><a href=\"http:\/\/cloud.cnpgc.embrapa.br\/igu\/category\/s9-clipping\/c39-meses\/comunicacao\/clipping\/Online\/Maio.pdf\">Maio<\/a><\/li>\n<li><a href=\"http:\/\/cloud.cnpgc.embrapa.br\/igu\/category\/s9-clipping\/c39-meses\/comunicacao\/clipping\/Online\/Junho.pdf\">Junho<\/a><\/li>\n<li><a href=\"http:\/\/cloud.cnpgc.embrapa.br\/igu\/category\/s9-clipping\/c39-meses\/comunicacao\/clipping\/Online\/Julho.pdf\">Julho<\/a><\/li>\n<li><a href=\"http:\/\/cloud.cnpgc.embrapa.br\/igu\/category\/s9-clipping\/c39-meses\/comunicacao\/clipping\/Online\/Agosto.pdf\">Agosto<\/a><\/li>\n<li><a href=\"http:\/\/cloud.cnpgc.embrapa.br\/igu\/category\/s9-clipping\/c39-meses\/comunicacao\/clipping\/Online\/Setembro.pdf\">Setembro<\/a><\/li>\n<li><a href=\"http:\/\/cloud.cnpgc.embrapa.br\/igu\/category\/s9-clipping\/c39-meses\/comunicacao\/clipping\/Online\/Outubro.pdf\">Outubro<\/a><\/li>\n<li><a href=\"http:\/\/cloud.cnpgc.embrapa.br\/igu\/category\/s9-clipping\/c39-meses\/comunicacao\/clipping\/Online\/Novembro.pdf\">Novembro<\/a><\/li>\n<li><a href=\"http:\/\/cloud.cnpgc.embrapa.br\/igu\/category\/s9-clipping\/c39-meses\/comunicacao\/clipping\/Online\/Dezembro.pdf\">Dezembro<\/a><\/li>\n<\/ul>\n<p>&nbsp;<\/p>\n<p><strong>V\u00cdDEO<br \/>\n<\/strong><\/p>\n<hr>\n<p><strong>&nbsp;<\/strong><\/p>\n<p>&nbsp;<\/p>\n<p>Fevereiro<\/p>\n<ul>\n<li>Globo \/ TV Morena \/ MS Rural \u2013&nbsp;<a href=\"http:\/\/g1.globo.com\/economia\/agronegocios\/vida-rural\/noticia\/2012\/02\/ovelhas-sofrem-com-ataques-de-animais-selvagens-em-ms.html\">Ataque de on\u00e7a em ovelhas<\/a><\/li>\n<\/ul>\n<p>Mar\u00e7o<\/p>\n<ul>\n<li>Canal do Boi \u2013&nbsp;<a href=\"http:\/\/www.sba1.com\/pt\/videos\/materia\/1065\/dinapec-agropecuaria-acontece-de-14-a-16-03-na-embrapa-gado-de-corte\">Dinapec<\/a><\/li>\n<li>MS Record \/ Record Rural \u2013&nbsp;<a href=\"http:\/\/www.msrecord.com.br\/video\/ver\/4864\/embrapa-sedia-dinamica-agropecuaria-em-campo-grande\">Dinapec<\/a><\/li>\n<li>Globo Rural \u2013&nbsp;<a href=\"http:\/\/g1.globo.com\/economia\/agronegocios\/noticia\/2012\/03\/em-ms-dinapec-reune-produtores-e-pesquisadores-e-empresas.html\">Dinapec<\/a><\/li>\n<\/ul>\n<p>Junho<\/p>\n<ul>\n<li>Globo \/ TV Morena \/ MS Rural \u2013&nbsp;<a href=\"http:\/\/g1.globo.com\/mato-grosso-do-sul\/noticia\/2012\/06\/em-ms-produtores-se-antecipam-para-nao-ter-problemas-com-seca.html\">Capim na seca<\/a><\/li>\n<li>Globo \/ TV Morena \/ MS Rural \u2013&nbsp;<a href=\"http:\/\/g1.globo.com\/mato-grosso-do-sul\/noticia\/2012\/06\/dejetos-bovinos-e-esgoto-podem-ser-usados-para-gerar-energia-em-ms.html\">Dejetos bovinos<\/a><\/li>\n<\/ul>\n<p>Julho<\/p>\n<ul>\n<li>Globo Rural \u2013&nbsp;<a href=\"http:\/\/cloud.cnpgc.embrapa.br\/igu\/category\/s9-clipping\/c39-meses\/comunicacao\/clipping\/Video\/Julho_GloboRural_Reguamanejo.wmv\">R\u00e9gua de manejo<\/a><\/li>\n<li>Canal Rural \/ Bom Dia Campo \u2013&nbsp;<a href=\"http:\/\/cloud.cnpgc.embrapa.br\/igu\/category\/s9-clipping\/c39-meses\/comunicacao\/clipping\/Video\/Julho_CanalRural_BDCampo_Reguamanejo.wmv\">R\u00e9gua de manejo<\/a><\/li>\n<li>Canal do Boi \/ Bom Dia Produtor \u2013&nbsp;<a href=\"http:\/\/cloud.cnpgc.embrapa.br\/igu\/category\/s9-clipping\/c39-meses\/comunicacao\/clipping\/Video\/Julho_CanalBoi_BDProdutor_Reguamanejo.wmv\">R\u00e9gua de manejo 1<\/a><\/li>\n<li>Canal do Boi \/ Bom Dia Produtor \u2013&nbsp;<a href=\"http:\/\/cloud.cnpgc.embrapa.br\/igu\/category\/s9-clipping\/c39-meses\/comunicacao\/clipping\/Video\/Julho_CanalBoi_BDProdutor_Reguamanejo2.wmv\">R\u00e9gua de manejo 2<\/a><\/li>\n<li>Canal do Boi \/ Bom Dia Produtor \u2013&nbsp;<a href=\"http:\/\/cloud.cnpgc.embrapa.br\/igu\/category\/s9-clipping\/c39-meses\/comunicacao\/clipping\/Video\/Julho_CanalBoi_BDProdutor_Moscaestabulos.wmv\">Mosca-dos-est\u00e1bulos<\/a><\/li>\n<li>Canal do Boi \/ Bom Dia Produtor \u2013&nbsp;<a href=\"http:\/\/cloud.cnpgc.embrapa.br\/igu\/category\/s9-clipping\/c39-meses\/comunicacao\/clipping\/Video\/Julho_CanalBoi_BDProdutor_Estacaomonta.wmv\">Esta\u00e7\u00e3o de monta<\/a><\/li>\n<\/ul>\n<p>Agosto<\/p>\n<ul>\n<li>Globo Rural \u2013&nbsp;<a href=\"http:\/\/cloud.cnpgc.embrapa.br\/igu\/category\/s9-clipping\/c39-meses\/comunicacao\/clipping\/Video\/Agosto_GloboRural_Moscaestabulo.wmv\">Mosca-dos-est\u00e1bulos<\/a><\/li>\n<li>Globo Rural \u2013&nbsp;<a href=\"http:\/\/g1.globo.com\/economia\/agronegocios\/noticia\/2012\/08\/infestacao-de-moscas-ameaca-producao-de-carne-e-leite-em-ms.html\">Infesta\u00e7\u00e3o de mosca-dos-est\u00e1bulos<\/a><\/li>\n<\/ul>\n<p>Outubro<\/p>\n<ul>\n<li>Canal do Boi \/ Bom Dia Produtor \u2013&nbsp;<a href=\"http:\/\/cloud.cnpgc.embrapa.br\/igu\/category\/s9-clipping\/c39-meses\/comunicacao\/clipping\/Video\/Outubro_CanalBoi_BDProdutor_Reguamanejo.wmv\">R\u00e9gua de manejo<\/a><\/li>\n<li>Globo Rural \/ Se\u00e7\u00e3o Cartas \u2013&nbsp;<a href=\"http:\/\/cloud.cnpgc.embrapa.br\/igu\/category\/s9-clipping\/c39-meses\/comunicacao\/clipping\/Video\/Outubro_GloboRural_DuvidasTelespectador.wmv\">Vaca baronesa<\/a><\/li>\n<\/ul>\n<p>Novembro<\/p>\n<ul>\n<li>Globo \/ TV Morena \/ MS Rural \u2013&nbsp;<a href=\"http:\/\/g1.globo.com\/mato-grosso-do-sul\/noticia\/2012\/11\/embrapa-realiza-pesquisa-para-controlar-verminoses-em-ovinos.html\">Verminose em ovinos<\/a><\/li>\n<li>Globo Rural \/ Se\u00e7\u00e3o Cartas \u2013&nbsp;<a href=\"http:\/\/globotv.globo.com\/rede-globo\/globo-rural\/v\/gado-nelore-pode-ter-pelagem-de-outra-cor-alem-da-branca\/2235122\/\">Pelagem animal<\/a><\/li>\n<li>Globo Rural \/ Se\u00e7\u00e3o Cartas \u2013&nbsp;<a href=\"http:\/\/globotv.globo.com\/rede-globo\/globo-rural\/v\/veterinaria-da-embrapa-explica-como-tratar-ferida-em-boi\/2246958\/\">Feridas em bovinos<\/a><\/li>\n<li>Globo Rural \/ Se\u00e7\u00e3o Cartas \u2013&nbsp;<a href=\"http:\/\/g1.globo.com\/economia\/agronegocios\/vida-rural\/noticia\/2012\/11\/cocho-automatico-protege-da-chuva-o-sal-mineral-e-racao-do-gado.html\">Cocho autom\u00e1tico<\/a><\/li>\n<li>SBT \/ SBT Rural \u2013&nbsp;<a href=\"http:\/\/www.youtube.com\/watch?v=qglGv-EnAJE\">Agroescola<\/a><\/li>\n<\/ul>\n<p>&nbsp;<\/p>\n<p>Dezembro<\/p>\n<ul>\n<ul>\n<li>Canal do Boi \/ Tecnologia e Produ\u00e7\u00e3o \u2013&nbsp;<a href=\"http:\/\/www.sba1.com\/pt\/videos\/materia\/1417\/na-reestreia-do-quadro-tecnologia-e-producao-o-destaque-ficou-para-a-integracao-lavoura-pecuaria-e-floresta-veja-os-detalhes-na-reportagem-de-miriam-valadares-\">ILPF<\/a><\/li>\n<li>Canal do Boi \/ Tecnologia e Produ\u00e7\u00e3o \u2013&nbsp;<a href=\"http:\/\/www.sba1.com\/pt\/videos\/materia\/1419\/tecnologia-e-producao-experimento-da-embrapa-pretende-produzir-madeira-serrada-de-boa-qualidade-programa-2\">Produ\u00e7\u00e3o de madeira<\/a><\/li>\n<li>Canal do Boi \/ Tecnologia e Produ\u00e7\u00e3o \u2013&nbsp;<a href=\"http:\/\/www.sba1.com\/pt\/videos\/materia\/1423\/uma-das-vantagens-da-integracao-lavoura-e-pecuaria-e-a-conservacao-do-solo-tecnologia-e-producao-programa-3\">ILPF\/Conserva\u00e7\u00e3o do solo<\/a><\/li>\n<li>Canal do Boi \/ Tecnologia e Produ\u00e7\u00e3o \u2013&nbsp;<a href=\"http:\/\/www.sba1.com\/pt\/videos\/materia\/1425\/embrapa-explica-por-que-fazer-integracao-na-fazenda-tecnologia-e-producao-programa-4\">ILPF\/Pq fazer?<\/a><\/li>\n<li>Canal do Boi \/ Tecnologia e Produ\u00e7\u00e3o \u2013&nbsp;<a href=\"http:\/\/www.sba1.com\/pt\/videos\/materia\/1426\/embrapa-inaugura-centro-cultural-e-cientifico-em-campo-grande-tecnologia-e-producao-programa-5\">Espa\u00e7o Tecnol\u00f3gico<\/a><\/li>\n<li>Canal do Boi \/ Tecnologia e Produ\u00e7\u00e3o \u2013&nbsp;<a href=\"http:\/\/www.sba1.com\/pt\/videos\/materia\/1427\/embrapa-lanca-regua-que-avisa-a-hora-de-entrar-e-sair-do-pasto-tecnologia-e-producao-programa-6\">R\u00e9gua de Manejo<\/a><\/li>\n<li>Canal do Boi \/ Tecnologia e Produ\u00e7\u00e3o \u2013&nbsp;<a href=\"http:\/\/www.sba1.com\/pt\/videos\/materia\/1428\/estacao-de-monta-bem-feita-garante-sucesso-na-reproducao-tecnologia-e-producao-programa-7\">Esta\u00e7\u00e3o de monta<\/a><\/li>\n<li>Canal do Boi \/ Tecnologia e Produ\u00e7\u00e3o \u2013<a href=\"http:\/\/www.sba1.com\/pt\/videos\/materia\/1429\/uma-das-vantagens-da-iatf-e-nao-se-preocupar-com-o-cio-tecnologia-e-producao-programa-8\"> IATF<\/a><\/li>\n<li>Canal do Boi \/ Tecnologia e Produ\u00e7\u00e3o \u2013&nbsp;<a href=\"http:\/\/www.sba1.com\/pt\/videos\/materia\/1430\/embrapa-aborda-novo-codigo-florestal-tecnologia-e-producao-programa-9\">C\u00f3digo Florestal<\/a><\/li>\n<li>Canal do Boi \/ Tecnologia e Produ\u00e7\u00e3o \u2013&nbsp;<a href=\"http:\/\/www.sba1.com\/pt\/videos\/materia\/1431\/embrapa-aborda-a-importancia-da-qualidade-da-semente-de-forrageira-tecnologia-e-producao-programa-10\">Qualidade da semente<\/a><\/li>\n<\/ul>\n<\/ul>\n<p>&nbsp;<\/p>\n<p>&nbsp;<\/p>\n","protected":false},"excerpt":{"rendered":"<p>IMPRESSO &nbsp; Fevereiro 06\/02 \u2013 Correio do Estado \u2013 Esta\u00e7\u00e3o de monta 08\/02 \u2013 Correio do Estado \u2013 On\u00e7a na Fazenda Modelo Revista Panorama Rural&nbsp;(Ed. 156) \u2013 Ovinos Revista Rural (Ed. 168) \u2013 Diagn\u00f3stico instant\u00e2neo Mar\u00e7o 05\/03 \u2013 Correio do Estado \u2013 Dinapec 12\/03 \u2013 Correio do Estado \u2013 Carta do leitor Informe Agropecu\u00e1rio \u2013 &hellip; <a href=\"https:\/\/cloud.cnpgc.embrapa.br\/clipping\/2012-2\/\" class=\"more-link\">Continuar lendo <span class=\"screen-reader-text\">2012<\/span><\/a><\/p>\n","protected":false},"author":3,"featured_media":0,"parent":0,"menu_order":0,"comment_status":"closed","ping_status":"open","template":"","meta":{"_exactmetrics_skip_tracking":false,"_exactmetrics_sitenote_active":false,"_exactmetrics_sitenote_note":"","_exactmetrics_sitenote_category":0,"footnotes":""},"class_list":["post-10","page","type-page","status-publish","hentry"],"_links":{"self":[{"href":"https:\/\/cloud.cnpgc.embrapa.br\/clipping\/wp-json\/wp\/v2\/pages\/10","targetHints":{"allow":["GET"]}}],"collection":[{"href":"https:\/\/cloud.cnpgc.embrapa.br\/clipping\/wp-json\/wp\/v2\/pages"}],"about":[{"href":"https:\/\/cloud.cnpgc.embrapa.br\/clipping\/wp-json\/wp\/v2\/types\/page"}],"author":[{"embeddable":true,"href":"https:\/\/cloud.cnpgc.embrapa.br\/clipping\/wp-json\/wp\/v2\/users\/3"}],"replies":[{"embeddable":true,"href":"https:\/\/cloud.cnpgc.embrapa.br\/clipping\/wp-json\/wp\/v2\/comments?post=10"}],"version-history":[{"count":2,"href":"https:\/\/cloud.cnpgc.embrapa.br\/clipping\/wp-json\/wp\/v2\/pages\/10\/revisions"}],"predecessor-version":[{"id":1644,"href":"https:\/\/cloud.cnpgc.embrapa.br\/clipping\/wp-json\/wp\/v2\/pages\/10\/revisions\/1644"}],"wp:attachment":[{"href":"https:\/\/cloud.cnpgc.embrapa.br\/clipping\/wp-json\/wp\/v2\/media?parent=10"}],"curies":[{"name":"wp","href":"https:\/\/api.w.org\/{rel}","templated":true}]}}