{"id":1198,"date":"2017-08-25T20:12:40","date_gmt":"2017-08-25T20:12:40","guid":{"rendered":"http:\/\/cloud.cnpgc.embrapa.br\/clipping\/?page_id=1198"},"modified":"2018-03-17T16:26:14","modified_gmt":"2018-03-17T16:26:14","slug":"2017-2","status":"publish","type":"page","link":"https:\/\/cloud.cnpgc.embrapa.br\/clipping\/2017-2\/","title":{"rendered":"2017"},"content":{"rendered":"<p><span style=\"color: #808080\"><a style=\"color: #808080\" href=\"http:\/\/cloud.cnpgc.embrapa.br\/clipping\/2017-2\/janeiro-junho-2017\/\">Janeiro &#8211; Junho<\/a><\/span><\/p>\n<p><span style=\"color: #808080\"><a style=\"color: #808080\" href=\"http:\/\/cloud.cnpgc.embrapa.br\/clipping\/2017-2\/julho-dezembro-2017\/\">Julho &#8211;\u00a0Dezembro<\/a><\/span><\/p>\n<p><span style=\"color: #808080\"><a style=\"color: #808080\" href=\"https:\/\/cloud.cnpgc.embrapa.br\/clipping\/files\/2018\/03\/TecnologiaProducao_2017_Tabela.pdf\">Tecnologia e Produ\u00e7\u00e3o<\/a>\u00a0(quadro televisivo produzido em parceria com o Sistema Brasileiro do Agroneg\u00f3cio\/Canal do Boi desde 2007).<\/span><\/p>\n<hr \/>\n<p><span style=\"color: #808080\"><strong>Estat\u00edsticas<\/strong><\/span><\/p>\n<p><span style=\"color: #808080\">Janeiro a Junho<\/span><\/p>\n<ul>\n<li><span style=\"color: #808080\">496 men\u00e7\u00f5es registradas &#8211; impresso, internet e multim\u00eddia.<\/span><\/li>\n<\/ul>\n<p><span style=\"color: #808080\">Julho a Dezembro<\/span><\/p>\n<ul>\n<li><span style=\"color: #808080\">452 men\u00e7\u00f5es registradas &#8211; impresso, internet e multim\u00eddia.<\/span><\/li>\n<\/ul>\n<p><span style=\"color: #808080\">Gr\u00e1ficos<\/span><\/p>\n<ul>\n<li><span style=\"color: #808080\"><a style=\"color: #808080\" href=\"https:\/\/cloud.cnpgc.embrapa.br\/clipping\/files\/2018\/03\/Grafico-Tema.pdf\">Tema<\/a><\/span><\/li>\n<li><span style=\"color: #808080\"><a style=\"color: #808080\" href=\"https:\/\/cloud.cnpgc.embrapa.br\/clipping\/files\/2018\/03\/Grafico-Periodo.pdf\">Per\u00edodo<\/a><\/span><\/li>\n<\/ul>\n<p><span style=\"color: #808080\">Os artigos de divulga\u00e7\u00e3o na m\u00eddia (ADM) n\u00e3o s\u00e3o contabilizados, assim como as reportagens do Quadro Tecnologia e Produ\u00e7\u00e3o.<\/span><\/p>\n<p style=\"text-align: right\"><span style=\"color: #808080\">(\u00faltima atualiza\u00e7\u00e3o 16\/03\/2018)<\/span><\/p>\n","protected":false},"excerpt":{"rendered":"<p>Janeiro &#8211; Junho Julho &#8211;\u00a0Dezembro Tecnologia e Produ\u00e7\u00e3o\u00a0(quadro televisivo produzido em parceria com o Sistema Brasileiro do Agroneg\u00f3cio\/Canal do Boi desde 2007). Estat\u00edsticas Janeiro a Junho 496 men\u00e7\u00f5es registradas &#8211; impresso, internet e multim\u00eddia. Julho a Dezembro 452 men\u00e7\u00f5es registradas &#8211; impresso, internet e multim\u00eddia. Gr\u00e1ficos Tema Per\u00edodo Os artigos de divulga\u00e7\u00e3o na m\u00eddia (ADM) &hellip; <a href=\"https:\/\/cloud.cnpgc.embrapa.br\/clipping\/2017-2\/\" class=\"more-link\">Continuar lendo <span class=\"screen-reader-text\">2017<\/span><\/a><\/p>\n","protected":false},"author":30,"featured_media":0,"parent":0,"menu_order":0,"comment_status":"closed","ping_status":"closed","template":"","meta":{"_exactmetrics_skip_tracking":false,"_exactmetrics_sitenote_active":false,"_exactmetrics_sitenote_note":"","_exactmetrics_sitenote_category":0,"footnotes":""},"class_list":["post-1198","page","type-page","status-publish","hentry"],"_links":{"self":[{"href":"https:\/\/cloud.cnpgc.embrapa.br\/clipping\/wp-json\/wp\/v2\/pages\/1198","targetHints":{"allow":["GET"]}}],"collection":[{"href":"https:\/\/cloud.cnpgc.embrapa.br\/clipping\/wp-json\/wp\/v2\/pages"}],"about":[{"href":"https:\/\/cloud.cnpgc.embrapa.br\/clipping\/wp-json\/wp\/v2\/types\/page"}],"author":[{"embeddable":true,"href":"https:\/\/cloud.cnpgc.embrapa.br\/clipping\/wp-json\/wp\/v2\/users\/30"}],"replies":[{"embeddable":true,"href":"https:\/\/cloud.cnpgc.embrapa.br\/clipping\/wp-json\/wp\/v2\/comments?post=1198"}],"version-history":[{"count":13,"href":"https:\/\/cloud.cnpgc.embrapa.br\/clipping\/wp-json\/wp\/v2\/pages\/1198\/revisions"}],"predecessor-version":[{"id":1571,"href":"https:\/\/cloud.cnpgc.embrapa.br\/clipping\/wp-json\/wp\/v2\/pages\/1198\/revisions\/1571"}],"wp:attachment":[{"href":"https:\/\/cloud.cnpgc.embrapa.br\/clipping\/wp-json\/wp\/v2\/media?parent=1198"}],"curies":[{"name":"wp","href":"https:\/\/api.w.org\/{rel}","templated":true}]}}