{"id":13,"date":"2015-06-02T12:50:31","date_gmt":"2015-06-02T12:50:31","guid":{"rendered":"http:\/\/cloud.cnpgc.embrapa.br\/clipping\/?page_id=13"},"modified":"2020-12-04T13:18:12","modified_gmt":"2020-12-04T13:18:12","slug":"inicio","status":"publish","type":"page","link":"https:\/\/cloud.cnpgc.embrapa.br\/clipping\/","title":{"rendered":""},"content":{"rendered":"<p style=\"text-align: center\"><strong><em>Clipping Eletr\u00f4nico da Embrapa Gado de Corte<\/em><\/strong><\/p>\n<p style=\"text-align: center\"><strong>Respons\u00e1vel<\/strong><br \/>\nN\u00facleo de Comunica\u00e7\u00e3o Organizacional<br \/>\n(<a href=\"mailto:gado-de-corte.imprensa@embrapa.br\">gado-de-corte.imprensa@embrapa.br<\/a>)<\/p>\n<p style=\"text-align: center\"><strong>Suporte&nbsp;<\/strong><br \/>\nN\u00facleo de Tecnologia da Informa\u00e7\u00e3o<br \/>\n(<a href=\"mailto:gado-de-corte.nti@embrapa.br\">gado-de-corte.nti@embrapa.br<\/a>)<\/p>\n","protected":false},"excerpt":{"rendered":"<p>Clipping Eletr\u00f4nico da Embrapa Gado de Corte Respons\u00e1vel N\u00facleo de Comunica\u00e7\u00e3o Organizacional (gado-de-corte.imprensa@embrapa.br) Suporte&nbsp; N\u00facleo de Tecnologia da Informa\u00e7\u00e3o (gado-de-corte.nti@embrapa.br)<\/p>\n","protected":false},"author":3,"featured_media":0,"parent":0,"menu_order":0,"comment_status":"closed","ping_status":"open","template":"","meta":{"_exactmetrics_skip_tracking":false,"_exactmetrics_sitenote_active":false,"_exactmetrics_sitenote_note":"","_exactmetrics_sitenote_category":0,"footnotes":""},"class_list":["post-13","page","type-page","status-publish","hentry"],"_links":{"self":[{"href":"https:\/\/cloud.cnpgc.embrapa.br\/clipping\/wp-json\/wp\/v2\/pages\/13","targetHints":{"allow":["GET"]}}],"collection":[{"href":"https:\/\/cloud.cnpgc.embrapa.br\/clipping\/wp-json\/wp\/v2\/pages"}],"about":[{"href":"https:\/\/cloud.cnpgc.embrapa.br\/clipping\/wp-json\/wp\/v2\/types\/page"}],"author":[{"embeddable":true,"href":"https:\/\/cloud.cnpgc.embrapa.br\/clipping\/wp-json\/wp\/v2\/users\/3"}],"replies":[{"embeddable":true,"href":"https:\/\/cloud.cnpgc.embrapa.br\/clipping\/wp-json\/wp\/v2\/comments?post=13"}],"version-history":[{"count":9,"href":"https:\/\/cloud.cnpgc.embrapa.br\/clipping\/wp-json\/wp\/v2\/pages\/13\/revisions"}],"predecessor-version":[{"id":1633,"href":"https:\/\/cloud.cnpgc.embrapa.br\/clipping\/wp-json\/wp\/v2\/pages\/13\/revisions\/1633"}],"wp:attachment":[{"href":"https:\/\/cloud.cnpgc.embrapa.br\/clipping\/wp-json\/wp\/v2\/media?parent=13"}],"curies":[{"name":"wp","href":"https:\/\/api.w.org\/{rel}","templated":true}]}}