{"id":1574,"date":"2018-05-08T20:46:28","date_gmt":"2018-05-08T20:46:28","guid":{"rendered":"http:\/\/cloud.cnpgc.embrapa.br\/clipping\/?page_id=1574"},"modified":"2018-05-12T13:08:05","modified_gmt":"2018-05-12T13:08:05","slug":"2018-2","status":"publish","type":"page","link":"https:\/\/cloud.cnpgc.embrapa.br\/clipping\/2018-2\/","title":{"rendered":"2018"},"content":{"rendered":"<p><a href=\"http:\/\/cloud.cnpgc.embrapa.br\/clipping\/2018-2\/janeiro-junho-2018\/\"><span style=\"color: #808080\">Janeiro &#8211; Junho<\/span><\/a><\/p>\n<p><span style=\"color: #808080\">Julho &#8211;\u00a0Dezembro<\/span><\/p>\n<p><span style=\"color: #808080\">Tecnologia e Produ\u00e7\u00e3o\u00a0(quadro televisivo produzido em parceria com o Sistema Brasileiro do Agroneg\u00f3cio\/Canal do Boi desde 2007).<\/span><\/p>\n<hr \/>\n<p><span style=\"color: #808080\"><strong>Estat\u00edsticas<\/strong><\/span><\/p>\n<p><span style=\"color: #808080\">Janeiro a Junho<\/span><\/p>\n<ul>\n<li><span style=\"color: #808080\">(\u00a0 \u00a0 ) men\u00e7\u00f5es registradas &#8211; impresso, internet e multim\u00eddia.<\/span><\/li>\n<\/ul>\n<p><span style=\"color: #808080\">Julho a Dezembro<\/span><\/p>\n<ul>\n<li><span style=\"color: #808080\">(\u00a0 \u00a0 ) men\u00e7\u00f5es registradas &#8211; impresso, internet e multim\u00eddia.<\/span><\/li>\n<\/ul>\n<p><span style=\"color: #808080\">Gr\u00e1ficos<\/span><\/p>\n<ul>\n<li><span style=\"color: #808080\">Tema<\/span><\/li>\n<li><span style=\"color: #808080\">Per\u00edodo<\/span><\/li>\n<\/ul>\n<p><span style=\"color: #808080\">Os artigos de divulga\u00e7\u00e3o na m\u00eddia (ADM) n\u00e3o s\u00e3o contabilizados, assim como as reportagens do Quadro Tecnologia e Produ\u00e7\u00e3o.<\/span><\/p>\n<p style=\"text-align: right\"><span style=\"color: #808080\">(\u00faltima atualiza\u00e7\u00e3o \/\u00a0 \/2018)<\/span><\/p>\n","protected":false},"excerpt":{"rendered":"<p>Janeiro &#8211; Junho Julho &#8211;\u00a0Dezembro Tecnologia e Produ\u00e7\u00e3o\u00a0(quadro televisivo produzido em parceria com o Sistema Brasileiro do Agroneg\u00f3cio\/Canal do Boi desde 2007). Estat\u00edsticas Janeiro a Junho (\u00a0 \u00a0 ) men\u00e7\u00f5es registradas &#8211; impresso, internet e multim\u00eddia. Julho a Dezembro (\u00a0 \u00a0 ) men\u00e7\u00f5es registradas &#8211; impresso, internet e multim\u00eddia. Gr\u00e1ficos Tema Per\u00edodo Os artigos de &hellip; <a href=\"https:\/\/cloud.cnpgc.embrapa.br\/clipping\/2018-2\/\" class=\"more-link\">Continuar lendo <span class=\"screen-reader-text\">2018<\/span><\/a><\/p>\n","protected":false},"author":30,"featured_media":0,"parent":0,"menu_order":0,"comment_status":"closed","ping_status":"closed","template":"","meta":{"_exactmetrics_skip_tracking":false,"_exactmetrics_sitenote_active":false,"_exactmetrics_sitenote_note":"","_exactmetrics_sitenote_category":0,"footnotes":""},"class_list":["post-1574","page","type-page","status-publish","hentry"],"_links":{"self":[{"href":"https:\/\/cloud.cnpgc.embrapa.br\/clipping\/wp-json\/wp\/v2\/pages\/1574","targetHints":{"allow":["GET"]}}],"collection":[{"href":"https:\/\/cloud.cnpgc.embrapa.br\/clipping\/wp-json\/wp\/v2\/pages"}],"about":[{"href":"https:\/\/cloud.cnpgc.embrapa.br\/clipping\/wp-json\/wp\/v2\/types\/page"}],"author":[{"embeddable":true,"href":"https:\/\/cloud.cnpgc.embrapa.br\/clipping\/wp-json\/wp\/v2\/users\/30"}],"replies":[{"embeddable":true,"href":"https:\/\/cloud.cnpgc.embrapa.br\/clipping\/wp-json\/wp\/v2\/comments?post=1574"}],"version-history":[{"count":3,"href":"https:\/\/cloud.cnpgc.embrapa.br\/clipping\/wp-json\/wp\/v2\/pages\/1574\/revisions"}],"predecessor-version":[{"id":1580,"href":"https:\/\/cloud.cnpgc.embrapa.br\/clipping\/wp-json\/wp\/v2\/pages\/1574\/revisions\/1580"}],"wp:attachment":[{"href":"https:\/\/cloud.cnpgc.embrapa.br\/clipping\/wp-json\/wp\/v2\/media?parent=1574"}],"curies":[{"name":"wp","href":"https:\/\/api.w.org\/{rel}","templated":true}]}}