{"id":1587,"date":"2018-05-12T13:07:55","date_gmt":"2018-05-12T13:07:55","guid":{"rendered":"http:\/\/cloud.cnpgc.embrapa.br\/clipping\/?page_id=1587"},"modified":"2018-05-12T14:53:28","modified_gmt":"2018-05-12T14:53:28","slug":"impresso-jan-jun-2018","status":"publish","type":"page","link":"https:\/\/cloud.cnpgc.embrapa.br\/clipping\/2018-2\/janeiro-junho-2018\/impresso-jan-jun-2018\/","title":{"rendered":"Impresso (jan-jun 2018)"},"content":{"rendered":"<p><strong><em><img decoding=\"async\" class=\"alignnone size-medium wp-image-1514\" src=\"https:\/\/cloud.cnpgc.embrapa.br\/clipping\/files\/2018\/03\/Sem-t%C3%ADtulo-1-222x300.png\" alt=\"\" width=\"20\" height=\"50\" \/>\u00a0 <span style=\"color: #008000\">Janeiro\u00a0<\/span><\/em><\/strong><\/p>\n<ul>\n<li>22\/01 Jornal Correio do Estado &#8211; <a href=\"https:\/\/cloud.cnpgc.embrapa.br\/clipping\/files\/2018\/05\/2201_CorreiodoEstado_Precoce-MS-triplica-abates_Citacao.pdf\">Precoce MS triplica abates<\/a>\u00a0(cita\u00e7\u00e3o)<\/li>\n<li>Revista AGRONeg\u00f3cio &#8211; <a href=\"https:\/\/cloud.cnpgc.embrapa.br\/clipping\/files\/2018\/05\/RevistaAGRONegocio_Desmama-com-mais-saude_VanessaFelipe-MENOR.pdf\">Desmama com mais saude<\/a>. Fonte: Vanessa Felipe<\/li>\n<\/ul>\n<p>&nbsp;<\/p>\n<p><strong><em><img decoding=\"async\" class=\"alignnone size-medium wp-image-1514\" src=\"https:\/\/cloud.cnpgc.embrapa.br\/clipping\/files\/2018\/03\/Sem-t%C3%ADtulo-1-222x300.png\" alt=\"\" width=\"20\" height=\"50\" \/>\u00a0 <span style=\"color: #008000\">Fevereiro<\/span>\u00a0<\/em><\/strong><\/p>\n<p>&nbsp;<\/p>\n<p>&nbsp;<\/p>\n<p>&nbsp;<\/p>\n<p>&nbsp;<\/p>\n<p>&nbsp;<\/p>\n<p>&nbsp;<\/p>\n<p>&nbsp;<\/p>\n<p>&nbsp;<\/p>\n<p><a href=\"http:\/\/cloud.cnpgc.embrapa.br\/clipping\/2018-2\/janeiro-junho-2018\/\" rel=\"attachment wp-att-1439\"><img decoding=\"async\" class=\"size-full wp-image-1439 aligncenter\" src=\"https:\/\/cloud.cnpgc.embrapa.br\/clipping\/files\/2018\/03\/Botao-Voltar.png\" alt=\"\" width=\"30\" height=\"31\" \/><\/a>\u00a0 \u00a0<a href=\"http:\/\/cloud.cnpgc.embrapa.br\/clipping\/2018-2\/janeiro-junho-2018\/multimidia-jan-jun-2018\/\" rel=\"attachment wp-att-1444\"><img decoding=\"async\" class=\"size-full wp-image-1444 aligncenter\" src=\"https:\/\/cloud.cnpgc.embrapa.br\/clipping\/files\/2018\/03\/Botao-Adiante.png\" alt=\"\" width=\"30\" height=\"31\" \/><\/a><\/p>\n","protected":false},"excerpt":{"rendered":"<p>\u00a0 Janeiro\u00a0 22\/01 Jornal Correio do Estado &#8211; Precoce MS triplica abates\u00a0(cita\u00e7\u00e3o) Revista AGRONeg\u00f3cio &#8211; Desmama com mais saude. Fonte: Vanessa Felipe &nbsp; \u00a0 Fevereiro\u00a0 &nbsp; &nbsp; &nbsp; &nbsp; &nbsp; &nbsp; &nbsp; &nbsp; \u00a0 \u00a0<\/p>\n","protected":false},"author":30,"featured_media":0,"parent":1578,"menu_order":0,"comment_status":"closed","ping_status":"closed","template":"","meta":{"_exactmetrics_skip_tracking":false,"_exactmetrics_sitenote_active":false,"_exactmetrics_sitenote_note":"","_exactmetrics_sitenote_category":0,"footnotes":""},"class_list":["post-1587","page","type-page","status-publish","hentry"],"_links":{"self":[{"href":"https:\/\/cloud.cnpgc.embrapa.br\/clipping\/wp-json\/wp\/v2\/pages\/1587","targetHints":{"allow":["GET"]}}],"collection":[{"href":"https:\/\/cloud.cnpgc.embrapa.br\/clipping\/wp-json\/wp\/v2\/pages"}],"about":[{"href":"https:\/\/cloud.cnpgc.embrapa.br\/clipping\/wp-json\/wp\/v2\/types\/page"}],"author":[{"embeddable":true,"href":"https:\/\/cloud.cnpgc.embrapa.br\/clipping\/wp-json\/wp\/v2\/users\/30"}],"replies":[{"embeddable":true,"href":"https:\/\/cloud.cnpgc.embrapa.br\/clipping\/wp-json\/wp\/v2\/comments?post=1587"}],"version-history":[{"count":4,"href":"https:\/\/cloud.cnpgc.embrapa.br\/clipping\/wp-json\/wp\/v2\/pages\/1587\/revisions"}],"predecessor-version":[{"id":1600,"href":"https:\/\/cloud.cnpgc.embrapa.br\/clipping\/wp-json\/wp\/v2\/pages\/1587\/revisions\/1600"}],"up":[{"embeddable":true,"href":"https:\/\/cloud.cnpgc.embrapa.br\/clipping\/wp-json\/wp\/v2\/pages\/1578"}],"wp:attachment":[{"href":"https:\/\/cloud.cnpgc.embrapa.br\/clipping\/wp-json\/wp\/v2\/media?parent=1587"}],"curies":[{"name":"wp","href":"https:\/\/api.w.org\/{rel}","templated":true}]}}