{"id":31,"date":"2015-07-16T19:25:38","date_gmt":"2015-07-16T19:25:38","guid":{"rendered":"http:\/\/cloud.cnpgc.embrapa.br\/clipping\/?page_id=31"},"modified":"2023-07-27T20:06:14","modified_gmt":"2023-07-27T20:06:14","slug":"2015-2","status":"publish","type":"page","link":"https:\/\/cloud.cnpgc.embrapa.br\/clipping\/2015-2\/","title":{"rendered":"2015"},"content":{"rendered":"<p><a href=\"http:\/\/cloud.cnpgc.embrapa.br\/clipping\/2015-2\/janeiro-junho\/\">Janeiro &#8211; Junho<\/a><\/p>\n<p><a href=\"http:\/\/cloud.cnpgc.embrapa.br\/clipping\/2015-2\/julho-dezembro\/\">Julho &#8211;&nbsp;Dezembro<\/a><\/p>\n<p><a href=\"http:\/\/cloud.cnpgc.embrapa.br\/clipping\/2015-2\/tecnologia-e-producao-canal-do-boi\/\">Tecnologia e Produ\u00e7\u00e3o<\/a>&nbsp;(quadro televisivo produzido em parceria com o Sistema Brasileiro do Agroneg\u00f3cio\/Canal do Boi desde 2007)<\/p>\n<p>&nbsp;<\/p>\n<hr>\n<p>&nbsp;<\/p>\n<p>Estat\u00edsticas do Ano<\/p>\n<p><a href=\"http:\/\/cloud.cnpgc.embrapa.br\/clipping\/files\/2015\/07\/EstatisticaTemas2015.pdf\">Temas<\/a><\/p>\n<p><a href=\"http:\/\/cloud.cnpgc.embrapa.br\/clipping\/files\/2015\/07\/EstatisticaPeriodo2015.pdf\">Per\u00edodo<\/a><\/p>\n<p>806 men\u00e7\u00f5es registradas \u2013 impresso, internet, tv, r\u00e1dio e multim\u00eddia \u2013 entre janeiro e dezembro de 2015.<\/p>\n<p>Artigos de divulga\u00e7\u00e3o na m\u00eddia (ADM) n\u00e3o s\u00e3o inclu\u00eddos, s\u00e3o contabilizados no Ainfo.<\/p>\n<p style=\"text-align: right\">(\u00faltima atualiza\u00e7\u00e3o 22\/03\/2016)<\/p>\n","protected":false},"excerpt":{"rendered":"<p>Janeiro &#8211; Junho Julho &#8211;&nbsp;Dezembro Tecnologia e Produ\u00e7\u00e3o&nbsp;(quadro televisivo produzido em parceria com o Sistema Brasileiro do Agroneg\u00f3cio\/Canal do Boi desde 2007) &nbsp; &nbsp; Estat\u00edsticas do Ano Temas Per\u00edodo 806 men\u00e7\u00f5es registradas \u2013 impresso, internet, tv, r\u00e1dio e multim\u00eddia \u2013 entre janeiro e dezembro de 2015. Artigos de divulga\u00e7\u00e3o na m\u00eddia (ADM) n\u00e3o s\u00e3o inclu\u00eddos, &hellip; <a href=\"https:\/\/cloud.cnpgc.embrapa.br\/clipping\/2015-2\/\" class=\"more-link\">Continuar lendo <span class=\"screen-reader-text\">2015<\/span><\/a><\/p>\n","protected":false},"author":30,"featured_media":0,"parent":0,"menu_order":0,"comment_status":"closed","ping_status":"open","template":"","meta":{"_exactmetrics_skip_tracking":false,"_exactmetrics_sitenote_active":false,"_exactmetrics_sitenote_note":"","_exactmetrics_sitenote_category":0,"footnotes":""},"class_list":["post-31","page","type-page","status-publish","hentry"],"_links":{"self":[{"href":"https:\/\/cloud.cnpgc.embrapa.br\/clipping\/wp-json\/wp\/v2\/pages\/31","targetHints":{"allow":["GET"]}}],"collection":[{"href":"https:\/\/cloud.cnpgc.embrapa.br\/clipping\/wp-json\/wp\/v2\/pages"}],"about":[{"href":"https:\/\/cloud.cnpgc.embrapa.br\/clipping\/wp-json\/wp\/v2\/types\/page"}],"author":[{"embeddable":true,"href":"https:\/\/cloud.cnpgc.embrapa.br\/clipping\/wp-json\/wp\/v2\/users\/30"}],"replies":[{"embeddable":true,"href":"https:\/\/cloud.cnpgc.embrapa.br\/clipping\/wp-json\/wp\/v2\/comments?post=31"}],"version-history":[{"count":20,"href":"https:\/\/cloud.cnpgc.embrapa.br\/clipping\/wp-json\/wp\/v2\/pages\/31\/revisions"}],"predecessor-version":[{"id":1646,"href":"https:\/\/cloud.cnpgc.embrapa.br\/clipping\/wp-json\/wp\/v2\/pages\/31\/revisions\/1646"}],"wp:attachment":[{"href":"https:\/\/cloud.cnpgc.embrapa.br\/clipping\/wp-json\/wp\/v2\/media?parent=31"}],"curies":[{"name":"wp","href":"https:\/\/api.w.org\/{rel}","templated":true}]}}