{"id":33,"date":"2015-07-16T19:38:05","date_gmt":"2015-07-16T19:38:05","guid":{"rendered":"http:\/\/cloud.cnpgc.embrapa.br\/clipping\/?page_id=33"},"modified":"2023-07-27T20:01:31","modified_gmt":"2023-07-27T20:01:31","slug":"janeiro-junho","status":"publish","type":"page","link":"https:\/\/cloud.cnpgc.embrapa.br\/clipping\/2015-2\/janeiro-junho\/","title":{"rendered":"Janeiro &#8211; Junho (2015)"},"content":{"rendered":"<p><strong>Impresso<\/strong><\/p>\n<p><em>Janeiro<\/em><\/p>\n<ul>\n<li style=\"text-align: left\">5\/1 Correio do Estado &#8211; <a href=\"http:\/\/cloud.cnpgc.embrapa.br\/clipping\/files\/2015\/07\/CorreiodoEstado_0501_ReproducaoMarcadoresMoleculares.pdf\">Reprodu\u00e7\u00e3o Marcadores Moleculares\/S\u00e9rie 500P500R<\/a><\/li>\n<li style=\"text-align: left\">12\/1 Correio do Estado &#8211; <a href=\"http:\/\/cloud.cnpgc.embrapa.br\/clipping\/files\/2015\/07\/CorreiodoEstado_1201_BPA_500P500R.pdf\">BPA\/S\u00e9rie 500P500R<\/a><\/li>\n<li style=\"text-align: left\">26\/1 Correio do Estado &#8211; <a href=\"http:\/\/cloud.cnpgc.embrapa.br\/clipping\/files\/2015\/07\/CorreiodoEstado_2601_FornecimentoAguaVolumoso.pdf\">Fornecimento de \u00e1gua e volumoso\/S\u00e9rie 500P500R<\/a><\/li>\n<li style=\"text-align: left\">Revista Agrobrasil &#8211; <a href=\"http:\/\/cloud.cnpgc.embrapa.br\/clipping\/files\/2015\/07\/RevistaAgrobrasil_BalancoPecuaria_GuilhermeMalafaia.pdf\">Balan\u00e7o pecu\u00e1ria nacional<\/a>&nbsp;(Guilherme Malafaia)<\/li>\n<li style=\"text-align: left\">Revista A Lavoura &#8211; <a href=\"http:\/\/cloud.cnpgc.embrapa.br\/clipping\/files\/2015\/07\/RevistaALavoura_705_ConfortoTermico_FabianaAlves_T.pdf\">Conforto t\u00e9rmico<\/a>&nbsp;(Fabiana Villa)<\/li>\n<li style=\"text-align: left\">5\/1 Correio do Estado &#8211;&nbsp;<a href=\"http:\/\/cloud.cnpgc.embrapa.br\/clipping\/files\/2015\/07\/CorreiodoEstado_0501_ArtigoCleberSoares_PDIAlavancaPecuariaSustentavel.pdf\">Artigo &#8216;P&amp;D&amp;I Pecu\u00e1ria Sustent\u00e1vel&#8217;<\/a>, por Cleber Soares<\/li>\n<li style=\"text-align: left\">12\/1 Correio do Estado &#8211; <a href=\"http:\/\/cloud.cnpgc.embrapa.br\/clipping\/files\/2015\/07\/CorreiodoEstado_1201_ArtigoLucimaraChiari_MercadoIlegalSementes.pdf\">Artigo &#8216;Mercado ilegal sementes&#8217;<\/a>,&nbsp;por Lucimara Chiari<\/li>\n<\/ul>\n<p><em>Fevereiro<\/em><\/p>\n<ul>\n<li>2\/2 Correio do Estado &#8211;&nbsp;<a href=\"http:\/\/cloud.cnpgc.embrapa.br\/clipping\/files\/2015\/07\/CorreiodoEstado_0202_ArmazenamentoInsumos.pdf\">Armazenamento e insumos\/S\u00e9rie 500P500R<\/a><\/li>\n<li>9\/2 Correio do Estado &#8211;&nbsp;<a href=\"http:\/\/cloud.cnpgc.embrapa.br\/clipping\/files\/2015\/07\/CorreiodoEstado_0902_Dinapec1.pdf\">Dinapec 1\/Geral<\/a>&nbsp;(Liana Jank e Websten Ces\u00e1rio)<\/li>\n<li>9\/2 Correio do Estado &#8211;&nbsp;<a href=\"http:\/\/cloud.cnpgc.embrapa.br\/clipping\/files\/2015\/07\/CorreiodoEstado_0902_SistemaProducao.pdf\">Sistema de produ\u00e7\u00e3o\/S\u00e9rie 500P500R<\/a><\/li>\n<li>16\/2 Correio do Estado &#8211; &nbsp;<a href=\"http:\/\/cloud.cnpgc.embrapa.br\/clipping\/files\/2015\/07\/CorreiodoEstado_1602_InvestimentosFazenda.pdf\">Investimentos em fazenda\/S\u00e9rie 500P500R<\/a><\/li>\n<li>23\/2 &#8211; Correio do Estado &#8211;&nbsp;<a href=\"http:\/\/cloud.cnpgc.embrapa.br\/clipping\/files\/2015\/07\/CorreiodoEstado_2302_Dinapec2_MangueiroTamani.pdf\">Dinapec 2\/Mangueiro digital e BRS Tamani<\/a>&nbsp;(Liana Jank e Pedro Paulo)<\/li>\n<li>23\/2 &#8211; Correio do Estado &#8211;&nbsp;<a href=\"http:\/\/cloud.cnpgc.embrapa.br\/clipping\/files\/2015\/07\/CorreiodoEstado_2302_Dinapec3_CultivaresSoja.pdf\">Dinapec 3\/Cultivares de soja<\/a><\/li>\n<li>23\/2 &#8211; Correio do Estado &#8211;&nbsp;<a href=\"http:\/\/cloud.cnpgc.embrapa.br\/clipping\/files\/2015\/07\/CorreiodoEstado_2302_RendimentoCarcaca.pdf\">Rendimento de carca\u00e7a\/S\u00e9rie 500P500R<\/a><\/li>\n<li>Jornal Agroin &#8211; <a href=\"http:\/\/cloud.cnpgc.embrapa.br\/clipping\/files\/2015\/07\/JornalAgroin_TamaniMangueiro_LianaJankPedroPaulp.pdf\">Dinapec\/Mangueiro digital e BRS Tamani<\/a>&nbsp;(Liana Jank e Pedro Paulo)<\/li>\n<li>Revista Nelore &#8211;&nbsp;<a href=\"http:\/\/cloud.cnpgc.embrapa.br\/clipping\/files\/2015\/07\/RevistaNelore_DescarteVacas_AlessandraNicacio.pdf\">Descarte de vacas<\/a>&nbsp;(Alessandra Nic\u00e1cio)<\/li>\n<li>23\/2 &#8211; Correio do Estado &#8211;&nbsp;<a href=\"http:\/\/cloud.cnpgc.embrapa.br\/clipping\/files\/2015\/07\/CorreiodoEstado_2302_ArtigoRenatoAndreotti_Carrapatosnoambiente.pdf\">Artigo &#8216;Carrapatos no ambiente&#8217;<\/a>, por Renato Andreotti<\/li>\n<li>Revista Nelore <a href=\"http:\/\/cloud.cnpgc.embrapa.br\/clipping\/files\/2015\/07\/RevistaNelore_ArtigoLucimaraChiari_SementesLegais.pdf\">Artigo &#8216;Mercado ilegal de sementes&#8217;<\/a>, por Lucimara Chiari<\/li>\n<li>Notici\u00e1rio Tortuga 489 &#8211;&nbsp;<a href=\"http:\/\/cloud.cnpgc.embrapa.br\/clipping\/files\/2015\/07\/NoticiarioTortuga_489_ArtigoAlexandra_QualidadeCouro.pdf\">Artigo &#8216;Qualidade do couro&#8217;<\/a>, por Alexandra Oliveira<\/li>\n<\/ul>\n<p><em>Mar\u00e7o<\/em><\/p>\n<ul>\n<li>2\/3 Correio do Estado &#8211;&nbsp;<a href=\"http:\/\/cloud.cnpgc.embrapa.br\/clipping\/files\/2015\/07\/CorreiodoEstado_0203_Dicascourocarcaca.pdf\">Dicas de couro e carca\u00e7a\/S\u00e9rie 500P500R<\/a><\/li>\n<li>9\/3 Correio do Estado &#8211;&nbsp;<a href=\"http:\/\/cloud.cnpgc.embrapa.br\/clipping\/files\/2015\/07\/CorreiodoEstado_0903_AgregacaoValor.pdf\">Agrega\u00e7\u00e3o de valor\/S\u00e9rie 500P500R<\/a><\/li>\n<li>9\/3 Correio do Estado &#8211;&nbsp;<a href=\"http:\/\/cloud.cnpgc.embrapa.br\/clipping\/files\/2015\/07\/CorreiodoEstado_0903_Dinapec_Guandu.pdf\">Dinapec\/BRS Guandu<\/a><\/li>\n<li>16\/3 Correio do Estado &#8211;&nbsp;<a href=\"http:\/\/cloud.cnpgc.embrapa.br\/clipping\/files\/2015\/07\/CorreiodoEstado_1603_CicloPecuaria.pdf\">Ciclo de pecu\u00e1ria\/S\u00e9rie 500P500R<\/a><\/li>\n<li>16\/3 Correio do Estado &#8211;&nbsp;<a href=\"http:\/\/cloud.cnpgc.embrapa.br\/clipping\/files\/2015\/07\/CorreiodoEstado_1603_ProducaoLeiteira.pdf\">Dinapec\/Produ\u00e7\u00e3o leiteira<\/a><\/li>\n<li>16\/3 Correio do Estado &#8211;&nbsp;<a href=\"http:\/\/cloud.cnpgc.embrapa.br\/clipping\/files\/2015\/07\/CorreiodoEstado_1603_Vetscore.pdf\">Dinapec\/Vetscore<\/a><\/li>\n<li>23\/3 Correio do Estado &#8211;&nbsp;<a href=\"http:\/\/cloud.cnpgc.embrapa.br\/clipping\/files\/2015\/07\/CorreiodoEstado_2303_Briquetes.pdf\">Dinapec\/Briquetes<\/a><\/li>\n<li>23\/3 Correio do Estado &#8211;&nbsp;<a href=\"http:\/\/cloud.cnpgc.embrapa.br\/clipping\/files\/2015\/07\/CorreiodoEstado_2303_DinapecFundacaoMS.pdf\">Dinapec\/Funda\u00e7\u00e3oMS<\/a><\/li>\n<li>23\/3 Correio do Estado &#8211;&nbsp;<a href=\"http:\/\/cloud.cnpgc.embrapa.br\/clipping\/files\/2015\/07\/CorreiodoEstado_2303_Moscas_AntonioThadeuPauloCancado.pdf\">Sanidade e moscas<\/a>&nbsp;(Antonio Thadeu e Paulo Can\u00e7ado)<\/li>\n<li>Jornal Agroin &#8211;&nbsp;<a href=\"http:\/\/cloud.cnpgc.embrapa.br\/clipping\/files\/2015\/07\/JornalAgroin_Dinapec.pdf\">Dinapec\/BRS Zuri no Acre e Recupera\u00e7\u00e3o de pastagens<\/a><\/li>\n<li>Revista ABCZ &#8211;&nbsp;<a href=\"http:\/\/cloud.cnpgc.embrapa.br\/clipping\/files\/2015\/07\/RevistaABCZ_Tuberculose.pdf\">Nota Diagn\u00f3stico de tuberculose<\/a><\/li>\n<li>Revista Balde Branco 605 &#8211; <a href=\"http:\/\/cloud.cnpgc.embrapa.br\/clipping\/files\/2015\/07\/RevistaBaldeBrancon605_NotaBRSTamani.pdf\">Nota BRS Tamani<\/a>&nbsp;(Liana Jank)<\/li>\n<li>2\/3 Correio do Estado &#8211;&nbsp;<a href=\"http:\/\/cloud.cnpgc.embrapa.br\/clipping\/files\/2015\/07\/CorreiodoEstado_0203_ArtigoRenatoAndreotti_Carrapatosnoambiente_parte2.pdf\">Artigo &#8216;Carrapatos no ambiente_parte2<\/a>&#8216;, por Renato Andreotti<\/li>\n<li>evista Balde Branco 605 &#8211;&nbsp;<a href=\"http:\/\/cloud.cnpgc.embrapa.br\/clipping\/files\/2015\/07\/RevistaBaldeBrancon605_ArtigoRenatoAndreotti_Carrapatos.pdf\">Artigo &#8216;Carrapatos &#8211; cuidados com eles&#8217;<\/a>, por Renato Andreotti e Marcos Val\u00e9rio<\/li>\n<li>Revista Lavoura 706 &#8211;&nbsp;<a href=\"http:\/\/cloud.cnpgc.embrapa.br\/clipping\/files\/2015\/07\/RevistaLavoura_no706_ArtigoAlessandraNicacio_ExameAndrologico.pdf\">Artigo &#8216;Exame androl\u00f3gico&#8217;<\/a>, por Alessandra Nic\u00e1cio<\/li>\n<li>Revista Nelore &#8211;&nbsp;<a href=\"http:\/\/cloud.cnpgc.embrapa.br\/clipping\/files\/2015\/07\/NoticiarioNelore_ArtigoDenise_ManejoBraquiaria_R.pdf\">Artigo &#8216;Manejo de braqui\u00e1ria<\/a>&#8216;, por Denise Montagner<\/li>\n<\/ul>\n<p><i>Abril&nbsp;<\/i><\/p>\n<ul>\n<li>6\/4 Correio do Estado &#8211;&nbsp;<a href=\"http:\/\/cloud.cnpgc.embrapa.br\/clipping\/files\/2015\/07\/CorreiodoEstado_0604_DCGuariroba.pdf\">DC \u00c1guas Guariroba<\/a>&nbsp;(Ademir Zimmer)<\/li>\n<li>6\/4 Correio do Estado &#8211;&nbsp;<a href=\"http:\/\/cloud.cnpgc.embrapa.br\/clipping\/files\/2015\/07\/CorreiodoEstado_0604_GestaoRural.pdf\">Gest\u00e3o rural\/S\u00e9rie 500P500R<\/a><\/li>\n<li>13\/4 Correio do Estado &#8211;&nbsp;<a href=\"http:\/\/cloud.cnpgc.embrapa.br\/clipping\/files\/2015\/07\/CorreiodoEstado_1304_BoieBolsaMercado.pdf\">Boi e bolsa de mercado\/S\u00e9rie 500P500R<\/a><\/li>\n<li>Folha do Fazendeiro &#8211;&nbsp;<a href=\"http:\/\/cloud.cnpgc.embrapa.br\/clipping\/files\/2015\/07\/FolhaFazendeiro_DCILPF_Zimmer.pdf\">DC ILPF Fazenda S\u00e3o Mateus<\/a>&nbsp;(Ademir Zimmer)<\/li>\n<li>Revista DBO 414 &#8211;&nbsp;<a href=\"http:\/\/cloud.cnpgc.embrapa.br\/clipping\/files\/2015\/07\/RevistaDBO_n414_VetscoreDinapec.pdf\">Vetscore<\/a><\/li>\n<li>Revista DBO 414 &#8211;&nbsp;<a href=\"http:\/\/cloud.cnpgc.embrapa.br\/clipping\/files\/2015\/07\/RevistaDBO_n414_ConsorcioGuanduMilho_AlexandreAgiova.pdf\">Cons\u00f3rcio Guandu+Milho<\/a>&nbsp;(Alexandre Agiova)<\/li>\n<li>6\/4 Correio do Estado &#8211;&nbsp;<a href=\"http:\/\/cloud.cnpgc.embrapa.br\/clipping\/files\/2015\/07\/CorreiodoEstado_0604_ArtigoPauloCancadoThadeuBarros_MoscaEstabulos.pdf\">Artigo &#8216;Mosca-dos-est\u00e1bulos e as usinas&#8217;<\/a>, por Antonio Thadeu e Paulo Can\u00e7ado<\/li>\n<li>9\/4 Correio do Estado &#8211;&nbsp;<a href=\"http:\/\/cloud.cnpgc.embrapa.br\/clipping\/files\/2015\/07\/CorreiodoEstado_0904_ArtigoAguasGuariroba.pdf\">Artigo &#8216;\u00c1guas de Guariroba &#8211; situa\u00e7\u00f5es e perspectivas&#8217;<\/a>, por Silvia Rahe e Frederico Valente (bolsista Embrapa)<\/li>\n<\/ul>\n<p><em>Maio<\/em><\/p>\n<ul>\n<li>4\/5 Correio do Estado &#8211;&nbsp;<a href=\"http:\/\/cloud.cnpgc.embrapa.br\/clipping\/files\/2015\/07\/CorreiodoEstado_0405_SimposioOvinocultura.pdf\">Simp\u00f3sio de Ovinocultura<\/a>&nbsp;(Fernando Reis)<\/li>\n<li>18\/5 Correio do Estado &#8211;&nbsp;<a href=\"http:\/\/cloud.cnpgc.embrapa.br\/clipping\/files\/2015\/07\/CorreiodoEstado_1805_LivroNutricaoSeca_RodrigoGomesSergioRaposo.pdf\">Nutri\u00e7\u00e3o animal na seca<\/a>&nbsp;(S\u00e9rgio Raposo e Rodrigo Gomes)<\/li>\n<li>25\/5 Correio do Estado &#8211;&nbsp;<a href=\"http:\/\/cloud.cnpgc.embrapa.br\/clipping\/files\/2015\/07\/CorreiodoEstado_2505_SimposioOvinoDourados.pdf\">Simp\u00f3sio de Ovinocultura em Dourados<\/a>&nbsp;(Fabiana Villa e Fernando Reis)<\/li>\n<li>Revista Globo Rural 355 &#8211;&nbsp;<a href=\"http:\/\/cloud.cnpgc.embrapa.br\/clipping\/files\/2015\/07\/RevistaGRural_n355_PecuariaDrones_FabianaVilla.pdf\">Uso de drones na pecu\u00e1ria<\/a>&nbsp;(Fabiana Villa)<\/li>\n<li>Revista Globo Rural 355 &#8211;&nbsp;<a href=\"http:\/\/cloud.cnpgc.embrapa.br\/clipping\/files\/2015\/07\/RevistaGRural_n355_PecuariaPrecisao_ThaisBasso.pdf\">Entrevista Pecu\u00e1ria de Precis\u00e3o<\/a>&nbsp;(Tha\u00eds Basso)<\/li>\n<li>4\/5 Correio do Estado &#8211;&nbsp;<a href=\"http:\/\/cloud.cnpgc.embrapa.br\/clipping\/files\/2015\/07\/CorreiodoEstado_0405_ArtigoRodrigoAlva_ObrasReferencia.pdf\">Artigo &#8216;Obras de refer\u00eancia&#8217;<\/a>, por Rodrigo Alva<\/li>\n<li>11\/5 Correio do Estado &#8211;&nbsp;<a href=\"http:\/\/cloud.cnpgc.embrapa.br\/clipping\/files\/2015\/07\/CorreiodoEstado_1105_ArtigoFlabioPantanal_TristezaParasitaria.pdf\">Artigo &#8216;Tristeza parasit\u00e1ria no bovino pantaneiro&#8217;<\/a>&nbsp;, por Fl\u00e1bio Ara\u00fajo, Raquel Juliano, Alda Izabel, Ros\u00e2ngela Machado e Karla Guedes<\/li>\n<li>11\/5 Correio do Estado &#8211;&nbsp;<a href=\"http:\/\/cloud.cnpgc.embrapa.br\/clipping\/files\/2015\/07\/CorreiodoEstado_1105_ArtigoVanessaFelipe_FebreAftosa.pdf\">Artigo &#8216;Febre aftosa no caminho certo&#8217;<\/a>, por Vanessa Felipe<\/li>\n<li>Revista Balde Branco 607 &#8211;&nbsp;<a href=\"http:\/\/cloud.cnpgc.embrapa.br\/clipping\/files\/2015\/07\/RevistaBaldeBranco_n607_ArtigoAntonioThadeuPauloCancado_MoscadosEstabulos.pdf\">Artigo &#8216;Mosca-dos-est\u00e1bulos: surtos preocupam&#8217;<\/a>, por Antonio Thadeu e Paulo Can\u00e7ado<\/li>\n<\/ul>\n<p><em>Junho<\/em><\/p>\n<ul>\n<li>1\/6 Correio do Estado &#8211;&nbsp;<a href=\"http:\/\/cloud.cnpgc.embrapa.br\/clipping\/files\/2015\/07\/CorreiodoEstado_0106_WorkNutricao.pdf\">Nota Workshop de Nutri\u00e7\u00e3o<\/a><\/li>\n<li>8\/6 Correio do Estado &#8211;&nbsp;<a href=\"http:\/\/cloud.cnpgc.embrapa.br\/clipping\/files\/2015\/07\/CorreiodoEstado_0806_Consorciomilhoguandu.pdf\">Cons\u00f3rcio milho+guandu<\/a>&nbsp;(Alexandre Agioca, Ademir Zimmer e Rodrigo Gomes)<\/li>\n<li>15\/6 Correio do Estado &#8211;&nbsp;<a href=\"http:\/\/cloud.cnpgc.embrapa.br\/clipping\/files\/2015\/07\/CorreiodoEstado_1506_GreveEmbrapa.pdf\">Greve na Embrapa<\/a><\/li>\n<li>22\/6 Correio do Estado &#8211;&nbsp;<a href=\"http:\/\/cloud.cnpgc.embrapa.br\/clipping\/files\/2015\/07\/CorreiodoEstado_2206_AmidoFecal_RodrigoGomes.pdf\">Uso do amido fecal<\/a>&nbsp;(Rodrigo Gomes e S\u00e9rgio Raposo)<\/li>\n<li>27\/6 Correio do Estado &#8211;&nbsp;<a href=\"http:\/\/cloud.cnpgc.embrapa.br\/clipping\/files\/2015\/07\/CorreiodoEstado_2706_EspeciesArboreasBemEstar_FabianaVillaRobertoGiolo.pdf\">Esp\u00e9cies arb\u00f3reas e bem-estar animal<\/a>&nbsp;(Fabiana Villa e Roberto Giolo)<\/li>\n<li>Folha do RS &#8211;&nbsp;<a href=\"http:\/\/cloud.cnpgc.embrapa.br\/clipping\/files\/2015\/07\/FollhaRS_Tuberculose_FlabioAraujo.pdf\">Tudo pronto para rein\u00edcio da atividade leiteira\/Tuberculose<\/a>&nbsp;(Flabio Ara\u00fajo)<\/li>\n<li>Jornal Agroin &#8211;&nbsp;<a href=\"http:\/\/cloud.cnpgc.embrapa.br\/clipping\/files\/2015\/07\/JornalAgroin_CursoMelhoramentoEmbrapaGeneplus.pdf\">Curso de Melhoramento Gen\u00e9tico Animal Embrapa-Geneplus<\/a>&nbsp;(Antonio Rosa e Tha\u00eds Basso)<\/li>\n<li>1\/6 Correio do Estado &#8211;&nbsp;<a href=\"http:\/\/cloud.cnpgc.embrapa.br\/clipping\/files\/2015\/07\/CorreiodoEstado_0106_ArtigoLucimaraChiari_SementesIlegais.pdf\">Artigo &#8216;Sementes ilegais&#8217;<\/a>, por Lucimara Chiari<\/li>\n<li>8\/6 Correio do Estado &#8211;&nbsp;<a href=\"http:\/\/cloud.cnpgc.embrapa.br\/clipping\/files\/2015\/07\/CorreiodoEstado_0806_ArtigoLenitaRamos_Vacinologia.pdf\">Artigo &#8216;A ci\u00eancia e a vacinologia&#8217;<\/a>, por Lenita Ramos e Emanuelle Gaspar<\/li>\n<li>Folha do Fazendeiro &#8211;&nbsp;<a href=\"http:\/\/cloud.cnpgc.embrapa.br\/clipping\/files\/2015\/07\/FolhaFazendeiro_ArtigoLucimaraChiari_Mercadoilegalsementes.pdf\">Artigo &#8216;Mercado ilegal de sementes&#8217;<\/a>, por Lucimara Chiari<\/li>\n<li>Revista Lan\u00e7amento &#8211;&nbsp;<a href=\"http:\/\/cloud.cnpgc.embrapa.br\/clipping\/files\/2015\/07\/RevistaLancamento_ArtigoAlexandraoOliveira_DiferencaCouros.pdf\">Artigo &#8216;As diferen\u00e7as entre o couro e os materiais sint\u00e9ticos&#8217;<\/a>, por Alexandra Oliveira<\/li>\n<\/ul>\n<p>&nbsp;<\/p>\n<hr>\n<p><strong>On-line<\/strong><\/p>\n<ul>\n<li><a href=\"http:\/\/cloud.cnpgc.embrapa.br\/clipping\/files\/2015\/07\/Janeiro.pdf\">Janeiro<\/a><\/li>\n<li><a href=\"http:\/\/cloud.cnpgc.embrapa.br\/clipping\/files\/2015\/07\/Fevereiro1.pdf\">Fevereiro<\/a><\/li>\n<li><a href=\"http:\/\/cloud.cnpgc.embrapa.br\/clipping\/files\/2015\/07\/Marco.pdf\">Mar\u00e7o<\/a><\/li>\n<li><a href=\"http:\/\/cloud.cnpgc.embrapa.br\/clipping\/files\/2015\/07\/Abril.pdf\">Abril<\/a><\/li>\n<li><a href=\"http:\/\/cloud.cnpgc.embrapa.br\/clipping\/files\/2015\/07\/Maio.pdf\">Maio<\/a><\/li>\n<li><a href=\"http:\/\/cloud.cnpgc.embrapa.br\/clipping\/files\/2015\/07\/Junho.pdf\">Junho<\/a><\/li>\n<\/ul>\n<p>&nbsp;<\/p>\n<hr>\n<p><strong>Multim\u00eddia<\/strong><\/p>\n<ul>\n<li><a href=\"http:\/\/cloud.cnpgc.embrapa.br\/clipping\/files\/2015\/07\/Jan_Jun2015.pdf\">Janeiro &#8211; Junho<\/a><\/li>\n<\/ul>\n<p>&nbsp;<\/p>\n<hr>\n<p><a href=\"http:\/\/cloud.cnpgc.embrapa.br\/clipping\/files\/2015\/07\/EstatisticaJaneiroJunho2015.pdf\">Estat\u00edsticas Janeiro a Junho<\/a><\/p>\n<ul>\n<li>412 men\u00e7\u00f5es registradas &#8211; impresso, internet, tv, r\u00e1dio e multim\u00eddia &#8211; entre janeiro e junho de 2015.<\/li>\n<li>Artigos de divulga\u00e7\u00e3o na m\u00eddia (ADM) n\u00e3o s\u00e3o inclu\u00eddos na parcial, s\u00e3o contabilizados no Ainfo.<\/li>\n<\/ul>\n<p style=\"text-align: right\">(\u00faltima atualiza\u00e7\u00e3o 22\/03\/2016)<\/p>\n","protected":false},"excerpt":{"rendered":"<p>Impresso Janeiro 5\/1 Correio do Estado &#8211; Reprodu\u00e7\u00e3o Marcadores Moleculares\/S\u00e9rie 500P500R 12\/1 Correio do Estado &#8211; BPA\/S\u00e9rie 500P500R 26\/1 Correio do Estado &#8211; Fornecimento de \u00e1gua e volumoso\/S\u00e9rie 500P500R Revista Agrobrasil &#8211; Balan\u00e7o pecu\u00e1ria nacional&nbsp;(Guilherme Malafaia) Revista A Lavoura &#8211; Conforto t\u00e9rmico&nbsp;(Fabiana Villa) 5\/1 Correio do Estado &#8211;&nbsp;Artigo &#8216;P&amp;D&amp;I Pecu\u00e1ria Sustent\u00e1vel&#8217;, por Cleber Soares 12\/1 &hellip; <a href=\"https:\/\/cloud.cnpgc.embrapa.br\/clipping\/2015-2\/janeiro-junho\/\" class=\"more-link\">Continuar lendo <span class=\"screen-reader-text\">Janeiro &#8211; Junho (2015)<\/span><\/a><\/p>\n","protected":false},"author":30,"featured_media":0,"parent":31,"menu_order":0,"comment_status":"closed","ping_status":"open","template":"","meta":{"_exactmetrics_skip_tracking":false,"_exactmetrics_sitenote_active":false,"_exactmetrics_sitenote_note":"","_exactmetrics_sitenote_category":0,"footnotes":""},"class_list":["post-33","page","type-page","status-publish","hentry"],"_links":{"self":[{"href":"https:\/\/cloud.cnpgc.embrapa.br\/clipping\/wp-json\/wp\/v2\/pages\/33","targetHints":{"allow":["GET"]}}],"collection":[{"href":"https:\/\/cloud.cnpgc.embrapa.br\/clipping\/wp-json\/wp\/v2\/pages"}],"about":[{"href":"https:\/\/cloud.cnpgc.embrapa.br\/clipping\/wp-json\/wp\/v2\/types\/page"}],"author":[{"embeddable":true,"href":"https:\/\/cloud.cnpgc.embrapa.br\/clipping\/wp-json\/wp\/v2\/users\/30"}],"replies":[{"embeddable":true,"href":"https:\/\/cloud.cnpgc.embrapa.br\/clipping\/wp-json\/wp\/v2\/comments?post=33"}],"version-history":[{"count":70,"href":"https:\/\/cloud.cnpgc.embrapa.br\/clipping\/wp-json\/wp\/v2\/pages\/33\/revisions"}],"predecessor-version":[{"id":1647,"href":"https:\/\/cloud.cnpgc.embrapa.br\/clipping\/wp-json\/wp\/v2\/pages\/33\/revisions\/1647"}],"up":[{"embeddable":true,"href":"https:\/\/cloud.cnpgc.embrapa.br\/clipping\/wp-json\/wp\/v2\/pages\/31"}],"wp:attachment":[{"href":"https:\/\/cloud.cnpgc.embrapa.br\/clipping\/wp-json\/wp\/v2\/media?parent=33"}],"curies":[{"name":"wp","href":"https:\/\/api.w.org\/{rel}","templated":true}]}}