{"id":354,"date":"2015-07-24T18:21:20","date_gmt":"2015-07-24T18:21:20","guid":{"rendered":"http:\/\/cloud.cnpgc.embrapa.br\/clipping\/?page_id=354"},"modified":"2023-07-27T20:02:25","modified_gmt":"2023-07-27T20:02:25","slug":"julho-dezembro","status":"publish","type":"page","link":"https:\/\/cloud.cnpgc.embrapa.br\/clipping\/2015-2\/julho-dezembro\/","title":{"rendered":"Julho &#8211; Dezembro (2015)"},"content":{"rendered":"<p><strong>Impresso<\/strong><\/p>\n<p><em>Julho<\/em><\/p>\n<ul>\n<li>5\/7 Correio do Estado &#8211; <a href=\"http:\/\/cloud.cnpgc.embrapa.br\/clipping\/files\/2015\/07\/CorreiodoEstado_0607_CursoMelhoramento_AntonioRosaThaisBasso.pdf\">Curso de Melhoramento Embrapa &#8211; Geneplus<\/a>&nbsp;(Antonio Rosa e Tha\u00eds Basso)<\/li>\n<li>13\/7 Correio do Estado &#8211;&nbsp;<a href=\"http:\/\/cloud.cnpgc.embrapa.br\/clipping\/files\/2015\/07\/CorreiodoEstado_1307_MoscaEstabulos.pdf\">Problemas com mosca-dos-est\u00e1bulos<\/a>&nbsp;(Paulo Can\u00e7ado)<\/li>\n<li>13\/7 Correio do Estado &#8211; <a href=\"http:\/\/cloud.cnpgc.embrapa.br\/clipping\/files\/2015\/07\/CorreiodoEstado_1307_ProvaSenepol.pdf\">Resultados da prova do Senepol<\/a>&nbsp;(Gilberto Menezes)<\/li>\n<li>20\/7 Correio do Estado &#8211;&nbsp;<a href=\"http:\/\/cloud.cnpgc.embrapa.br\/clipping\/files\/2015\/07\/CorreiodoEstado_2007_MoscaEstabulos.pdf\">Problemas com mosca-dos-est\u00e1bulos 2 <\/a>&nbsp;(Paulo Can\u00e7ado)<\/li>\n<li>27\/7 Jornal O Estado MS &#8211;&nbsp;<a href=\"http:\/\/cloud.cnpgc.embrapa.br\/clipping\/files\/2015\/07\/JornalOEstado_27Julho_EntrevistaGuilhermeMalafaia.pdf\">Entrevista &#8211; rela\u00e7\u00e3o produtores, ind\u00fastria e consumo de carne<\/a>&nbsp;(Guilherme Malafaia)<\/li>\n<li>Folha do Fazendeiro &#8211;&nbsp;<a href=\"http:\/\/cloud.cnpgc.embrapa.br\/clipping\/files\/2015\/07\/FolhaFazendeiro_CursoMelhoramentoGeneplus_AntonioRosa.pdf\">Curso de Melhoramento Embrapa-Geneplus<\/a>&nbsp;(Antonio Rosa)<\/li>\n<li>Folha do Fazendeiro &#8211;&nbsp;<a href=\"http:\/\/cloud.cnpgc.embrapa.br\/clipping\/files\/2015\/07\/FolhaFazendeiro_EspeciesArboreas.pdf\">Esp\u00e9cies arb\u00f3reas modificam microclima<\/a>&nbsp;(Fabiana Villa e Roberto Giolo)<\/li>\n<li>Revista Sa\u00fade &#8211;&nbsp;<a href=\"http:\/\/cloud.cnpgc.embrapa.br\/clipping\/files\/2015\/07\/RevistaSaude392_Carneepeixe_SergioRaposo.pdf\">Carne e peixe<\/a>&nbsp;(S\u00e9rgio Raposo)<\/li>\n<li>13\/7 Correio do Estado &#8211; <a href=\"http:\/\/cloud.cnpgc.embrapa.br\/clipping\/files\/2015\/07\/CorreiodoEstado_1307_ArtigoFabianaVilla_ConfortoTermico.pdf\">Artigo &#8216;Bem-estar animal e agrega\u00e7\u00e3o de valor&#8217;<\/a>, por Fabiana Villa<\/li>\n<li>Revista Opini\u00f5es\/Especial ILPF &#8211; <a href=\"http:\/\/cloud.cnpgc.embrapa.br\/clipping\/files\/2015\/07\/RevistaOpinioes_ArtigoDaviBungenstab_UsodaTerra.pdf\">Artigo &#8216;Mudan\u00e7as no uso da terra como oportunidade&#8217;<\/a>, por Davi Bungenstab<\/li>\n<li>Revista Opini\u00f5es\/Especial ILPF &#8211;&nbsp;<a href=\"http:\/\/cloud.cnpgc.embrapa.br\/clipping\/files\/2015\/07\/RevistaOpinioes_ArtigoFabianaVilla_BemEstarILPF.pdf\">Artigo &#8216;Bem-estar animal e o sistema ILPF&#8217;<\/a>, por Fabiana Villa<\/li>\n<li>Revista Opini\u00f5es\/Especial ILPF &#8211;&nbsp;<a href=\"http:\/\/cloud.cnpgc.embrapa.br\/clipping\/files\/2015\/07\/RevistaOpinioes_ArtigoRobertoGiolo_PlanejamentoGestaoILPF.pdf\">Artigo &#8216;O planejamento e a gest\u00e3o do sistema ILPF&#8217;<\/a>, por Roberto Giolo<\/li>\n<li>Revista A Lavoura 708 &#8211;&nbsp;<a href=\"http:\/\/cloud.cnpgc.embrapa.br\/clipping\/files\/2015\/07\/RevistaALavoura-708_ArtigoCleberSoares_Senepol_MediaQ.pdf\">Artigo &#8216;Senepol, op\u00e7\u00e3o rent\u00e1vel para o pecuarista&#8217;<\/a>, por Cleber Soares<\/li>\n<\/ul>\n<p><em>Agosto<\/em><\/p>\n<ul>\n<li>3\/8 Correio do Estado &#8211;&nbsp;<a href=\"http:\/\/cloud.cnpgc.embrapa.br\/clipping\/files\/2015\/07\/CorreiodoEstado_0308_LicenciamentoAmbiental.pdf\">Licenciamento Ambiental<\/a><\/li>\n<li>10\/8 Correio do Estado &#8211;&nbsp;<a href=\"http:\/\/cloud.cnpgc.embrapa.br\/clipping\/files\/2015\/07\/CorreiodoEstado_1008_CarrapatosMS_RenatoAndreotti.pdf\">Carrapatos de MS<\/a>&nbsp;(Renato Andreotti)<\/li>\n<li>31\/8 Correio do Estado &#8211;&nbsp;<a href=\"http:\/\/cloud.cnpgc.embrapa.br\/clipping\/files\/2015\/07\/CorreiodoEstado_3108_Salmineral_SergioRaposo.pdf\">Sal mineral<\/a>&nbsp;(S\u00e9rgio Raposo)<\/li>\n<li>Revista DBO 418 &#8211;&nbsp;<a href=\"http:\/\/cloud.cnpgc.embrapa.br\/clipping\/files\/2015\/07\/RevistaDBO418_FazendaDonAroBPA_EzequielValle_reduzido.pdf\">Fazenda Don Aro\/BPA<\/a>&nbsp;(Ezequiel do Valle)<\/li>\n<li>Revista DBO 418 &#8211;&nbsp;<a href=\"http:\/\/cloud.cnpgc.embrapa.br\/clipping\/files\/2015\/07\/RevistaDBO418_SuplementacaoVacasCria_RodrigoGomes_reduzido.pdf\">Suplementa\u00e7\u00e3o de vacas de cria<\/a>&nbsp;(Rodrigo Gomes)<\/li>\n<li>10\/8 Correio do Estado &#8211;&nbsp;<a href=\"http:\/\/cloud.cnpgc.embrapa.br\/clipping\/files\/2015\/07\/CorreiodoEstado_1008_ArtigoIATF_AlessandraNicacio.pdf\">Artigo &#8220;A insemina\u00e7\u00e3o em tempo fixo \u00e9 positiva para a propriedade?&#8221;<\/a>, por Alessandra Nicacio<\/li>\n<li>Revista Agron &#8211;&nbsp;<a href=\"http:\/\/cloud.cnpgc.embrapa.br\/clipping\/files\/2015\/07\/RevistaAgron_ArtigoIATF_AlessandraNicacio.pdf\">Artigo &#8220;Insemina\u00e7\u00e3o em tempo fixo serve ou n\u00e3o para a minha propriedade?&#8221;<\/a>, por Alessandra Nicacio<\/li>\n<li>Revista Agron &#8211;&nbsp;<a href=\"http:\/\/cloud.cnpgc.embrapa.br\/clipping\/files\/2015\/07\/RevistaAgron_ArtigoTourosSuperiores_AntonioRosaeCia.pdf\">Artigo &#8220;Vale a pena investir em touros geneticamente superiores&#8221;<\/a>, por Antonio Rosa, Luiz Ot\u00e1vio da Silva, Fernando Costa, Gilberto Menezes, Roberto Torres Jr., Mariana Pereira, Paulo Nobre, Elias Martins e Carlos Fernandes<\/li>\n<li>Revista Balde Branco 610 &#8211;&nbsp;<a href=\"http:\/\/cloud.cnpgc.embrapa.br\/clipping\/files\/2015\/07\/RevistaBaldeBranco610_ArtigoConfortoAnimal_FabianaAlves.pdf\">Artigo &#8220;Bem-estar animal e agrega\u00e7\u00e3o de valor&#8221;<\/a>, por Fabiana Villa Alves<\/li>\n<li>Revista Balde Branco 610 &#8211;&nbsp;<a href=\"http:\/\/cloud.cnpgc.embrapa.br\/clipping\/files\/2015\/07\/RevistaBaldeBranco610_ArtigoVacinacaoPerspectivas_LenitaRamires.pdf\">Artigo &#8220;Vacina\u00e7\u00e3o: efeito e novas perspectivas&#8221;<\/a>, por Lenita Ramires e Emanuelle Gaspar<\/li>\n<\/ul>\n<p><em>Setembro<\/em><\/p>\n<ul>\n<li>28\/9 Correio do Estado &#8211; <a href=\"http:\/\/cloud.cnpgc.embrapa.br\/clipping\/files\/2015\/07\/CorreiodoEstado_2809_ArvoresILPF.pdf\">\u00c1rvores em ILPF<\/a>&nbsp;(Andr\u00e9 Dominghetti)<\/li>\n<li>Folha do Fazendeiro &#8211;&nbsp;<a href=\"http:\/\/cloud.cnpgc.embrapa.br\/clipping\/files\/2015\/07\/FolhaFazendeiro380_PactoVerde_CleberSoares.pdf\">Pacto Sinal Verde<\/a>&nbsp;(Cleber Soares)<\/li>\n<li>Folhada do Fazendeiro &#8211;&nbsp;<a href=\"http:\/\/cloud.cnpgc.embrapa.br\/clipping\/files\/2015\/07\/FolhaFazendeiro380_Repronutri.pdf\">Repronutri<\/a><\/li>\n<li>Jornal Agroin &#8211;&nbsp;<a href=\"http:\/\/cloud.cnpgc.embrapa.br\/clipping\/files\/2015\/07\/JornalAgroin_FundacaoMSEmbrapaConvenio_CleberSoares.pdf\">Funda\u00e7\u00e3o MS e Embrapa<\/a>&nbsp;(Cleber Soares)<\/li>\n<li>Revista DBO 419 &#8211;&nbsp;<a href=\"http:\/\/cloud.cnpgc.embrapa.br\/clipping\/files\/2015\/07\/RevistaDBO419_PactoSinalVerde_CleberSoares.pdf\">Pacto Sinal Verde<\/a>&nbsp;(Cleber Soares)<\/li>\n<li>Revista DBO 419 &#8211; &nbsp;<a href=\"http:\/\/cloud.cnpgc.embrapa.br\/clipping\/files\/2015\/07\/RevistaDBO419_PesquisaIATFAftosa_VanessaFelipe.pdf\">Pesquisa IATF x Febre Aftosa<\/a>&nbsp;(Vanessa Felipe)<\/li>\n<li>Revista DBO 419 &#8211; &nbsp;<a href=\"http:\/\/cloud.cnpgc.embrapa.br\/clipping\/files\/2015\/07\/RevistaDBO419_PesquisaMelhoramento_Geneplus.pdf\">Pesquisa Melhoramento_Geneplus<\/a><\/li>\n<li>Revista DBO 419 &#8211; &nbsp;<a href=\"http:\/\/cloud.cnpgc.embrapa.br\/clipping\/files\/2015\/07\/RevistaDBO419_PesquisaSenepol_GilbertoMenezes.pdf\">Pesquisa Senepol<\/a>&nbsp;(Gilberto Menezes)<\/li>\n<li>Revista Nelore 232 &#8211;&nbsp;<a href=\"http:\/\/cloud.cnpgc.embrapa.br\/clipping\/files\/2015\/07\/RevistaNelore232_PactoSinalVerde_CleberSoares.pdf\">Pacto Sinal Verde<\/a>&nbsp;(Cleber Soares)<\/li>\n<li>Revista Balde Branco 611 &#8211;&nbsp;<a href=\"http:\/\/cloud.cnpgc.embrapa.br\/clipping\/files\/2015\/07\/RevistaBaldeBranco-611_ArtigoIATF_AlessandraNicacio.pdf\">Artigo &#8216;IATF &#8211; o que determina sua aplica\u00e7\u00e3o&#8217;<\/a>, por Alessandra Nicacio<\/li>\n<\/ul>\n<p><em>Outubro<\/em><\/p>\n<ul>\n<li>12\/10 Correio do Estado &#8211;&nbsp;<a href=\"http:\/\/cloud.cnpgc.embrapa.br\/clipping\/files\/2015\/07\/CorreiodoEstado_1210_ProgramaABC.pdf\">Programa ABC Cerrado<\/a>&nbsp;(Ademir Zimmer)<\/li>\n<li>19\/10 Correio do Estado &#8211;&nbsp;<a href=\"http:\/\/cloud.cnpgc.embrapa.br\/clipping\/files\/2015\/07\/CorreiodoEstado_1910_GenomaCarrapato.pdf\">Genoma do carrapato<\/a>&nbsp;(Renato Andreotti)<\/li>\n<li>Folha do Fazendeiro &#8211;&nbsp;<a href=\"http:\/\/cloud.cnpgc.embrapa.br\/clipping\/files\/2015\/07\/FolhaFazendeiro_EspeciesArboreas_AndreDominghetti.pdf\">Esp\u00e9cies arb\u00f3reas<\/a>&nbsp;(Andr\u00e9 Dominghetti)<\/li>\n<li>Revista DBO 420 &#8211;&nbsp;<a href=\"http:\/\/cloud.cnpgc.embrapa.br\/clipping\/files\/2015\/07\/RevistaDBO420_Carrapatos_RenatoAndreotti.pdf\">Combate com intelig\u00eancia<\/a>&nbsp;(Renato Andreotti)<\/li>\n<li>Revista DBO 420 &#8211; <a href=\"http:\/\/cloud.cnpgc.embrapa.br\/clipping\/files\/2015\/07\/RevistaDBO420_SustentabilidadeILP_GioloeKichel.pdf\">Tecnologias para produtividade e mitiga\u00e7\u00e3o de gases<\/a>&nbsp;(Armindo Kichel e Roberto Giolo)<\/li>\n<li>26\/10 Correio do Estado &#8211;&nbsp;<a href=\"http:\/\/cloud.cnpgc.embrapa.br\/clipping\/files\/2015\/07\/CorreiodoEstado_2610_ArtigoAdemirZimmer_GramineasForrageiras.pdf\">Artigo &#8216;Gram\u00edneas forrageiras para ILP&#8217;<\/a>, por Ademir Zimmer<\/li>\n<li>Revista Nelore &#8211;&nbsp;<a href=\"http:\/\/cloud.cnpgc.embrapa.br\/clipping\/files\/2015\/07\/RevistaNelore_ArtigoFabianaAlves_BemEstarAnimal.pdf\">Artigo &#8216;Bem-estar animal e agrega\u00e7\u00e3o de valor&#8217;<\/a>, por Fabiana Villa<\/li>\n<\/ul>\n<p><em>Novembro<\/em><\/p>\n<ul>\n<li>09\/11 Correio do Estado &#8211;&nbsp;<a href=\"http:\/\/cloud.cnpgc.embrapa.br\/clipping\/files\/2015\/07\/CorreiodoEstado_0911_Novosinsetos_KollerBarros.pdf\">Novos insetos identificados<\/a>&nbsp;(Thadeu Barros e Wilson Koller)<\/li>\n<li>16\/11 Correio do Estado &#8211;&nbsp;<a href=\"http:\/\/cloud.cnpgc.embrapa.br\/clipping\/files\/2015\/07\/CorreiodoEstado_1611_EstacaoMonta_AlessandraNicacio.pdf\">Esta\u00e7\u00e3o de monta<\/a>&nbsp;(Alessandra Nicacio)<\/li>\n<li>16\/11 &nbsp;Correio do Estado &#8211;&nbsp;<a href=\"http:\/\/cloud.cnpgc.embrapa.br\/clipping\/files\/2015\/07\/CorreiodoEstado_1611_ILPFSolosArenosos_AdemirZimmer.pdf\">ILPF em solos arenosos<\/a>&nbsp;(Ademir Zimmer)<\/li>\n<li>30\/11 Jornal A Gazeta &#8211;&nbsp;<a href=\"http:\/\/cloud.cnpgc.embrapa.br\/clipping\/files\/2015\/07\/AGazetaCuiaba_CursoILPF_Dominghetti.pdf\">Curso ILPF<\/a>&nbsp;(Andr\u00e9 Dominghetti)<\/li>\n<li>30\/11 Jornal O Estado de S\u00e3o Paulo &#8211;&nbsp;<a href=\"http:\/\/cloud.cnpgc.embrapa.br\/clipping\/files\/2015\/07\/JornalEstadao_ILPF_ZimmerGiolo.pdf\">Floresta, pasto e lavoura convivem no mesmo espa\u00e7o<\/a>&nbsp;(Ademir Zimmer e Roberto Giolo)<\/li>\n<li>Informativo Novilho Precoce &#8211;&nbsp;<a href=\"http:\/\/cloud.cnpgc.embrapa.br\/clipping\/files\/2015\/07\/InformativoNovilhoPrecoce_BPA.pdf\">Parceria WWF e Novilho Precoce com BPA<\/a><\/li>\n<li>Folha do Fazendeiro &#8211;&nbsp;<a href=\"http:\/\/cloud.cnpgc.embrapa.br\/clipping\/files\/2015\/07\/FolhaFazendeiro_SaoMateus_Zimmer.pdf\">Novo formato de sistema integrado\/Sistema S\u00e3o Mateus<\/a>&nbsp;(Ademir Zimmer)<\/li>\n<li>Revista Balde Branco 613 &#8211;&nbsp;<a href=\"http:\/\/cloud.cnpgc.embrapa.br\/clipping\/files\/2015\/07\/RevistaBaldeBranco-613_HeroisRevolucaoVerde_LOCS.pdf\">Nota Her\u00f3is da Revolu\u00e7\u00e3o Verde<\/a>&nbsp;(Luiz Ot\u00e1vio Campos)<\/li>\n<li>Revista DBO 421 &#8211;&nbsp;<a href=\"http:\/\/cloud.cnpgc.embrapa.br\/clipping\/files\/2015\/07\/RevistaDBO-421_BPA_BaixaResolucao.pdf\">Os segredos de uma campe\u00e3 de carca\u00e7as\/BPA<\/a><\/li>\n<li>Revista DBO 421 &#8211;&nbsp;<a href=\"http:\/\/cloud.cnpgc.embrapa.br\/clipping\/files\/2015\/07\/RevistaDBO-421_Braquiaria_CacildaValle.pdf\">Nota novo h\u00edbrido de braqui\u00e1ria<\/a>&nbsp;(Cacilda Valle)<\/li>\n<li>Revista DBO 421 &#8211;&nbsp;<a href=\"http:\/\/cloud.cnpgc.embrapa.br\/clipping\/files\/2015\/07\/RevistaDBO-421_GenomicaAnimal.pdf\">Na gen\u00f4mica \u00e9 preciso compartilhar<\/a><\/li>\n<li>Revista DBO 421 &#8211;&nbsp;<a href=\"http:\/\/cloud.cnpgc.embrapa.br\/clipping\/files\/2015\/07\/RevistaDBO-421_ICVBPA.pdf\">ICV\/BPA<\/a><\/li>\n<li>Revista DBO 421 &#8211;&nbsp;<a href=\"http:\/\/cloud.cnpgc.embrapa.br\/clipping\/files\/2015\/07\/RevistaDBO-421_NovilhoPrecoce.pdf\">Nota Reestrutura\u00e7\u00e3o Programa Novilho Precoce<\/a><\/li>\n<li>Revista DBO 421 &#8211;&nbsp;<a href=\"http:\/\/cloud.cnpgc.embrapa.br\/clipping\/files\/2015\/07\/RevistaDBO-421_Paiaguas_CacildaValle.pdf\">Paiagu\u00e1s tem maior toler\u00e2ncia \u00e0 seca<\/a>&nbsp;(Cacilda Valle)<\/li>\n<li>Revista Pecu\u00e1ria Brasil &#8211;&nbsp;<a href=\"http:\/\/cloud.cnpgc.embrapa.br\/clipping\/files\/2015\/07\/RevistaPecuariaBrasil_PecuariaPrecisao_PedroPaulo.pdf\">Tecnologia no campo<\/a>&nbsp;(Pedro Paulo)<\/li>\n<li>09\/11 Correio do Estado &#8211;&nbsp;<a href=\"http:\/\/cloud.cnpgc.embrapa.br\/clipping\/files\/2015\/07\/CorreiodoEstado_0911_ArtigoRodrigoGomes_NovilhoPrecoce.pdf\">Artigo &#8220;Novilho, o desafio da qualidade&#8221;<\/a>, por Rodrigo Gomes<\/li>\n<li>16\/11 Correio do Estado &#8211;&nbsp;<a href=\"http:\/\/cloud.cnpgc.embrapa.br\/clipping\/files\/2015\/07\/CorreiodoEstado_1611_ArtigoGilbertoMenezesRobertoTorres_Cruzamentos.pdf\">Artigo &#8220;Um bom cruzamento passa pela sele\u00e7\u00e3o&#8221;<\/a>, por Gilberto Menezes e Roberto Torres Jr.<\/li>\n<li>30\/11 Jornal A Gazeta &#8211;&nbsp;<a href=\"http:\/\/cloud.cnpgc.embrapa.br\/clipping\/files\/2015\/07\/AGazetaCuiaba_SelecaoAnimal_GilbertoMenezes.pdf\">Artigo &#8220;Um bom cruzamento passa pela sele\u00e7\u00e3o&#8221;<\/a>,&nbsp;por Gilberto Menezes e Roberto Torres Jr.<\/li>\n<\/ul>\n<p><em>Dezembro<\/em><\/p>\n<ul>\n<li>14\/12 Correio do Estado &#8211;&nbsp;<a href=\"http:\/\/cloud.cnpgc.embrapa.br\/clipping\/files\/2015\/07\/CorreiodoEstado_1412_PraticaRecuperarSolo_Macedo.pdf\">Melhor pr\u00e1tica para recuperar solo<\/a>&nbsp;(Manuel Macedo)<\/li>\n<li>21\/12 Correio do Estado &#8211;&nbsp;<a href=\"http:\/\/cloud.cnpgc.embrapa.br\/clipping\/files\/2015\/07\/CorreiodoEstado_2112_PastagemPlantio_HaroldoQueirozValeriaEuclides.pdf\">\u00c9 hora de formar pasto e plantio deve ser feito at\u00e9 dia 15<\/a>&nbsp;(Haroldo Queiroz e Val\u00e9ria Pacheco)<\/li>\n<li>Folha de Fazendeiro &#8211;&nbsp;<a href=\"http:\/\/cloud.cnpgc.embrapa.br\/clipping\/files\/2015\/07\/FolhaFazendeiro_EmissaoGasesProgramaABC_HaroldoQueirozManuelMacedo.pdf\">Brasil tem tecnologia para reduzir emiss\u00f5es al\u00e9m da meta do Plano ABC<\/a>&nbsp;(Haroldo Queiroz e Manuel Macedo)<\/li>\n<li>Jornal Agroin &#8211;&nbsp;<a href=\"http:\/\/cloud.cnpgc.embrapa.br\/clipping\/files\/2015\/07\/JornalAgroin_FormacaoPastagem_HaroldoQueirozValeriaPacheco.pdf\">Embrapa: etapas para formar bem uma pastagem<\/a>&nbsp;(Haroldo Queiroz e Val\u00e9ria Pacheco)<\/li>\n<li>Revista Balde Branco 614 &#8211;&nbsp;<a href=\"http:\/\/cloud.cnpgc.embrapa.br\/clipping\/files\/2015\/07\/RevistaBaldeBranco-614_Salmineral_SergioRaposo.pdf\">Sal mineral &#8211; para bovinos o ano todo<\/a>&nbsp;(S\u00e9rgio Raposo)<\/li>\n<li>Revista DBO 422 &#8211;&nbsp;<a href=\"http:\/\/cloud.cnpgc.embrapa.br\/clipping\/files\/2015\/07\/RevistaDBO-422_DoencaBezerros_PaulaMiranda.pdf\">Contra &#8216;curso negro&#8217;, higiene<\/a>&nbsp;(Paula Miranda)<\/li>\n<li>Revista DBO 422 &#8211;&nbsp;<a href=\"http:\/\/cloud.cnpgc.embrapa.br\/clipping\/files\/2015\/07\/RevistaDBO-422_ProvaDesempenhoCanchim.pdf\">Termina a prova de desempenho\/Canchim<\/a>&nbsp;(Embrapa &#8211; Geneplus)<\/li>\n<li>Revista Nacional da Carne &#8211;&nbsp;<a href=\"http:\/\/cloud.cnpgc.embrapa.br\/clipping\/files\/2015\/07\/RevistaNacionaldaCarne_Retrospectiva_Malafaia.pdf\">Retrospectiva 2015<\/a>&nbsp;(Guilherme Malafaia)<\/li>\n<li>28\/12 Correio do Estado &#8211;&nbsp;<a href=\"http:\/\/cloud.cnpgc.embrapa.br\/clipping\/files\/2015\/07\/CorreiodoEstado_2812_ArtigoCodigoFlorestal_RodineyMauro.pdf\">Artigo &#8220;Implica\u00e7\u00f5es do C\u00f3digo na pecu\u00e1ria&#8221;<\/a>, por Rodiney Mauro<\/li>\n<\/ul>\n<p>&nbsp;<\/p>\n<hr>\n<p>&nbsp;<\/p>\n<p><strong>On-line<\/strong><\/p>\n<ul>\n<li><a href=\"http:\/\/cloud.cnpgc.embrapa.br\/clipping\/files\/2015\/07\/Julho2015.pdf\">Julho<\/a><\/li>\n<li><a href=\"http:\/\/cloud.cnpgc.embrapa.br\/clipping\/files\/2015\/07\/Agosto2015_web.pdf\">Agosto<\/a><\/li>\n<li><a href=\"http:\/\/cloud.cnpgc.embrapa.br\/clipping\/files\/2015\/07\/Setembro2015_web.pdf\">Setembro<\/a><\/li>\n<li><a href=\"http:\/\/cloud.cnpgc.embrapa.br\/clipping\/files\/2015\/07\/Outubro2015.pdf\">Outubro<\/a><\/li>\n<li><a href=\"http:\/\/cloud.cnpgc.embrapa.br\/clipping\/files\/2015\/07\/Novembro2015_web.pdf\">Novembro<\/a><\/li>\n<li><a href=\"http:\/\/cloud.cnpgc.embrapa.br\/clipping\/files\/2015\/07\/Dezembro2015_web.pdf\">Dezembro<\/a><\/li>\n<\/ul>\n<p>&nbsp;<\/p>\n<hr>\n<p>&nbsp;<\/p>\n<p><strong>Multim\u00eddia<\/strong><\/p>\n<ul>\n<li><a href=\"http:\/\/cloud.cnpgc.embrapa.br\/clipping\/files\/2015\/08\/Jul_Dez2015.pdf\">Julho<\/a><\/li>\n<li><a href=\"http:\/\/cloud.cnpgc.embrapa.br\/clipping\/files\/2015\/07\/Agosto2015.pdf\">Agosto<\/a><\/li>\n<li><a href=\"http:\/\/cloud.cnpgc.embrapa.br\/clipping\/files\/2015\/07\/Setembro2015_Multi.pdf\">Setembro<\/a><\/li>\n<li><a href=\"http:\/\/cloud.cnpgc.embrapa.br\/clipping\/files\/2015\/07\/Outubro20151.pdf\">Outubro<\/a><\/li>\n<li><a href=\"http:\/\/cloud.cnpgc.embrapa.br\/clipping\/files\/2015\/07\/Novembro2015_Multi.pdf\">Novembro<\/a><\/li>\n<li><a href=\"http:\/\/cloud.cnpgc.embrapa.br\/clipping\/files\/2015\/07\/Dezembro2015_Multi.pdf\">Dezembro<\/a><\/li>\n<\/ul>\n<p>&nbsp;<\/p>\n<hr>\n<p><a href=\"http:\/\/cloud.cnpgc.embrapa.br\/clipping\/files\/2015\/07\/EstatisticaJulhoDezembro2015.pdf\">Estat\u00edsticas Julho a Dezembro<\/a><\/p>\n<ul>\n<li>394 cita\u00e7\u00f5es registradas &#8211; impresso, internet, tv, r\u00e1dio e multim\u00eddia &#8211; entre julho e dezembro de 2015.<\/li>\n<li>Artigos de divulga\u00e7\u00e3o na m\u00eddia (ADM) n\u00e3o s\u00e3o inclu\u00eddos na parcial, s\u00e3o contabilizados no Ainfo.<\/li>\n<\/ul>\n<p style=\"text-align: right\">(\u00faltima atualiza\u00e7\u00e3o 05\/01\/2016)<\/p>\n","protected":false},"excerpt":{"rendered":"<p>Impresso Julho 5\/7 Correio do Estado &#8211; Curso de Melhoramento Embrapa &#8211; Geneplus&nbsp;(Antonio Rosa e Tha\u00eds Basso) 13\/7 Correio do Estado &#8211;&nbsp;Problemas com mosca-dos-est\u00e1bulos&nbsp;(Paulo Can\u00e7ado) 13\/7 Correio do Estado &#8211; Resultados da prova do Senepol&nbsp;(Gilberto Menezes) 20\/7 Correio do Estado &#8211;&nbsp;Problemas com mosca-dos-est\u00e1bulos 2 &nbsp;(Paulo Can\u00e7ado) 27\/7 Jornal O Estado MS &#8211;&nbsp;Entrevista &#8211; rela\u00e7\u00e3o produtores, &hellip; <a href=\"https:\/\/cloud.cnpgc.embrapa.br\/clipping\/2015-2\/julho-dezembro\/\" class=\"more-link\">Continuar lendo <span class=\"screen-reader-text\">Julho &#8211; Dezembro (2015)<\/span><\/a><\/p>\n","protected":false},"author":30,"featured_media":0,"parent":31,"menu_order":0,"comment_status":"closed","ping_status":"open","template":"","meta":{"_exactmetrics_skip_tracking":false,"_exactmetrics_sitenote_active":false,"_exactmetrics_sitenote_note":"","_exactmetrics_sitenote_category":0,"footnotes":""},"class_list":["post-354","page","type-page","status-publish","hentry"],"_links":{"self":[{"href":"https:\/\/cloud.cnpgc.embrapa.br\/clipping\/wp-json\/wp\/v2\/pages\/354","targetHints":{"allow":["GET"]}}],"collection":[{"href":"https:\/\/cloud.cnpgc.embrapa.br\/clipping\/wp-json\/wp\/v2\/pages"}],"about":[{"href":"https:\/\/cloud.cnpgc.embrapa.br\/clipping\/wp-json\/wp\/v2\/types\/page"}],"author":[{"embeddable":true,"href":"https:\/\/cloud.cnpgc.embrapa.br\/clipping\/wp-json\/wp\/v2\/users\/30"}],"replies":[{"embeddable":true,"href":"https:\/\/cloud.cnpgc.embrapa.br\/clipping\/wp-json\/wp\/v2\/comments?post=354"}],"version-history":[{"count":43,"href":"https:\/\/cloud.cnpgc.embrapa.br\/clipping\/wp-json\/wp\/v2\/pages\/354\/revisions"}],"predecessor-version":[{"id":1648,"href":"https:\/\/cloud.cnpgc.embrapa.br\/clipping\/wp-json\/wp\/v2\/pages\/354\/revisions\/1648"}],"up":[{"embeddable":true,"href":"https:\/\/cloud.cnpgc.embrapa.br\/clipping\/wp-json\/wp\/v2\/pages\/31"}],"wp:attachment":[{"href":"https:\/\/cloud.cnpgc.embrapa.br\/clipping\/wp-json\/wp\/v2\/media?parent=354"}],"curies":[{"name":"wp","href":"https:\/\/api.w.org\/{rel}","templated":true}]}}