{"id":383,"date":"2015-08-03T20:00:24","date_gmt":"2015-08-03T20:00:24","guid":{"rendered":"http:\/\/cloud.cnpgc.embrapa.br\/clipping\/?page_id=383"},"modified":"2023-07-27T20:07:09","modified_gmt":"2023-07-27T20:07:09","slug":"500p500r-gado-de-corte","status":"publish","type":"page","link":"https:\/\/cloud.cnpgc.embrapa.br\/clipping\/500p500r-gado-de-corte\/","title":{"rendered":"500P500R &#8211; Gado de Corte"},"content":{"rendered":"<p>Entre setembro de 2012 a abril de 2015, o jornal Correio do Estado (Mato Grosso do Sul) publicou em seu Caderno Rural, \u00e0s segundas-feiras, a s\u00e9rie 500 Perguntas 500 Respostas &#8211; Gado de Corte, baseada na publica\u00e7\u00e3o da Embrapa de mesmo nome, em sua 2a edi\u00e7\u00e3o revista e ampliada (2011). C\u00f3pias dos exemplares est\u00e3o relacionadas abaixo, assim como, acesso \u00e0 obra.<\/p>\n<ol>\n<li><a href=\"http:\/\/cloud.cnpgc.embrapa.br\/clipping\/fase-de-cria\/\">Fase de Cria<\/a><\/li>\n<li><a href=\"http:\/\/cloud.cnpgc.embrapa.br\/clipping\/500p500r-gado-de-corte\/recria-e-engorda\/\">Recria e Engorda<\/a><\/li>\n<li><a href=\"http:\/\/cloud.cnpgc.embrapa.br\/clipping\/pastagem\/\">Pastagem<\/a><\/li>\n<li><a href=\"http:\/\/cloud.cnpgc.embrapa.br\/clipping\/nutricao\/\">Nutri\u00e7\u00e3o Animal<\/a><\/li>\n<li><a href=\"http:\/\/cloud.cnpgc.embrapa.br\/clipping\/500p500r-gado-de-corte\/sanidade\/\">Sanidade Animal<\/a><\/li>\n<li><a href=\"http:\/\/cloud.cnpgc.embrapa.br\/clipping\/500p500r-gado-de-corte\/melhoramento-animal\/\">Melhoramento Animal<\/a><\/li>\n<li><a href=\"http:\/\/cloud.cnpgc.embrapa.br\/clipping\/500p500r-gado-de-corte\/gestao-rural-e-meio-ambiente\/\">Gest\u00e3o Rural e&nbsp;Meio Ambiente<\/a><\/li>\n<\/ol>\n<p><a href=\"http:\/\/mais500p500r.sct.embrapa.br\/view\/pdfs\/90000017-ebook-pdf.pdf\" target=\"_blank\" rel=\"noopener\"><img fetchpriority=\"high\" decoding=\"async\" class=\"aligncenter size-medium wp-image-550\" src=\"http:\/\/cloud.cnpgc.embrapa.br\/clipping\/files\/2015\/08\/90000017-capa-200x300.jpg\" alt=\"90000017-capa\" width=\"200\" height=\"300\"><\/a><\/p>\n","protected":false},"excerpt":{"rendered":"<p>Entre setembro de 2012 a abril de 2015, o jornal Correio do Estado (Mato Grosso do Sul) publicou em seu Caderno Rural, \u00e0s segundas-feiras, a s\u00e9rie 500 Perguntas 500 Respostas &#8211; Gado de Corte, baseada na publica\u00e7\u00e3o da Embrapa de mesmo nome, em sua 2a edi\u00e7\u00e3o revista e ampliada (2011). C\u00f3pias dos exemplares est\u00e3o relacionadas &hellip; <a href=\"https:\/\/cloud.cnpgc.embrapa.br\/clipping\/500p500r-gado-de-corte\/\" class=\"more-link\">Continuar lendo <span class=\"screen-reader-text\">500P500R &#8211; Gado de Corte<\/span><\/a><\/p>\n","protected":false},"author":30,"featured_media":0,"parent":0,"menu_order":0,"comment_status":"closed","ping_status":"open","template":"","meta":{"_exactmetrics_skip_tracking":false,"_exactmetrics_sitenote_active":false,"_exactmetrics_sitenote_note":"","_exactmetrics_sitenote_category":0,"footnotes":""},"class_list":["post-383","page","type-page","status-publish","hentry"],"_links":{"self":[{"href":"https:\/\/cloud.cnpgc.embrapa.br\/clipping\/wp-json\/wp\/v2\/pages\/383","targetHints":{"allow":["GET"]}}],"collection":[{"href":"https:\/\/cloud.cnpgc.embrapa.br\/clipping\/wp-json\/wp\/v2\/pages"}],"about":[{"href":"https:\/\/cloud.cnpgc.embrapa.br\/clipping\/wp-json\/wp\/v2\/types\/page"}],"author":[{"embeddable":true,"href":"https:\/\/cloud.cnpgc.embrapa.br\/clipping\/wp-json\/wp\/v2\/users\/30"}],"replies":[{"embeddable":true,"href":"https:\/\/cloud.cnpgc.embrapa.br\/clipping\/wp-json\/wp\/v2\/comments?post=383"}],"version-history":[{"count":22,"href":"https:\/\/cloud.cnpgc.embrapa.br\/clipping\/wp-json\/wp\/v2\/pages\/383\/revisions"}],"predecessor-version":[{"id":1650,"href":"https:\/\/cloud.cnpgc.embrapa.br\/clipping\/wp-json\/wp\/v2\/pages\/383\/revisions\/1650"}],"wp:attachment":[{"href":"https:\/\/cloud.cnpgc.embrapa.br\/clipping\/wp-json\/wp\/v2\/media?parent=383"}],"curies":[{"name":"wp","href":"https:\/\/api.w.org\/{rel}","templated":true}]}}