{"id":388,"date":"2015-08-03T20:16:03","date_gmt":"2015-08-03T20:16:03","guid":{"rendered":"http:\/\/cloud.cnpgc.embrapa.br\/clipping\/?page_id=388"},"modified":"2023-07-27T20:07:24","modified_gmt":"2023-07-27T20:07:24","slug":"fase-de-cria","status":"publish","type":"page","link":"https:\/\/cloud.cnpgc.embrapa.br\/clipping\/500p500r-gado-de-corte\/fase-de-cria\/","title":{"rendered":"Fase de Cria"},"content":{"rendered":"<p>&nbsp;<\/p>\n<ul>\n<li><a href=\"http:\/\/cloud.cnpgc.embrapa.br\/clipping\/files\/2015\/08\/01042013_DicasCria_Reproducao1.pdf\">Dicas iniciais para cria<\/a><\/li>\n<li><a href=\"http:\/\/cloud.cnpgc.embrapa.br\/clipping\/files\/2015\/08\/08042013_EstacaoMonta_Reproducao2.pdf\">Crit\u00e9rios para a esta\u00e7\u00e3o de monta<\/a><\/li>\n<li><a href=\"http:\/\/cloud.cnpgc.embrapa.br\/clipping\/files\/2015\/08\/24092012_AvaliacaoNovilhasReproducao.pdf\">Avalia\u00e7\u00e3o de Novilhas<\/a><\/li>\n<li><a href=\"http:\/\/cloud.cnpgc.embrapa.br\/clipping\/files\/2015\/08\/17122012_CompraTouros.pdf\">Compra de touros<\/a><\/li>\n<li><a href=\"http:\/\/cloud.cnpgc.embrapa.br\/clipping\/files\/2015\/08\/15102012_QuedaFertilidadeTouros.pdf\">Fertilidade em touros<\/a><\/li>\n<li><a href=\"http:\/\/cloud.cnpgc.embrapa.br\/clipping\/files\/2015\/08\/22102012_IATFouMontaNatural.pdf\">IATF ou monta natural<\/a><\/li>\n<li><a href=\"http:\/\/cloud.cnpgc.embrapa.br\/clipping\/files\/2015\/08\/15042013_IA_Reproducao3.pdf\">A hora de inseminar<\/a><\/li>\n<li><a href=\"http:\/\/cloud.cnpgc.embrapa.br\/clipping\/files\/2015\/08\/22042013_IARufiao_Reproducao4.pdf\">IA e rufi\u00e3o<\/a><\/li>\n<li><a href=\"http:\/\/cloud.cnpgc.embrapa.br\/clipping\/files\/2015\/08\/29042013_DescarteSelecaoNovilhas_Reproducao5.pdf\">Descarte e sele\u00e7\u00e3o de novilhas<\/a><\/li>\n<li><a href=\"http:\/\/cloud.cnpgc.embrapa.br\/clipping\/files\/2015\/08\/20052013_CuidadosBezerros_Reproducao8.pdf\">Cuidados com bezerros<\/a><\/li>\n<li><a href=\"http:\/\/cloud.cnpgc.embrapa.br\/clipping\/files\/2015\/08\/13052013_NutricaoBezerros_Reproducao7.pdf\">Nutri\u00e7\u00e3o de Bezerros<\/a><\/li>\n<li><a href=\"http:\/\/cloud.cnpgc.embrapa.br\/clipping\/files\/2015\/08\/20052013_CuidadosBezerros_Reproducao8.pdf\">Desmama de bezerros<\/a><\/li>\n<li><a href=\"http:\/\/cloud.cnpgc.embrapa.br\/clipping\/files\/2015\/08\/27052013_Desmama_Reproducao9.pdf\">Estresses da desmama<\/a><\/li>\n<li><a href=\"http:\/\/cloud.cnpgc.embrapa.br\/clipping\/files\/2015\/08\/20102014_Paricao_Reproducao.pdf\">Pari\u00e7\u00e3o e outros problemas<\/a><\/li>\n<li><a href=\"http:\/\/cloud.cnpgc.embrapa.br\/clipping\/files\/2015\/08\/27102014_Males_Reproducao.pdf\">Males da reprodu\u00e7\u00e3o<\/a><\/li>\n<\/ul>\n","protected":false},"excerpt":{"rendered":"<p>&nbsp; Dicas iniciais para cria Crit\u00e9rios para a esta\u00e7\u00e3o de monta Avalia\u00e7\u00e3o de Novilhas Compra de touros Fertilidade em touros IATF ou monta natural A hora de inseminar IA e rufi\u00e3o Descarte e sele\u00e7\u00e3o de novilhas Cuidados com bezerros Nutri\u00e7\u00e3o de Bezerros Desmama de bezerros Estresses da desmama Pari\u00e7\u00e3o e outros problemas Males da reprodu\u00e7\u00e3o<\/p>\n","protected":false},"author":30,"featured_media":0,"parent":383,"menu_order":0,"comment_status":"closed","ping_status":"open","template":"","meta":{"_exactmetrics_skip_tracking":false,"_exactmetrics_sitenote_active":false,"_exactmetrics_sitenote_note":"","_exactmetrics_sitenote_category":0,"footnotes":""},"class_list":["post-388","page","type-page","status-publish","hentry"],"_links":{"self":[{"href":"https:\/\/cloud.cnpgc.embrapa.br\/clipping\/wp-json\/wp\/v2\/pages\/388","targetHints":{"allow":["GET"]}}],"collection":[{"href":"https:\/\/cloud.cnpgc.embrapa.br\/clipping\/wp-json\/wp\/v2\/pages"}],"about":[{"href":"https:\/\/cloud.cnpgc.embrapa.br\/clipping\/wp-json\/wp\/v2\/types\/page"}],"author":[{"embeddable":true,"href":"https:\/\/cloud.cnpgc.embrapa.br\/clipping\/wp-json\/wp\/v2\/users\/30"}],"replies":[{"embeddable":true,"href":"https:\/\/cloud.cnpgc.embrapa.br\/clipping\/wp-json\/wp\/v2\/comments?post=388"}],"version-history":[{"count":5,"href":"https:\/\/cloud.cnpgc.embrapa.br\/clipping\/wp-json\/wp\/v2\/pages\/388\/revisions"}],"predecessor-version":[{"id":547,"href":"https:\/\/cloud.cnpgc.embrapa.br\/clipping\/wp-json\/wp\/v2\/pages\/388\/revisions\/547"}],"up":[{"embeddable":true,"href":"https:\/\/cloud.cnpgc.embrapa.br\/clipping\/wp-json\/wp\/v2\/pages\/383"}],"wp:attachment":[{"href":"https:\/\/cloud.cnpgc.embrapa.br\/clipping\/wp-json\/wp\/v2\/media?parent=388"}],"curies":[{"name":"wp","href":"https:\/\/api.w.org\/{rel}","templated":true}]}}