{"id":415,"date":"2015-08-04T18:11:27","date_gmt":"2015-08-04T18:11:27","guid":{"rendered":"http:\/\/cloud.cnpgc.embrapa.br\/clipping\/?page_id=415"},"modified":"2023-07-28T17:31:51","modified_gmt":"2023-07-28T17:31:51","slug":"recria-e-engorda","status":"publish","type":"page","link":"https:\/\/cloud.cnpgc.embrapa.br\/clipping\/500p500r-gado-de-corte\/recria-e-engorda\/","title":{"rendered":"Recria e Engorda"},"content":{"rendered":"<p>&nbsp;<\/p>\n<ul>\n<li><a href=\"http:\/\/cloud.cnpgc.embrapa.br\/clipping\/files\/2015\/08\/03062013_Nutricao_Recria1.pdf\">Import\u00e2ncia de nutri\u00e7\u00e3o<\/a><\/li>\n<li><a href=\"http:\/\/cloud.cnpgc.embrapa.br\/clipping\/files\/2015\/08\/10062013_EstacaoMonta_Recria2.pdf\">Esta\u00e7\u00e3o de monta<\/a><\/li>\n<li><a href=\"http:\/\/cloud.cnpgc.embrapa.br\/clipping\/files\/2015\/08\/17062013_Suplementacao_Recria3.pdf\">Cuidados com bezerros e castra\u00e7\u00e3o<\/a><\/li>\n<li><a href=\"http:\/\/cloud.cnpgc.embrapa.br\/clipping\/files\/2015\/08\/24062013_CrescimentoNovilhos_Recria4.pdf\">Cuidados no crescimento de novilhos<\/a><\/li>\n<li><a href=\"http:\/\/cloud.cnpgc.embrapa.br\/clipping\/files\/2015\/08\/01072013_Suplementacao_Recria5.pdf\">Suplementa\u00e7\u00e3o alimentar<\/a><\/li>\n<li><a href=\"http:\/\/cloud.cnpgc.embrapa.br\/clipping\/files\/2015\/08\/09092013_ConsorcioLeguminosas_Pastagem3.pdf\">Capins e cons\u00f3rcios<\/a><\/li>\n<li><a href=\"http:\/\/cloud.cnpgc.embrapa.br\/clipping\/files\/2015\/08\/08072013_TipificacaoCarcaca_Recria6.pdf\">Tipifica\u00e7\u00e3o de carca\u00e7a<\/a><\/li>\n<li><a href=\"http:\/\/cloud.cnpgc.embrapa.br\/clipping\/files\/2015\/08\/15072013_TipificacaoCarcaca_Recria7.pdf\">Tipifica\u00e7\u00e3o de carca\u00e7a 2<\/a><\/li>\n<li><a href=\"http:\/\/cloud.cnpgc.embrapa.br\/clipping\/files\/2015\/08\/22072013_EngordaMachos_Recria8.pdf\">Segredos para engorda de machos<\/a><\/li>\n<li><a href=\"http:\/\/cloud.cnpgc.embrapa.br\/clipping\/files\/2015\/08\/29072013_Confinamento_Recria9.pdf\">Confinamento<\/a><\/li>\n<li><a href=\"http:\/\/cloud.cnpgc.embrapa.br\/clipping\/files\/2015\/08\/05082013_Terminacao_Recria10.pdf\">Termina\u00e7\u00e3o em confinamento<\/a><\/li>\n<li><a href=\"http:\/\/cloud.cnpgc.embrapa.br\/clipping\/files\/2015\/08\/12082013_Volumoso_Recria11.pdf\">Dieta na engorda<\/a><\/li>\n<li><a href=\"http:\/\/cloud.cnpgc.embrapa.br\/clipping\/files\/2015\/08\/18082013_AnimaisConfinamento_Recria12.pdf\">Animais para confinamento<\/a><\/li>\n<\/ul>\n","protected":false},"excerpt":{"rendered":"<p>&nbsp; Import\u00e2ncia de nutri\u00e7\u00e3o Esta\u00e7\u00e3o de monta Cuidados com bezerros e castra\u00e7\u00e3o Cuidados no crescimento de novilhos Suplementa\u00e7\u00e3o alimentar Capins e cons\u00f3rcios Tipifica\u00e7\u00e3o de carca\u00e7a Tipifica\u00e7\u00e3o de carca\u00e7a 2 Segredos para engorda de machos Confinamento Termina\u00e7\u00e3o em confinamento Dieta na engorda Animais para confinamento<\/p>\n","protected":false},"author":30,"featured_media":0,"parent":383,"menu_order":0,"comment_status":"closed","ping_status":"open","template":"","meta":{"_exactmetrics_skip_tracking":false,"_exactmetrics_sitenote_active":false,"_exactmetrics_sitenote_note":"","_exactmetrics_sitenote_category":0,"footnotes":""},"class_list":["post-415","page","type-page","status-publish","hentry"],"_links":{"self":[{"href":"https:\/\/cloud.cnpgc.embrapa.br\/clipping\/wp-json\/wp\/v2\/pages\/415","targetHints":{"allow":["GET"]}}],"collection":[{"href":"https:\/\/cloud.cnpgc.embrapa.br\/clipping\/wp-json\/wp\/v2\/pages"}],"about":[{"href":"https:\/\/cloud.cnpgc.embrapa.br\/clipping\/wp-json\/wp\/v2\/types\/page"}],"author":[{"embeddable":true,"href":"https:\/\/cloud.cnpgc.embrapa.br\/clipping\/wp-json\/wp\/v2\/users\/30"}],"replies":[{"embeddable":true,"href":"https:\/\/cloud.cnpgc.embrapa.br\/clipping\/wp-json\/wp\/v2\/comments?post=415"}],"version-history":[{"count":4,"href":"https:\/\/cloud.cnpgc.embrapa.br\/clipping\/wp-json\/wp\/v2\/pages\/415\/revisions"}],"predecessor-version":[{"id":543,"href":"https:\/\/cloud.cnpgc.embrapa.br\/clipping\/wp-json\/wp\/v2\/pages\/415\/revisions\/543"}],"up":[{"embeddable":true,"href":"https:\/\/cloud.cnpgc.embrapa.br\/clipping\/wp-json\/wp\/v2\/pages\/383"}],"wp:attachment":[{"href":"https:\/\/cloud.cnpgc.embrapa.br\/clipping\/wp-json\/wp\/v2\/media?parent=415"}],"curies":[{"name":"wp","href":"https:\/\/api.w.org\/{rel}","templated":true}]}}