{"id":430,"date":"2015-08-04T18:13:09","date_gmt":"2015-08-04T18:13:09","guid":{"rendered":"http:\/\/cloud.cnpgc.embrapa.br\/clipping\/?page_id=430"},"modified":"2023-07-27T20:08:31","modified_gmt":"2023-07-27T20:08:31","slug":"pastagem","status":"publish","type":"page","link":"https:\/\/cloud.cnpgc.embrapa.br\/clipping\/500p500r-gado-de-corte\/pastagem\/","title":{"rendered":"Pastagem"},"content":{"rendered":"<p>&nbsp;<\/p>\n<ul>\n<li><a href=\"http:\/\/cloud.cnpgc.embrapa.br\/clipping\/files\/2015\/08\/17092012_Abertura1.pdf\">Forragem o ano inteiro<\/a><\/li>\n<li><a href=\"http:\/\/cloud.cnpgc.embrapa.br\/clipping\/files\/2015\/08\/01102012_DiversificarPastosCerrado.pdf\">Diversificar pastos no Cerrado<\/a><\/li>\n<li><a href=\"http:\/\/cloud.cnpgc.embrapa.br\/clipping\/files\/2015\/08\/26082013_MelhoresPastos_Pastagem1.pdf\">Escolha de pastagem <\/a><\/li>\n<li><a href=\"http:\/\/cloud.cnpgc.embrapa.br\/clipping\/files\/2015\/08\/02092013_ForragemAnoInteiro_Pastagem2.pdf\">Capins resistentes<\/a><\/li>\n<li><a href=\"http:\/\/cloud.cnpgc.embrapa.br\/clipping\/files\/2015\/08\/07012013_Recuperacao_Pastagem3.pdf\">Recupera\u00e7\u00e3o de pastagem 1<\/a><\/li>\n<li><a href=\"http:\/\/cloud.cnpgc.embrapa.br\/clipping\/files\/2015\/08\/24122012_Recuperacao_Pastagem1.pdf\">Recupera\u00e7\u00e3o de pastagem 2<\/a><\/li>\n<li><a href=\"http:\/\/cloud.cnpgc.embrapa.br\/clipping\/files\/2015\/08\/31122012_Recuperacao_Pastagem2.pdf\">Recupera\u00e7\u00e3o de pastagem 3<\/a><\/li>\n<li><a href=\"http:\/\/cloud.cnpgc.embrapa.br\/clipping\/files\/2015\/08\/23092013_CapinsEquideos_Pastagem5.pdf\">Capins nos equ\u00eddeos<\/a><\/li>\n<li><a href=\"http:\/\/cloud.cnpgc.embrapa.br\/clipping\/files\/2015\/08\/30092013_Sementes_Pastagem6.pdf\">Sementes<\/a><\/li>\n<li><a href=\"http:\/\/cloud.cnpgc.embrapa.br\/clipping\/files\/2015\/08\/07102013_Solos_Pastagem7.pdf\">Plantio de pastagem\/solo<\/a><\/li>\n<li><a href=\"http:\/\/cloud.cnpgc.embrapa.br\/clipping\/files\/2015\/08\/21102013_SolosCerrado_Pastagem9.pdf\">Solos do Cerrado<\/a><\/li>\n<li><a href=\"http:\/\/cloud.cnpgc.embrapa.br\/clipping\/files\/2015\/08\/28102013_PastoIndicado_Pastagem10.pdf\">Caracter\u00edsticas dos capins<\/a><\/li>\n<li><a href=\"http:\/\/cloud.cnpgc.embrapa.br\/clipping\/files\/2015\/08\/04112013_SistemasPastejo_Pastagem11.pdf\">Sistemas de pastejo e<\/a><a style=\"line-height: 1.5\" href=\"http:\/\/cloud.cnpgc.embrapa.br\/clipping\/files\/2015\/08\/04112013_SistemasPastejo_Pastagem11.pdf\">&nbsp;cons\u00f3rcios<\/a><\/li>\n<li><a href=\"http:\/\/cloud.cnpgc.embrapa.br\/clipping\/files\/2015\/08\/16092013_ConsorcioLeguminosas_Pastagem4.pdf\">Cons\u00f3rcio com leguminosas<\/a><\/li>\n<li><a href=\"http:\/\/cloud.cnpgc.embrapa.br\/clipping\/files\/2015\/08\/25112013_ConsorciosEstilosantes_Pastagem14.pdf\">25112013_ConsorciosEstilosantes_Pastagem14<\/a><\/li>\n<li><a href=\"http:\/\/cloud.cnpgc.embrapa.br\/clipping\/files\/2015\/08\/11112013_EstilosantesMineirao_Pastagem12.pdf\">Cons\u00f3rcio com leguminosas\/Estilosantes Mineir\u00e3o<\/a><\/li>\n<li><a href=\"http:\/\/cloud.cnpgc.embrapa.br\/clipping\/files\/2015\/08\/18112013_EstilosantesMineirao_Pastagem13.pdf\">Cons\u00f3rcio com leguminosas\/Estilosantes Mineir\u00e3o 2<\/a><\/li>\n<li><a href=\"http:\/\/cloud.cnpgc.embrapa.br\/clipping\/files\/2015\/08\/09122013_ManejoBraquiarias_Pastagem15.pdf\">Manejo de braqui\u00e1rias<\/a><\/li>\n<li><a href=\"http:\/\/cloud.cnpgc.embrapa.br\/clipping\/files\/2015\/08\/16122013_SegredosManejo_Pastagem16.pdf\">Segredos para manejo<\/a><\/li>\n<li><a href=\"http:\/\/cloud.cnpgc.embrapa.br\/clipping\/files\/2015\/08\/23122013_SistemasManejo_Pastagem17.pdf\">Sistemas de pastejo<\/a><\/li>\n<li><a href=\"http:\/\/cloud.cnpgc.embrapa.br\/clipping\/files\/2015\/08\/30122013_SuportePasto_Pastagem18.pdf\">Capacidade de suporte<\/a><\/li>\n<li><a href=\"http:\/\/cloud.cnpgc.embrapa.br\/clipping\/files\/2015\/08\/06012014_Divisao_Pastagem19.pdf\">Divis\u00e3o de pastagem<\/a><\/li>\n<li><a href=\"http:\/\/cloud.cnpgc.embrapa.br\/clipping\/files\/2015\/08\/13012014_VedacaoPasto_Pastagem20.pdf\">Veda\u00e7\u00e3o de pasto<\/a><\/li>\n<li><a href=\"http:\/\/cloud.cnpgc.embrapa.br\/clipping\/files\/2015\/08\/20012014_FenoemPe_Pastagem21.pdf\">Feno em p\u00e9<\/a><\/li>\n<li><a href=\"http:\/\/cloud.cnpgc.embrapa.br\/clipping\/files\/2015\/08\/27012014_Cigarrinhas_Pastagem22.pdf\">Cigarrinhas-das-pastagens<\/a><\/li>\n<li><a href=\"http:\/\/cloud.cnpgc.embrapa.br\/clipping\/files\/2015\/08\/03022014_CigarrinhasFogo_Pastagem23.pdf\">Cigarrinhas e fogo<\/a><\/li>\n<li><a href=\"http:\/\/cloud.cnpgc.embrapa.br\/clipping\/files\/2015\/08\/10022014_Cupim_Pastagem24.pdf\">Cupim-de-mont\u00edculo<\/a><\/li>\n<li><a href=\"http:\/\/cloud.cnpgc.embrapa.br\/clipping\/files\/2015\/08\/17022014_Lagartas_Pastagem251.pdf\">Lagartas de pastagem<\/a><\/li>\n<li><a href=\"http:\/\/cloud.cnpgc.embrapa.br\/clipping\/files\/2015\/08\/24022014_DanosPercevejocastanho_Pastagem25.pdf\">Danos com percevejo-castanho<\/a><\/li>\n<li><a href=\"http:\/\/cloud.cnpgc.embrapa.br\/clipping\/files\/2015\/08\/03032014_DegradacaoSolos_Pastagem26.pdf\">Degrada\u00e7\u00e3o dos solos<\/a><\/li>\n<li><a href=\"http:\/\/cloud.cnpgc.embrapa.br\/clipping\/files\/2015\/08\/10032014_AdubacaoCorrecao_Pastagem27.pdf\">Aduba\u00e7\u00e3o e corre\u00e7\u00e3o do solo<\/a><\/li>\n<li><a href=\"http:\/\/cloud.cnpgc.embrapa.br\/clipping\/files\/2015\/08\/17032014_InfosPastos_Pastagem28.pdf\">Informa\u00e7\u00f5es gerais sobre pastos<\/a><\/li>\n<\/ul>\n","protected":false},"excerpt":{"rendered":"<p>&nbsp; Forragem o ano inteiro Diversificar pastos no Cerrado Escolha de pastagem Capins resistentes Recupera\u00e7\u00e3o de pastagem 1 Recupera\u00e7\u00e3o de pastagem 2 Recupera\u00e7\u00e3o de pastagem 3 Capins nos equ\u00eddeos Sementes Plantio de pastagem\/solo Solos do Cerrado Caracter\u00edsticas dos capins Sistemas de pastejo e&nbsp;cons\u00f3rcios Cons\u00f3rcio com leguminosas 25112013_ConsorciosEstilosantes_Pastagem14 Cons\u00f3rcio com leguminosas\/Estilosantes Mineir\u00e3o Cons\u00f3rcio com leguminosas\/Estilosantes Mineir\u00e3o &hellip; <a href=\"https:\/\/cloud.cnpgc.embrapa.br\/clipping\/500p500r-gado-de-corte\/pastagem\/\" class=\"more-link\">Continuar lendo <span class=\"screen-reader-text\">Pastagem<\/span><\/a><\/p>\n","protected":false},"author":30,"featured_media":0,"parent":383,"menu_order":0,"comment_status":"closed","ping_status":"open","template":"","meta":{"_exactmetrics_skip_tracking":false,"_exactmetrics_sitenote_active":false,"_exactmetrics_sitenote_note":"","_exactmetrics_sitenote_category":0,"footnotes":""},"class_list":["post-430","page","type-page","status-publish","hentry"],"_links":{"self":[{"href":"https:\/\/cloud.cnpgc.embrapa.br\/clipping\/wp-json\/wp\/v2\/pages\/430","targetHints":{"allow":["GET"]}}],"collection":[{"href":"https:\/\/cloud.cnpgc.embrapa.br\/clipping\/wp-json\/wp\/v2\/pages"}],"about":[{"href":"https:\/\/cloud.cnpgc.embrapa.br\/clipping\/wp-json\/wp\/v2\/types\/page"}],"author":[{"embeddable":true,"href":"https:\/\/cloud.cnpgc.embrapa.br\/clipping\/wp-json\/wp\/v2\/users\/30"}],"replies":[{"embeddable":true,"href":"https:\/\/cloud.cnpgc.embrapa.br\/clipping\/wp-json\/wp\/v2\/comments?post=430"}],"version-history":[{"count":12,"href":"https:\/\/cloud.cnpgc.embrapa.br\/clipping\/wp-json\/wp\/v2\/pages\/430\/revisions"}],"predecessor-version":[{"id":1651,"href":"https:\/\/cloud.cnpgc.embrapa.br\/clipping\/wp-json\/wp\/v2\/pages\/430\/revisions\/1651"}],"up":[{"embeddable":true,"href":"https:\/\/cloud.cnpgc.embrapa.br\/clipping\/wp-json\/wp\/v2\/pages\/383"}],"wp:attachment":[{"href":"https:\/\/cloud.cnpgc.embrapa.br\/clipping\/wp-json\/wp\/v2\/media?parent=430"}],"curies":[{"name":"wp","href":"https:\/\/api.w.org\/{rel}","templated":true}]}}