{"id":481,"date":"2015-08-04T20:34:05","date_gmt":"2015-08-04T20:34:05","guid":{"rendered":"http:\/\/cloud.cnpgc.embrapa.br\/clipping\/?page_id=481"},"modified":"2023-07-27T20:08:18","modified_gmt":"2023-07-27T20:08:18","slug":"nutricao","status":"publish","type":"page","link":"https:\/\/cloud.cnpgc.embrapa.br\/clipping\/500p500r-gado-de-corte\/nutricao\/","title":{"rendered":"Nutri\u00e7\u00e3o"},"content":{"rendered":"<p>&nbsp;<\/p>\n<ul>\n<li><a href=\"http:\/\/cloud.cnpgc.embrapa.br\/clipping\/files\/2015\/08\/24032014_Segredos_Nutricao1.pdf\">Segredos da nutri\u00e7\u00e3o<\/a><\/li>\n<li><a href=\"http:\/\/cloud.cnpgc.embrapa.br\/clipping\/files\/2015\/08\/31032014_MateriaSecaSuplementacao_Nutricao2.pdf\">Mat\u00e9ria seca e suplementa\u00e7\u00e3o<\/a><\/li>\n<li><a href=\"http:\/\/cloud.cnpgc.embrapa.br\/clipping\/files\/2015\/08\/05112012_RestosAgricolas_Nutricao.pdf\">Restos agr\u00edcolas na alimenta\u00e7\u00e3o<\/a><\/li>\n<li><a href=\"http:\/\/cloud.cnpgc.embrapa.br\/clipping\/files\/2015\/08\/07072014_GadoBoiaBoa_Nutricao15.pdf\">Boa alimenta\u00e7\u00e3o <\/a><\/li>\n<li><a href=\"http:\/\/cloud.cnpgc.embrapa.br\/clipping\/files\/2015\/08\/07042014_UreiaSuplementar_Nutricao3.pdf\">Ureia 1<\/a><\/li>\n<li><a href=\"http:\/\/cloud.cnpgc.embrapa.br\/clipping\/files\/2015\/08\/14042014_DietaUreia_Nutricao4.pdf\">Ureia 2<\/a><\/li>\n<li><a href=\"http:\/\/cloud.cnpgc.embrapa.br\/clipping\/files\/2015\/08\/28042014_UreiaOutrosIngredientes_Nutricao5.pdf\">Ureia 3<\/a><\/li>\n<li><a href=\"http:\/\/cloud.cnpgc.embrapa.br\/clipping\/files\/2015\/08\/05052014_DicasSuplementacao_Nutricao6.pdf\">Dicas de suplementa\u00e7\u00e3o 1<\/a><\/li>\n<li><a href=\"http:\/\/cloud.cnpgc.embrapa.br\/clipping\/files\/2015\/08\/12052014__Dicas_Nutricao7.pdf\">Dicas de suplementa\u00e7\u00e3o 2<\/a><\/li>\n<li><a href=\"http:\/\/cloud.cnpgc.embrapa.br\/clipping\/files\/2015\/08\/19052014_NutricaoBezerros_Nutricao8.pdf\">Nutri\u00e7\u00e3o de bezerros<\/a><\/li>\n<li><a href=\"http:\/\/cloud.cnpgc.embrapa.br\/clipping\/files\/2015\/08\/26052014_CanaSorgo_Nutricao9.pdf\">Cana e sorgo<\/a><\/li>\n<li><a href=\"http:\/\/cloud.cnpgc.embrapa.br\/clipping\/files\/2015\/08\/02062014_OpcoesSilagem_Nutricao10.pdf\">Op\u00e7\u00f5es de silagem<\/a><\/li>\n<li><a href=\"http:\/\/cloud.cnpgc.embrapa.br\/clipping\/files\/2015\/08\/16062014_FenoSilagem_Nutricao11.pdf\">Feno e silagem<\/a><\/li>\n<li><a href=\"http:\/\/cloud.cnpgc.embrapa.br\/clipping\/files\/2015\/08\/12112012_SorgoGraniferoForrageiro_Nutricao.pdf\">Sorgo gran\u00edfero e forrageiro<\/a><\/li>\n<li><a href=\"http:\/\/cloud.cnpgc.embrapa.br\/clipping\/files\/2015\/08\/23062014_SalMineral_Nutricao12.pdf\">Sal mineral<\/a><\/li>\n<li><a href=\"http:\/\/cloud.cnpgc.embrapa.br\/clipping\/files\/2015\/08\/03122012_MisturaMineral_Nutricao.pdf\">Mistura mineral 1<\/a><\/li>\n<li><a href=\"http:\/\/cloud.cnpgc.embrapa.br\/clipping\/files\/2015\/08\/30062014_MisturaMineral_Nutricao13.pdf\">Mistura mineral 2<\/a><\/li>\n<li><a href=\"http:\/\/cloud.cnpgc.embrapa.br\/clipping\/files\/2015\/08\/26112012_MisturaMineral_Nutricao.pdf\">Mistura mineral 3<\/a><\/li>\n<li><a href=\"http:\/\/cloud.cnpgc.embrapa.br\/clipping\/files\/2015\/08\/01092014_SuplementoVitaminas_Nutricao14.pdf\">Suplemento x vitaminas<\/a><\/li>\n<li><a href=\"http:\/\/cloud.cnpgc.embrapa.br\/clipping\/files\/2015\/08\/14072014_MisturaBalanceada_Nutricao16.pdf\">Mistura balanceada<\/a><\/li>\n<li><a href=\"http:\/\/cloud.cnpgc.embrapa.br\/clipping\/files\/2015\/08\/21072014_MisturaSalMineral_Nutricao17.pdf\">Consumo correto de sal mineral<\/a><\/li>\n<li><a href=\"http:\/\/cloud.cnpgc.embrapa.br\/clipping\/files\/2015\/08\/28072014_FosforoMistura_Nutricao18.pdf\">Minerais 1<\/a><\/li>\n<li><a href=\"http:\/\/cloud.cnpgc.embrapa.br\/clipping\/files\/2015\/08\/04082014_CorretoUsoFosforo_Nutricao19.pdf\">Minerais 2<\/a><\/li>\n<li><a href=\"http:\/\/cloud.cnpgc.embrapa.br\/clipping\/files\/2015\/08\/25082014_Fosfatos_Nutricao20.pdf\">Minerais 3<\/a><\/li>\n<li><a href=\"http:\/\/cloud.cnpgc.embrapa.br\/clipping\/files\/2015\/08\/08092014_FosforoConsequencias_Nutricao21.pdf\">Minerais 4<\/a><\/li>\n<\/ul>\n","protected":false},"excerpt":{"rendered":"<p>&nbsp; Segredos da nutri\u00e7\u00e3o Mat\u00e9ria seca e suplementa\u00e7\u00e3o Restos agr\u00edcolas na alimenta\u00e7\u00e3o Boa alimenta\u00e7\u00e3o Ureia 1 Ureia 2 Ureia 3 Dicas de suplementa\u00e7\u00e3o 1 Dicas de suplementa\u00e7\u00e3o 2 Nutri\u00e7\u00e3o de bezerros Cana e sorgo Op\u00e7\u00f5es de silagem Feno e silagem Sorgo gran\u00edfero e forrageiro Sal mineral Mistura mineral 1 Mistura mineral 2 Mistura mineral 3 &hellip; <a href=\"https:\/\/cloud.cnpgc.embrapa.br\/clipping\/500p500r-gado-de-corte\/nutricao\/\" class=\"more-link\">Continuar lendo <span class=\"screen-reader-text\">Nutri\u00e7\u00e3o<\/span><\/a><\/p>\n","protected":false},"author":30,"featured_media":0,"parent":383,"menu_order":0,"comment_status":"closed","ping_status":"open","template":"","meta":{"_exactmetrics_skip_tracking":false,"_exactmetrics_sitenote_active":false,"_exactmetrics_sitenote_note":"","_exactmetrics_sitenote_category":0,"footnotes":""},"class_list":["post-481","page","type-page","status-publish","hentry"],"_links":{"self":[{"href":"https:\/\/cloud.cnpgc.embrapa.br\/clipping\/wp-json\/wp\/v2\/pages\/481","targetHints":{"allow":["GET"]}}],"collection":[{"href":"https:\/\/cloud.cnpgc.embrapa.br\/clipping\/wp-json\/wp\/v2\/pages"}],"about":[{"href":"https:\/\/cloud.cnpgc.embrapa.br\/clipping\/wp-json\/wp\/v2\/types\/page"}],"author":[{"embeddable":true,"href":"https:\/\/cloud.cnpgc.embrapa.br\/clipping\/wp-json\/wp\/v2\/users\/30"}],"replies":[{"embeddable":true,"href":"https:\/\/cloud.cnpgc.embrapa.br\/clipping\/wp-json\/wp\/v2\/comments?post=481"}],"version-history":[{"count":8,"href":"https:\/\/cloud.cnpgc.embrapa.br\/clipping\/wp-json\/wp\/v2\/pages\/481\/revisions"}],"predecessor-version":[{"id":545,"href":"https:\/\/cloud.cnpgc.embrapa.br\/clipping\/wp-json\/wp\/v2\/pages\/481\/revisions\/545"}],"up":[{"embeddable":true,"href":"https:\/\/cloud.cnpgc.embrapa.br\/clipping\/wp-json\/wp\/v2\/pages\/383"}],"wp:attachment":[{"href":"https:\/\/cloud.cnpgc.embrapa.br\/clipping\/wp-json\/wp\/v2\/media?parent=481"}],"curies":[{"name":"wp","href":"https:\/\/api.w.org\/{rel}","templated":true}]}}