{"id":765,"date":"2016-03-01T18:50:03","date_gmt":"2016-03-01T18:50:03","guid":{"rendered":"http:\/\/cloud.cnpgc.embrapa.br\/clipping\/?page_id=765"},"modified":"2017-08-25T20:09:33","modified_gmt":"2017-08-25T20:09:33","slug":"2016-2","status":"publish","type":"page","link":"https:\/\/cloud.cnpgc.embrapa.br\/clipping\/2016-2\/","title":{"rendered":"2016"},"content":{"rendered":"<p><a href=\"http:\/\/cloud.cnpgc.embrapa.br\/clipping\/2016-2\/janeiro-junho-2016\/\">Janeiro &#8211; Junho<\/a><\/p>\n<p><a href=\"http:\/\/cloud.cnpgc.embrapa.br\/clipping\/2016-2\/julho-dezembro-2016\/\">Julho &#8211;\u00a0Dezembro<\/a><\/p>\n<p><a href=\"http:\/\/cloud.cnpgc.embrapa.br\/clipping\/tecnologia-e-producao-2016\/\">Tecnologia e Produ\u00e7\u00e3o<\/a>\u00a0(quadro televisivo produzido em parceria com o Sistema Brasileiro do Agroneg\u00f3cio\/Canal do Boi desde 2007).<\/p>\n<hr \/>\n<p><span style=\"color: #008000\"><strong>Estat\u00edsticas<\/strong><\/span><\/p>\n<p>Janeiro a Junho<\/p>\n<ul>\n<li>552 men\u00e7\u00f5es registradas &#8211; impresso, internet, tv, r\u00e1dio e multim\u00eddia.<\/li>\n<\/ul>\n<p>Julho a Dezembro<\/p>\n<ul>\n<li>420 men\u00e7\u00f5es registradas &#8211; impresso, internet, tv, r\u00e1dio e multim\u00eddia.<\/li>\n<\/ul>\n<p>Gr\u00e1ficos<\/p>\n<ul>\n<li><a href=\"http:\/\/cloud.cnpgc.embrapa.br\/clipping\/files\/2016\/03\/Temas_2016.pdf\">Temas<\/a><\/li>\n<li><a href=\"http:\/\/cloud.cnpgc.embrapa.br\/clipping\/files\/2016\/03\/Periodo_2016.pdf\">Per\u00edodo<\/a><\/li>\n<\/ul>\n<p>Os artigos de divulga\u00e7\u00e3o na m\u00eddia (ADM) n\u00e3o s\u00e3o contabilizados, assim como as reportagens do Quadro Tecnologia e Produ\u00e7\u00e3o.<\/p>\n<p style=\"text-align: right\">(\u00faltima atualiza\u00e7\u00e3o 22\/08\/2017)<\/p>\n","protected":false},"excerpt":{"rendered":"<p>Janeiro &#8211; Junho Julho &#8211;\u00a0Dezembro Tecnologia e Produ\u00e7\u00e3o\u00a0(quadro televisivo produzido em parceria com o Sistema Brasileiro do Agroneg\u00f3cio\/Canal do Boi desde 2007). Estat\u00edsticas Janeiro a Junho 552 men\u00e7\u00f5es registradas &#8211; impresso, internet, tv, r\u00e1dio e multim\u00eddia. Julho a Dezembro 420 men\u00e7\u00f5es registradas &#8211; impresso, internet, tv, r\u00e1dio e multim\u00eddia. Gr\u00e1ficos Temas Per\u00edodo Os artigos de &hellip; <a href=\"https:\/\/cloud.cnpgc.embrapa.br\/clipping\/2016-2\/\" class=\"more-link\">Continuar lendo <span class=\"screen-reader-text\">2016<\/span><\/a><\/p>\n","protected":false},"author":30,"featured_media":0,"parent":0,"menu_order":0,"comment_status":"closed","ping_status":"closed","template":"","meta":{"_exactmetrics_skip_tracking":false,"_exactmetrics_sitenote_active":false,"_exactmetrics_sitenote_note":"","_exactmetrics_sitenote_category":0,"footnotes":""},"class_list":["post-765","page","type-page","status-publish","hentry"],"_links":{"self":[{"href":"https:\/\/cloud.cnpgc.embrapa.br\/clipping\/wp-json\/wp\/v2\/pages\/765","targetHints":{"allow":["GET"]}}],"collection":[{"href":"https:\/\/cloud.cnpgc.embrapa.br\/clipping\/wp-json\/wp\/v2\/pages"}],"about":[{"href":"https:\/\/cloud.cnpgc.embrapa.br\/clipping\/wp-json\/wp\/v2\/types\/page"}],"author":[{"embeddable":true,"href":"https:\/\/cloud.cnpgc.embrapa.br\/clipping\/wp-json\/wp\/v2\/users\/30"}],"replies":[{"embeddable":true,"href":"https:\/\/cloud.cnpgc.embrapa.br\/clipping\/wp-json\/wp\/v2\/comments?post=765"}],"version-history":[{"count":5,"href":"https:\/\/cloud.cnpgc.embrapa.br\/clipping\/wp-json\/wp\/v2\/pages\/765\/revisions"}],"predecessor-version":[{"id":1195,"href":"https:\/\/cloud.cnpgc.embrapa.br\/clipping\/wp-json\/wp\/v2\/pages\/765\/revisions\/1195"}],"wp:attachment":[{"href":"https:\/\/cloud.cnpgc.embrapa.br\/clipping\/wp-json\/wp\/v2\/media?parent=765"}],"curies":[{"name":"wp","href":"https:\/\/api.w.org\/{rel}","templated":true}]}}