{"id":14,"date":"2014-05-02T10:45:48","date_gmt":"2014-05-02T14:45:48","guid":{"rendered":"http:\/\/cloud.cnpgc.embrapa.br\/clpi\/?page_id=14"},"modified":"2014-05-20T15:24:02","modified_gmt":"2014-05-20T19:24:02","slug":"propriedade-intelectual","status":"publish","type":"page","link":"https:\/\/cloud.cnpgc.embrapa.br\/clpi\/propriedade-intelectual\/","title":{"rendered":"O que \u00e9 propriedade intelectual?"},"content":{"rendered":"<p style=\"text-align: justify\">A Conven\u00e7\u00e3o da Organiza\u00e7\u00e3o Mundial da Propriedade Intelectual (OMPI) define como Propriedade Intelectual a soma dos direitos relativos \u00e0s obras liter\u00e1rias, art\u00edsticas e cient\u00edficas, \u00e0s interpreta\u00e7\u00f5es dos artistas int\u00e9rpretes, e \u00e0s execu\u00e7\u00f5es dos artistas executantes, aos fonogramas e \u00e0s emiss\u00f5es de radiodifus\u00e3o, \u00e0s inven\u00e7\u00f5es em todos os dom\u00ednios da atividade humana, \u00e0s descobertas cient\u00edficas, aos desenhos e modelos industriais, \u00e0s marcas industriais, comerciais e de servi\u00e7o, bem como \u00e0s firmas comerciais e denomina\u00e7\u00f5es comerciais, \u00e0 prote\u00e7\u00e3o contra a concorr\u00eancia desleal e todos os outros direitos inerentes \u00e0 atividade intelectual nos dom\u00ednios industrial, cient\u00edfico, liter\u00e1rio e art\u00edstico (Barbosa, 2003, p\u00e1g. 1).<\/p>\n<p style=\"text-align: justify\">Ou seja, Propriedade Intelectual \u00e9 o direito que se estabelece sobre cria\u00e7\u00f5es da mente humana, que confere ao seu detentor, por meio de legisla\u00e7\u00e3o pr\u00f3pria, o direito de explorar, licenciar ou ceder a sua cria\u00e7\u00e3o.<\/p>\n<p style=\"text-align: justify\">\u00c9 bom esclarecer que a propriedade intelectual abrange todos os tipos de cria\u00e7\u00e3o, por\u00e9m, dependendo do tipo de ativo, haver\u00e1 uma institui\u00e7\u00e3o diferente para registro de prote\u00e7\u00e3o, bem como uma legisla\u00e7\u00e3o espec\u00edfica e procedimentos adequados para a garantia do direito.<\/p>\n<p style=\"text-align: justify\">Neste blog s\u00e3o apenas considerados os ativos diretamente relacionados \u00e0s atividades desenvolvidas na Embrapa Gado de Corte.<\/p>\n","protected":false},"excerpt":{"rendered":"<p>A Conven\u00e7\u00e3o da Organiza\u00e7\u00e3o Mundial da Propriedade Intelectual (OMPI) define como Propriedade Intelectual a soma dos direitos relativos \u00e0s obras liter\u00e1rias, art\u00edsticas e cient\u00edficas, \u00e0s interpreta\u00e7\u00f5es dos artistas int\u00e9rpretes, e [&hellip;]<\/p>\n","protected":false},"author":1,"featured_media":0,"parent":0,"menu_order":0,"comment_status":"closed","ping_status":"open","template":"","meta":{"_exactmetrics_skip_tracking":false,"_exactmetrics_sitenote_active":false,"_exactmetrics_sitenote_note":"","_exactmetrics_sitenote_category":0,"footnotes":""},"class_list":["post-14","page","type-page","status-publish","hentry"],"_links":{"self":[{"href":"https:\/\/cloud.cnpgc.embrapa.br\/clpi\/wp-json\/wp\/v2\/pages\/14","targetHints":{"allow":["GET"]}}],"collection":[{"href":"https:\/\/cloud.cnpgc.embrapa.br\/clpi\/wp-json\/wp\/v2\/pages"}],"about":[{"href":"https:\/\/cloud.cnpgc.embrapa.br\/clpi\/wp-json\/wp\/v2\/types\/page"}],"author":[{"embeddable":true,"href":"https:\/\/cloud.cnpgc.embrapa.br\/clpi\/wp-json\/wp\/v2\/users\/1"}],"replies":[{"embeddable":true,"href":"https:\/\/cloud.cnpgc.embrapa.br\/clpi\/wp-json\/wp\/v2\/comments?post=14"}],"version-history":[{"count":5,"href":"https:\/\/cloud.cnpgc.embrapa.br\/clpi\/wp-json\/wp\/v2\/pages\/14\/revisions"}],"predecessor-version":[{"id":311,"href":"https:\/\/cloud.cnpgc.embrapa.br\/clpi\/wp-json\/wp\/v2\/pages\/14\/revisions\/311"}],"wp:attachment":[{"href":"https:\/\/cloud.cnpgc.embrapa.br\/clpi\/wp-json\/wp\/v2\/media?parent=14"}],"curies":[{"name":"wp","href":"https:\/\/api.w.org\/{rel}","templated":true}]}}