{"id":30,"date":"2014-05-02T11:07:38","date_gmt":"2014-05-02T15:07:38","guid":{"rendered":"http:\/\/cloud.cnpgc.embrapa.br\/clpi\/?page_id=30"},"modified":"2014-05-22T08:48:45","modified_gmt":"2014-05-22T12:48:45","slug":"tipos-de-ativos","status":"publish","type":"page","link":"https:\/\/cloud.cnpgc.embrapa.br\/clpi\/tipos-de-ativos\/","title":{"rendered":"Tipos de ativos"},"content":{"rendered":"<p style=\"text-align: justify\">A Propriedade Intelectual abrange o direito de prote\u00e7\u00e3o em \u00e1reas distintas da cria\u00e7\u00e3o humana, onde destacamos:<\/p>\n<p style=\"text-align: justify\"><strong>Propriedade Industrial<\/strong>\u00a0\u2013 \u00e1rea da propriedade intelectual, com legisla\u00e7\u00e3o pr\u00f3pria (<a href=\"http:\/\/www.planalto.gov.br\/ccivil_03\/Leis\/L9279.htm\" target=\"_blank\">n\u00ba 9.279\/96<\/a>)\u00a0que abarca a prote\u00e7\u00e3o dos seguintes ativos:<\/p>\n<ol style=\"text-align: justify\">\n<li style=\"text-align: justify\"><strong>Patente<\/strong>\u00a0\u2013 Direito conferido pelo Estado que possibilita ao seu titular a exclusividade para a explora\u00e7\u00e3o de uma tecnologia. Divide-se em Patente de Inven\u00e7\u00e3o (PI) e Modelo de Utilidade (MU). Tem crit\u00e9rios bastante rigorosos para o dep\u00f3sito e exige procedimentos adequados para assegurar a prote\u00e7\u00e3o. Um dos maiores obst\u00e1culos para a obten\u00e7\u00e3o de uma patente refere-se ao crit\u00e9rio de divulga\u00e7\u00e3o \u2013 se n\u00e3o atendido, perde-se a patente;<\/li>\n<li style=\"text-align: justify\"><strong>Desenho Industrial<\/strong> \u2013 A prote\u00e7\u00e3o para desenho industrial restringe-se ao aspecto est\u00e9tico da forma de um objeto. Aspectos funcionais, se for o caso, devem ser protegidos por meio de patente. Os crit\u00e9rios s\u00e3o semelhantes aos de patente, e tamb\u00e9m h\u00e1 rigor quanto aos aspectos divulga\u00e7\u00e3o\/publica\u00e7\u00e3o;<\/li>\n<li style=\"text-align: justify\"><strong>Marca<\/strong> \u2013 Signo suscet\u00edvel de representa\u00e7\u00e3o visual, configurado para o fim espec\u00edfico de distinguir a origem de produtos e servi\u00e7os;<\/li>\n<li style=\"text-align: justify\"><strong>Indica\u00e7\u00e3o geogr\u00e1fica<\/strong> \u2013 Sinal utilizado para produtos que tenham uma origem geogr\u00e1fica determinada e possuem qualidades ou reputa\u00e7\u00e3o espec\u00edficas e associadas ao seu lugar de origem.<\/li>\n<\/ol>\n<p style=\"text-align: justify\"><strong>Software<\/strong> \u2013 Refere-se ao registro de programa de computador que contenha a express\u00e3o de um conjunto organizado de instru\u00e7\u00f5es em linguagem natural ou codificada. Apesar de ter legisla\u00e7\u00e3o pr\u00f3pria (<a href=\"http:\/\/www.planalto.gov.br\/ccivil_03\/leis\/l9609.htm\" target=\"_blank\">n\u00ba 9.609\/98<\/a>), o regime de prote\u00e7\u00e3o \u00e9 aquele conferido pela legisla\u00e7\u00e3o de direitos autorais. Tamb\u00e9m exige procedimentos adequados para registro.<\/p>\n<p style=\"text-align: justify\"><strong>Cultivar<\/strong> \u2013 Refere-se ao registro de nova cultivar ou de cultivar essencialmente derivada, de qualquer g\u00eanero ou esp\u00e9cie vegetal. Deve atender aos crit\u00e9rios de distintividade, homogeneidade e estabilidade. A propriedade deste ativo recai sobre uma regra de reprodu\u00e7\u00e3o. Tem legisla\u00e7\u00e3o pr\u00f3pria (<a href=\"http:\/\/www.planalto.gov.br\/ccivil_03\/leis\/L9456.htm\" target=\"_blank\">n\u00ba 9.456\/97<\/a>), que \u00e9 rigorosa quantos aos crit\u00e9rios para obten\u00e7\u00e3o do registro (principalmente t\u00e9cnicos), mas inclui o crit\u00e9rio de publica\u00e7\u00e3o. O que contribui para a prote\u00e7\u00e3o \u00e9 o car\u00e1ter de novidade no com\u00e9rcio.<\/p>\n<p style=\"text-align: justify\"><strong>Direito Autoral\u00a0<\/strong>\u2013 \u00c9 o direito que todo autor tem sobre sua cria\u00e7\u00e3o intelectual seja ela liter\u00e1ria, cient\u00edfica ou art\u00edstica. Os direitos autorais s\u00e3o divididos em Direitos Morais e Direitos Patrimoniais. Tamb\u00e9m possui legisla\u00e7\u00e3o espec\u00edfica:\u00a0Lei\u00a0<a href=\"http:\/\/www.planalto.gov.br\/ccivil_03\/leis\/l9610.htm\" target=\"_blank\">n\u00ba 9.610\/98<\/a>.<\/p>\n<p style=\"text-align: justify\"><strong>Direitos Conexos<\/strong> \u2013 Os Direitos Conexos s\u00e3o aqueles que protegem a pessoa jur\u00eddica ou f\u00edsica que contribui para tornar as obras autorais acess\u00edveis ao p\u00fablico. Legisla\u00e7\u00e3o:\u00a0Lei\u00a0<a href=\"http:\/\/www.planalto.gov.br\/ccivil_03\/leis\/l9610.htm\" target=\"_blank\">n\u00ba 9.610\/98<\/a>.<\/p>\n<blockquote>\n<p style=\"text-align: justify\"><strong><span style=\"text-decoration: underline\">DESTAQUE:<\/span><\/strong> A legisla\u00e7\u00e3o brasileira sobre Propriedade Intelectual n\u00e3o concede patente para \u201co todo ou parte de seres vivos naturais e materiais biol\u00f3gicos encontrados na natureza, ou ainda que dela isolados, inclusive o genoma ou germoplasma de qualquer ser vivo natural e os processos biol\u00f3gicos naturais\u201d.<\/p>\n<\/blockquote>\n","protected":false},"excerpt":{"rendered":"<p>A Propriedade Intelectual abrange o direito de prote\u00e7\u00e3o em \u00e1reas distintas da cria\u00e7\u00e3o humana, onde destacamos: Propriedade Industrial\u00a0\u2013 \u00e1rea da propriedade intelectual, com legisla\u00e7\u00e3o pr\u00f3pria (n\u00ba 9.279\/96)\u00a0que abarca a prote\u00e7\u00e3o [&hellip;]<\/p>\n","protected":false},"author":36,"featured_media":0,"parent":0,"menu_order":0,"comment_status":"closed","ping_status":"open","template":"","meta":{"_exactmetrics_skip_tracking":false,"_exactmetrics_sitenote_active":false,"_exactmetrics_sitenote_note":"","_exactmetrics_sitenote_category":0,"footnotes":""},"class_list":["post-30","page","type-page","status-publish","hentry"],"_links":{"self":[{"href":"https:\/\/cloud.cnpgc.embrapa.br\/clpi\/wp-json\/wp\/v2\/pages\/30","targetHints":{"allow":["GET"]}}],"collection":[{"href":"https:\/\/cloud.cnpgc.embrapa.br\/clpi\/wp-json\/wp\/v2\/pages"}],"about":[{"href":"https:\/\/cloud.cnpgc.embrapa.br\/clpi\/wp-json\/wp\/v2\/types\/page"}],"author":[{"embeddable":true,"href":"https:\/\/cloud.cnpgc.embrapa.br\/clpi\/wp-json\/wp\/v2\/users\/36"}],"replies":[{"embeddable":true,"href":"https:\/\/cloud.cnpgc.embrapa.br\/clpi\/wp-json\/wp\/v2\/comments?post=30"}],"version-history":[{"count":7,"href":"https:\/\/cloud.cnpgc.embrapa.br\/clpi\/wp-json\/wp\/v2\/pages\/30\/revisions"}],"predecessor-version":[{"id":327,"href":"https:\/\/cloud.cnpgc.embrapa.br\/clpi\/wp-json\/wp\/v2\/pages\/30\/revisions\/327"}],"wp:attachment":[{"href":"https:\/\/cloud.cnpgc.embrapa.br\/clpi\/wp-json\/wp\/v2\/media?parent=30"}],"curies":[{"name":"wp","href":"https:\/\/api.w.org\/{rel}","templated":true}]}}