{"id":32,"date":"2014-05-02T11:08:02","date_gmt":"2014-05-02T15:08:02","guid":{"rendered":"http:\/\/cloud.cnpgc.embrapa.br\/clpi\/?page_id=32"},"modified":"2017-06-16T15:08:54","modified_gmt":"2017-06-16T19:08:54","slug":"procedimentos","status":"publish","type":"page","link":"https:\/\/cloud.cnpgc.embrapa.br\/clpi\/procedimentos\/","title":{"rendered":"Procedimentos"},"content":{"rendered":"<p style=\"text-align: justify\">O pedido de prote\u00e7\u00e3o de propriedade intelectual para qualquer resultado obtido na forma de tecnologias, produtos, processos e servi\u00e7os, quando for o caso, depender\u00e1 de uma analise t\u00e9cnica a ser realizada pelos empregados respons\u00e1veis pelo \u201cobjeto\u201d pass\u00edvel de prote\u00e7\u00e3o, em conjunto com o CLPI e t\u00e9cnicos da \u00e1rea de PI.<\/p>\n<p style=\"text-align: justify\">Segundo a Organiza\u00e7\u00e3o Mundial da Propriedade Intelectual, cerca de 75% de toda informa\u00e7\u00e3o sobre tecnologias encontra-se nos bancos de dados sobre patentes. Logo, o levantamento do Estado da T\u00e9cnica para a avalia\u00e7\u00e3o da novidade, assim como o uso da informa\u00e7\u00e3o t\u00e9cnica na programa\u00e7\u00e3o de P&amp;D s\u00e3o imprescind\u00edveis.<\/p>\n<p style=\"text-align: justify\">Seguem abaixo, orienta\u00e7\u00f5es para o empregado da Embrapa que tenha algum tipo de ativo a proteger:<\/p>\n<p style=\"text-align: justify\"><strong>1)<\/strong>\u00a0Ter o resultado cadastrado na carteira de projetos da Unidade, de prefer\u00eancia vinculado a algum projeto\/a\u00e7\u00e3o gerencial;<\/p>\n<p style=\"text-align: justify\"><strong>2)<\/strong>\u00a0A partir do tipo de ativo envolvido, certificar-se junto ao Setor de Prospec\u00e7\u00e3o e Avalia\u00e7\u00e3o de Tecnologias \u2013 SPAT (na Unidade) e\/ou \u00e0 Coordenadoria de Propriedade Intelectual \u2013 CPI (na SNE), de que o seu resultado \u00e9 pass\u00edvel de registro;<\/p>\n<p style=\"text-align: justify\"><strong>3)<\/strong>\u00a0Certificar-se dos procedimentos adequados a fim de assegurar a prote\u00e7\u00e3o;<\/p>\n<p style=\"text-align: justify\"><strong>4)<\/strong>\u00a0Preencher o formul\u00e1rio adequado (Pr\u00e9-Submiss\u00e3o) e encaminh\u00e1-lo impresso e assinado ao CLPI. Adicionalmente, encaminhar o arquivo digital &#8220;DOC&#8221; \u00e0 Secretaria Executiva do Comit\u00ea (cnpgc.sec-clpi@embrapa.br);<\/p>\n<p style=\"text-align: justify\"><strong>5)\u00a0<\/strong>Aguardar orienta\u00e7\u00f5es do CLPI\/SPAT quanto ao preenchimento de formul\u00e1rios adicionais, conforme o caso (An\u00e1lise de Patenteabilidade, Avalia\u00e7\u00e3o de Privilegiabilidade de Marca, Registro de Software, etc.), e levantamento da documenta\u00e7\u00e3o, para encaminhamento \u00e0 CPI\/SNE.<\/p>\n<h2 style=\"text-align: justify\"><strong>Formul\u00e1rios:<\/strong><\/h2>\n<p><strong>1)<\/strong> Para pedido de prote\u00e7\u00e3o de propriedade intelectual ao CLPI, dever\u00e1 ser\u00a0 preenchido o seguinte formul\u00e1rio:<\/p>\n<p style=\"padding-left: 30px\"><a href=\"https:\/\/pandora.cnpgc.embrapa.br\/ugq\/formulario-de-pre-submissao-cultivaresindicacao-geograficapatentesoutros\">Pr\u00e9-submiss\u00e3o &#8211; Diversos (Cultivares, Indica\u00e7\u00e3o Geogr\u00e1fica, Patentes, etc.)<\/a><\/p>\n<p style=\"padding-left: 30px\"><a href=\"https:\/\/pandora.cnpgc.embrapa.br\/ugq\/formulario-de-pre-submissaomarcas\">Pr\u00e9-submiss\u00e3o &#8211; Marcas<\/a><\/p>\n<p style=\"padding-left: 30px\"><a href=\"https:\/\/pandora.cnpgc.embrapa.br\/ugq\/formulario-de-pre-submissaoregistro-de-software\">Pr\u00e9-submiss\u00e3o &#8211; Softwares<\/a><\/p>\n<p><strong>2)<\/strong> Se o pedido de prote\u00e7\u00e3o de PI (pr\u00e9-submiss\u00e3o) foi apreciado e aprovado pelo CLPI, os formul\u00e1rios abaixo dever\u00e3o ser preenchidos, conforme o caso, como parte da documenta\u00e7\u00e3o a ser encaminhada \u00e0 Coordenadoria de Propriedade Intelectual \u2013 CPI \/ Secretaria de Neg\u00f3cios \u2013 SNE, para os tr\u00e2mites junto ao INPI:<\/p>\n<p style=\"padding-left: 30px\"><a href=\"https:\/\/pandora.cnpgc.embrapa.br\/ugq\/formulario-de-analise-de-patenteabilidade\">An\u00e1lise de Patenteabilidade<\/a><\/p>\n<p style=\"padding-left: 30px\"><a href=\"https:\/\/pandora.cnpgc.embrapa.br\/ugq\/formulario-de-avaliacao-de-privilegiabilidade-de-marca\">Avalia\u00e7\u00e3o de Privilegiabilidade de Marca<\/a><\/p>\n<p style=\"padding-left: 30px\"><a href=\"https:\/\/pandora.cnpgc.embrapa.br\/ugq\/formulario-para-registro-de-programa-de-computadorsoftware\">Registro de Programa de Computador\/Software<\/a><\/p>\n<p style=\"text-align: justify\"><strong>3) <\/strong>Quando se tratar de Programa de Computador\/Software, o formul\u00e1rio requer que o produto seja classificado\u00a0em at\u00e9 5 (cinco) Tipos e Campos de Aplica\u00e7\u00e3o (item &#8220;06. Classifica\u00e7\u00e3o&#8221;). Para tanto \u00e9 necess\u00e1rio que sejam acessadas as respectivas tabelas de classifica\u00e7\u00e3o diretamente no site do INPI, nos seguintes links:<\/p>\n<p style=\"text-align: justify;padding-left: 30px\"><a href=\"http:\/\/www.inpi.gov.br\/menu-servicos\/programa-de-computador\/tipos_de_programa.pdf\">Classifica\u00e7\u00e3o por &#8220;Tipo de Programa&#8221;<\/a><\/p>\n<p style=\"text-align: justify;padding-left: 30px\"><a href=\"http:\/\/www.inpi.gov.br\/menu-servicos\/programa-de-computador\/campo_de_aplicacao.pdf\">Classifica\u00e7\u00e3o por &#8220;Campo de Aplica\u00e7\u00e3o&#8221;<\/a><\/p>\n","protected":false},"excerpt":{"rendered":"<p>O pedido de prote\u00e7\u00e3o de propriedade intelectual para qualquer resultado obtido na forma de tecnologias, produtos, processos e servi\u00e7os, quando for o caso, depender\u00e1 de uma analise t\u00e9cnica a ser [&hellip;]<\/p>\n","protected":false},"author":36,"featured_media":0,"parent":0,"menu_order":0,"comment_status":"closed","ping_status":"open","template":"","meta":{"_exactmetrics_skip_tracking":false,"_exactmetrics_sitenote_active":false,"_exactmetrics_sitenote_note":"","_exactmetrics_sitenote_category":0,"footnotes":""},"class_list":["post-32","page","type-page","status-publish","hentry"],"_links":{"self":[{"href":"https:\/\/cloud.cnpgc.embrapa.br\/clpi\/wp-json\/wp\/v2\/pages\/32","targetHints":{"allow":["GET"]}}],"collection":[{"href":"https:\/\/cloud.cnpgc.embrapa.br\/clpi\/wp-json\/wp\/v2\/pages"}],"about":[{"href":"https:\/\/cloud.cnpgc.embrapa.br\/clpi\/wp-json\/wp\/v2\/types\/page"}],"author":[{"embeddable":true,"href":"https:\/\/cloud.cnpgc.embrapa.br\/clpi\/wp-json\/wp\/v2\/users\/36"}],"replies":[{"embeddable":true,"href":"https:\/\/cloud.cnpgc.embrapa.br\/clpi\/wp-json\/wp\/v2\/comments?post=32"}],"version-history":[{"count":43,"href":"https:\/\/cloud.cnpgc.embrapa.br\/clpi\/wp-json\/wp\/v2\/pages\/32\/revisions"}],"predecessor-version":[{"id":565,"href":"https:\/\/cloud.cnpgc.embrapa.br\/clpi\/wp-json\/wp\/v2\/pages\/32\/revisions\/565"}],"wp:attachment":[{"href":"https:\/\/cloud.cnpgc.embrapa.br\/clpi\/wp-json\/wp\/v2\/media?parent=32"}],"curies":[{"name":"wp","href":"https:\/\/api.w.org\/{rel}","templated":true}]}}