{"id":34,"date":"2014-05-02T11:08:50","date_gmt":"2014-05-02T15:08:50","guid":{"rendered":"http:\/\/cloud.cnpgc.embrapa.br\/clpi\/?page_id=34"},"modified":"2018-04-04T10:04:53","modified_gmt":"2018-04-04T14:04:53","slug":"literatura-legislacao","status":"publish","type":"page","link":"https:\/\/cloud.cnpgc.embrapa.br\/clpi\/literatura-legislacao\/","title":{"rendered":"Legisla\u00e7\u00e3o\/Bibliografia"},"content":{"rendered":"<h2><strong>Legisla\u00e7\u00e3o<\/strong><\/h2>\n<p style=\"text-align: justify\">Lei de Inova\u00e7\u00e3o <a href=\"http:\/\/www.planalto.gov.br\/ccivil_03\/_Ato2004-2006\/2004\/Lei\/L10.973.htm\" target=\"_blank\" rel=\"noopener\">(n\u00ba 10.973\/04)<\/a> \u2013 Disp\u00f5e sobre incentivos \u00e0 inova\u00e7\u00e3o e \u00e0 pesquisa cient\u00edfica e tecnol\u00f3gica no ambiente produtivo.<\/p>\n<p style=\"text-align: justify\">Lei de Propriedade Industrial <a href=\"http:\/\/www.planalto.gov.br\/ccivil_03\/Leis\/L9279.htm\" target=\"_blank\" rel=\"noopener\">(n\u00b0 9.279\/96)<\/a> \u2013 Regula direitos e obriga\u00e7\u00f5es relativos \u00e0 propriedade industrial. Diz respeito a patentes de inven\u00e7\u00e3o e de modelo de utilidade; desenho industrial; marcas; indica\u00e7\u00f5es geogr\u00e1ficas e concorr\u00eancia desleal (segredo industrial).<\/p>\n<p style=\"text-align: justify\">Lei de Direitos Autorais <a href=\"http:\/\/www.planalto.gov.br\/ccivil_03\/leis\/l9610.htm\" target=\"_blank\" rel=\"noopener\">(n\u00b0 9.610\/98)<\/a> \u2013 Regula os direitos dos autores sobre as obras liter\u00e1rias, art\u00edsticas ou cient\u00edficas.<\/p>\n<p style=\"text-align: justify\">Lei de Prote\u00e7\u00e3o aos Programas de Computador <a href=\"http:\/\/www.planalto.gov.br\/ccivil_03\/leis\/l9609.htm\" target=\"_blank\" rel=\"noopener\">(n\u00b0 9.609\/98)<\/a> \u2013 Disp\u00f5e sobre a prote\u00e7\u00e3o da Propriedade Intelectual de programa de computador, bem como a respeito de sua comercializa\u00e7\u00e3o, no Brasil.<\/p>\n<p style=\"text-align: justify\">Lei de Prote\u00e7\u00e3o de Cultivares <a href=\"http:\/\/www.planalto.gov.br\/ccivil_03\/leis\/L9456.htm\" target=\"_blank\" rel=\"noopener\">(n\u00b0 9.456\/97)<\/a> \u2013 Institui o regime de prote\u00e7\u00e3o de cultivares.<\/p>\n<h2 style=\"text-align: justify\"><strong>Bibliografia<\/strong><\/h2>\n<p style=\"text-align: justify\"><strong>Livros:<br \/>\n<\/strong><a href=\"http:\/\/cloud.cnpgc.embrapa.br\/clpi\/files\/2014\/05\/No\u00e7\u00f5es-de-PI-Patenteamento-na-Embrapa-Conceitos-e-Procedimentos-.pdf\" target=\"_blank\" rel=\"noopener\">No\u00e7\u00f5es de PI &#8211; Patenteamento na Embrapa: Conceitos e Procedimentos<\/a> \u2013 Trata de no\u00e7\u00f5es de Propriedade Intelectual, patenteamentos na Embrapa, seus conceitos e procedimentos.<\/p>\n<p style=\"text-align: justify\"><a href=\"http:\/\/www.agricultura.gov.br\/arq_editor\/file\/Livro_Protecao_Cultivares.pdf\" target=\"_blank\" rel=\"noopener\">Prote\u00e7\u00e3o de Cultivares no Brasil<\/a>\u00a0\u2013 Aborda com profundidade a tem\u00e1tica de prote\u00e7\u00e3o de cultivares, incluindo aspectos relacionados aos Direitos de PI, requisitos e processo para a prote\u00e7\u00e3o, denomina\u00e7\u00e3o de cultivares, aspectos legais da produ\u00e7\u00e3o, comercializa\u00e7\u00e3o e do uso de sementes no Brasil, dentre outros.<\/p>\n<p style=\"text-align: justify\"><strong>Manuais\/Guias:<\/strong><br \/>\n<a href=\"http:\/\/cloud.cnpgc.embrapa.br\/clpi\/files\/2014\/05\/Busca-de-Patentes-Principais-Bases.pdf\" target=\"_blank\" rel=\"noopener\">Busca de Patentes<\/a> \u2013 Orienta\u00e7\u00f5es b\u00e1sicas sobre \u201cbusca de patentes\u201d e uma lista de \u201cboas pr\u00e1ticas\u201d em rela\u00e7\u00e3o ao tema.<\/p>\n<p style=\"text-align: justify\"><a href=\"http:\/\/agsci.oregonstate.edu\/sites\/default\/files\/research\/vrc_release_inventorship-gattari.pdf\">Defini\u00e7\u00e3o de Participa\u00e7\u00e3o em Direitos Patent\u00e1rios\/Autorais &#8211;<\/a> Artigo publicado no Intellectual Property &amp; Technology Law Journal, considera os crit\u00e9rios e outros importantes aspectos a serem observados no processo de defini\u00e7\u00e3o de inventores\/autores de uma tecnologia.<\/p>\n<p style=\"text-align: justify\"><a href=\"http:\/\/cloud.cnpgc.embrapa.br\/clpi\/files\/2014\/05\/Manual-Direito-Autoral-na-Embrapa.pdf\" target=\"_blank\" rel=\"noopener\">Direito Autoral e a Embrapa<\/a>\u00a0\u2013 Cartilha que apresenta esclarecimentos para as d\u00favidas mais frequentes em rela\u00e7\u00e3o \u00e0s leis e normas da empresa relacionadas ao tema, bem como orienta\u00e7\u00f5es sobre a melhor forma de aplic\u00e1-las.<br \/>\n<strong><br \/>\n<\/strong><a href=\"http:\/\/cloud.cnpgc.embrapa.br\/clpi\/files\/2014\/05\/Orienta\u00e7\u00f5es-Memorial-Descritivo.pdf\" target=\"_blank\" rel=\"noopener\">Elabora\u00e7\u00e3o de Relat\u00f3rio (ou Memorial) Descritivo<\/a>\u00a0\u2013 Orienta\u00e7\u00f5es simples e diretas para a reda\u00e7\u00e3o de Relat\u00f3rio Descritivo para Patentes de Inven\u00e7\u00e3o e Patentes de Modelo de Utilidade.<\/p>\n<p style=\"text-align: justify\"><a href=\"http:\/\/www.inpi.gov.br\/images\/stories\/downloads\/patentes\/pdf\/Guia_de_Deposito_de_Patentes.pdf\" target=\"_blank\" rel=\"noopener\">Guia Para Dep\u00f3sito de Patentes<\/a> \u2013 Orienta\u00e7\u00f5es claras e diretas relacionadas ao dep\u00f3sito e concess\u00e3o de uma patente. Apresenta informa\u00e7\u00f5es sobre os atos necess\u00e1rios a serem praticados pelo depositante no INPI, bem como os principais conceitos de quest\u00f5es vinculadas \u00e0 Propriedade Industrial em mat\u00e9ria de patentes.<\/p>\n<p style=\"text-align: justify\"><a href=\"http:\/\/biominas.org.br\/downloads\/guia-pratico-para-inovacao-em-saude-animal-da-bancada-ao-mercado\/\" target=\"_blank\" rel=\"noopener\">Guia Pr\u00e1tico Para Inova\u00e7\u00e3o em Sa\u00fade Animal: Da Bancada Para o Mercado<\/a>\u00a0\u2013\u00a0destaca o processo de desenvolvimento de produtos e processos inovadores no segmento da sa\u00fade animal, indicando as formas de avaliar a atratividade do projeto, as fontes de informa\u00e7\u00e3o tecnol\u00f3gica, recursos, mercado, conhecimentos b\u00e1sicos sobre prote\u00e7\u00e3o de propriedade intelectual e as etapas para o desenvolvimento e estabelecimento de parcerias. Para download: site da Biominas Brasil (\u00e1rea de downloads, no canto inferior esquerdo da home).<\/p>\n<p style=\"text-align: justify\"><a href=\"http:\/\/cloud.cnpgc.embrapa.br\/clpi\/files\/2014\/05\/Manual-de-Marcas.pdf\">Manual de Marcas do INPI<\/a>\u00a0\u2013 Apresenta\u00a0diretrizes e procedimentos de an\u00e1lise de marcas, bem como instru\u00e7\u00f5es para formula\u00e7\u00e3o de pedidos de registro e acompanhamento de processos.<\/p>\n<p style=\"text-align: justify\"><strong>Apresenta\u00e7\u00f5es:<br \/>\n<\/strong><a href=\"http:\/\/cloud.cnpgc.embrapa.br\/clpi\/files\/2014\/05\/1.-Conceitos-de-Propriedade-Intelectual-CPI-SNE.pdf\" target=\"_blank\" rel=\"noopener\">Conceitos de Propriedade Intelectual (CPI\/SNE)<\/a>\u00a0\u2013 Aborda os conceitos b\u00e1sicos de PI e o papel dos Comit\u00eas Locais de Propriedade Intelectual.<\/p>\n<p style=\"text-align: justify\"><a href=\"http:\/\/cloud.cnpgc.embrapa.br\/clpi\/files\/2014\/05\/2.-CPI-SNE-Equipe-Processos-e-Atividades.pdf\" target=\"_blank\" rel=\"noopener\">CPI-SNE &#8211; Equipe, Processos e Atividades<\/a>\u00a0\u2013 Apresenta a estrutura e atribui\u00e7\u00f5es da CPI\/SNE e a equipe respons\u00e1vel por seus principais processos.<\/p>\n<p style=\"text-align: justify\"><strong>Outros:<br \/>\n<\/strong><a href=\"http:\/\/www.ipo.gov.uk\/licensingbooklet.pdf\" target=\"_blank\" rel=\"noopener\">Licensing IP (em Ingl\u00eas)<\/a> \u2013 Aborda o tema de licenciamento de PI e seus potenciais benef\u00edcios, incluindo um checklist com os aspectos que n\u00e3o podem ser esquecidos quando se considera essa estrat\u00e9gia.<\/p>\n<p style=\"text-align: justify\"><a href=\"http:\/\/cloud.cnpgc.embrapa.br\/clpi\/files\/2014\/05\/Politica-Embrapa-de-PI-Del22-1996.pdf\" target=\"_blank\" rel=\"noopener\">Pol\u00edtica Embrapa de PI<\/a>\u00a0\u2013 Delibera\u00e7\u00e3o n\u00ba22\/96, de 02 de Julho de 1996<\/p>\n<p style=\"text-align: justify\"><a href=\"http:\/\/cloud.cnpgc.embrapa.br\/clpi\/files\/2016\/03\/Quem-s\u00e3o-os-inventores-de-um-pedido-de-patente.pdf\">&#8220;Quem S\u00e3o Inventores de um Pedido de Patente?&#8221;<\/a> \u2013 O artigo chama a aten\u00e7\u00e3o para um assunto frequentemente questionado por muitas pessoas envolvidas com PI e esclarece o tema.<\/p>\n<p style=\"text-align: justify\"><a href=\"https:\/\/cdn.iccwbo.org\/content\/uploads\/sites\/3\/2014\/11\/icc-IProadmap-intellectual-property-roadmap-current-emerging-issues-business-policymakers.pdf\" target=\"_blank\" rel=\"noopener\">The ICC Intellectual Property Roadmap \/ 2012 Edition (em Ingl\u00eas)<\/a>\u00a0\u2013 Elaborada pela C\u00e2mara Internacional do Com\u00e9rcio, a obra considera as principais quest\u00f5es relacionadas \u00e0 PI na atualidade, bem como quest\u00f5es emergentes em rela\u00e7\u00e3o ao tema.<\/p>\n<p style=\"text-align: justify\"><a href=\"http:\/\/cloud.cnpgc.embrapa.br\/clpi\/files\/2015\/04\/PI-Condi\u00e7\u00f5es-de-Privilegiabilidade.pdf\">Vari\u00e1veis de PI e An\u00e1lise das Condi\u00e7\u00f5es de Privilegiabilidade<\/a> \u2013 Considera as principais formas de prote\u00e7\u00e3o de PI e apresenta os crit\u00e9rios e condi\u00e7\u00f5es de patenteabilidade.<\/p>\n","protected":false},"excerpt":{"rendered":"<p>Legisla\u00e7\u00e3o Lei de Inova\u00e7\u00e3o (n\u00ba 10.973\/04) \u2013 Disp\u00f5e sobre incentivos \u00e0 inova\u00e7\u00e3o e \u00e0 pesquisa cient\u00edfica e tecnol\u00f3gica no ambiente produtivo. Lei de Propriedade Industrial (n\u00b0 9.279\/96) \u2013 Regula direitos [&hellip;]<\/p>\n","protected":false},"author":36,"featured_media":0,"parent":0,"menu_order":0,"comment_status":"closed","ping_status":"closed","template":"","meta":{"_exactmetrics_skip_tracking":false,"_exactmetrics_sitenote_active":false,"_exactmetrics_sitenote_note":"","_exactmetrics_sitenote_category":0,"footnotes":""},"class_list":["post-34","page","type-page","status-publish","hentry"],"_links":{"self":[{"href":"https:\/\/cloud.cnpgc.embrapa.br\/clpi\/wp-json\/wp\/v2\/pages\/34","targetHints":{"allow":["GET"]}}],"collection":[{"href":"https:\/\/cloud.cnpgc.embrapa.br\/clpi\/wp-json\/wp\/v2\/pages"}],"about":[{"href":"https:\/\/cloud.cnpgc.embrapa.br\/clpi\/wp-json\/wp\/v2\/types\/page"}],"author":[{"embeddable":true,"href":"https:\/\/cloud.cnpgc.embrapa.br\/clpi\/wp-json\/wp\/v2\/users\/36"}],"replies":[{"embeddable":true,"href":"https:\/\/cloud.cnpgc.embrapa.br\/clpi\/wp-json\/wp\/v2\/comments?post=34"}],"version-history":[{"count":41,"href":"https:\/\/cloud.cnpgc.embrapa.br\/clpi\/wp-json\/wp\/v2\/pages\/34\/revisions"}],"predecessor-version":[{"id":579,"href":"https:\/\/cloud.cnpgc.embrapa.br\/clpi\/wp-json\/wp\/v2\/pages\/34\/revisions\/579"}],"wp:attachment":[{"href":"https:\/\/cloud.cnpgc.embrapa.br\/clpi\/wp-json\/wp\/v2\/media?parent=34"}],"curies":[{"name":"wp","href":"https:\/\/api.w.org\/{rel}","templated":true}]}}