{"id":2,"date":"2011-11-30T18:15:20","date_gmt":"2011-11-30T18:15:20","guid":{"rendered":"http:\/\/cloud.cnpgc.embrapa.br\/controle-do-carrapato-ms\/?page_id=2"},"modified":"2022-09-08T09:02:16","modified_gmt":"2022-09-08T12:02:16","slug":"informacoes-tecnicas","status":"publish","type":"page","link":"https:\/\/cloud.cnpgc.embrapa.br\/controle-do-carrapato-ms\/informacoes-tecnicas\/","title":{"rendered":"Informa\u00e7\u00f5es t\u00e9cnicas"},"content":{"rendered":"<p align=\"center\"><span style=\"font-family: Verdana,Arial,Helvetica,sans-serif;\"><strong>CICLO DE VIDA<\/strong><\/span><\/p>\n<ul>\n<li>Na regi\u00e3o do Brasil-Central a temperatura determina o per\u00edodo<br \/>\nde desenvolvimento enquanto o carrapato est\u00e1 na pastagem.<\/li>\n<li>No Cerrado, no final da \u00e9poca seca a alta temperatura e a baixa umidade matam muitas larvas na pastagem.<\/li>\n<li>Estas s\u00e3o as \u00e9pocas ideais para o controle estrat\u00e9gico.<\/li>\n<\/ul>\n<p align=\"center\"><a href=\"http:\/\/cloud.cnpgc.embrapa.br\/controle-do-carrapato-ms\/files\/2011\/11\/desenho.jpg\"><img fetchpriority=\"high\" decoding=\"async\" class=\"aligncenter size-full wp-image-186\" title=\"desenho\" src=\"http:\/\/cloud.cnpgc.embrapa.br\/controle-do-carrapato-ms\/files\/2011\/11\/desenho.jpg\" alt=\"\" width=\"300\" height=\"240\" \/><\/a><\/p>\n<p align=\"center\">O TRATAMENTO CARRAPATICIDA<\/p>\n<ul>\n<li>Somente utilizar produtos aprovados para uso no controle do<br \/>\ncarrapato.<\/li>\n<li>Sempre utilizar a dose recomendada pelo fabricante.<\/li>\n<li>Toda o couro do animal deve receber o produto.<\/li>\n<li>Seguran\u00e7a do operador. O contato pode levar a intoxica\u00e7\u00e3o.<\/li>\n<\/ul>\n<p align=\"center\"><a href=\"http:\/\/cloud.cnpgc.embrapa.br\/controle-do-carrapato-ms\/files\/2011\/11\/foto1.jpg\"><img decoding=\"async\" class=\"aligncenter  wp-image-188\" title=\"foto1\" src=\"http:\/\/cloud.cnpgc.embrapa.br\/controle-do-carrapato-ms\/files\/2011\/11\/foto1-300x214.jpg\" alt=\"\" width=\"399\" height=\"283\" \/><\/a><\/p>\n<p align=\"center\">A ESCOLHA DO CARRAPATICIDA<\/p>\n<p align=\"center\"><a href=\"http:\/\/cloud.cnpgc.embrapa.br\/controle-do-carrapato-ms\/files\/2011\/11\/foto2.jpg\"><img decoding=\"async\" class=\"aligncenter  wp-image-189\" title=\"foto2\" src=\"http:\/\/cloud.cnpgc.embrapa.br\/controle-do-carrapato-ms\/files\/2011\/11\/foto2-300x225.jpg\" alt=\"\" width=\"387\" height=\"288\" \/><\/a><br \/>\nTeste do carrapaticida eficiente (Foto John Furlong)<\/p>\n<ul>\n<li>Popula\u00e7\u00f5es de carrapatos desenvolvem resist\u00eancia<br \/>\nao carrapaticida.<\/li>\n<li>Devem ser feitos testes para a escolha do carrapaticida<br \/>\nadequado para cada propriedade.<\/li>\n<\/ul>\n<p align=\"center\">O CONTROLE ESTRAT\u00c9GICO<\/p>\n<ul>\n<li>S\u00e9rie de cinco ou seis tratamentos co intervalos de 21 dias,<br \/>\nno final do per\u00edodo seco.<\/li>\n<li>Escolha do carrapaticida mais eficiente para combater os<br \/>\ncarrapatos da propriedade (teste carrapaticida)<\/li>\n<li>Tratamento bem feito, com produto na dose recomendada,<br \/>\nbem misturado, e molhando todo o corpo do animal.<\/li>\n<\/ul>\n<p>Maiores informa\u00e7\u00f5es: <a href=\"mailto:cnpgc.carrapatos@embrapa.br\">cnpgc.carrapatos@embrapa.br<\/a><\/p>\n","protected":false},"excerpt":{"rendered":"<p>CICLO DE VIDA Na regi\u00e3o do Brasil-Central a temperatura determina o per\u00edodo de desenvolvimento enquanto o carrapato est\u00e1 na pastagem. No Cerrado, no final da \u00e9poca seca a alta temperatura e a baixa umidade matam muitas larvas na pastagem. Estas s\u00e3o as \u00e9pocas ideais para o controle estrat\u00e9gico. O TRATAMENTO CARRAPATICIDA Somente utilizar produtos aprovados<a class=\"moretag\" href=\"https:\/\/cloud.cnpgc.embrapa.br\/controle-do-carrapato-ms\/informacoes-tecnicas\/\"><span class=\"screen-reader-text\">Read more about Informa\u00e7\u00f5es t\u00e9cnicas<\/span>[&#8230;]<\/a><\/p>\n","protected":false},"author":3,"featured_media":0,"parent":0,"menu_order":0,"comment_status":"closed","ping_status":"open","template":"","meta":{"_exactmetrics_skip_tracking":false,"_exactmetrics_sitenote_active":false,"_exactmetrics_sitenote_note":"","_exactmetrics_sitenote_category":0,"footnotes":""},"class_list":["post-2","page","type-page","status-publish","hentry"],"_links":{"self":[{"href":"https:\/\/cloud.cnpgc.embrapa.br\/controle-do-carrapato-ms\/wp-json\/wp\/v2\/pages\/2","targetHints":{"allow":["GET"]}}],"collection":[{"href":"https:\/\/cloud.cnpgc.embrapa.br\/controle-do-carrapato-ms\/wp-json\/wp\/v2\/pages"}],"about":[{"href":"https:\/\/cloud.cnpgc.embrapa.br\/controle-do-carrapato-ms\/wp-json\/wp\/v2\/types\/page"}],"author":[{"embeddable":true,"href":"https:\/\/cloud.cnpgc.embrapa.br\/controle-do-carrapato-ms\/wp-json\/wp\/v2\/users\/3"}],"replies":[{"embeddable":true,"href":"https:\/\/cloud.cnpgc.embrapa.br\/controle-do-carrapato-ms\/wp-json\/wp\/v2\/comments?post=2"}],"version-history":[{"count":7,"href":"https:\/\/cloud.cnpgc.embrapa.br\/controle-do-carrapato-ms\/wp-json\/wp\/v2\/pages\/2\/revisions"}],"predecessor-version":[{"id":802,"href":"https:\/\/cloud.cnpgc.embrapa.br\/controle-do-carrapato-ms\/wp-json\/wp\/v2\/pages\/2\/revisions\/802"}],"wp:attachment":[{"href":"https:\/\/cloud.cnpgc.embrapa.br\/controle-do-carrapato-ms\/wp-json\/wp\/v2\/media?parent=2"}],"curies":[{"name":"wp","href":"https:\/\/api.w.org\/{rel}","templated":true}]}}