{"id":20,"date":"2011-11-30T16:03:32","date_gmt":"2011-11-30T19:03:32","guid":{"rendered":"http:\/\/cloud.cnpgc.embrapa.br\/controle-do-carrapato-ms\/?page_id=20"},"modified":"2025-02-27T15:52:45","modified_gmt":"2025-02-27T18:52:45","slug":"coleta-e-envio-de-materiais","status":"publish","type":"page","link":"https:\/\/cloud.cnpgc.embrapa.br\/controle-do-carrapato-ms\/coleta-e-envio-de-materiais\/","title":{"rendered":"Coleta e envio de materiais"},"content":{"rendered":"<p style=\"text-align: center;\"><strong>PROCEDIMENTOS PARA COLETA E ENVIO DE CARRAPATOS AO LABORAT\u00d3RIO<\/strong><\/p>\n<p style=\"text-align: left;\">A escolha de um carrapaticida que combata os carrapatos dos bovinos \u00e9 a principal preocupa\u00e7\u00e3o dos produtores. Esta escolha deve ser feita por meio de testes espec\u00edficos, uma vez que, embora os carrapatos sejam da mesma esp\u00e9cie, cada propriedade possui uma popula\u00e7\u00e3o diferente de carrapatos, selecionada de acordo com os produtos qu\u00edmicos com os quais teve contato.<\/p>\n<p style=\"text-align: left;\">Como proceder ent\u00e3o para fazer este teste e garantir a efic\u00e1cia do mesmo:<\/p>\n<ul style=\"text-align: left;\">\n<li>\u00a0Deixe dois ou tr\u00eas animais sem tratamento carrapaticida por pelo menos 25 dias, se na propriedade for usado um produto que age por contato (banho de aspers\u00e3o), ou 35 dias, se o carrapaticida em uso \u00e9 sist\u00eamico do tipo <em>pour on<\/em> ou injet\u00e1vel. Este cuidado \u00e9 necess\u00e1rio para que os carrapatos n\u00e3o contenham res\u00edduo de carrapaticidas;<\/li>\n<li>Colete uma grande quantidade de carrapatos (200 unidades), somente as f\u00eameas grandes e repletas de sangue, conhecidas como \u201cmamonas\u201d ou \u201cjabuticabas\u201d. A melhor hora para coleta \u00e9 no per\u00edodo da manh\u00e3 onde os animais possuem a maior infesta\u00e7\u00e3o por este tipo de carrapato;<\/li>\n<\/ul>\n<table class=\" alignleft\" border=\"0\" width=\"400\" align=\"center\">\n<tbody>\n<tr>\n<td height=\"304\">\n<h5 style=\"text-align: left;\"><a href=\"http:\/\/cloud.cnpgc.embrapa.br\/controle-do-carrapato-ms\/files\/2011\/11\/carrapato.jpg\"><img fetchpriority=\"high\" decoding=\"async\" class=\"aligncenter wp-image-187\" title=\"carrapato\" src=\"http:\/\/cloud.cnpgc.embrapa.br\/controle-do-carrapato-ms\/files\/2011\/11\/carrapato-300x214.jpg\" alt=\"\" width=\"373\" height=\"265\" srcset=\"https:\/\/cloud.cnpgc.embrapa.br\/controle-do-carrapato-ms\/files\/2011\/11\/carrapato-300x214.jpg 300w, https:\/\/cloud.cnpgc.embrapa.br\/controle-do-carrapato-ms\/files\/2011\/11\/carrapato.jpg 350w\" sizes=\"(max-width: 373px) 100vw, 373px\" \/><\/a>\u00a0\u00a0 Foto: Renato Andreotti<br \/>F\u00eamea ingurgitada de <em>Rhipicephalus (Boophilus) microplus<\/em>, tele\u00f3gina.<\/h5>\n<\/td>\n<\/tr>\n<\/tbody>\n<\/table>\n<ul style=\"text-align: left;\">\n<li>Acondicione em potes de pl\u00e1stico ou caixas de papel\u00e3o, com orif\u00edcios que permitam a respira\u00e7\u00e3o dos carrapatos, sem que ocorra fuga destes;<\/li>\n<li>Identifique o material, informando nome do propriet\u00e1rio, propriedade, nome do assentamento, munic\u00edpio da propriedade, endere\u00e7o e telefone para envio dos resultados.<\/li>\n<\/ul>\n<p style=\"text-align: left;\">\u00c9 importante que o material seja enviado no in\u00edcio da semana (segunda \u00e0 quarta &#8211; feira) e que o tempo entre a coleta e o envio seja o menor poss\u00edvel. O ideal \u00e9 coletar e enviar no mesmo dia, mas pode ser feito no dia seguinte, mantendo os carrapatos, devidamente acondicionados, na parte inferior da geladeira. Para o envio n\u00e3o \u00e9 necess\u00e1rio colocar gelo no material.<br \/>Com 35 a 40 dias os resultados est\u00e3o prontos e s\u00e3o v\u00e1lidos apenas para a propriedade onde foi realizada a coleta dos carrapatos. O ideal \u00e9 que o teste seja realizado anualmente, de prefer\u00eancia nos \u00faltimos meses do ano, para que na \u00e9poca da implanta\u00e7\u00e3o de um controle estrat\u00e9gico saiba-se o melhor produto a ser utilizado.<br \/>No entanto, a determina\u00e7\u00e3o do carrapaticida mais adequado para uma propriedade deve ser acompanhada de informa\u00e7\u00f5es sobre a melhor \u00e9poca para se combater o carrapato, como preparar e aplicar o carrapaticida de forma adequada. Com estes tr\u00eas procedimentos: determina\u00e7\u00e3o do produto apropriado, aplica\u00e7\u00e3o no momento certo e de forma correta \u00e9 poss\u00edvel manter os carrapatos sob controle, reduzindo os preju\u00edzos causados por estes parasitas.<\/p>\n<div style=\"text-align: center;\" align=\"center\">\n<p style=\"text-align: left;\"><a href=\"https:\/\/cloud.cnpgc.embrapa.br\/controle-do-carrapato-ms\/files\/2025\/02\/FICHADEIDENTIFICACAODAAMOSTRA4.doc\">FICHA DE IDENTIFICA\u00c7\u00c3O DA AMOSTRA<\/a><br \/>(Baixe a Ficha e envie com a amostra)<\/p>\n<p style=\"text-align: left;\">E-mail para contato: <a href=\"mailto:cnpgc.carrapatos@embrapa.br\">cnpgc.carrapatos@embrapa.br<\/a><\/p>\n<\/div>\n\n\n<p><\/p>\n","protected":false},"excerpt":{"rendered":"<p>PROCEDIMENTOS PARA COLETA E ENVIO DE CARRAPATOS AO LABORAT\u00d3RIO A escolha de um carrapaticida que combata os carrapatos dos bovinos \u00e9 a principal preocupa\u00e7\u00e3o dos produtores. Esta escolha deve ser feita por meio de testes espec\u00edficos, uma vez que, embora os carrapatos sejam da mesma esp\u00e9cie, cada propriedade possui uma popula\u00e7\u00e3o diferente de carrapatos, selecionada<a class=\"moretag\" href=\"https:\/\/cloud.cnpgc.embrapa.br\/controle-do-carrapato-ms\/coleta-e-envio-de-materiais\/\"><span class=\"screen-reader-text\">Read more about Coleta e envio de materiais<\/span>[&#8230;]<\/a><\/p>\n","protected":false},"author":3,"featured_media":0,"parent":0,"menu_order":0,"comment_status":"closed","ping_status":"open","template":"","meta":{"_exactmetrics_skip_tracking":false,"_exactmetrics_sitenote_active":false,"_exactmetrics_sitenote_note":"","_exactmetrics_sitenote_category":0,"footnotes":""},"class_list":["post-20","page","type-page","status-publish","hentry"],"_links":{"self":[{"href":"https:\/\/cloud.cnpgc.embrapa.br\/controle-do-carrapato-ms\/wp-json\/wp\/v2\/pages\/20","targetHints":{"allow":["GET"]}}],"collection":[{"href":"https:\/\/cloud.cnpgc.embrapa.br\/controle-do-carrapato-ms\/wp-json\/wp\/v2\/pages"}],"about":[{"href":"https:\/\/cloud.cnpgc.embrapa.br\/controle-do-carrapato-ms\/wp-json\/wp\/v2\/types\/page"}],"author":[{"embeddable":true,"href":"https:\/\/cloud.cnpgc.embrapa.br\/controle-do-carrapato-ms\/wp-json\/wp\/v2\/users\/3"}],"replies":[{"embeddable":true,"href":"https:\/\/cloud.cnpgc.embrapa.br\/controle-do-carrapato-ms\/wp-json\/wp\/v2\/comments?post=20"}],"version-history":[{"count":27,"href":"https:\/\/cloud.cnpgc.embrapa.br\/controle-do-carrapato-ms\/wp-json\/wp\/v2\/pages\/20\/revisions"}],"predecessor-version":[{"id":915,"href":"https:\/\/cloud.cnpgc.embrapa.br\/controle-do-carrapato-ms\/wp-json\/wp\/v2\/pages\/20\/revisions\/915"}],"wp:attachment":[{"href":"https:\/\/cloud.cnpgc.embrapa.br\/controle-do-carrapato-ms\/wp-json\/wp\/v2\/media?parent=20"}],"curies":[{"name":"wp","href":"https:\/\/api.w.org\/{rel}","templated":true}]}}