{"id":873,"date":"2024-03-11T15:14:50","date_gmt":"2024-03-11T18:14:50","guid":{"rendered":"https:\/\/cloud.cnpgc.embrapa.br\/controle-do-carrapato-ms\/?page_id=873"},"modified":"2025-02-27T15:49:25","modified_gmt":"2025-02-27T18:49:25","slug":"carrapato-do-boi","status":"publish","type":"page","link":"https:\/\/cloud.cnpgc.embrapa.br\/controle-do-carrapato-ms\/carrapato-do-boi\/","title":{"rendered":"Carrapato-do-boi"},"content":{"rendered":"\n<p>(<em>Rhipicephalus microplus<\/em>)<\/p>\n\n\n\n<p><strong>2025<\/strong><\/p>\n\n\n\n<ul class=\"wp-block-list\">\n<li><a href=\"https:\/\/cloud.cnpgc.embrapa.br\/controle-do-carrapato-ms\/files\/2025\/02\/Andreotti-Buiatria.pdf\" data-type=\"link\" data-id=\"https:\/\/cloud.cnpgc.embrapa.br\/controle-do-carrapato-ms\/files\/2025\/02\/Andreotti-Buiatria.pdf\">Controle dos carrrapatos em bovinos no Brasil<\/a><\/li>\n<\/ul>\n\n\n\n<p><strong>2024<\/strong><\/p>\n\n\n\n<p><\/p>\n\n\n\n<ul class=\"wp-block-list\">\n<li><a href=\"https:\/\/www.sciencedirect.com\/science\/article\/pii\/S0304401724001833?via%3Dihub\" data-type=\"link\" data-id=\"https:\/\/www.sciencedirect.com\/science\/article\/pii\/S0304401724001833?via%3Dihub\">Peptide-based immunoprotection against Rhipicephalus microplus tick<\/a><\/li>\n\n\n\n<li><a href=\"https:\/\/doi.org\/10.1016\/j.vprsr.2023.100950\" data-type=\"link\" data-id=\"https:\/\/cloud.cnpgc.embrapa.br\/controle-do-carrapato-ms\/files\/2025\/02\/Lone-Tick-Andreotti.pdf\">Control of Rhipicephalus microplus tick larvae in the field based on distancing from the host &#8211; Lone tick system<\/a><\/li>\n\n\n\n<li><a href=\"https:\/\/doi.org\/10.1016\/j.parint.2024.102912\" data-type=\"link\" data-id=\"https:\/\/doi.org\/10.1016\/j.parint.2024.102912\">Babesia bigemina (smith and Kilbourne, 1893) detection in Amblyomma sculptum (Berlese, 1888) ticks in the Mato Grosso do Sul state, Brazil.<\/a><\/li>\n\n\n\n<li><a href=\"https:\/\/cloud.cnpgc.embrapa.br\/controle-do-carrapato-ms\/files\/2025\/02\/Jacqueline-Contemporanea.pdf\" data-type=\"link\" data-id=\"https:\/\/cloud.cnpgc.embrapa.br\/controle-do-carrapato-ms\/files\/2025\/02\/Jacqueline-Contemporanea.pdf\">Impacto econ\u00f4mico do carrapato-do-boi na pecu\u00e1ria em transforma\u00e7\u00e3o no Brasil<\/a><\/li>\n\n\n\n<li><a href=\"https:\/\/cloud.cnpgc.embrapa.br\/controle-do-carrapato-ms\/files\/2025\/02\/jacqueline-TTBD.pdf\" data-type=\"link\" data-id=\"https:\/\/cloud.cnpgc.embrapa.br\/controle-do-carrapato-ms\/files\/2025\/02\/jacqueline-TTBD.pdf\">Profile of cattle breed sensitivity to the tick Rhipicephalus microplus<\/a><\/li>\n<\/ul>\n\n\n\n<p><strong>2023<\/strong><\/p>\n\n\n\n<ul class=\"wp-block-list\">\n<li><a href=\"https:\/\/cloud.cnpgc.embrapa.br\/controle-do-carrapato-ms\/files\/2023\/10\/COT-167-CNPGC-Controle-do-carrapato-bovinos-1.pdf\" target=\"_blank\" rel=\"noreferrer noopener\">Controle do carrapato dos bovinos (Rhipicephalus microplus) por meio do distanciamento das larvas na pastagem no bioma Cerrado: Sistema Lone Tick<\/a><\/li>\n\n\n\n<li>&nbsp;<a href=\"https:\/\/www.tandfonline.com\/doi\/full\/10.1080\/01647954.2023.2204094\" target=\"_blank\" rel=\"noreferrer noopener\">Full article: Effect of nootkatone on the in vitro mortality of the ticks Rhipicephalus microplus and Amblyomma sculptum (Acari: Ixodidae) (tandfonline.com)<\/a><\/li>\n<\/ul>\n\n\n\n<p><strong>2022<\/strong><\/p>\n\n\n\n<ul class=\"wp-block-list\">\n<li><a href=\"https:\/\/parasitesandvectors.biomedcentral.com\/articles\/10.1186\/s13071-022-05513-2\" target=\"_blank\" rel=\"noreferrer noopener\">Seasonal fluctuations of Babesia bigemina and Rhipicephalus microplus in Brangus and Nellore cattle reared in the Cerrado biome, Brazil | Parasites &amp; Vectors | Full Text (biomedcentral.com)<\/a><\/li>\n\n\n\n<li><a href=\"https:\/\/link.springer.com\/article\/10.1007\/s11686-022-00611-8\" target=\"_blank\" rel=\"noreferrer noopener\">Control Strategies for the Tick Rhipicephalus Microplus (Canestrini, 1888) on Cattle: Economic Evaluation and Report of a Multidrug-Resistant Strain | SpringerLink<\/a><\/li>\n<\/ul>\n\n\n\n<p><strong>2021<\/strong><\/p>\n\n\n\n<ul class=\"wp-block-list\">\n<li><a href=\"https:\/\/www.embrapa.br\/busca-de-publicacoes\/-\/publicacao\/1136240\/carrapatos-com-importancia-em-saude-unica-e-producao-animal-no-brasil\">Carrapatos com import\u00e2ncia em Sa\u00fade \u00danica e produ\u00e7\u00e3o animal no Brasil<\/a><\/li>\n\n\n\n<li><a href=\"https:\/\/doi.org\/10.1016\/j.agsy.2021.103247\">Bioeconomic simulation of Rhipicephalus microplus infestation in different beef cattle production systems in the Brazilian Cerrado.<\/a><\/li>\n\n\n\n<li><a href=\"https:\/\/doi.org\/10.11158\/saa.26.5.10\">Sensitivity of Senepol and Caracu breeds to parasitism by Rhipicephalus microplus.<\/a><\/li>\n\n\n\n<li><a href=\"https:\/\/seer.ufu.br\/index.php\/biosciencejournal\/article\/view\/49905\" target=\"_blank\" rel=\"noreferrer noopener\">RA92A recombinant protein as immunogen to protect cattle against tick challenge in Brazil and Uganda | Bioscience Journal (ufu.br)<\/a><\/li>\n<\/ul>\n\n\n\n<p><strong>2020<\/strong><\/p>\n\n\n\n<ul class=\"wp-block-list\">\n<li><a href=\"https:\/\/doi.org\/10.1007\/s10493-020-00576-1\">Effect of low temperature and relative humidity on reproduction and survival of the tick&nbsp;<em>Rhipicephalus microplus<\/em>.&nbsp;<\/a><\/li>\n\n\n\n<li><a href=\"https:\/\/doi.org\/10.1007\/s10493-020-00514-1\">Correlation between&nbsp;<em>Rhipicephalus microplus<\/em>&nbsp;ticks and&nbsp;<em>Anaplasma marginale<\/em>&nbsp;infection in various cattle breeds in Brazil.&nbsp;<\/a><\/li>\n\n\n\n<li><a href=\"https:\/\/doi.org\/10.3389\/fcimb.2019.00477\">Gene Expression in the Salivary Gland of Rhipicephalus (Boophilus) microplus Fed on Tick-Susceptible and Tick-Resistant Hosts.&nbsp;<\/a><\/li>\n\n\n\n<li><a href=\"https:\/\/doi.org\/10.1016\/j.prevetmed.2019.104837\">Evidence of acaricide resistance in different life stages of Amblyomma mixtum and Rhipicephalus microplus (Acari: Ixodidae) collected from the same farm in the state of Veracruz, Mexico.&nbsp;<\/a><\/li>\n\n\n\n<li><a href=\"https:\/\/seer.ufu.br\/index.php\/biosciencejournal\/article\/view\/49905.\">RA92A recombinant protein as immunogen to protect cattle against tick challenge in Brazil and Uganda.&nbsp;<\/a><\/li>\n<\/ul>\n\n\n\n<p><strong>2019<\/strong><\/p>\n\n\n\n<ul class=\"wp-block-list\">\n<li><a href=\"https:\/\/www.embrapa.br\/busca-de-publicacoes\/-\/publicacao\/1113230\/fazendo-o-certo-prevenindo-a-febre-maculosa-brasileira\" target=\"_blank\" rel=\"noreferrer noopener\">Fazendo Certo! Prevenindo a Febre Maculosa Brasileira<\/a><\/li>\n\n\n\n<li><strong>LIVRO:&nbsp;<\/strong><a href=\"https:\/\/cloud.cnpgc.embrapa.br\/controle-do-carrapato-ms\/files\/2019\/02\/Controle-Carrapatos-2019-COMPLETO-EBOOK.pdf\">Carrapatos&nbsp;na Cadeia Produtiva de Bovinos<\/a><\/li>\n\n\n\n<li><a href=\"https:\/\/biotaxa.org\/saa\/article\/view\/saa.24.2.10\">Effects of cypermethrin, chlorpyrifos and piperonyl butoxide-based pour-on and spray acaricides on controlling the tick Rhipicephalus microplus<\/a><\/li>\n\n\n\n<li><a href=\"https:\/\/www.embrapa.br\/gado-de-corte\/busca-de-publicacoes\/-\/publicacao\/1101878\/cattle-tick-infestation-in-brangus-cattle-raised-with-nellore-in-central-brazil\">Cattle tick infestation in Brangus cattle raised with Nellore in central Brazil<\/a><\/li>\n\n\n\n<li><a href=\"https:\/\/doi.org\/10.1007\/s10493-019-00446-5\">Calvano, M.P.C.A., Brumatti, R.C., Garcia, M.V.&nbsp;<em>et al.<\/em>&nbsp;Economic efficiency of&nbsp;<em>Rhipicephalus microplus<\/em>&nbsp;control and effect on beef cattle performance in the Brazilian Cerrado.&nbsp;<em>Exp Appl Acarol<\/em>&nbsp;<strong>79,&nbsp;<\/strong>459\u2013471 (2019)<\/a><\/li>\n\n\n\n<li><a href=\"https:\/\/doi.org\/10.1007\/s10493-019-00404-1\">Junior, P.B., Rodrigues, V.S., Garcia, M.V.&nbsp;<em>et al.<\/em>&nbsp;Economic performance evaluation of Brangus and Nellore cattle breed naturally infested with&nbsp;<em>Rhipicephalus microplus<\/em>&nbsp;in an extensive production system in Central-West Brazil.&nbsp;<em>Exp Appl Acarol<\/em>&nbsp;<strong>78,&nbsp;<\/strong>565\u2013577 (2019)<\/a><\/li>\n\n\n\n<li><a href=\"https:\/\/doi.org\/10.11158\/saa.24.2.10\">Higa et al 2019. Effects of cypermethrin, chlorpyrifos and piperonyl butoxide-based pour-on and spray acaricides on controlling the tick Rhipicephalus microplus<\/a><\/li>\n<\/ul>\n\n\n\n<p><strong>2018<\/strong><\/p>\n\n\n\n<ul class=\"wp-block-list\">\n<li><a href=\"https:\/\/www.bioscience.org\/2018\/v10s\/af\/504\/fulltext.php?bframe=PDF\">Advances in tick vaccinology in Brazil: from&nbsp;gene expression to immunoprotection<\/a><\/li>\n\n\n\n<li><a href=\"https:\/\/www.embrapa.br\/gado-de-corte\/busca-de-publicacoes\/-\/publicacao\/1101911\/efficacy-profile-of-cypermethrin-and-chlorpyrifos-based-acaricides-on-rhipicephalus-microplus-control-on-cattle-in-the-rearing-phase-naturally-infested-and-exposed-to-tick-fever-agents-in-central-brazil\">Efficacy profile of Cypermethrin and Chlorpyrifos based acaricides on Rhipicephalus microplus control on cattle in the rearing phase, naturally infested and exposed to tick fever agents in central Brazil.<\/a><\/li>\n\n\n\n<li><a href=\"https:\/\/www.embrapa.br\/gado-de-corte\/busca-de-publicacoes\/-\/publicacao\/1101907\/molecular-characterization-of-the-recombinant-protein-rmlti-bmcg-ltb-protective-immunity-against-rhipicephalus-boophilus-microplus\">Molecular characterization of the recombinant protein RmLTI-BmCG-LTB: Protective immunity against Rhipicephalus (Boophilus) microplus<\/a><\/li>\n\n\n\n<li><a href=\"https:\/\/www.embrapa.br\/gado-de-corte\/busca-de-publicacoes\/-\/publicacao\/1101882\/biological-parameters-of-amblyomma-coelebs-neumann-1906-acari-ixodidae-under-experimental-conditions\">Biological parameters of Amblyomma coelebs Neumann, 1906 (Acari: Ixodidae) under experimental conditions.<\/a><\/li>\n\n\n\n<li><a href=\"http:\/\/www.uel.br\/revistas\/uel\/index.php\/semagrarias\/article\/view\/30188\/23579\">Infesta\u00e7\u00e3o de carrapatos em bovinos Brangus criados com Nelore no Brasil central<\/a><\/li>\n\n\n\n<li><a href=\"https:\/\/www.embrapa.br\/gado-de-corte\/busca-de-publicacoes\/-\/publicacao\/1101870\/new-records-of-tick-associated-spotted-fever-group-rickettsia-in-an-amazon-savannah-ecotone-brazil\">New records of tick-associated spotted fever group Rickettsia in an Amazon-Savannah ecotone, Brazil.<\/a><\/li>\n\n\n\n<li><a href=\"https:\/\/www.embrapa.br\/gado-de-corte\/busca-de-publicacoes\/-\/publicacao\/1101860\/ticks-on-didelphis-albiventris-from-a-cerrado-area-in-the-midwestern-brazil\">Ticks on Didelphis albiventris from a Cerrado area in the Midwestern Brazil<\/a><\/li>\n\n\n\n<li><a href=\"https:\/\/www.embrapa.br\/gado-de-corte\/busca-de-publicacoes\/-\/publicacao\/1101848\/wildlife-species-ixodid-fauna-and-new-host-records-for-ticks-in-an-amazon-forest-area-rondonia-brazil\">Wildlife species, Ixodid fauna and new host records for ticks in an Amazon forest area<\/a><\/li>\n\n\n\n<li><a href=\"http:\/\/www.seer.ufu.br\/index.php\/biosciencejournal\/article\/view\/39756\/22657\">Free-living ticks in a Cerrado fragment, state of Mato Grosso do Sul, Brazil<\/a><\/li>\n\n\n\n<li><a href=\"https:\/\/www.embrapa.br\/gado-de-corte\/busca-de-publicacoes\/-\/publicacao\/1101841\/analysis-of-bm86-conserved-epitopes-is-a-global-vaccine-against-cattle-tick-rhipicephalus-microplus-possible\">Analysis of Bm86 conserved epitopes: is a global vaccine against Cattle Tick Rhipicephalus microplus possible?<\/a><\/li>\n\n\n\n<li><a href=\"https:\/\/www.embrapa.br\/gado-de-corte\/busca-de-publicacoes\/-\/publicacao\/1101941\/in-vitro-efficacy-of-metarhizium-anisopliae-sensu-lato-against-unfed-amblyomma-parvum-acari-ixodidae\">In vitro efficacy of Metarhizium anisopliae sensu lato against unfed Amblyomma parvum (Acari: Ixodidae).<\/a><\/li>\n\n\n\n<li><a href=\"https:\/\/www.embrapa.br\/gado-de-corte\/busca-de-publicacoes\/-\/publicacao\/1087257\/life-cycle-of-amblyomma-mixtum-acari-ixodidae-parasitizing-different-hosts-under-laboratory-conditions\">Life cycle of Amblyomma mixtum (Acari: Ixodidae) parasitizing different hosts under laboratory conditions<\/a><\/li>\n\n\n\n<li><a href=\"https:\/\/www.embrapa.br\/gado-de-corte\/busca-de-publicacoes\/-\/publicacao\/1080411\/ixodidae-fauna-of-domestic-dogs-in-parana-southern-brazil\">Ixodidae fauna of domestic dogs in Parana, southern Brazil.<\/a><\/li>\n<\/ul>\n\n\n\n<p><strong>2017<\/strong><\/p>\n\n\n\n<ul class=\"wp-block-list\">\n<li><a href=\"https:\/\/www.embrapa.br\/gado-de-corte\/busca-de-publicacoes\/-\/publicacao\/1080411\/ixodidae-fauna-of-domestic-dogs-in-parana-southern-brazil\">Ixodidae fauna of domestic dogs in Parana, southern Brazil.<\/a><\/li>\n\n\n\n<li><a href=\"https:\/\/www.embrapa.br\/gado-de-corte\/busca-de-publicacoes\/-\/publicacao\/1087257\/life-cycle-of-amblyomma-mixtum-acari-ixodidae-parasitizing-different-hosts-under-laboratory-conditions\">Life cycle of Amblyomma mixtum (Acari: Ixodidae) parasitizing different hosts under laboratory conditions<\/a><\/li>\n<\/ul>\n\n\n\n<p><strong>2016<\/strong><\/p>\n\n\n\n<ul class=\"wp-block-list\">\n<li><a href=\"http:\/\/cloud.cnpgc.embrapa.br\/controle-do-carrapato-ms\/files\/2011\/11\/DOC214.pdf\">Proposta de controle de carrapatos para o Brasil Central em sistemas de produ\u00e7\u00e3o de bovinos associados ao manejo nutricional no campo<\/a><\/li>\n\n\n\n<li><a href=\"http:\/\/cloud.cnpgc.embrapa.br\/controle-do-carrapato-ms\/files\/2016\/11\/Barbara_RBPV.pdf\">New insights from molecular characterization of the tick Rhipicephalus (Boophilus) microplus in Brazil<\/a><\/li>\n\n\n\n<li><a href=\"http:\/\/cloud.cnpgc.embrapa.br\/controle-do-carrapato-ms\/files\/2016\/11\/Higa_RBPV_resist%C3%AAncia.pdf\">Evaluation of Rhipicephalus (Boophilus) microplus &nbsp;(Acari: Ixodidae) resistance to different acaricide formulations using samples from Brazilian properties<\/a><\/li>\n<\/ul>\n\n\n\n<p><strong>2015<\/strong><\/p>\n\n\n\n<ul class=\"wp-block-list\">\n<li><a href=\"http:\/\/cloud.cnpgc.embrapa.br\/controle-do-carrapato-ms\/files\/2016\/11\/COT_132.pdf\">Carrapato-estrela (Amblyomma sculptum): ecologia, biologia, controle e import\u00e2ncia<\/a><\/li>\n\n\n\n<li><a href=\"http:\/\/cloud.cnpgc.embrapa.br\/controle-do-carrapato-ms\/files\/2011\/11\/COT_130_carrapato_ovelhas.pdf\">Carrapatos em ovelhas deslanadas e suas implica\u00e7\u00f5es<\/a><\/li>\n\n\n\n<li><a href=\"http:\/\/cloud.cnpgc.embrapa.br\/controle-do-carrapato-ms\/files\/2016\/11\/Aguirre_formula_Journal_Parasitology_A1.pdf\">Formula to evaluate efficacy of vaccines and systemic substances against three-host ticks<\/a><\/li>\n\n\n\n<li><a href=\"http:\/\/cloud.cnpgc.embrapa.br\/controle-do-carrapato-ms\/files\/2016\/11\/Andreotti_Pharmaceutica_Difly_B5.pdf\">Diflubenzuron Effectiveness in Cattle Tick ( Rhipicephalus Boophilus microplus ) Control in Field Conditions<\/a><\/li>\n\n\n\n<li><a href=\"http:\/\/cloud.cnpgc.embrapa.br\/controle-do-carrapato-ms\/files\/2016\/11\/Higa_revis%C3%A3o_B4.pdf\">Acaricide Resistance Status of the Rhipicephalus microplus in Brazil: A Literature Overview<\/a><\/li>\n\n\n\n<li>&nbsp;<a href=\"http:\/\/cloud.cnpgc.embrapa.br\/controle-do-carrapato-ms\/files\/2015\/03\/Successful-Feeding-of-Amblyomma-coelebs-Nymphs-on-Humans-in-Brazil-Skin-Reactions-to-Parasitism.pdf\">Successful Feeding of Amblyomma coelebs (Acari: Ixodidae)&nbsp;Nymphs on Humans in Brazil: Skin Reactions to Parasitism<\/a><\/li>\n<\/ul>\n\n\n\n<p><strong>2014<\/strong><\/p>\n\n\n\n<ul class=\"wp-block-list\">\n<li><a href=\"http:\/\/cloud.cnpgc.embrapa.br\/controle-do-carrapato-ms\/files\/2015\/03\/Contributions-of-the-hair-sheep-breed-Santa-Ines-as-a-maintenance-host-for-R.-microplus-in-Brazil.pdf\">Contributions of the hair sheep breed Santa Ines&nbsp;as a maintenance host for Rhipicephalus&nbsp;(Boophilus) microplus (Acari: Ixodidae) in Brazil<\/a><\/li>\n\n\n\n<li><a href=\"http:\/\/cloud.cnpgc.embrapa.br\/controle-do-carrapato-ms\/files\/2015\/03\/Grisi-2014-Reassessment-of-the-potential-economic-impact-of-cattle-parasites-in-Brazil.pdf\">Reassessment of the potential economic&nbsp;impact of cattle parasites in Brazil<\/a><\/li>\n\n\n\n<li><a href=\"http:\/\/cloud.cnpgc.embrapa.br\/controle-do-carrapato-ms\/files\/2015\/03\/Protective-action-of-T.-minuta-essential-oil-in-the-control-of-R.-microplus-in-a-cattle-pen-trial.pdf\">Protective action of Tagetes minuta (Asteraceae) essential oilin the control of Rhipicephalus microplus (Canestrini, 1887)(Acari: Ixodidae) in a cattle pen trial<\/a><\/li>\n\n\n\n<li><a href=\"http:\/\/cloud.cnpgc.embrapa.br\/controle-do-carrapato-ms\/files\/2015\/03\/R.-microplus-aquaporin-as-an-effective-vaccine-antingen-to-protect-against-cattle-tick-infestations.pdf\">Rhipicephalus (Boophilus) microplus aquaporin as&nbsp;an effective vaccine antigen to protect against&nbsp;cattle tick infestations<\/a><\/li>\n\n\n\n<li><a href=\"http:\/\/cloud.cnpgc.embrapa.br\/controle-do-carrapato-ms\/files\/2015\/03\/Spotted-fever-group-Rickettsia-in-Amblyomma-dubitatum-tick-from-the-urban-area-of-Campo-Grande-MS-Brazil.pdf\">Spotted fever group Rickettsia in Amblyomma dubitatum tick from the&nbsp;urban area of Campo Grande, Mato Grosso do Sul, Brazil<\/a><\/li>\n\n\n\n<li><a href=\"http:\/\/cloud.cnpgc.embrapa.br\/controle-do-carrapato-ms\/files\/2015\/03\/Tagetes-minuta-Asteraceae-as-a-Potential-New-Alternative-for-the-Mitigation-of-Tick-Infestation.pdf\">Tagetes minuta Linnaeus (Asteraceae) as a Potential New Alternative for&nbsp;the Mitigation of Tick Infestation<\/a><\/li>\n<\/ul>\n\n\n\n<p><strong>2011<\/strong><\/p>\n\n\n\n<ul class=\"wp-block-list\">\n<li><a href=\"http:\/\/cloud.cnpgc.embrapa.br\/controle-do-carrapato-ms\/files\/2011\/11\/COT123.pdf\">Atualiza\u00e7\u00e3o sobre o Controle estrat\u00e9gico do Carrapato-do-boi<\/a><\/li>\n\n\n\n<li><a href=\"http:\/\/cloud.cnpgc.embrapa.br\/controle-do-carrapato-ms\/files\/2011\/11\/BP25.pdf\">Diagn\u00f3stico da Resist\u00eancia do Carrapato-do-boi a carrapaticidas em Mato Grosso do Sul (Boletim de Pesquisa e Desenvolvimento n\u00ba 25)<\/a><\/li>\n\n\n\n<li><a href=\"http:\/\/cloud.cnpgc.embrapa.br\/controle-do-carrapato-ms\/files\/2011\/11\/04JoaoRicardoRESISTENCIA.pdf\">Resist\u00eancia do carrapato bovino Boophilus microplusa carrapaticidas: Diagn\u00f3stico de situa\u00e7\u00e3o e estrat\u00e9gias de controle<\/a><\/li>\n\n\n\n<li><a href=\"http:\/\/cloud.cnpgc.embrapa.br\/controle-do-carrapato-ms\/files\/2011\/11\/01RenatoControle_do_carrapato_dos_bovinos_no_MS_2008.pdf\">Controle do carrapato-dos-bovinos&nbsp;<em>Rhipicephalus<\/em>&nbsp;(Boophilus)&nbsp;<em>microplus<\/em><\/a><\/li>\n\n\n\n<li><a href=\"http:\/\/cloud.cnpgc.embrapa.br\/controle-do-carrapato-ms\/files\/2011\/11\/06AnaKarla-Monitoramento-da-resist%C3%AAncia-de-popula%C3%A7%C3%B5es-de-carrapatos-Riphicephalus.pdf\">Monitoramento da resist\u00eancia de popula\u00e7\u00f5es de carrapatos&nbsp;<em>Riphicephalus<\/em>&nbsp;(Boophilus)&nbsp;<em>microplus<\/em>&nbsp;a carrapaticidas em bovinos nas bacias leiteiras do Estado de Mato Grosso do Sul<\/a><\/li>\n\n\n\n<li><a href=\"http:\/\/cloud.cnpgc.embrapa.br\/controle-do-carrapato-ms\/files\/2011\/11\/DOC1801.pdf\">Situa\u00e7\u00e3o atual da resist\u00eancia do carrapato-do-boi&nbsp;<em>Rhipicephalus<\/em>&nbsp;(Boophilus)&nbsp;<em>microplus<\/em>&nbsp;aos acaricidas no Brasil (Documentos n\u00ba 180)<\/a><\/li>\n\n\n\n<li><a href=\"http:\/\/cloud.cnpgc.embrapa.br\/controle-do-carrapato-ms\/files\/2011\/11\/BP281.pdf\">Rela\u00e7\u00e3o entre a comercializa\u00e7\u00e3o e a efici\u00eancia de acaricidas no Estado de Mato Grosso do Sul (Boletim de Pesquisa n\u00ba 28)&nbsp;<\/a><\/li>\n\n\n\n<li><a href=\"http:\/\/cloud.cnpgc.embrapa.br\/controle-do-carrapato-ms\/files\/2011\/11\/DOC193.pdf\">Import\u00e2ncia dos carrapatos na transmiss\u00e3o da Febre MaculosaBrasileira (Documentos n\u00ba 193)<\/a><\/li>\n\n\n\n<li><a href=\"http:\/\/cloud.cnpgc.embrapa.br\/controle-do-carrapato-ms\/files\/2011\/11\/DOC196.pdf\">Esp\u00e9cies de carrapatos relatadas no Estado de Mato Grosso do Sul (Documentos n\u00ba 196)<\/a><\/li>\n<\/ul>\n","protected":false},"excerpt":{"rendered":"<p>(Rhipicephalus microplus) 2025 2024 2023 2022 2021 2020 2019 2018 2017 2016 2015 2014 2011<\/p>\n","protected":false},"author":3,"featured_media":0,"parent":0,"menu_order":0,"comment_status":"closed","ping_status":"closed","template":"","meta":{"_exactmetrics_skip_tracking":false,"_exactmetrics_sitenote_active":false,"_exactmetrics_sitenote_note":"","_exactmetrics_sitenote_category":0,"footnotes":""},"class_list":["post-873","page","type-page","status-publish","hentry"],"_links":{"self":[{"href":"https:\/\/cloud.cnpgc.embrapa.br\/controle-do-carrapato-ms\/wp-json\/wp\/v2\/pages\/873","targetHints":{"allow":["GET"]}}],"collection":[{"href":"https:\/\/cloud.cnpgc.embrapa.br\/controle-do-carrapato-ms\/wp-json\/wp\/v2\/pages"}],"about":[{"href":"https:\/\/cloud.cnpgc.embrapa.br\/controle-do-carrapato-ms\/wp-json\/wp\/v2\/types\/page"}],"author":[{"embeddable":true,"href":"https:\/\/cloud.cnpgc.embrapa.br\/controle-do-carrapato-ms\/wp-json\/wp\/v2\/users\/3"}],"replies":[{"embeddable":true,"href":"https:\/\/cloud.cnpgc.embrapa.br\/controle-do-carrapato-ms\/wp-json\/wp\/v2\/comments?post=873"}],"version-history":[{"count":10,"href":"https:\/\/cloud.cnpgc.embrapa.br\/controle-do-carrapato-ms\/wp-json\/wp\/v2\/pages\/873\/revisions"}],"predecessor-version":[{"id":913,"href":"https:\/\/cloud.cnpgc.embrapa.br\/controle-do-carrapato-ms\/wp-json\/wp\/v2\/pages\/873\/revisions\/913"}],"wp:attachment":[{"href":"https:\/\/cloud.cnpgc.embrapa.br\/controle-do-carrapato-ms\/wp-json\/wp\/v2\/media?parent=873"}],"curies":[{"name":"wp","href":"https:\/\/api.w.org\/{rel}","templated":true}]}}