{"id":25,"date":"2016-08-25T12:40:27","date_gmt":"2016-08-25T12:40:27","guid":{"rendered":"http:\/\/cloud.cnpgc.embrapa.br\/controlpec\/?page_id=25"},"modified":"2016-08-25T12:44:46","modified_gmt":"2016-08-25T12:44:46","slug":"contato-1","status":"publish","type":"page","link":"https:\/\/cloud.cnpgc.embrapa.br\/controlpec\/contato-1\/","title":{"rendered":"Contato"},"content":{"rendered":"<p style=\"text-align: center;\">Envie suas d\u00favidas e sugest\u00f5es para o nosso SAC no link abaixo.<\/p>\n<p style=\"text-align: center;\"><a href=\"https:\/\/www.embrapa.br\/fale-conosco\">Servi\u00e7o de Atendimento ao Cidad\u00e3o \u2013 SAC<\/a><\/p>\n","protected":false},"excerpt":{"rendered":"<p>Envie suas d\u00favidas e sugest\u00f5es para o nosso SAC no link abaixo. Servi\u00e7o de Atendimento ao Cidad\u00e3o \u2013 SAC<\/p>\n","protected":false},"author":2,"featured_media":0,"parent":0,"menu_order":0,"comment_status":"closed","ping_status":"closed","template":"","meta":{"_exactmetrics_skip_tracking":false,"_exactmetrics_sitenote_active":false,"_exactmetrics_sitenote_note":"","_exactmetrics_sitenote_category":0,"footnotes":""},"class_list":["post-25","page","type-page","status-publish","hentry"],"_links":{"self":[{"href":"https:\/\/cloud.cnpgc.embrapa.br\/controlpec\/wp-json\/wp\/v2\/pages\/25","targetHints":{"allow":["GET"]}}],"collection":[{"href":"https:\/\/cloud.cnpgc.embrapa.br\/controlpec\/wp-json\/wp\/v2\/pages"}],"about":[{"href":"https:\/\/cloud.cnpgc.embrapa.br\/controlpec\/wp-json\/wp\/v2\/types\/page"}],"author":[{"embeddable":true,"href":"https:\/\/cloud.cnpgc.embrapa.br\/controlpec\/wp-json\/wp\/v2\/users\/2"}],"replies":[{"embeddable":true,"href":"https:\/\/cloud.cnpgc.embrapa.br\/controlpec\/wp-json\/wp\/v2\/comments?post=25"}],"version-history":[{"count":2,"href":"https:\/\/cloud.cnpgc.embrapa.br\/controlpec\/wp-json\/wp\/v2\/pages\/25\/revisions"}],"predecessor-version":[{"id":28,"href":"https:\/\/cloud.cnpgc.embrapa.br\/controlpec\/wp-json\/wp\/v2\/pages\/25\/revisions\/28"}],"wp:attachment":[{"href":"https:\/\/cloud.cnpgc.embrapa.br\/controlpec\/wp-json\/wp\/v2\/media?parent=25"}],"curies":[{"name":"wp","href":"https:\/\/api.w.org\/{rel}","templated":true}]}}