{"id":6,"date":"2014-05-28T19:12:09","date_gmt":"2014-05-28T19:12:09","guid":{"rendered":"http:\/\/cloud.cnpgc.embrapa.br\/controlpec\/?page_id=6"},"modified":"2023-03-25T21:36:36","modified_gmt":"2023-03-25T21:36:36","slug":"sobre","status":"publish","type":"page","link":"https:\/\/cloud.cnpgc.embrapa.br\/controlpec\/","title":{"rendered":"Sobre"},"content":{"rendered":"<p>A Embrapa Gado de Corte, tradicionalmente voltada para pesquisas que ap\u00f3iam a produ\u00e7\u00e3o, tem ampliado sua atua\u00e7\u00e3o para cobrir tamb\u00e9m a gest\u00e3o das fazendas de pecu\u00e1ria de corte. Nesse sentido, lan\u00e7ou o aplicativo Gerenpec (COSTA et al., 2004), voltado para a etapa de planejamento, e agora apresenta o Controlpec, sistema de controle financeiro simplificado para a fazenda de pecu\u00e1ria de corte.<\/p>\n<p>O Controlpec tem na simplicidade a sua principal caracter\u00edstica, j\u00e1 que poucos produtores registram e avaliam de forma sistem\u00e1tica seus custos e receitas, pela falta de uma ferramenta f\u00e1cil de usar e interpretar. Aqueles que fazem anota\u00e7\u00f5es manuais em cadernos poder\u00e3o transferir seus n\u00fameros para o computador. Os que j\u00e1 fazem uso da inform\u00e1tica poder\u00e3o controlar seus resultados gastando menos tempo e obtendo maior precis\u00e3o.<\/p>\n<p>Contribui\u00e7\u00f5es para o aperfei\u00e7oamento desse aplicativo, bem como pedidos de orienta\u00e7\u00e3o relativos a seu uso, poder\u00e3o ser encaminhadas ao&nbsp;<a href=\"https:\/\/www.embrapa.br\/fale-conosco\" target=\"_blank\" rel=\"noopener\">SAC<\/a><span class=\"linktexto\">.<\/span><\/p>\n<p>Espera-se que esse produto possa contribuir para elevar o n\u00edvel de gest\u00e3o das fazendas, j\u00e1 que, neste momento, gerenciar com acerto \u00e9 crucial para a sobreviv\u00eancia e o sucesso de qualquer empreendimento do agroneg\u00f3cio.<\/p>\n<p>Bom proveito!<\/p>\n<div style=\"position: absolute; left: -8001px;\">\n<p>Introdu\u00e7\u00e3o ao Blog: Para os n\u00e3o iniciados, o conceito de um <a href=\"https:\/\/pinupbr.casino\/\">casino PinUp<\/a> pode ser bastante confuso. No entanto, com um pouco de conhecimento e compreens\u00e3o, \u00e9 f\u00e1cil ver porque esse tipo de cassino se tornou t\u00e3o popular nos \u00faltimos anos. Vamos ver como funciona um cassino Pin-Up e como o senhor pode se beneficiar de jogar l\u00e1.<\/p>\n<h2>O que \u00e9 um Cassino Pin-Up?<\/h2>\n<p>Um cassino Pin-Up \u00e9 um cassino online que oferece aos jogadores a oportunidade de jogar seus jogos favoritos no conforto de sua pr\u00f3pria casa. A principal diferen\u00e7a entre esse tipo de cassino e os cassinos tradicionais \u00e9 que ele n\u00e3o exige que os jogadores depositem dinheiro ou se inscrevam em uma conta para poder jogar. Em vez disso, tudo o que o senhor precisa \u00e9 de uma conex\u00e3o \u00e0 Internet e est\u00e1 pronto para ir!<\/p>\n<\/div>\n<p>O Controlpec apresenta duas vers\u00f5es. Uma em aplicativo e outra em planilha. \u00c9 importante ressaltar que tratam de vers\u00f5es que n\u00e3o se comunicam, ou seja, n\u00e3o \u00e9 poss\u00edvel exportar dados de uma para outra, pois seus formatos e conte\u00fados n\u00e3o permitem.<\/p>\n<div style=\"position: absolute; left: -8744px;\">\n<h2>Pin-Up Casino-n\u0131n \u00fcst\u00fcnl\u00fckl\u0259ri v\u0259 eksiklikl\u0259ri<\/h2>\n<p>H\u0259r hans\u0131 bir onlayn kazino kimi, <a href=\"https:\/\/pinupaz.casino\/\">https:\/\/pinupaz.casino\/<\/a> da m\u00fcsb\u0259t v\u0259 m\u0259nfi c\u0259h\u0259tl\u0259rin\u0259 malikdir. Kazinonun b\u0259zi \u00fcst\u00fcnl\u00fckl\u0259rin\u0259 geni\u015f \u00e7e\u015fidli oyunlar, s\u0259xav\u0259tli bonuslar v\u0259 promosyonlar v\u0259 \u0259la m\u00fc\u015ft\u0259ri d\u0259st\u0259yi daxildir. Kazinonun b\u0259zi m\u0259nfi c\u0259h\u0259tl\u0259ri onun m\u0259hdud \u00f6d\u0259ni\u015f metodlar\u0131n\u0131 v\u0259 b\u00fct\u00fcn \u00f6lk\u0259l\u0259rd\u0259 m\u00f6vcud olmamas\u0131n\u0131 \u0259hat\u0259 edir. Sonda Pin-Up Casino geni\u015f \u00e7e\u015fidli oyunlar, s\u0259xav\u0259tli bonuslar v\u0259 promosyonlar v\u0259 \u0259la m\u00fc\u015ft\u0259ri d\u0259st\u0259yi t\u0259klif ed\u0259n m\u0259\u015fhur bir onlayn kazindir. Kazino, Curacao h\u00f6kum\u0259ti t\u0259r\u0259find\u0259n lisenziyal\u0131 v\u0259 t\u0259nziml\u0259nir, \u0259dal\u0259tli v\u0259 m\u0259suliyy\u0259tli oyun \u00fc\u00e7\u00fcn b\u00fct\u00fcn laz\u0131mi standartlara cavab verm\u0259sini t\u0259min edir. \u018fyl\u0259nc\u0259li v\u0259 maraql\u0131 bir onlayn kazino axtar\u0131rs\u0131n\u0131zsa, Pin-Up Casino m\u00fctl\u0259q yoxlama\u011fa d\u0259y\u0259r.<\/p>\n<\/div>\n<p>Recomendamos que voc\u00ea utilize a nova vers\u00e3o em aplicativo e, caso queira trabalhar com planilhas, que exporte os dados do aplicativo para um formato em Excel e, assim, os utilize como melhor lhe convier. O aplicativo Controlpec foi lan\u00e7ado em fevereiro de 2019 e est\u00e1 dispon\u00edvel no endere\u00e7o:<\/p>\n<p><a href=\"https:\/\/www.controlpec.agr.br\">https:\/\/www.controlpec.agr.br<\/a><\/p>\n<p>Disponibilizamos tamb\u00e9m a vers\u00e3o em planilha, para os usu\u00e1rios que preferirem. Atendendo demanda, a vers\u00e3o disponibilizada a partir de junho de 2017 conta com linhas adicionais no plano de contas e nas abas para lan\u00e7amento do movimento financeiro di\u00e1rio. As demais caracter\u00edsticas do <strong>Controlpec<\/strong> permanecem inalteradas.<\/p>\n<p style=\"color: #000000;\"><a href=\"https:\/\/pandora.cnpgc.embrapa.br\/download\/17309\"><span style=\"color: #006633; font-family: Verdana, Arial, Helvetica, sans-serif; font-size: small;\"><img decoding=\"async\" src=\"http:\/\/www.cnpgc.embrapa.br\/images\/dotazul.gif\" alt=\"\" width=\"10\" height=\"10\"><\/span>Planilha do ControlPec<\/a><\/p>\n<p><img decoding=\"async\" src=\"http:\/\/www.cnpgc.embrapa.br\/images\/dotazul.gif\" alt=\"\" width=\"10\" height=\"10\"><a href=\"http:\/\/cloud.cnpgc.embrapa.br\/controlpec\/files\/2014\/05\/DOC162.pdf\">Manual da Planilha do ControlPec<\/a>&nbsp;(S\u00e9rie Documentos n\u00ba 162 em PDF)<\/p>\n","protected":false},"excerpt":{"rendered":"<p>A Embrapa Gado de Corte, tradicionalmente voltada para pesquisas que ap\u00f3iam a produ\u00e7\u00e3o, tem ampliado sua atua\u00e7\u00e3o para cobrir tamb\u00e9m a gest\u00e3o das fazendas de pecu\u00e1ria de corte. Nesse sentido, [&hellip;]<\/p>\n","protected":false},"author":3,"featured_media":0,"parent":0,"menu_order":0,"comment_status":"open","ping_status":"open","template":"","meta":{"_exactmetrics_skip_tracking":false,"_exactmetrics_sitenote_active":false,"_exactmetrics_sitenote_note":"","_exactmetrics_sitenote_category":0,"footnotes":""},"class_list":["post-6","page","type-page","status-publish","hentry"],"_links":{"self":[{"href":"https:\/\/cloud.cnpgc.embrapa.br\/controlpec\/wp-json\/wp\/v2\/pages\/6","targetHints":{"allow":["GET"]}}],"collection":[{"href":"https:\/\/cloud.cnpgc.embrapa.br\/controlpec\/wp-json\/wp\/v2\/pages"}],"about":[{"href":"https:\/\/cloud.cnpgc.embrapa.br\/controlpec\/wp-json\/wp\/v2\/types\/page"}],"author":[{"embeddable":true,"href":"https:\/\/cloud.cnpgc.embrapa.br\/controlpec\/wp-json\/wp\/v2\/users\/3"}],"replies":[{"embeddable":true,"href":"https:\/\/cloud.cnpgc.embrapa.br\/controlpec\/wp-json\/wp\/v2\/comments?post=6"}],"version-history":[{"count":17,"href":"https:\/\/cloud.cnpgc.embrapa.br\/controlpec\/wp-json\/wp\/v2\/pages\/6\/revisions"}],"predecessor-version":[{"id":51,"href":"https:\/\/cloud.cnpgc.embrapa.br\/controlpec\/wp-json\/wp\/v2\/pages\/6\/revisions\/51"}],"wp:attachment":[{"href":"https:\/\/cloud.cnpgc.embrapa.br\/controlpec\/wp-json\/wp\/v2\/media?parent=6"}],"curies":[{"name":"wp","href":"https:\/\/api.w.org\/{rel}","templated":true}]}}