{"id":267,"date":"2025-07-30T17:22:50","date_gmt":"2025-07-30T20:22:50","guid":{"rendered":"https:\/\/cloud.cnpgc.embrapa.br\/cursobiosseguranca2025\/?page_id=267"},"modified":"2025-07-31T11:51:24","modified_gmt":"2025-07-31T14:51:24","slug":"localizacao","status":"publish","type":"page","link":"https:\/\/cloud.cnpgc.embrapa.br\/cursobiosseguranca2025\/localizacao\/","title":{"rendered":"LOCALIZA\u00c7\u00c3O"},"content":{"rendered":"\n<p><p>O evento ser\u00e1 realizado nos seguintes locais:<\/p> <strong>Embrapa Gado de Corte<\/strong><\/p>\n\n\n<p><!-- Endere\u00e7o Embrapa --><\/p>\n<p>Av. R\u00e1dio Maia, 830 &#8211; Vila Popular, Campo Grande &#8211; MS, 79106-550<\/p>\n<p><!-- Mapa Embrapa --><\/p>\n<div style=\"max-width: 100%; overflow: hidden; margin-bottom: 20px;\">\n  <iframe \n    src=\"https:\/\/www.google.com\/maps\/embed?pb=!1m18!1m12!1m3!1d4639.03867362732!2d-54.72603192384341!3d-20.44502665455463!2m3!1f0!2f0!3f0!3m2!1i1024!2i768!4f13.1!3m3!1m2!1s0x9486e094161ac79f%3A0xd3747926cd46018f!2sEmbrapa%20Gado%20de%20Corte!5e1!3m2!1spt-BR!2sbr!4v1753972608220!5m2!1spt-BR!2sbr\" \n    width=\"100%\" height=\"450\" style=\"border:0;\" \n    allowfullscreen=\"\" loading=\"lazy\" \n    referrerpolicy=\"no-referrer-when-downgrade\"><br \/>\n  <\/iframe>\n<\/div>\n\n\n<p><strong>Universidade Cat\u00f3lica Dom Bosco (UCDB)<\/strong><br>\nAv. Tamandar\u00e9, 6000 &#8211; Jardim Semin\u00e1rio &#8211; Campo Grande &#8211; MS, 79117-900<\/p>\n\n\n<p><!-- Mapa UCDB (embed Google Maps) --><\/p>\n<div style=\"max-width: 100%; overflow: hidden; margin-bottom: 20px;\">\n  <iframe \n    src=\"https:\/\/www.google.com\/maps\/embed?pb=!1m18!1m12!1m3!1d4640.154581633322!2d-54.6214589238443!3d-20.408023953373828!2m3!1f0!2f0!3f0!3m2!1i1024!2i768!4f13.1!3m3!1m2!1s0x9486e7f91ebf9cf9%3A0xef64075c972d1a78!2sUniversidade%20Cat%C3%B3lica%20Dom%20Bosco!5e1!3m2!1spt-BR!2sbr!4v1753973011707!5m2!1spt-BR!2sbr\" \n    width=\"100%\" height=\"450\" style=\"border:0;\" \n    allowfullscreen=\"\" loading=\"lazy\" \n    referrerpolicy=\"no-referrer-when-downgrade\"><br \/>\n  <\/iframe>\n<\/div>","protected":false},"excerpt":{"rendered":"<p>O evento ser\u00e1 realizado nos seguintes locais: Embrapa Gado de Corte Av. R\u00e1dio Maia, 830 &#8211; Vila Popular, Campo Grande &#8211; MS, 79106-550 Universidade Cat\u00f3lica Dom Bosco (UCDB) Av. Tamandar\u00e9, 6000 &#8211; Jardim Semin\u00e1rio &#8211; Campo Grande &#8211; MS, 79117-900<\/p>\n","protected":false},"author":3,"featured_media":0,"parent":0,"menu_order":0,"comment_status":"closed","ping_status":"closed","template":"","meta":{"_exactmetrics_skip_tracking":false,"_exactmetrics_sitenote_active":false,"_exactmetrics_sitenote_note":"","_exactmetrics_sitenote_category":0,"footnotes":""},"class_list":["post-267","page","type-page","status-publish","hentry"],"_links":{"self":[{"href":"https:\/\/cloud.cnpgc.embrapa.br\/cursobiosseguranca2025\/wp-json\/wp\/v2\/pages\/267","targetHints":{"allow":["GET"]}}],"collection":[{"href":"https:\/\/cloud.cnpgc.embrapa.br\/cursobiosseguranca2025\/wp-json\/wp\/v2\/pages"}],"about":[{"href":"https:\/\/cloud.cnpgc.embrapa.br\/cursobiosseguranca2025\/wp-json\/wp\/v2\/types\/page"}],"author":[{"embeddable":true,"href":"https:\/\/cloud.cnpgc.embrapa.br\/cursobiosseguranca2025\/wp-json\/wp\/v2\/users\/3"}],"replies":[{"embeddable":true,"href":"https:\/\/cloud.cnpgc.embrapa.br\/cursobiosseguranca2025\/wp-json\/wp\/v2\/comments?post=267"}],"version-history":[{"count":8,"href":"https:\/\/cloud.cnpgc.embrapa.br\/cursobiosseguranca2025\/wp-json\/wp\/v2\/pages\/267\/revisions"}],"predecessor-version":[{"id":304,"href":"https:\/\/cloud.cnpgc.embrapa.br\/cursobiosseguranca2025\/wp-json\/wp\/v2\/pages\/267\/revisions\/304"}],"wp:attachment":[{"href":"https:\/\/cloud.cnpgc.embrapa.br\/cursobiosseguranca2025\/wp-json\/wp\/v2\/media?parent=267"}],"curies":[{"name":"wp","href":"https:\/\/api.w.org\/{rel}","templated":true}]}}