{"id":270,"date":"2025-07-30T17:23:26","date_gmt":"2025-07-30T20:23:26","guid":{"rendered":"https:\/\/cloud.cnpgc.embrapa.br\/cursobiosseguranca2025\/?page_id=270"},"modified":"2025-08-04T10:33:25","modified_gmt":"2025-08-04T13:33:25","slug":"hospedagem-e-alimentacao","status":"publish","type":"page","link":"https:\/\/cloud.cnpgc.embrapa.br\/cursobiosseguranca2025\/hospedagem-e-alimentacao\/","title":{"rendered":"HOSPEDAGEM E ALIMENTA\u00c7\u00c3O"},"content":{"rendered":"\n<div class=\"wp-block-group\"><div class=\"wp-block-group__inner-container is-layout-flow wp-block-group-is-layout-flow\">\n<h2 class=\"wp-block-heading\">\ud83c\udfe8 Hospedagens em Campo Grande (MS)<\/h2>\n\n\n\n<div class=\"wp-block-group\"><div class=\"wp-block-group__inner-container is-layout-flow wp-block-group-is-layout-flow\">\n<p><strong>Hotel Deville Prime Campo Grande<\/strong><br>\n    \u2b50\u2b50\u2b50\u2b50\u2b50 &#8211; Av. Mato Grosso, 4.250 &#8211; Carand\u00e1 Bosque<br>\n    Hotel 5 estrelas com piscina, restaurante e excelente localiza\u00e7\u00e3o.<br>\n    <a href=\"https:\/\/www.deville.com.br\" target=\"_blank\" rel=\"noopener\">Site Oficial<\/a><\/p>\n\n\n\n<p><strong>Hotel Ip\u00ea MS<\/strong><br>\n    \u2b50\u2b50\u2b50\u2b50 &#8211; R. Cear\u00e1, 1834 &#8211; Centro<br>\n    Conforto e \u00f3timo caf\u00e9 da manh\u00e3, pr\u00f3ximo \u00e0 \u00e1rea central.<br>\n    <a href=\"http:\/\/www.hotelipems.com.br\" target=\"_blank\" rel=\"noopener\">Site Oficial<\/a><\/p>\n\n\n\n<p><strong>Indai\u00e1 Park Hotel<\/strong><br>\n    \u2b50\u2b50\u2b50\u2b50 &#8211; Av. Afonso Pena, 354<br>\n    Hotel com restaurante, piscina e excelente custo-benef\u00edcio.<br>\n    <a href=\"http:\/\/www.indaiahotel.com.br\" target=\"_blank\" rel=\"noopener\">Site Oficial<\/a><\/p>\n\n\n\n<p><strong>Novotel Campo Grande<\/strong><br>\n    \u2b50\u2b50\u2b50\u2b50 &#8211; Av. Mato Grosso, 5555 &#8211; Jardim Copacabana<br>\n    Moderno, com piscina, restaurante e espa\u00e7o para fam\u00edlias.<br>\n    <a href=\"https:\/\/all.accor.com\/hotel\/2043\/index.en.shtml\" target=\"_blank\" rel=\"noopener\">Site Oficial<\/a><\/p>\n\n\n\n<p><strong>Brumado Hotel<\/strong><br>\n    \u2b50\u2b50\u2b50\u2b50 &#8211; Av. Afonso Pena, 743<br>\n    Pr\u00f3ximo ao centro, com caf\u00e9 da manh\u00e3 e academia.<br>\n    <a href=\"http:\/\/www.brumadohotel.com.br\" target=\"_blank\" rel=\"noopener\">Site Oficial<\/a><\/p>\n\n\n\n<p><strong>Orla Morena Park Hotel<\/strong><br>\n    \u2b50\u2b50\u2b50\u2b50 &#8211; Rua Dom Aquino, 1501 &#8211; Orla Morena<br>\n    Hotel moderno, confort\u00e1vel e bem localizado pr\u00f3ximo \u00e0 regi\u00e3o central.<br>\n    <a href=\"https:\/\/www.hotelorlamorena.com.br\" target=\"_blank\" rel=\"noopener\">Site Oficial<\/a><\/p>\n\n\n\n<p><strong>Hotel e Churrascaria 2 Irm\u00e3os<\/strong><br>\n    \u2b50\u2b50\u2b50\u2b50 &#8211; Av. Duque de Caxias, 5527 &#8211; Vila Eliane (ou Vila Serradinho), Campo Grande, MS, 79104\u2011000<br>\n    Hotel com restaurante churrascaria no local, buffet e rod\u00edzio de carnes.<br>\n    <a href=\"https:\/\/hotelechurrascaria2irmaos.com\/\" target=\"_blank\" rel=\"noopener\">Site Oficial<\/a><\/p>\n<\/div><\/div>\n\n\n\n<h2 class=\"wp-block-heading\">\ud83c\udf7d\ufe0f Restaurantes Pr\u00f3ximos \u00e0 Embrapa e UCDB<\/h2>\n\n\n\n<div class=\"wp-block-group\"><div class=\"wp-block-group__inner-container is-layout-flow wp-block-group-is-layout-flow\">\n<p><strong>Restaurante Bom Gosto (UCDB)<\/strong><br>     Av. Tamandar\u00e9, 6000 \u2013 Jardim Semin\u00e1rio, Campus da UCDB<br>     Refei\u00e7\u00f5es r\u00e1pidas, buffet por quilo e lanches para p\u00fablicos acad\u00eamico e visitantes.<\/p>\n\n\n\n<p><strong>Restaurante Prato Predileto<\/strong><br>    Av. Tamandar\u00e9, 6195 &#8211; Vila Neusa<br>     Churrasco, por\u00e7\u00f5es e pratos executivos.<\/p>\n\n\n\n<p><strong><strong>Panificadora K &amp; K<\/strong><\/strong><br>     R. Sacramento, 578 &#8211; Semin\u00e1rio<\/p>\n\n\n\n<p><strong>Panificadora L\u00e1 trem P\u00e3o<\/strong><br>     R. Fern\u00e3o de Magalh\u00e3es, 391 &#8211; Vila Marli<\/p>\n<\/div><\/div>\n<\/div><\/div>\n","protected":false},"excerpt":{"rendered":"<p>\ud83c\udfe8 Hospedagens em Campo Grande (MS) Hotel Deville Prime Campo Grande \u2b50\u2b50\u2b50\u2b50\u2b50 &#8211; Av. Mato Grosso, 4.250 &#8211; Carand\u00e1 Bosque Hotel 5 estrelas com piscina, restaurante e excelente localiza\u00e7\u00e3o. Site Oficial Hotel Ip\u00ea MS \u2b50\u2b50\u2b50\u2b50 &#8211; R. Cear\u00e1, 1834 &#8211;<\/p>\n","protected":false},"author":3,"featured_media":0,"parent":0,"menu_order":0,"comment_status":"closed","ping_status":"closed","template":"","meta":{"_exactmetrics_skip_tracking":false,"_exactmetrics_sitenote_active":false,"_exactmetrics_sitenote_note":"","_exactmetrics_sitenote_category":0,"footnotes":""},"class_list":["post-270","page","type-page","status-publish","hentry"],"_links":{"self":[{"href":"https:\/\/cloud.cnpgc.embrapa.br\/cursobiosseguranca2025\/wp-json\/wp\/v2\/pages\/270","targetHints":{"allow":["GET"]}}],"collection":[{"href":"https:\/\/cloud.cnpgc.embrapa.br\/cursobiosseguranca2025\/wp-json\/wp\/v2\/pages"}],"about":[{"href":"https:\/\/cloud.cnpgc.embrapa.br\/cursobiosseguranca2025\/wp-json\/wp\/v2\/types\/page"}],"author":[{"embeddable":true,"href":"https:\/\/cloud.cnpgc.embrapa.br\/cursobiosseguranca2025\/wp-json\/wp\/v2\/users\/3"}],"replies":[{"embeddable":true,"href":"https:\/\/cloud.cnpgc.embrapa.br\/cursobiosseguranca2025\/wp-json\/wp\/v2\/comments?post=270"}],"version-history":[{"count":6,"href":"https:\/\/cloud.cnpgc.embrapa.br\/cursobiosseguranca2025\/wp-json\/wp\/v2\/pages\/270\/revisions"}],"predecessor-version":[{"id":372,"href":"https:\/\/cloud.cnpgc.embrapa.br\/cursobiosseguranca2025\/wp-json\/wp\/v2\/pages\/270\/revisions\/372"}],"wp:attachment":[{"href":"https:\/\/cloud.cnpgc.embrapa.br\/cursobiosseguranca2025\/wp-json\/wp\/v2\/media?parent=270"}],"curies":[{"name":"wp","href":"https:\/\/api.w.org\/{rel}","templated":true}]}}