{"id":55,"date":"2025-07-14T15:59:37","date_gmt":"2025-07-14T18:59:37","guid":{"rendered":"https:\/\/cloud.cnpgc.embrapa.br\/cursobiosseguranca2025\/?page_id=55"},"modified":"2025-10-20T13:47:35","modified_gmt":"2025-10-20T16:47:35","slug":"inscricoes","status":"publish","type":"page","link":"https:\/\/cloud.cnpgc.embrapa.br\/cursobiosseguranca2025\/inscricoes\/","title":{"rendered":"INSCRI\u00c7\u00d5ES"},"content":{"rendered":"\n<figure class=\"wp-block-pullquote has-white-color has-white-background-color has-text-color has-background\" style=\"border-radius:50px\"><blockquote><p>ATEN\u00c7\u00c3O: Inscri\u00e7\u00f5es encerradas!<\/p><\/blockquote><\/figure>\n\n\n\n<p><\/p>\n","protected":false},"excerpt":{"rendered":"<p>ATEN\u00c7\u00c3O: Inscri\u00e7\u00f5es encerradas!<\/p>\n","protected":false},"author":3,"featured_media":0,"parent":0,"menu_order":0,"comment_status":"closed","ping_status":"closed","template":"","meta":{"_exactmetrics_skip_tracking":false,"_exactmetrics_sitenote_active":false,"_exactmetrics_sitenote_note":"","_exactmetrics_sitenote_category":0,"footnotes":""},"class_list":["post-55","page","type-page","status-publish","hentry"],"_links":{"self":[{"href":"https:\/\/cloud.cnpgc.embrapa.br\/cursobiosseguranca2025\/wp-json\/wp\/v2\/pages\/55","targetHints":{"allow":["GET"]}}],"collection":[{"href":"https:\/\/cloud.cnpgc.embrapa.br\/cursobiosseguranca2025\/wp-json\/wp\/v2\/pages"}],"about":[{"href":"https:\/\/cloud.cnpgc.embrapa.br\/cursobiosseguranca2025\/wp-json\/wp\/v2\/types\/page"}],"author":[{"embeddable":true,"href":"https:\/\/cloud.cnpgc.embrapa.br\/cursobiosseguranca2025\/wp-json\/wp\/v2\/users\/3"}],"replies":[{"embeddable":true,"href":"https:\/\/cloud.cnpgc.embrapa.br\/cursobiosseguranca2025\/wp-json\/wp\/v2\/comments?post=55"}],"version-history":[{"count":45,"href":"https:\/\/cloud.cnpgc.embrapa.br\/cursobiosseguranca2025\/wp-json\/wp\/v2\/pages\/55\/revisions"}],"predecessor-version":[{"id":449,"href":"https:\/\/cloud.cnpgc.embrapa.br\/cursobiosseguranca2025\/wp-json\/wp\/v2\/pages\/55\/revisions\/449"}],"wp:attachment":[{"href":"https:\/\/cloud.cnpgc.embrapa.br\/cursobiosseguranca2025\/wp-json\/wp\/v2\/media?parent=55"}],"curies":[{"name":"wp","href":"https:\/\/api.w.org\/{rel}","templated":true}]}}