{"id":11,"date":"2017-02-16T16:18:25","date_gmt":"2017-02-16T16:18:25","guid":{"rendered":"http:\/\/cloud.cnpgc.embrapa.br\/custobov\/?page_id=11"},"modified":"2017-02-16T16:20:04","modified_gmt":"2017-02-16T16:20:04","slug":"planilha","status":"publish","type":"page","link":"https:\/\/cloud.cnpgc.embrapa.br\/custobov\/planilha\/","title":{"rendered":"Contato"},"content":{"rendered":"<p>Envie suas d\u00favidas e sugest\u00f5es para o nosso SAC no link abaixo.<\/p>\n<p><a href=\"https:\/\/www.embrapa.br\/fale-conosco\">Servi\u00e7o de Atendimento ao Cidad\u00e3o \u2013 SAC<\/a><\/p>\n","protected":false},"excerpt":{"rendered":"<p>Envie suas d\u00favidas e sugest\u00f5es para o nosso SAC no link abaixo. Servi\u00e7o de Atendimento ao Cidad\u00e3o \u2013 SAC<\/p>\n","protected":false},"author":2,"featured_media":0,"parent":0,"menu_order":0,"comment_status":"closed","ping_status":"closed","template":"","meta":{"_exactmetrics_skip_tracking":false,"_exactmetrics_sitenote_active":false,"_exactmetrics_sitenote_note":"","_exactmetrics_sitenote_category":0,"footnotes":""},"class_list":["post-11","page","type-page","status-publish","hentry"],"_links":{"self":[{"href":"https:\/\/cloud.cnpgc.embrapa.br\/custobov\/wp-json\/wp\/v2\/pages\/11","targetHints":{"allow":["GET"]}}],"collection":[{"href":"https:\/\/cloud.cnpgc.embrapa.br\/custobov\/wp-json\/wp\/v2\/pages"}],"about":[{"href":"https:\/\/cloud.cnpgc.embrapa.br\/custobov\/wp-json\/wp\/v2\/types\/page"}],"author":[{"embeddable":true,"href":"https:\/\/cloud.cnpgc.embrapa.br\/custobov\/wp-json\/wp\/v2\/users\/2"}],"replies":[{"embeddable":true,"href":"https:\/\/cloud.cnpgc.embrapa.br\/custobov\/wp-json\/wp\/v2\/comments?post=11"}],"version-history":[{"count":2,"href":"https:\/\/cloud.cnpgc.embrapa.br\/custobov\/wp-json\/wp\/v2\/pages\/11\/revisions"}],"predecessor-version":[{"id":15,"href":"https:\/\/cloud.cnpgc.embrapa.br\/custobov\/wp-json\/wp\/v2\/pages\/11\/revisions\/15"}],"wp:attachment":[{"href":"https:\/\/cloud.cnpgc.embrapa.br\/custobov\/wp-json\/wp\/v2\/media?parent=11"}],"curies":[{"name":"wp","href":"https:\/\/api.w.org\/{rel}","templated":true}]}}