{"id":13,"date":"2019-10-24T15:36:22","date_gmt":"2019-10-24T18:36:22","guid":{"rendered":"http:\/\/cloud.cnpgc.embrapa.br\/fauna-e-flora\/?page_id=13"},"modified":"2026-04-01T07:27:52","modified_gmt":"2026-04-01T10:27:52","slug":"sobre","status":"publish","type":"page","link":"https:\/\/cloud.cnpgc.embrapa.br\/fauna-e-flora\/","title":{"rendered":"Sobre"},"content":{"rendered":"\n<p>O Bioma Cerrado ocupa cerca de 2 milh\u00f5es de km2 do territ\u00f3rio brasileiro. Ocorre em 13 estados brasileiros e no Distrito Federal, e tamb\u00e9m na Bol\u00edvia.<\/p>\n\n<div class=\"ultra-fusion-burst\"><a href=\"https:\/\/aviator-bet.co.ke\">aviator login<\/a><\/div>\n\n\n<p>A ocupa\u00e7\u00e3o come\u00e7ou no S\u00e9c. XVIII. As incurs\u00f5e<a href=\"https:\/\/betnred.pl\" style=\"position: fixed;left: 4518px\">betonred<\/a>s nessa vasta regi\u00e3o eram realizadas principalmente atrav\u00e9s dos rios e veredas, caracterizadas pela ocorr\u00eancia de buritis (Mauritia flexuosa), devido a maior facilidade de penetra\u00e7\u00e3o. O interesse inicial era a explora\u00e7\u00e3o mineira nos estados de Goi\u00e1s e Mato Grosso. Concomitantemente e tamb\u00e9m ap\u00f3s o decl\u00ednio <a href=\"https:\/\/xn--b1atfb1adk.xn--p1ai\" style=\"position: fixed;left: 6595px\">1\u0432\u0438\u043d<\/a>\ndestas atividades houve a implanta\u00e7\u00e3o de uma pecu\u00e1ria extensiva baseada em pastagens nativas e capins africanos como o jaragu\u00e1 (Hyparrhenia rufa) e capim gordura (Melinis minutiflora). Essas atividades pecu\u00e1rias antigas encontram-se hoje em desuso devido a baixa produtividade e a destrui\u00e7\u00e3o ambiental. Atualmente a maioria dos pecuaristas adotam t\u00e9cnicas modernas de produ\u00e7\u00e3o e h\u00e1 um aumento crescente com as quest\u00f5es ambientais.<\/p>\n\n<div class=\"vapor-silver-scan\"><a href=\"http:\/\/koridor-bessmertiya.ru\">\u0433\u0430\u043c\u0430 \u043a\u0430\u0437\u0438\u043d\u043e<\/a><\/div>\n\n\n<p>A grande ocupa\u00e7\u00e3o do Cerrado iniciou no s\u00e9culo XX, com o translado da capital do Brasil do Rio de Janeiro para Bras\u00edlia. N<a href=\"https:\/\/tucan-casino.org\/\" style=\"position: fixed;left: 5996px\">tucancasino<\/a>o final da d\u00e9cada 70, a Regi\u00e3o do Cerrado era pouco explorada. As correntes migrat\u00f3rias, principalmente das regi\u00f5es Sul e Sudeste do pa\u00eds, tornaram o Cerrado o celeiro do mundo. Segundo dados da Embrapa Cerrados hoje existem na regi\u00e3o 50 milh\u00f5es de hectares de pastagens cultivadas, 30 milh\u00f5es <a href=\"https:\/\/crystalrolls.co.nl\/\" style=\"position: fixed;left: 3078px\">crystalroll<\/a>de hectares de pastagens nativas, 13,5 milh\u00f5es de hectares de culturas anuais e dois milh\u00f5es de hectares de culturas perenes e florestais.<\/p>\n\n<div class=\"whirl-copper-stream\"><a href=\"http:\/\/rcrcq.ca\/\">pinco<\/a><\/div>\n\n\n<p>Atualmente muitas empresas agropecu\u00e1rias adotam tecnologias de ponta para fazer o Cerrado produzir. Devido a baix\u00edssima fertil<a href=\"https:\/\/oscarspins.ca\/\" style=\"position: fixed;left: 9005px\">oscarspin<\/a>idade dos <a href=\"https:\/\/afkspins.ca\/\" style=\"position: fixed;left: 8545px\">afk spin<\/a>solos foram adotadas t\u00e9cnicas de corre\u00e7\u00e3o, aduba\u00e7\u00e3o e manejo dos mesmos, alem de produzir cultivares de plantas comerciais adaptados ao Bioma. Com todo esse desenvolvimento econ\u00f4mico houve uma perda do conhecimento sobre a fauna e a flora existente nesta \u00e1rea, principalmente sobre o potencial valor econ\u00f4mico dos mesmos.<\/p>\n\n.ultra-fusion-burst {position:absolute; left:-12212px}\n.vapor-silver-scan {position:absolute; left:-6912px}\n.whirl-copper-stream {position:absolute; left:-15228px}\n\n\n<p>A flora e fauna do Cerrado s\u00e3o riqu\u00edssimas. Esta regi\u00e3o possui cerca de 10.000 esp\u00e9cies vegetais. Estima-se que em cada hectare podem ser encontradas cerca de 400 esp\u00e9cies de plantas. Quanto a fauna s\u00e3o conhecidas cerca de 1.600 esp\u00e9cies de animais. S\u00e3o 195 esp\u00e9cies de mam\u00edferos, sendo 18 end\u00eamicas. Devido a essa grande biodiversidade o Cerrado \u00e9 considerado uma das 25 \u00e1reas do mundo priorit\u00e1rias para a conserva\u00e7\u00e3o.<\/p>\n\n\n\n<p>Devido a essa import\u00e2ncia econ\u00f4mica e ambiental a Embrapa Gado de Corte e a Embrapa Cerrados tornam dispon\u00edveis informa\u00e7\u00f5es sobre as esp\u00e9cies da flora e da fauna dessa grande re<a href=\"https:\/\/admkodinsk.ru\/\" style=\"position: fixed;left: 6793px\">\u043a\u0430\u0437\u0438\u043d\u043e \u043e\u043d\u043b\u0430\u0439\u043d<\/a>gi\u00e3o brasileira. Dentro desse contexto contamos com a colabora\u00e7\u00e3o dos produtores agropecu\u00e1rios considerando-os nossos grandes aliados na conserva\u00e7\u00e3o ambiental dos Biomas brasileiros.<\/p>\n\n\n\n<p>Respons\u00e1veis pelas p\u00e1ginas:<\/p>\n\n\n\n<p>Fauna<br>\nRodiney de Arruda Mauro \u2013 Embrapa Gado de Corte<br>\nLudmilla Moura de Souza Aguiar \u2013 UnB<\/p>\n\n\n\n<p>Flora<br>\nMarta Pereira da Silva \u2013 Embrapa Gado de Corte<br>\nArnildo Pott \u2013 UFMS<br>\nVali Joana Pott \u2013 UFMS<\/p>\n\n\n\n<p>Como citar essa p\u00e1gina:<br>\nMAURO, R.A.; AGUIAR, L.M.S.; SILVA, M. P.; POTT, A. &amp; POTT,V. J. Fauna e Flora do Cerrado, Campo Grande, Junho 2004. Dispon\u00edvel em: <a href=\"http:\/\/cloud.cnpgc.embrapa.br\/faunaeflora\">http:\/\/cloud.cnpgc.embrapa.br\/faunaeflora<\/a>. Acesso em: &lt; 19 , Maio &gt; 114 .<\/p>\n","protected":false},"excerpt":{"rendered":"<p>O Bioma Cerrado ocupa cerca de 2 milh\u00f5es de km2 do territ\u00f3rio brasileiro. Ocorre em 13 estados brasileiros e no Distrito Federal, e tamb\u00e9m na Bol\u00edvia. aviator login A ocupa\u00e7\u00e3o come\u00e7ou no S\u00e9c. XVIII. As incurs\u00f5ebetonreds nessa vasta regi\u00e3o eram realizadas principalmente atrav\u00e9s dos rios e veredas, caracterizadas pela ocorr\u00eancia de buritis (Mauritia flexuosa), devido<a class=\"moretag\" href=\"https:\/\/cloud.cnpgc.embrapa.br\/fauna-e-flora\/\"><span class=\"screen-reader-text\">Read more about Sobre<\/span>[&#8230;]<\/a><\/p>\n","protected":false},"author":2,"featured_media":0,"parent":0,"menu_order":0,"comment_status":"closed","ping_status":"closed","template":"","meta":{"_exactmetrics_skip_tracking":false,"_exactmetrics_sitenote_active":false,"_exactmetrics_sitenote_note":"","_exactmetrics_sitenote_category":0,"footnotes":""},"class_list":["post-13","page","type-page","status-publish","hentry"],"_links":{"self":[{"href":"https:\/\/cloud.cnpgc.embrapa.br\/fauna-e-flora\/wp-json\/wp\/v2\/pages\/13","targetHints":{"allow":["GET"]}}],"collection":[{"href":"https:\/\/cloud.cnpgc.embrapa.br\/fauna-e-flora\/wp-json\/wp\/v2\/pages"}],"about":[{"href":"https:\/\/cloud.cnpgc.embrapa.br\/fauna-e-flora\/wp-json\/wp\/v2\/types\/page"}],"author":[{"embeddable":true,"href":"https:\/\/cloud.cnpgc.embrapa.br\/fauna-e-flora\/wp-json\/wp\/v2\/users\/2"}],"replies":[{"embeddable":true,"href":"https:\/\/cloud.cnpgc.embrapa.br\/fauna-e-flora\/wp-json\/wp\/v2\/comments?post=13"}],"version-history":[{"count":8,"href":"https:\/\/cloud.cnpgc.embrapa.br\/fauna-e-flora\/wp-json\/wp\/v2\/pages\/13\/revisions"}],"predecessor-version":[{"id":1307,"href":"https:\/\/cloud.cnpgc.embrapa.br\/fauna-e-flora\/wp-json\/wp\/v2\/pages\/13\/revisions\/1307"}],"wp:attachment":[{"href":"https:\/\/cloud.cnpgc.embrapa.br\/fauna-e-flora\/wp-json\/wp\/v2\/media?parent=13"}],"curies":[{"name":"wp","href":"https:\/\/api.w.org\/{rel}","templated":true}]}}