{"id":140,"date":"2014-05-23T15:31:44","date_gmt":"2014-05-23T15:31:44","guid":{"rendered":"http:\/\/cloud.cnpgc.embrapa.br\/faunaeflora\/?page_id=140"},"modified":"2014-05-27T15:40:54","modified_gmt":"2014-05-27T15:40:54","slug":"estilosantes-stylosanthes-spp","status":"publish","type":"page","link":"https:\/\/cloud.cnpgc.embrapa.br\/faunaeflora\/plantas-forrageiras\/estilosantes-stylosanthes-spp\/","title":{"rendered":"Estilosantes &#8211; Stylosanthes spp."},"content":{"rendered":"<table width=\"618\">\n<tbody>\n<tr>\n<td style=\"color: #000000;\">\n<table style=\"height: 192px;\" width=\"606\">\n<tbody>\n<tr>\n<td style=\"color: #000000; text-align: left;\" width=\"350\">\n<p style=\"text-align: center;\"><b><span style=\"color: #008000;\">Nomenclatura<\/span><\/b><\/p>\n<p>Reino:\u00a0Metaphyta<br \/>\nDivis\u00e3o:\u00a0Spermatophyta<br \/>\nClasses:\u00a0Dicotyledonae<br \/>\nSubtribo: Stylosanthinae<br \/>\nTribo:\u00a0Aeschynomeneae<br \/>\nSubfam\u00edlia: Papilionoideae<br \/>\nFam\u00edlia: Leguminosae<br \/>\nNome cient\u00edfico:\u00a0<em>Stylosanthes macrocephala<br \/>\n<\/em>Nome Popular: Estilosantes<\/td>\n<td style=\"color: #000000;\" width=\"197\"><a href=\"http:\/\/cloud.cnpgc.embrapa.br\/faunaeflora\/files\/2014\/05\/Stylocoloniao.gif\">\u00a0<\/a><\/td>\n<td style=\"color: #000000;\" width=\"2\">Foto: Marta Pereira<img fetchpriority=\"high\" decoding=\"async\" class=\"aligncenter  wp-image-72\" src=\"http:\/\/cloud.cnpgc.embrapa.br\/faunaeflora\/files\/2014\/05\/Stylocoloniao.gif\" alt=\"Stylo&amp;coloniao\" width=\"357\" height=\"237\" \/>Cons\u00f3rcio de estilosantes com coloni\u00e3o.<\/td>\n<\/tr>\n<\/tbody>\n<\/table>\n<p><strong><span style=\"color: #008000;\">Descri\u00e7\u00e3o do g\u00eanero:<\/span>\u00a0<\/strong>O g\u00eanero\u00a0<em>Stylosanthes<\/em>\u00a0possui 44 esp\u00e9cies, sendo que 25 ocorrem no Brasil, principalmente na regi\u00e3o do Cerrado.<\/p>\n<p><span style=\"color: #008000;\"><strong>Descri\u00e7\u00e3o da esp\u00e9cie:<\/strong><\/span>\u00a0<em>Stylosanthes macrocephala<\/em>\u00a0M.B. Ferreira &amp; N.M. Sousa Costa \u00e9 um subarbusto perene. Possui muitos galhos. \u00c9 semi-prostrada e alcan\u00e7a de 20 a 80 cm de altura. Os galhos s\u00e3o pilosos. S\u00e3o trifolioladas, com folhas no formato estipulado-obovado. A infloresc\u00eancia \u00e9 capitada, terminal ou axilar. Cada galho pode produzir de 10 a 30 flores. As sementes s\u00e3o marrom-amareladas ligeiramente mosqueadas de negro.\u00a0<em>S. macrocephala<\/em>\u00a0produz n\u00f3dulos com riz\u00f3bios nativos.<\/p>\n<p><span style=\"color: #008000;\"><strong>Origem e distribui\u00e7\u00e3o:<\/strong><\/span>\u00a0Esta esp\u00e9cie \u00e9 origin\u00e1ria do Brasil central. Originalmente era restrita ao cerrado. Atualmente se encontra amplamente distribu\u00edda em pa\u00edses tropicais devido a introdu\u00e7\u00e3o.<\/p>\n<p><strong><span style=\"color: #008000;\">Habitat:<\/span>\u00a0<\/strong>Tolerante a solos \u00e1cidos e com baixa fertilidade. Em \u00e1reas cultivadas a produtividade aumenta com o uso de fertilizantes.<\/p>\n<p><span style=\"color: #008000;\"><strong>Doen\u00e7as:<\/strong><\/span>\u00a0Costuma ser mais resistente a antracnose do que outras esp\u00e9cies do g\u00eanero. H\u00e1 registro, na Col\u00f4mbia, de ataques por ferrugem (<em>Rhizoctonia<\/em>\u00a0sp.)<\/p>\n<p><span style=\"color: #008000;\"><strong>Interesse agropecu\u00e1rio:<\/strong><\/span>\u00a0<em>Stylosanthes<\/em>\u00a0\u00e9 o g\u00eanero com maior n\u00famero de cultivares dentre as leguminosas tropicais usadas como pastagens. No Brasil oito cultivares foram liberados comercialmente no mercado. As esp\u00e9cies\u00a0<em>S. guianensis<\/em>,\u00a0<em>S. capitata<\/em>\u00a0e\u00a0<em>S. macrocephala<\/em>\u00a0s\u00e3o as principais esp\u00e9cies com potencial de uso no Brasil. Atualmente encontra-se no mercado dois cultivares deste g\u00eanero, o estilosantes Mineir\u00e3o e o Campo Grande.<\/p>\n<p>O estilosantes Mineir\u00e3o \u00e9 perene, semi-ereto, podendo atingir 2,5 m de altura. \u00c9 muito tolerante \u00e0 antracnose e permanece verde durante o per\u00edodo seco. Os teores de prote\u00edna bruta na parte a\u00e9rea variam de 12 a 18%. Possui boa adapta\u00e7\u00e3o e desempenho desde Roraima at\u00e9 S\u00e3o Paulo e Mato Grosso do Sul. \u00c9 recomendado para ser utilizado em pastagens consorciadas, banco de prote\u00edna, recupera\u00e7\u00e3o de pastagens ou em associa\u00e7\u00e3o com culturas anuais como adubo verde.<\/p>\n<p>Outro cultivar encontrado no mercado \u00e9 o multilinha Campo Grande. Esse cultivar foi desenvolvido pela Embrapa Gado de Corte. \u00c9 uma mistura f\u00edsica de sementes com 80% (em peso) de linhagens de\u00a0<em>S. capitata<\/em>tolerantes \u00e0 antracnose e 20% de linhagens de\u00a0<em>S. macrocephala<\/em>. Este cultivar tem apresentado bom desempenho em solos com textura arenosa e m\u00e9dia, como os Latossolos textura m\u00e9dia e Areias Quartzosas. A principal forma de utiliza\u00e7\u00e3o \u00e9 em consorcia\u00e7\u00e3o com\u00a0<em>Brachiaria decumbens<\/em>,\u00a0<em>B. brizantha<\/em>\u00a0e<em>Andropogon gayanus<\/em>. Existe um grande potencial na utiliza\u00e7\u00e3o deste cultivar em recupera\u00e7\u00e3o de pastagens e de \u00e1reas degradadas.<\/p>\n<p><span style=\"color: #008000;\"><strong>Propaga\u00e7\u00e3o:<\/strong><\/span>\u00a0Atrav\u00e9s de sementes.<\/p>\n<p><span style=\"color: #008000;\"><strong>Habitat:<\/strong><\/span>\u00a0Cerrados de solos argilosos, arenosos ou pedregosos, com fertilidade m\u00e9dia a alta.<\/p>\n<p><span style=\"color: #008000;\"><strong>Utilidade:<\/strong><\/span>\u00a0Fixa nitrog\u00eanio. \u00c9 capaz de crescer em regi\u00f5es muito arenosas, sendo muito resistente \u00e0 seca, portanto, serve para recupera\u00e7\u00e3o de \u00e1reas degradadas. Na regi\u00e3o do Cerrado est\u00e1 sendo utilizado tamb\u00e9m o cultivar \u201cPioneiro\u201d.<\/td>\n<\/tr>\n<\/tbody>\n<\/table>\n<p style=\"color: #000000; text-align: left;\" align=\"center\"><span style=\"color: #008000;\"><strong>Como citar essa p\u00e1gina:<\/strong><\/span><br \/>\nSILVA, M. P. Estilosantes &#8211;\u00a0<em>Stylosanthes<\/em>\u00a0spp.. Fauna e Flora do Cerrado, Campo Grande, Junho 2004. Dispon\u00edvel em: &lt;http:\/\/cloud.cnpgc.embrapa.br\/faunaeflora\/plantas-forrageiras\/estilosantes-stylosanthes-spp&gt;. Acesso em: &lt;\u00a0<strong>19 , Maio &gt; 114\u00a0<\/strong>.<\/p>\n<p style=\"color: #000000; text-align: left;\" align=\"center\"><span style=\"color: #008000;\"><strong>Refer\u00eancias Bibliogr\u00e1ficas:<\/strong><\/span><br \/>\nSILVA, M. P. &amp; ZIMMER, A. H. Avalia\u00e7\u00e3o agron\u00f4mica de consorcia\u00e7\u00f5es de braqui\u00e1rias e Andropogon gayanus com novos acessos de estilosantes sob pastejo. Reuni\u00e3o Anual da Sociedade Brasileira de Zootecnia. Campo Grande, MS. 2004.<\/p>\n<p style=\"color: #000000; text-align: left;\" align=\"center\"><span style=\"color: #330066;\"><span style=\"color: #008000;\"><strong>Respons\u00e1vel pela fonte:<\/strong><\/span><br \/>\n<\/span>Marta Pereira da Silva<br \/>\nEmbrapa Gado de Corte<\/p>\n","protected":false},"excerpt":{"rendered":"<p>Nomenclatura Reino:\u00a0Metaphyta Divis\u00e3o:\u00a0Spermatophyta Classes:\u00a0Dicotyledonae Subtribo: Stylosanthinae Tribo:\u00a0Aeschynomeneae Subfam\u00edlia: Papilionoideae Fam\u00edlia: Leguminosae Nome cient\u00edfico:\u00a0Stylosanthes macrocephala Nome Popular: Estilosantes \u00a0 Foto: Marta PereiraCons\u00f3rcio de estilosantes com coloni\u00e3o. Descri\u00e7\u00e3o do g\u00eanero:\u00a0O g\u00eanero\u00a0Stylosanthes\u00a0possui 44 [&hellip;]<\/p>\n","protected":false},"author":3,"featured_media":0,"parent":34,"menu_order":0,"comment_status":"open","ping_status":"open","template":"","meta":{"_exactmetrics_skip_tracking":false,"_exactmetrics_sitenote_active":false,"_exactmetrics_sitenote_note":"","_exactmetrics_sitenote_category":0,"footnotes":""},"class_list":["post-140","page","type-page","status-publish","hentry"],"_links":{"self":[{"href":"https:\/\/cloud.cnpgc.embrapa.br\/faunaeflora\/wp-json\/wp\/v2\/pages\/140","targetHints":{"allow":["GET"]}}],"collection":[{"href":"https:\/\/cloud.cnpgc.embrapa.br\/faunaeflora\/wp-json\/wp\/v2\/pages"}],"about":[{"href":"https:\/\/cloud.cnpgc.embrapa.br\/faunaeflora\/wp-json\/wp\/v2\/types\/page"}],"author":[{"embeddable":true,"href":"https:\/\/cloud.cnpgc.embrapa.br\/faunaeflora\/wp-json\/wp\/v2\/users\/3"}],"replies":[{"embeddable":true,"href":"https:\/\/cloud.cnpgc.embrapa.br\/faunaeflora\/wp-json\/wp\/v2\/comments?post=140"}],"version-history":[{"count":6,"href":"https:\/\/cloud.cnpgc.embrapa.br\/faunaeflora\/wp-json\/wp\/v2\/pages\/140\/revisions"}],"predecessor-version":[{"id":311,"href":"https:\/\/cloud.cnpgc.embrapa.br\/faunaeflora\/wp-json\/wp\/v2\/pages\/140\/revisions\/311"}],"up":[{"embeddable":true,"href":"https:\/\/cloud.cnpgc.embrapa.br\/faunaeflora\/wp-json\/wp\/v2\/pages\/34"}],"wp:attachment":[{"href":"https:\/\/cloud.cnpgc.embrapa.br\/faunaeflora\/wp-json\/wp\/v2\/media?parent=140"}],"curies":[{"name":"wp","href":"https:\/\/api.w.org\/{rel}","templated":true}]}}