{"id":144,"date":"2014-05-23T15:33:41","date_gmt":"2014-05-23T15:33:41","guid":{"rendered":"http:\/\/cloud.cnpgc.embrapa.br\/faunaeflora\/?page_id=144"},"modified":"2017-03-22T16:54:02","modified_gmt":"2017-03-22T16:54:02","slug":"amendoim-forrageiro-arachis-pintoi-krapov-w-c-gregory","status":"publish","type":"page","link":"https:\/\/cloud.cnpgc.embrapa.br\/faunaeflora\/plantas-forrageiras\/amendoim-forrageiro-arachis-pintoi-krapov-w-c-gregory\/","title":{"rendered":"Amendoim forrageiro &#8211; Arachis pintoi Krapov. &#038; W.C. Gregory"},"content":{"rendered":"<table style=\"height: 237px;\" width=\"550\">\n<tbody>\n<tr>\n<td width=\"1\">Foto: Marta Pereira<a href=\"http:\/\/cloud.cnpgc.embrapa.br\/faunaeflora\/files\/2014\/05\/flora.3.jpg\"><img fetchpriority=\"high\" decoding=\"async\" class=\" wp-image-138 alignleft\" src=\"http:\/\/cloud.cnpgc.embrapa.br\/faunaeflora\/files\/2014\/05\/flora.3.jpg\" alt=\"flora.3\" width=\"355\" height=\"279\" \/><\/a>Amendoim forrageiro<\/td>\n<td width=\"20\"><\/td>\n<td width=\"220\">\n<p align=\"center\"><span style=\"color: #000000;\"><span style=\"color: #000000;\"><span style=\"color: #008000;\"><strong>Nomenclatura<\/strong><\/span><br \/>\n<\/span><\/span><\/p>\n<p style=\"text-align: left;\" align=\"center\"><span style=\"color: #000000;\"><span style=\"color: #000000;\">Reino:\u00a0Metaphyta<\/span><\/span><\/p>\n<p style=\"text-align: left;\" align=\"center\"><span style=\"color: #000000;\"><span style=\"color: #000000;\">Divis\u00e3o<br \/>\n<\/span><\/span><span style=\"color: #000000;\"><span style=\"color: #000000;\">Classes:\u00a0<\/span><\/span>Dicotyledonae<\/p>\n<p style=\"text-align: left;\" align=\"center\"><span style=\"color: #000000;\"><span style=\"color: #000000;\">Ordem<br \/>\n<\/span><\/span>Fam\u00edlia:\u00a0Leguminoseae<br \/>\nG\u00eanero:\u00a0<i>Arachis<br \/>\n<\/i>Esp\u00e9cie:\u00a0<i>Arachis pintoi<\/i><\/p>\n<p><span style=\"color: #000000;\">\u00a0<\/span><\/td>\n<\/tr>\n<\/tbody>\n<\/table>\n<p>O<em>\u00a0Arachis pintoi\u00a0<\/em>\u00e9 uma esp\u00e9cie nativa dos Cerrados do Brasil, adaptada aos solos \u00e1cidos e de baixa fertilidade, possui caracter\u00edsticas como alta produ\u00e7\u00e3o de forragem de boa qualidade, alta capacidade de fixar nitrog\u00eanio e boa toler\u00e2ncia ao sombreamento. Coletado pela primeira vez em 1954 e lan\u00e7ado pela Austr\u00e1lia como cultivar Amarillo, em 1987. Este mesmo acesso foi liberado comercialmente na Col\u00f4mbia com o nome de cv. Man\u00ed Forragero Perene, em 1992, como cv. Pico Bonito em Honduras em 1994, e vem sendo comercializado informalmente no Brasil com o nome de cv. MG 100 (Matsuda Gen\u00e9tica 100). Os outros dois cultivares s\u00e3o a cv. Man\u00ed Forragero, liberada no Panam\u00e1 em 1997 e a cultivar Porvenir, liberada na Costa Rica em 1998. No Brasil, foram lan\u00e7ados mais dois cultivares:\u00a0cv. Alqueire-1 em 1998\u00a0e cv. Belmonte (BRA 0311828) em 1999.<\/p>\n<p><span style=\"color: #008000;\"><strong>H\u00e1bito:<\/strong><\/span>\u00a0Estolon\u00edfero.<\/p>\n<p><span style=\"color: #008000;\"><strong>Propaga\u00e7\u00e3o:<\/strong><\/span>\u00a0\u00e9 uma leguminosa perene, que se propaga atrav\u00e9s de semente, estol\u00e3o ou coroa com parte da raiz.<\/p>\n<p><span style=\"color: #008000;\"><strong>Habitat:<\/strong><\/span>\u00a0Tem se adaptado bem em v\u00e1rias partes da Am\u00e9rica Tropical e do Brasil, com o m\u00e9rito de associar qualidade nutricional e persist\u00eancia, caracter\u00edsticas raramente encontradas juntas em leguminosas tropicais.<\/p>\n<p>Apresenta boa adapta\u00e7\u00e3o e persist\u00eancia a sombreamento, podendo ser indicada para uso como cobertura do solo em sistemas agroflorestais e como forrageira em sistemas silvipastoris. No Brasil, os resultados obtidos na regi\u00e3o do Distrito Federal, com precipita\u00e7\u00e3o anual de aproximadamente 1500 mm, mostraram que o\u00a0<em>A. pintoi\u00a0<\/em>mant\u00e9m forragem verde durante toda esta\u00e7\u00e3o seca quando estabelecido em \u00e1reas de v\u00e1rzea, onde o len\u00e7ol fre\u00e1tico se situa entre 60 a 120 cm abaixo da superf\u00edcie do solo. Em \u00e1reas bem drenadas, sobrevive na esta\u00e7\u00e3o seca embora seja observada severa perda de folhas. Avalia\u00e7\u00f5es feitas no sul do pa\u00eds indicaram que, apesar de perder as folhas e ter o crescimento paralisado, o\u00a0<em>A. pintoi<\/em>\u00a0tolera severas geadas e rebrota vigorosamente com o aumento da temperatura durante a primavera.<\/p>\n<p><span style=\"color: #008000;\"><strong>Distribui\u00e7\u00e3o:<\/strong><\/span>\u00a0Brasil Central.<\/p>\n<p><strong><span style=\"color: #008000;\">Doen\u00e7as:<\/span>\u00a0<\/strong>Um \u00e1caro (<em>Tetranychus urticae<\/em>) \u00e9 a principal praga de\u00a0<em>A. pintoi<\/em>. O ataque, no entanto, \u00e9 estacional e espor\u00e1dico, sem causar danos severos. manchas foliares causadas por\u00a0<em>Cercospora<\/em>\u00a0spp. e por antracnose (<em>Colletotrichum gloeosporioides<\/em>). Algumas vezes s\u00e3o tamb\u00e9m encontrados sintomas de viroses.<\/p>\n<p><strong><span style=\"color: #008000;\">Uso na agropecu\u00e1ria:<\/span>\u00a0<\/strong>Utilizado como forrageira em consorcia\u00e7\u00e3o com as principais gram\u00edneas tropicais e como cobertura verde em culturas perenes. Caracteriza-se por uma alta produ\u00e7\u00e3o de mat\u00e9ria seca (5 a 13 t\/ha\/ano), a digestibilidade da mat\u00e9ria seca pode atingir de 60 a 70% e os teores de prote\u00edna est\u00e3o entre 13 a 25 %. A aceitabilidade \u00e9 alta e os animais em pastejo selecionam o\u00a0<em>A. pintoi<\/em>\u00a0durante todo o ano, promovendo ganhos de peso na ordem de 500 -1000 g\/dia.<\/p>\n<p><strong><span style=\"color: #008000;\">Como citar essa p\u00e1gina<\/span><br \/>\n<\/strong>SILVA, M. P.\u00a0 Amendoim forrageiro &#8211;\u00a0<em>Arachis pintoi<\/em>. Fauna e Flora do Cerrado, Campo Grande, Novembro 2004. Dispon\u00edvel em: &lt;http:\/\/cloud.cnpgc.embrapa.br\/faunaeflora\/plantas-forrageiras\/amendoim-forrageiro-arachis-pintoi-krapov-w-c-gregory&gt;. Acesso em: &lt;\u00a023 , Maio &gt; 114\u00a0.<strong><br \/>\n<\/strong><\/p>\n<p style=\"color: #000000; text-align: left;\" align=\"center\"><strong><span style=\"color: #330066;\"><span style=\"color: #008000;\">Respons\u00e1veis pelas fontes:<\/span><br \/>\n<\/span><\/strong>Marta Pereira da Silva<br \/>\nEmbrapa Gado de Corte<\/p>\n<p>&nbsp;<\/p>\n","protected":false},"excerpt":{"rendered":"<p>Foto: Marta PereiraAmendoim forrageiro Nomenclatura Reino:\u00a0Metaphyta Divis\u00e3o Classes:\u00a0Dicotyledonae Ordem Fam\u00edlia:\u00a0Leguminoseae G\u00eanero:\u00a0Arachis Esp\u00e9cie:\u00a0Arachis pintoi \u00a0 O\u00a0Arachis pintoi\u00a0\u00e9 uma esp\u00e9cie nativa dos Cerrados do Brasil, adaptada aos solos \u00e1cidos e de baixa [&hellip;]<\/p>\n","protected":false},"author":3,"featured_media":0,"parent":34,"menu_order":0,"comment_status":"open","ping_status":"open","template":"","meta":{"_exactmetrics_skip_tracking":false,"_exactmetrics_sitenote_active":false,"_exactmetrics_sitenote_note":"","_exactmetrics_sitenote_category":0,"footnotes":""},"class_list":["post-144","page","type-page","status-publish","hentry"],"_links":{"self":[{"href":"https:\/\/cloud.cnpgc.embrapa.br\/faunaeflora\/wp-json\/wp\/v2\/pages\/144","targetHints":{"allow":["GET"]}}],"collection":[{"href":"https:\/\/cloud.cnpgc.embrapa.br\/faunaeflora\/wp-json\/wp\/v2\/pages"}],"about":[{"href":"https:\/\/cloud.cnpgc.embrapa.br\/faunaeflora\/wp-json\/wp\/v2\/types\/page"}],"author":[{"embeddable":true,"href":"https:\/\/cloud.cnpgc.embrapa.br\/faunaeflora\/wp-json\/wp\/v2\/users\/3"}],"replies":[{"embeddable":true,"href":"https:\/\/cloud.cnpgc.embrapa.br\/faunaeflora\/wp-json\/wp\/v2\/comments?post=144"}],"version-history":[{"count":16,"href":"https:\/\/cloud.cnpgc.embrapa.br\/faunaeflora\/wp-json\/wp\/v2\/pages\/144\/revisions"}],"predecessor-version":[{"id":315,"href":"https:\/\/cloud.cnpgc.embrapa.br\/faunaeflora\/wp-json\/wp\/v2\/pages\/144\/revisions\/315"}],"up":[{"embeddable":true,"href":"https:\/\/cloud.cnpgc.embrapa.br\/faunaeflora\/wp-json\/wp\/v2\/pages\/34"}],"wp:attachment":[{"href":"https:\/\/cloud.cnpgc.embrapa.br\/faunaeflora\/wp-json\/wp\/v2\/media?parent=144"}],"curies":[{"name":"wp","href":"https:\/\/api.w.org\/{rel}","templated":true}]}}