{"id":227,"date":"2014-05-26T17:24:12","date_gmt":"2014-05-26T17:24:12","guid":{"rendered":"http:\/\/cloud.cnpgc.embrapa.br\/faunaeflora\/?page_id=227"},"modified":"2014-05-27T13:01:11","modified_gmt":"2014-05-27T13:01:11","slug":"jacare-do-papo-amarelo-caiman-latirostris","status":"publish","type":"page","link":"https:\/\/cloud.cnpgc.embrapa.br\/faunaeflora\/repteis\/jacare-do-papo-amarelo-caiman-latirostris\/","title":{"rendered":"Jacar\u00e9-do-papo-amarelo &#8211;\u00a0Caiman latirostris"},"content":{"rendered":"<table border=\"0\" width=\"580\" cellspacing=\"0\" cellpadding=\"0\">\n<tbody>\n<tr>\n<td valign=\"top\">\n<table width=\"100%\" cellspacing=\"0\" cellpadding=\"2\">\n<tbody>\n<tr>\n<td valign=\"top\">\n<table class=\"textomedio\" style=\"color: #666666;\" border=\"0\" cellspacing=\"0\" cellpadding=\"5\" align=\"left\">\n<tbody>\n<tr>\n<td width=\"571\">\n<table border=\"0\" width=\"564\" cellspacing=\"0\" cellpadding=\"10\" align=\"center\">\n<tbody>\n<tr>\n<td class=\"copyright\" style=\"color: #666666;\" valign=\"top\" bgcolor=\"#ffffff\" height=\"268\">\n<table style=\"height: 235px;\" border=\"0\" width=\"276\" cellspacing=\"0\" cellpadding=\"5\" align=\"left\">\n<tbody>\n<tr>\n<td class=\"copyright\" style=\"color: #666666;\" valign=\"top\" width=\"1\" height=\"188\"><\/td>\n<td class=\"copyright\" style=\"color: #666666;\" valign=\"top\" width=\"197\">\n<p align=\"left\"><img decoding=\"async\" src=\"http:\/\/www.cnpgc.embrapa.br\/~rodiney\/series\/papoamarelo\/papoam1.jpg\" alt=\"\" width=\"231\" height=\"177\" border=\"0\" \/><br \/>\nJacar\u00e9-do-papo-amarelo<\/p>\n<\/td>\n<td class=\"copyright\" style=\"color: #666666;\" valign=\"top\" width=\"2\"><\/td>\n<\/tr>\n<\/tbody>\n<\/table>\n<p style=\"color: #000000;\" align=\"center\"><span style=\"color: #330066;\"><strong><span style=\"color: #008000;\">Nomenclatura<\/span><\/strong><br \/>\n<span style=\"color: #008000;\"><strong>Zool\u00f3gica<\/strong><\/span><\/span><\/p>\n<p style=\"color: #000000; text-align: left;\" align=\"center\">Reino:\u00a0Animalia<br \/>\nFilo:\u00a0Chordata<br \/>\nClasses:\u00a0Reptilia<br \/>\nOrdem:\u00a0Crocodilia<br \/>\nFam\u00edlia:\u00a0Crocodylidae<br \/>\nG\u00eanero:\u00a0<i>Caiman<br \/>\n<\/i>Esp\u00e9cie:\u00a0<i>Caiman latirostris<\/i><\/p>\n<p><strong><span style=\"color: #007b3e;\">Distribui\u00e7\u00e3o geogr\u00e1fica<\/span><\/strong><br \/>\nA distribui\u00e7\u00e3o geogr\u00e1fica desta esp\u00e9cie inclui as \u00e1reas de drenagens dos Rios Paran\u00e1 e S\u00e3o Francisco, e algumas bacias costeiras do sudeste e nordeste brasileiro. Ocorrem tamb\u00e9m no nordeste da Argentina, sudeste da Bol\u00edvia e Paraguai, norte e nordeste do Uruguai.<\/p>\n<p><strong><span style=\"color: #007b3e;\">Caracter\u00edsticas f\u00edsicas<\/span>\u00a0<\/strong><br \/>\n\u00c9 um crocodiliano de tamanho m\u00e9dio. Embora seu tamanho m\u00e1ximo alcance 3,5m (SVL). Na natureza animais maiores que\u00a0 2 metros s\u00e3o raros. Possuem um focinho curto.<\/p>\n<p><strong><span style=\"color: #007b3e;\">Hist\u00f3ria Natural<\/span><\/strong><br \/>\nOs crocodilianos vivem muito, facilmente ultrapassando 70 anos de idade.\u00a0<strong><br \/>\n<\/strong><\/p>\n<p><strong><span style=\"color: #007b3e;\">Alimenta\u00e7\u00e3o<\/span>\u00a0<\/strong><br \/>\nPossui uma dieta muito variada onde est\u00e3o inclu\u00eddos invertebrados, principalmente na fase inicial da vida, e vertebrados na fase adulta. Como s\u00e3o animais oportunistas podem comer caramujos, aves, mam\u00edferos como capivaras pequenas. Devido a sua forte mand\u00edbula podem comer inclusive tartarugas.<\/p>\n<p><strong><span style=\"color: #007b3e;\">Reprodu\u00e7\u00e3o<\/span>\u00a0<\/strong><br \/>\nMuito do que \u00e9 conhecido sobre reprodu\u00e7\u00e3o se baseia em indiv\u00edduos de cativeiro. Constroem ninhos no formato de montes. O ninho abriga de 18 a 50 ovos durante a esta\u00e7\u00e3o de chuvas, que geralmente s\u00e3o postos em duas camadas. Em cativeiro h\u00e1 registros de 20 a 60 ovos. H\u00e1 muitos registros que relatam que o macho auxilia a f\u00eamea na constru\u00e7\u00e3o do ninho. Na natureza h\u00e1 registros de constru\u00e7\u00f5es de ninhos em ilhas fluviais. A incuba\u00e7\u00e3o dura aproximadamente 70 dias. Existe um forte cuidado parental dos filhotes por ambos os sexos.<\/p>\n<p><strong><span style=\"color: #007b3e;\">Diversifica\u00e7\u00e3o Agropecu\u00e1ria<\/span><\/strong><\/p>\n<p>Apesar de possuir osteoderma, a pele \u00e9 de \u00f3timo valor no mercado.<\/p>\n<p>H\u00e1 muitas discuss\u00f5es sobre\u00a0formas de aproveitamento dessa esp\u00e9cie. Pela ordem de factibilidade muitos pesquisadores pensam no Sistema \u201cFarming\u201d que \u00e9 a cria\u00e7\u00e3o em cativeiro em ciclo fechado (Portaria do IBAMA 132\/88) e \u201cRanching\u201d que \u00e9 a cria\u00e7\u00e3o em cativeiro de filhotes a partir da coleta de ovos em ambiente natural. Muitos acreditam que o \u201cHarvest\u201d n\u00e3o funcionaria para esta esp\u00e9cie, que \u00e9 o manejo de popula\u00e7\u00f5es naturais.<\/p>\n<p style=\"color: rgb(0, 0, 0); text-align: left;\" align=\"center\"><span style=\"color: rgb(0, 128, 0);\"><strong>Respons\u00e1veis pelas fontes:<br \/>\n<\/strong><\/span>Ludmilla Moura de Souza Aguiar<br \/>\nEmbrapa Cerrados<\/p>\n<p style=\"color: rgb(0, 0, 0); text-align: left;\" align=\"center\">Rodiney de Arruda Mauro<br \/>\nEmbrapa Gado de Corte<\/p>\n<\/td>\n<\/tr>\n<\/tbody>\n<\/table>\n<\/td>\n<\/tr>\n<\/tbody>\n<\/table>\n<\/td>\n<\/tr>\n<tr>\n<td valign=\"top\">\n<table border=\"0\" width=\"100%\" cellspacing=\"0\" cellpadding=\"0\">\n<tbody>\n<tr>\n<td width=\"22\"><\/td>\n<td bgcolor=\"#ffffff\">\n<div class=\"chamadaNoticia\" style=\"font-weight: bold; color: #007b3e;\">Como citar essa p\u00e1gina<\/div>\n<\/td>\n<\/tr>\n<tr>\n<td colspan=\"2\" bgcolor=\"#eeeeee\" height=\"2\"><img decoding=\"async\" src=\"http:\/\/www.cnpgc.embrapa.br\/~rodiney\/series\/papoamarelo\/Empresa%20Brasileira%20de%20Pesquisa%20Agropecu%C3%A1ria_arquivos\/clear.gif\" alt=\"\" width=\"1\" height=\"2\" \/><\/td>\n<\/tr>\n<\/tbody>\n<\/table>\n<\/td>\n<\/tr>\n<tr>\n<td valign=\"top\" width=\"0\">\n<table class=\"linktres\" width=\"100%\" cellspacing=\"0\" cellpadding=\"2\">\n<tbody>\n<tr>\n<td width=\"10\"><\/td>\n<td><span style=\"color: #666666; font-family: Verdana, Arial, Helvetica, sans-serif; font-size: xx-small;\">AGUIAR, L.M.S. &amp; MAURO, R.A. Jacar\u00e9-de-papo-amarelo &#8211;\u00a0<i>Caiman latirostris<\/i>. Fauna e Flora do Cerrado, Campo Grande, Junho 2005. Dispon\u00edvel em: &lt; http:\/\/ www.cnpgc.embrapa.br\/series\/ema\/Ema.htm &gt;. Acesso em: &lt;\u00a0<span style=\"color: #ffffff;\"><span style=\"color: #666666; font-family: Arial; font-size: xx-small;\"><strong>26 , Maio &gt; 114\u00a0<\/strong><\/span><\/span>.<br \/>\n<\/span><\/td>\n<\/tr>\n<\/tbody>\n<\/table>\n<\/td>\n<\/tr>\n<tr>\n<td><\/td>\n<\/tr>\n<tr>\n<td valign=\"top\">\n<table border=\"0\" width=\"100%\" cellspacing=\"0\" cellpadding=\"0\">\n<tbody>\n<tr>\n<td width=\"22\"><\/td>\n<td bgcolor=\"#ffffff\">\n<div class=\"chamadaNoticia\" style=\"font-weight: bold; color: #007b3e;\" align=\"left\">Refer\u00eancias Bibliogr\u00e1ficas<\/div>\n<\/td>\n<\/tr>\n<tr>\n<td colspan=\"2\" bgcolor=\"#eeeeee\" height=\"2\"><img decoding=\"async\" src=\"http:\/\/www.cnpgc.embrapa.br\/~rodiney\/series\/papoamarelo\/Empresa%20Brasileira%20de%20Pesquisa%20Agropecu%C3%A1ria_arquivos\/clear.gif\" alt=\"\" width=\"1\" height=\"2\" \/><\/td>\n<\/tr>\n<\/tbody>\n<\/table>\n<\/td>\n<\/tr>\n<tr>\n<td valign=\"top\">\n<table width=\"100%\" cellspacing=\"0\" cellpadding=\"2\">\n<tbody>\n<tr>\n<td><\/td>\n<td rowspan=\"2\"><\/td>\n<\/tr>\n<\/tbody>\n<\/table>\n<\/td>\n<\/tr>\n<\/tbody>\n<\/table>\n<\/td>\n<\/tr>\n<\/tbody>\n<\/table>\n","protected":false},"excerpt":{"rendered":"<p>Jacar\u00e9-do-papo-amarelo Nomenclatura Zool\u00f3gica Reino:\u00a0Animalia Filo:\u00a0Chordata Classes:\u00a0Reptilia Ordem:\u00a0Crocodilia Fam\u00edlia:\u00a0Crocodylidae G\u00eanero:\u00a0Caiman Esp\u00e9cie:\u00a0Caiman latirostris Distribui\u00e7\u00e3o geogr\u00e1fica A distribui\u00e7\u00e3o geogr\u00e1fica desta esp\u00e9cie inclui as \u00e1reas de drenagens dos Rios Paran\u00e1 e S\u00e3o Francisco, e [&hellip;]<\/p>\n","protected":false},"author":3,"featured_media":0,"parent":178,"menu_order":0,"comment_status":"open","ping_status":"open","template":"","meta":{"_exactmetrics_skip_tracking":false,"_exactmetrics_sitenote_active":false,"_exactmetrics_sitenote_note":"","_exactmetrics_sitenote_category":0,"footnotes":""},"class_list":["post-227","page","type-page","status-publish","hentry"],"_links":{"self":[{"href":"https:\/\/cloud.cnpgc.embrapa.br\/faunaeflora\/wp-json\/wp\/v2\/pages\/227","targetHints":{"allow":["GET"]}}],"collection":[{"href":"https:\/\/cloud.cnpgc.embrapa.br\/faunaeflora\/wp-json\/wp\/v2\/pages"}],"about":[{"href":"https:\/\/cloud.cnpgc.embrapa.br\/faunaeflora\/wp-json\/wp\/v2\/types\/page"}],"author":[{"embeddable":true,"href":"https:\/\/cloud.cnpgc.embrapa.br\/faunaeflora\/wp-json\/wp\/v2\/users\/3"}],"replies":[{"embeddable":true,"href":"https:\/\/cloud.cnpgc.embrapa.br\/faunaeflora\/wp-json\/wp\/v2\/comments?post=227"}],"version-history":[{"count":6,"href":"https:\/\/cloud.cnpgc.embrapa.br\/faunaeflora\/wp-json\/wp\/v2\/pages\/227\/revisions"}],"predecessor-version":[{"id":278,"href":"https:\/\/cloud.cnpgc.embrapa.br\/faunaeflora\/wp-json\/wp\/v2\/pages\/227\/revisions\/278"}],"up":[{"embeddable":true,"href":"https:\/\/cloud.cnpgc.embrapa.br\/faunaeflora\/wp-json\/wp\/v2\/pages\/178"}],"wp:attachment":[{"href":"https:\/\/cloud.cnpgc.embrapa.br\/faunaeflora\/wp-json\/wp\/v2\/media?parent=227"}],"curies":[{"name":"wp","href":"https:\/\/api.w.org\/{rel}","templated":true}]}}