{"id":4,"date":"2014-05-19T13:39:11","date_gmt":"2014-05-19T13:39:11","guid":{"rendered":"http:\/\/cloud.cnpgc.embrapa.br\/faunaeflora\/?page_id=4"},"modified":"2014-05-27T15:21:00","modified_gmt":"2014-05-27T15:21:00","slug":"sobre","status":"publish","type":"page","link":"https:\/\/cloud.cnpgc.embrapa.br\/faunaeflora\/","title":{"rendered":"Sobre"},"content":{"rendered":"<p style=\"color: #666666;\"><a href=\"http:\/\/cloud.cnpgc.embrapa.br\/faunaeflora\/files\/2014\/05\/bannerfauna2.jpg\"><img decoding=\"async\" class=\"aligncenter size-full wp-image-20\" src=\"http:\/\/cloud.cnpgc.embrapa.br\/faunaeflora\/files\/2014\/05\/bannerfauna2.jpg\" alt=\"bannerfauna2\" width=\"600\" height=\"83\" srcset=\"https:\/\/cloud.cnpgc.embrapa.br\/faunaeflora\/files\/2014\/05\/bannerfauna2.jpg 600w, https:\/\/cloud.cnpgc.embrapa.br\/faunaeflora\/files\/2014\/05\/bannerfauna2-300x41.jpg 300w\" sizes=\"(max-width: 600px) 100vw, 600px\" \/><\/a><\/p>\n<p style=\"color: #666666;\">O Bioma Cerrado ocupa cerca de 2 milh\u00f5es de km2 do territ\u00f3rio brasileiro. Ocorre em 13 estados brasileiros e no Distrito Federal, e tamb\u00e9m na Bol\u00edvia.<\/p>\n<p>A ocupa\u00e7\u00e3o come\u00e7ou no S\u00e9c. XVIII. As incurs\u00f5es nessa vasta regi\u00e3o eram realizadas principalmente atrav\u00e9s dos rios e veredas, caracterizadas pela ocorr\u00eancia de buritis (<i>Mauritia flexuosa<\/i>), devido a maior facilidade de penetra\u00e7\u00e3o. O interesse inicial era a explora\u00e7\u00e3o mineira nos estados de Goi\u00e1s e Mato Grosso. Concomitantemente e tamb\u00e9m ap\u00f3s o decl\u00ednio destas atividades houve a implanta\u00e7\u00e3o de uma pecu\u00e1ria extensiva baseada em pastagens nativas e capins africanos como o jaragu\u00e1 (<i>Hyparrhenia rufa<\/i>) e capim gordura (<i>Melinis minutiflora<\/i>). Essas atividades pecu\u00e1rias antigas encontram-se hoje em desuso devido a baixa produtividade e a destrui\u00e7\u00e3o ambiental. Atualmente a maioria dos pecuaristas adotam t\u00e9cnicas modernas de produ\u00e7\u00e3o e h\u00e1 um aumento crescente com as quest\u00f5es ambientais.<\/p>\n<p>A grande ocupa\u00e7\u00e3o do Cerrado iniciou no s\u00e9culo XX, com o translado da capital do Brasil do Rio de Janeiro para Bras\u00edlia. No final da d\u00e9cada 70, a Regi\u00e3o do Cerrado era pouco explorada. As correntes migrat\u00f3rias, principalmente das regi\u00f5es Sul e Sudeste do pa\u00eds, tornaram o Cerrado o celeiro do mundo. Segundo dados da\u00a0<a style=\"color: #007b3e;\" href=\"http:\/\/www.cpac.embrapa.br\/\"><span style=\"color: #006633;\"><span style=\"text-decoration: underline;\">Embrapa Cerrados <\/span><\/span><\/a>hoje existem na regi\u00e3o 50 milh\u00f5es de hectares de pastagens cultivadas, 30 milh\u00f5es de hectares de pastagens nativas, 13,5 milh\u00f5es de hectares de culturas anuais e dois milh\u00f5es de hectares de culturas perenes e florestais.<\/p>\n<p>Atualmente muitas empresas agropecu\u00e1rias adotam tecnologias de ponta para fazer o Cerrado produzir. Devido a baix\u00edssima fertilidade dos solos foram adotadas t\u00e9cnicas de corre\u00e7\u00e3o, aduba\u00e7\u00e3o e manejo dos mesmos, alem de produzir cultivares de plantas comerciais adaptados ao Bioma. Com todo esse desenvolvimento econ\u00f4mico houve uma perda do conhecimento sobre a fauna e a flora existente nesta \u00e1rea, principalmente sobre o potencial valor econ\u00f4mico dos mesmos.<\/p>\n<p>A flora e fauna do Cerrado s\u00e3o riqu\u00edssimas. Esta regi\u00e3o possui cerca de 10.000 esp\u00e9cies vegetais. Estima-se que em cada hectare podem ser encontradas cerca de 400 esp\u00e9cies de plantas. Quanto a fauna s\u00e3o conhecidas cerca de 1.600 esp\u00e9cies de animais. S\u00e3o 195 esp\u00e9cies de mam\u00edferos, sendo 18 end\u00eamicas. Devido a essa grande biodiversidade o Cerrado \u00e9 considerado uma das 25 \u00e1reas do mundo priorit\u00e1rias para a conserva\u00e7\u00e3o.<\/p>\n<p>Devido a essa import\u00e2ncia econ\u00f4mica e ambiental a Embrapa Gado de Corte e a Embrapa Cerrados tornam dispon\u00edveis informa\u00e7\u00f5es sobre as esp\u00e9cies da flora e da fauna dessa grande regi\u00e3o brasileira. Dentro desse contexto contamos com a colabora\u00e7\u00e3o dos produtores agropecu\u00e1rios considerando-os nossos grandes aliados na conserva\u00e7\u00e3o ambiental dos Biomas brasileiros.<\/p>\n<p>&nbsp;<\/p>\n<p style=\"color: #666666;\"><b><span style=\"color: #006633; font-family: Verdana; font-size: small;\">Respons\u00e1veis pelas p\u00e1ginas:<\/span><\/b><\/p>\n<p style=\"color: #666666;\"><span style=\"font-family: Verdana;\"><strong><a style=\"color: #007b3e;\" href=\"http:\/\/www.cnpgc.embrapa.br\/~rodiney\/series\/fauna.htm\"><span style=\"color: #006633;\">Fauna<\/span><\/a><\/strong><br \/>\n<span style=\"font-size: small;\"><b><a style=\"color: #007b3e;\" href=\"http:\/\/pandora.cnpgc.embrapa.br\/staff\/Rodiney-Mauro\">Rodiney de Arruda Mauro<\/a>\u00a0\u2013 <span style=\"color: #008000;\">Embrapa Gado de Corte<\/span><br \/>\n<span style=\"color: #008000;\"><a href=\"http:\/\/lattes.cnpq.br\/0444869521916180\"><span style=\"color: #008000;\">Ludmilla Moura de Souza Aguiar<\/span><\/a><\/span>\u00a0\u2013\u00a0<span style=\"color: #008000;\"><a style=\"color: #007b3e;\" href=\"http:\/\/www.unb.br\/\" target=\"_new\"><span style=\"color: #008000;\">UnB<\/span><\/a><\/span><\/b><\/span><\/span><\/p>\n<p style=\"color: #666666;\"><span style=\"font-family: Verdana;\"><br \/>\n<strong><a style=\"color: #007b3e;\" href=\"http:\/\/www.cnpgc.embrapa.br\/~rodiney\/series\/flora.htm\"><span style=\"color: #006633;\">Flora<\/span><\/a><\/strong><br \/>\n<span style=\"font-size: small;\"><b><a style=\"color: #007b3e;\" href=\"http:\/\/pandora.cnpgc.embrapa.br\/staff\/Marta-Pereira\">Marta Pereira da Silva<\/a>\u00a0\u2013 <span style=\"color: #008000;\">Embrapa Gado de Corte<\/span><br \/>\n<span style=\"color: #008000;\"><a href=\"http:\/\/lattes.cnpq.br\/8915975180559275\"><span style=\"color: #008000;\">Arnildo Pott<\/span><\/a><\/span>\u00a0\u2013\u00a0<a style=\"color: #007b3e;\" href=\"http:\/\/www-nt.ufms.br\/\" target=\"_new\">UFMS<\/a><br \/>\n<span style=\"color: #008000;\"><a href=\"http:\/\/lattes.cnpq.br\/5120003635075601\"><span style=\"color: #008000;\">Vali Joana Pott<\/span><\/a><\/span>\u00a0\u2013\u00a0<a style=\"color: #007b3e;\" href=\"http:\/\/www-nt.ufms.br\/\" target=\"_new\">UFMS<\/a><\/b><\/span><\/span><\/p>\n<p>&nbsp;<\/p>\n<p style=\"color: #666666;\"><b><span style=\"color: #006633; font-family: Verdana, Arial, Helvetica, sans-serif; font-size: xx-small;\">Como citar essa p\u00e1gina:<\/span><\/b><span style=\"color: #666666; font-family: Verdana, Arial, Helvetica, sans-serif; font-size: xx-small;\"><br \/>\nMAURO, R.A.; AGUIAR, L.M.S.; SILVA, M. P.; POTT, A. &amp; POTT,V. J. Fauna e Flora do Cerrado, Campo Grande, Junho 2004. Dispon\u00edvel em: &lt;http:\/\/cloud.cnpgc.embrapa.br\/faunaeflora&gt;. Acesso em: &lt;\u00a019 , Maio &gt; 114 .<\/span><\/p>\n<p><span style=\"color: #666666; font-family: Verdana, Arial, Helvetica, sans-serif; font-size: xx-small;\">\u00a0<\/span><\/p>\n","protected":false},"excerpt":{"rendered":"<p>O Bioma Cerrado ocupa cerca de 2 milh\u00f5es de km2 do territ\u00f3rio brasileiro. Ocorre em 13 estados brasileiros e no Distrito Federal, e tamb\u00e9m na Bol\u00edvia. A ocupa\u00e7\u00e3o come\u00e7ou no [&hellip;]<\/p>\n","protected":false},"author":3,"featured_media":0,"parent":0,"menu_order":0,"comment_status":"open","ping_status":"open","template":"","meta":{"_exactmetrics_skip_tracking":false,"_exactmetrics_sitenote_active":false,"_exactmetrics_sitenote_note":"","_exactmetrics_sitenote_category":0,"footnotes":""},"class_list":["post-4","page","type-page","status-publish","hentry"],"_links":{"self":[{"href":"https:\/\/cloud.cnpgc.embrapa.br\/faunaeflora\/wp-json\/wp\/v2\/pages\/4","targetHints":{"allow":["GET"]}}],"collection":[{"href":"https:\/\/cloud.cnpgc.embrapa.br\/faunaeflora\/wp-json\/wp\/v2\/pages"}],"about":[{"href":"https:\/\/cloud.cnpgc.embrapa.br\/faunaeflora\/wp-json\/wp\/v2\/types\/page"}],"author":[{"embeddable":true,"href":"https:\/\/cloud.cnpgc.embrapa.br\/faunaeflora\/wp-json\/wp\/v2\/users\/3"}],"replies":[{"embeddable":true,"href":"https:\/\/cloud.cnpgc.embrapa.br\/faunaeflora\/wp-json\/wp\/v2\/comments?post=4"}],"version-history":[{"count":15,"href":"https:\/\/cloud.cnpgc.embrapa.br\/faunaeflora\/wp-json\/wp\/v2\/pages\/4\/revisions"}],"predecessor-version":[{"id":298,"href":"https:\/\/cloud.cnpgc.embrapa.br\/faunaeflora\/wp-json\/wp\/v2\/pages\/4\/revisions\/298"}],"wp:attachment":[{"href":"https:\/\/cloud.cnpgc.embrapa.br\/faunaeflora\/wp-json\/wp\/v2\/media?parent=4"}],"curies":[{"name":"wp","href":"https:\/\/api.w.org\/{rel}","templated":true}]}}