{"id":4,"date":"2015-06-02T13:28:56","date_gmt":"2015-06-02T13:28:56","guid":{"rendered":"http:\/\/cloud.cnpgc.embrapa.br\/fispq\/?page_id=4"},"modified":"2015-06-02T13:28:56","modified_gmt":"2015-06-02T13:28:56","slug":"sobre","status":"publish","type":"page","link":"https:\/\/cloud.cnpgc.embrapa.br\/fispq\/","title":{"rendered":"Sobre"},"content":{"rendered":"<p>A <strong>FISPQ (Ficha de Informa\u00e7\u00f5es de Seguran\u00e7a de Produtos Qu\u00edmicos)<\/strong> \u00e9 um documento normalizado pela Associa\u00e7\u00e3o Brasileira de Normas T\u00e9cnicas (ABNT) conforme norma, <strong>ABNT-NBR 14725<\/strong>. Este documento, denominado \u201cFicha com Dados de Seguran\u00e7a\u201d segundo Decreto n\u00ba 2.657 de 03\/07\/1998 (promulga a Conven\u00e7\u00e3o n\u00ba 170 da Organiza\u00e7\u00e3o Internacional do Trabalho-OIT), deve ser recebido pelos empregadores que utilizem produtos qu\u00edmicos, tornando-se um documento obrigat\u00f3rio para a comercializa\u00e7\u00e3o destes produtos.<\/p>\n<p>A FISPQ fornece informa\u00e7\u00f5es sobre v\u00e1rios aspectos dos produtos qu\u00edmicos (subst\u00e2ncias ou misturas) quanto \u00e0 seguran\u00e7a, \u00e0 sa\u00fade e ao meio ambiente; transmitindo desta maneira, conhecimentos sobre produtos qu\u00edmicos, recomenda\u00e7\u00f5es sobre medidas de prote\u00e7\u00e3o e a\u00e7\u00f5es em situa\u00e7\u00e3o de emerg\u00eancia. <strong>Este documento \u00e9 dividido em 16 Se\u00e7\u00f5es.<\/strong><\/p>\n<p>A FISPQ \u00e9 um instrumento de comunica\u00e7\u00e3o dos perigos e poss\u00edveis riscos levando em considera\u00e7\u00e3o o uso previsto dos produtos qu\u00edmicos; o documento n\u00e3o leva em conta todas as situa\u00e7\u00f5es que possam ocorrer em um ambiente de trabalho, constituindo apenas parte da informa\u00e7\u00e3o necess\u00e1ria para a elabora\u00e7\u00e3o de um programa de sa\u00fade, seguran\u00e7a e meio ambiente.<\/p>\n","protected":false},"excerpt":{"rendered":"<p>A FISPQ (Ficha de Informa\u00e7\u00f5es de Seguran\u00e7a de Produtos Qu\u00edmicos) \u00e9 um documento normalizado pela Associa\u00e7\u00e3o Brasileira de Normas T\u00e9cnicas (ABNT) conforme norma, ABNT-NBR 14725. Este documento, denominado \u201cFicha com Dados de Seguran\u00e7a\u201d segundo Decreto n\u00ba 2.657 de 03\/07\/1998 (promulga a Conven\u00e7\u00e3o n\u00ba 170 da Organiza\u00e7\u00e3o Internacional do Trabalho-OIT), deve ser recebido pelos empregadores que<a class=\"moretag\" href=\"https:\/\/cloud.cnpgc.embrapa.br\/fispq\/\"><span class=\"screen-reader-text\">Read more about Sobre<\/span>[&#8230;]<\/a><\/p>\n","protected":false},"author":3,"featured_media":0,"parent":0,"menu_order":0,"comment_status":"open","ping_status":"open","template":"","meta":{"_exactmetrics_skip_tracking":false,"_exactmetrics_sitenote_active":false,"_exactmetrics_sitenote_note":"","_exactmetrics_sitenote_category":0,"footnotes":""},"class_list":["post-4","page","type-page","status-publish","hentry"],"_links":{"self":[{"href":"https:\/\/cloud.cnpgc.embrapa.br\/fispq\/wp-json\/wp\/v2\/pages\/4","targetHints":{"allow":["GET"]}}],"collection":[{"href":"https:\/\/cloud.cnpgc.embrapa.br\/fispq\/wp-json\/wp\/v2\/pages"}],"about":[{"href":"https:\/\/cloud.cnpgc.embrapa.br\/fispq\/wp-json\/wp\/v2\/types\/page"}],"author":[{"embeddable":true,"href":"https:\/\/cloud.cnpgc.embrapa.br\/fispq\/wp-json\/wp\/v2\/users\/3"}],"replies":[{"embeddable":true,"href":"https:\/\/cloud.cnpgc.embrapa.br\/fispq\/wp-json\/wp\/v2\/comments?post=4"}],"version-history":[{"count":1,"href":"https:\/\/cloud.cnpgc.embrapa.br\/fispq\/wp-json\/wp\/v2\/pages\/4\/revisions"}],"predecessor-version":[{"id":5,"href":"https:\/\/cloud.cnpgc.embrapa.br\/fispq\/wp-json\/wp\/v2\/pages\/4\/revisions\/5"}],"wp:attachment":[{"href":"https:\/\/cloud.cnpgc.embrapa.br\/fispq\/wp-json\/wp\/v2\/media?parent=4"}],"curies":[{"name":"wp","href":"https:\/\/api.w.org\/{rel}","templated":true}]}}