{"id":10,"date":"2012-07-23T00:26:36","date_gmt":"2012-07-23T04:26:36","guid":{"rendered":"http:\/\/cloud.cnpgc.embrapa.br\/ilpf\/?page_id=10"},"modified":"2015-05-14T08:57:56","modified_gmt":"2015-05-14T12:57:56","slug":"sobre","status":"publish","type":"page","link":"https:\/\/cloud.cnpgc.embrapa.br\/ilpf\/","title":{"rendered":"Sobre"},"content":{"rendered":"<p style=\"text-align: center;\"><a href=\"http:\/\/cloud.cnpgc.embrapa.br\/ilpf\/sobre\/capa\/\" rel=\"attachment wp-att-36\"><img fetchpriority=\"high\" decoding=\"async\" class=\"aligncenter size-full wp-image-36\" style=\"border: #CCC 3px solid;\" title=\"Capa do livro Sistemas de integra\u00e7\u00e3o lavoura-pecu\u00e1ria-floresta: a produ\u00e7\u00e3o sustent\u00e1vel\" src=\"http:\/\/cloud.cnpgc.embrapa.br\/ilpf\/files\/2012\/07\/capa.png\" alt=\"Capa do livro Sistemas de integra\u00e7\u00e3o lavoura-pecu\u00e1ria-floresta: a produ\u00e7\u00e3o sustent\u00e1vel\" width=\"210\" height=\"300\" \/><\/a><\/p>\n<p style=\"text-align: justify;\">O livro <em><strong>Sistemas de integra\u00e7\u00e3o lavoura-pecu\u00e1ria-floresta: a produ\u00e7\u00e3o sustent\u00e1vel<\/strong><\/em>, em sua segunda edi\u00e7\u00e3o, ampliada ao ponto de quase dobrar o n\u00famero de cap\u00edtulos, agrega conhecimentos de diversos pesquisadores, principalmente da Embrapa, sobre os diferentes aspectos de produ\u00e7\u00e3o agropecu\u00e1ria quando se utiliza sistemas de integra\u00e7\u00e3o lavoura-pecu\u00e1ria-floresta.<\/p>\n<p style=\"text-align: justify;\">Sempre aliado \u00e0s v\u00e1rias iniciativas de diferentes institui\u00e7\u00f5es que conduzem pesquisas e transferem conhecimentos na \u00e1rea, este trabalho foi elaborado em fun\u00e7\u00e3o da demanda crescente por conhecimentos sobre sistemas de produ\u00e7\u00e3o em integra\u00e7\u00e3o, especialmente para cria\u00e7\u00e3o de bovinos e recupera\u00e7\u00e3o de pastagens.<\/p>\n<p style=\"text-align: justify;\">O material apresenta conceitos, informa\u00e7\u00f5es e perspectivas motivadoras para produtores rurais, t\u00e9cnicos e formadores de opini\u00e3o do setor.<\/p>\n<p style=\"text-align: justify;\">O livro est\u00e1 organizado nos seguintes cap\u00edtulos:<\/p>\n<ol style=\"text-align: justify;\">\n<li style=\"text-align: justify;\">Sistemas de integra\u00e7\u00e3o lavoura-pecu\u00e1ria-floresta e o progresso do setor agropecu\u00e1rio brasileiro<\/li>\n<li style=\"text-align: justify;\">Sistemas de integra\u00e7\u00e3o: o que s\u00e3o, suas vantagens e limita\u00e7\u00f5es<\/li>\n<li style=\"text-align: justify;\">Empreendedorismo para a sustentabilidade em sistemas de integra\u00e7\u00e3o lavoura-pecu\u00e1ria-floresta<\/li>\n<li style=\"text-align: justify;\">Sistemas de produ\u00e7\u00e3o em integra\u00e7\u00e3o: alternativa para recupera\u00e7\u00e3o de pastagens degradadas<\/li>\n<li style=\"text-align: justify;\">Fundamentos t\u00e9cnicos para implanta\u00e7\u00e3o de sistemas de integra\u00e7\u00e3o lavoura-pecu\u00e1ria-floresta com eucalipto<\/li>\n<li style=\"text-align: justify;\">Ferramentas de planejamento para implementa\u00e7\u00e3o de sistemas de ILPF<\/li>\n<li style=\"text-align: justify;\">Forrageiras em sistemas de produ\u00e7\u00e3o de bovinos em integra\u00e7\u00e3o<\/li>\n<li style=\"text-align: justify;\">Esp\u00e9cies florestais em sistemas de produ\u00e7\u00e3o em integra\u00e7\u00e3o<\/li>\n<li style=\"text-align: justify;\">Manejo das \u00e1rvores e propriedades da madeira em sistema de ILPF com eucalipto<\/li>\n<li style=\"text-align: justify;\">O componente animal em sistemas de produ\u00e7\u00e3o em integra\u00e7\u00e3o<\/li>\n<li style=\"text-align: justify;\">Suplementa\u00e7\u00e3o de bovinos de corte na integra\u00e7\u00e3o lavoura-pecu\u00e1ria-floresta<\/li>\n<li style=\"text-align: justify;\">Controle parasit\u00e1rio de bovinos de corte em sistemas de integra\u00e7\u00e3o<\/li>\n<li style=\"text-align: justify;\">Produ\u00e7\u00e3o de ovinos de corte em sistemas de integra\u00e7\u00e3o<\/li>\n<li style=\"text-align: justify;\">Uso de geotecnologias no monitoramento de sistemas de integra\u00e7\u00e3o lavoura-pecu\u00e1ria-floresta<\/li>\n<li style=\"text-align: justify;\">Custo-benef\u00edcio dos sistemas de produ\u00e7\u00e3o em integra\u00e7\u00e3o<\/li>\n<li style=\"text-align: justify;\">A posi\u00e7\u00e3o estrat\u00e9gica dos sistemas de integra\u00e7\u00e3o no contexto da agropecu\u00e1ria e do meio ambiente<\/li>\n<\/ol>\n<p style=\"text-align: justify;\">Esta edi\u00e7\u00e3o foi proposta neste formato devido \u00e0 grande demanda apresentada para a primeira edi\u00e7\u00e3o. Ao receber a solicita\u00e7\u00e3o de muitos produtores e t\u00e9cnicos, a equipe percebeu a import\u00e2ncia de oferecer um material expandido, cobrindo tamb\u00e9m outros aspectos do neg\u00f3cio iLPF. Como pode ser percebido na listagem de cap\u00edtulos, o material aborda desde conceitos b\u00e1sicos dos sistemas de integra\u00e7\u00e3o e sua import\u00e2ncia para recupera\u00e7\u00e3o de pastagens no Brasil, enfatizando o empreendedorismo e facilitando o uso de geotecnologias e ferramentas de planejamento e controle. Foram elaborados cap\u00edtulos de cunho bastante pr\u00e1tico, como planejamento e passo-a-passo para implanta\u00e7\u00e3o do sistema, ricos em fotos e dicas operacionais, com certa \u00eanfase no uso de eucalipto como componente florestal e bovinos como componente animal do sistema. O livro detalha tamb\u00e9m aspectos relacionados com o bem estar animal e manejo das pastagens em sistemas de iLPF. Nesse aspecto foram inclu\u00eddas orienta\u00e7\u00f5es muito pr\u00e1ticas sobre suplementa\u00e7\u00e3o a campo e controle de parasitas em tais sistemas.<\/p>\n<p style=\"text-align: justify;\">Al\u00e9m de apresentar informa\u00e7\u00f5es, o livro oferece tamb\u00e9m suporte efetivo para o produtor. V\u00e1rios autores de cap\u00edtulos disponibilizam materiais suplementares em p\u00e1gina da web espec\u00edfica do livro, como arquivos b\u00e1sicos do Gantt Project para planejamento e or\u00e7amenta\u00e7\u00e3o, planilhas para orienta\u00e7\u00f5es de amostragens e desbaste de \u00e1rvores, estrat\u00e9gias de controle de parasitas e planilhas de c\u00e1lculo para formula\u00e7\u00e3o de suplementos para bovinos.<\/p>\n<p style=\"text-align: justify;\">O livro em formato 17 x 24 t\u00eam 239 p\u00e1ginas, contendo mais de 70 figuras, visando n\u00e3o apenas descrever o sistema e t\u00e9cnicas, mas tamb\u00e9m permitir que os interessados possam ver aspectos essenciais da integra\u00e7\u00e3o lavoura-pecu\u00e1ria-floresta e perceber como esse sistema pode ser aplicado realmente nas mais diversas situa\u00e7\u00f5es.<\/p>\n<p style=\"text-align: justify;\">Esta segunda edi\u00e7\u00e3o foi expandida, cobrindo os mais diversos aspectos do neg\u00f3cio iLPF e visa atender \u00e0 demanda de produtores, t\u00e9cnicos e estudantes. Aborda desde conceitos b\u00e1sicos dos sistemas de integra\u00e7\u00e3o, como sua import\u00e2ncia para recupera\u00e7\u00e3o de pastagens no Brasil, at\u00e9 o papel do empreendedorismo e a import\u00e2ncia do uso de geotecnologias e ferramentas de planejamento para implanta\u00e7\u00e3o do sistema. Os cap\u00edtulos s\u00e3o de cunho pr\u00e1tico, auxiliando a implanta\u00e7\u00e3o do sistema com dicas operacionais. S\u00e3o discutidos tamb\u00e9m aspectos relacionados com o bem estar animal, controle de parasitas, manejo das pastagens e suplementa\u00e7\u00e3o em sistemas de iLPF. Em adi\u00e7\u00e3o, nesta p\u00e1gina Web est\u00e3o relacionadas algumas ferramentas de suporte para o produtor. Os exemplos e imagens de sistemas j\u00e1 em andamento ajudam a demonstrar que a integra\u00e7\u00e3o lavoura-pecu\u00e1ria-floresta pode ser adotada em diversas situa\u00e7\u00f5es e formatos, trazendo benef\u00edcios para o produtor que faz da atividade seu empreendimento.<\/p>\n","protected":false},"excerpt":{"rendered":"<p>O livro Sistemas de integra\u00e7\u00e3o lavoura-pecu\u00e1ria-floresta: a produ\u00e7\u00e3o sustent\u00e1vel, em sua segunda edi\u00e7\u00e3o, ampliada ao ponto de quase dobrar o n\u00famero de cap\u00edtulos, agrega conhecimentos de diversos pesquisadores, principalmente da Embrapa, sobre os diferentes aspectos de produ\u00e7\u00e3o agropecu\u00e1ria quando se<\/p>\n","protected":false},"author":1,"featured_media":0,"parent":0,"menu_order":0,"comment_status":"closed","ping_status":"closed","template":"","meta":{"_exactmetrics_skip_tracking":false,"_exactmetrics_sitenote_active":false,"_exactmetrics_sitenote_note":"","_exactmetrics_sitenote_category":0,"footnotes":""},"class_list":["post-10","page","type-page","status-publish","hentry"],"_links":{"self":[{"href":"https:\/\/cloud.cnpgc.embrapa.br\/ilpf\/wp-json\/wp\/v2\/pages\/10","targetHints":{"allow":["GET"]}}],"collection":[{"href":"https:\/\/cloud.cnpgc.embrapa.br\/ilpf\/wp-json\/wp\/v2\/pages"}],"about":[{"href":"https:\/\/cloud.cnpgc.embrapa.br\/ilpf\/wp-json\/wp\/v2\/types\/page"}],"author":[{"embeddable":true,"href":"https:\/\/cloud.cnpgc.embrapa.br\/ilpf\/wp-json\/wp\/v2\/users\/1"}],"replies":[{"embeddable":true,"href":"https:\/\/cloud.cnpgc.embrapa.br\/ilpf\/wp-json\/wp\/v2\/comments?post=10"}],"version-history":[{"count":9,"href":"https:\/\/cloud.cnpgc.embrapa.br\/ilpf\/wp-json\/wp\/v2\/pages\/10\/revisions"}],"predecessor-version":[{"id":48,"href":"https:\/\/cloud.cnpgc.embrapa.br\/ilpf\/wp-json\/wp\/v2\/pages\/10\/revisions\/48"}],"wp:attachment":[{"href":"https:\/\/cloud.cnpgc.embrapa.br\/ilpf\/wp-json\/wp\/v2\/media?parent=10"}],"curies":[{"name":"wp","href":"https:\/\/api.w.org\/{rel}","templated":true}]}}