{"id":6,"date":"2014-05-15T17:50:53","date_gmt":"2014-05-15T17:50:53","guid":{"rendered":"http:\/\/cloud.cnpgc.embrapa.br\/dinapec\/?page_id=6"},"modified":"2024-11-13T13:39:06","modified_gmt":"2024-11-13T13:39:06","slug":"sobre","status":"publish","type":"page","link":"https:\/\/cloud.cnpgc.embrapa.br\/jornadacientifica\/","title":{"rendered":"Sobre"},"content":{"rendered":"\n<p class=\"has-text-align-center\"><img fetchpriority=\"high\" decoding=\"async\" width=\"500\" height=\"538\" class=\"wp-image-89\" style=\"width: 500px;\" src=\"https:\/\/cloud.cnpgc.embrapa.br\/jornadacientifica\/files\/2024\/11\/logo_jornada_cientifica_modernizacao_maio_2017__final_-e1731504823746.png\" alt=\"\" srcset=\"https:\/\/cloud.cnpgc.embrapa.br\/jornadacientifica\/files\/2024\/11\/logo_jornada_cientifica_modernizacao_maio_2017__final_-e1731504823746.png 984w, https:\/\/cloud.cnpgc.embrapa.br\/jornadacientifica\/files\/2024\/11\/logo_jornada_cientifica_modernizacao_maio_2017__final_-e1731504823746-279x300.png 279w, https:\/\/cloud.cnpgc.embrapa.br\/jornadacientifica\/files\/2024\/11\/logo_jornada_cientifica_modernizacao_maio_2017__final_-e1731504823746-951x1024.png 951w, https:\/\/cloud.cnpgc.embrapa.br\/jornadacientifica\/files\/2024\/11\/logo_jornada_cientifica_modernizacao_maio_2017__final_-e1731504823746-768x827.png 768w, https:\/\/cloud.cnpgc.embrapa.br\/jornadacientifica\/files\/2024\/11\/logo_jornada_cientifica_modernizacao_maio_2017__final_-e1731504823746-600x646.png 600w\" sizes=\"(max-width: 500px) 100vw, 500px\" \/>\u00a0<\/p>\n\n\n\n<p><span class=\"style12\">A Jornada Cient\u00edfica da Embrapa Gado de Corte (JCEGC), em Campo Grande-MS foi criada com o intuito de valorizar o trabalho de estagi\u00e1rios, bolsistas e p\u00f3s-graduandos da Embrapa Gado de Corte e de outras institui\u00e7\u00f5es.<\/span><\/p>\n\n\n\n<p>Participam do evento acad\u00eamicos de todo o Estado de Mato Grosso do Sul nas categorias \u2013 inicia\u00e7\u00e3o cient\u00edfica, aperfei\u00e7oamento t\u00e9cnico, mestrado, doutorado e p\u00f3s-doutorado.<\/p>\n\n\n\n<p>Ao longo dos anos, a JCEGC tornou-se um ambiente aberto e din\u00e2mico, prop\u00edcio para a troca de ideias entre os futuros profissionais e pesquisadores.<\/p>\n","protected":false},"excerpt":{"rendered":"<p>\u00a0 A Jornada Cient\u00edfica da Embrapa Gado de Corte (JCEGC), em Campo Grande-MS foi criada com o intuito de valorizar o trabalho de estagi\u00e1rios, bolsistas e p\u00f3s-graduandos da Embrapa Gado de Corte e de outras institui\u00e7\u00f5es. Participam do evento acad\u00eamicos de todo o Estado de Mato Grosso do Sul nas categorias \u2013 inicia\u00e7\u00e3o cient\u00edfica, aperfei\u00e7oamento<a class=\"moretag\" href=\"https:\/\/cloud.cnpgc.embrapa.br\/jornadacientifica\/\"><span class=\"screen-reader-text\">Read more about Sobre<\/span>[&#8230;]<\/a><\/p>\n","protected":false},"author":3,"featured_media":0,"parent":0,"menu_order":0,"comment_status":"closed","ping_status":"open","template":"","meta":{"_exactmetrics_skip_tracking":false,"_exactmetrics_sitenote_active":false,"_exactmetrics_sitenote_note":"","_exactmetrics_sitenote_category":0,"footnotes":""},"class_list":["post-6","page","type-page","status-publish","hentry"],"_links":{"self":[{"href":"https:\/\/cloud.cnpgc.embrapa.br\/jornadacientifica\/wp-json\/wp\/v2\/pages\/6","targetHints":{"allow":["GET"]}}],"collection":[{"href":"https:\/\/cloud.cnpgc.embrapa.br\/jornadacientifica\/wp-json\/wp\/v2\/pages"}],"about":[{"href":"https:\/\/cloud.cnpgc.embrapa.br\/jornadacientifica\/wp-json\/wp\/v2\/types\/page"}],"author":[{"embeddable":true,"href":"https:\/\/cloud.cnpgc.embrapa.br\/jornadacientifica\/wp-json\/wp\/v2\/users\/3"}],"replies":[{"embeddable":true,"href":"https:\/\/cloud.cnpgc.embrapa.br\/jornadacientifica\/wp-json\/wp\/v2\/comments?post=6"}],"version-history":[{"count":19,"href":"https:\/\/cloud.cnpgc.embrapa.br\/jornadacientifica\/wp-json\/wp\/v2\/pages\/6\/revisions"}],"predecessor-version":[{"id":91,"href":"https:\/\/cloud.cnpgc.embrapa.br\/jornadacientifica\/wp-json\/wp\/v2\/pages\/6\/revisions\/91"}],"wp:attachment":[{"href":"https:\/\/cloud.cnpgc.embrapa.br\/jornadacientifica\/wp-json\/wp\/v2\/media?parent=6"}],"curies":[{"name":"wp","href":"https:\/\/api.w.org\/{rel}","templated":true}]}}