{"id":8,"date":"2014-05-15T17:51:05","date_gmt":"2014-05-15T17:51:05","guid":{"rendered":"http:\/\/cloud.cnpgc.embrapa.br\/dinapec\/?page_id=8"},"modified":"2024-11-13T13:45:10","modified_gmt":"2024-11-13T13:45:10","slug":"regulamento","status":"publish","type":"page","link":"https:\/\/cloud.cnpgc.embrapa.br\/jornadacientifica\/regulamento\/","title":{"rendered":"Regimento"},"content":{"rendered":"\n<p><strong>JORNADA CIENT\u00cdFICA DA EMBRAPA GADO DE CORTE<\/strong><\/p>\n\n\n\n<p><strong>REGIMENTO INTERNO<\/strong><\/p>\n\n\n\n<p><strong>CAP\u00cdTULO I<\/strong><\/p>\n\n\n\n<p><strong>Do objeto<\/strong><\/p>\n\n\n\n<p>Art. 1<sup>o&nbsp;<\/sup>Este regimento interno regula o funcionamento da Jornada Cient\u00edfica da Embrapa Gado de Corte (JCEGC), que tem por finalidade a realiza\u00e7\u00e3o anual de um evento cient\u00edfico destinado \u00e0 apresenta\u00e7\u00e3o de trabalhos desenvolvidos por estagi\u00e1rios e bolsistas na Embrapa Gado de Corte, sob a supervis\u00e3o de empregados da Embrapa Gado de Corte.<\/p>\n\n\n\n<p><strong>CAP\u00cdTULO II<\/strong><\/p>\n\n\n\n<p><strong>Do v\u00ednculo<\/strong><\/p>\n\n\n\n<p>Art. 2<sup>o&nbsp;<\/sup>A JCEGC est\u00e1 vinculada \u00e0 Chefia-Adjunta de Pesquisa e Desenvolvimento (P&amp;D).<\/p>\n\n\n\n<p><strong>CAP\u00cdTULO III<\/strong><\/p>\n\n\n\n<p><strong>Da Comiss\u00e3o<\/strong><\/p>\n\n\n\n<p>Art. 3<sup>o&nbsp;<\/sup>A Comiss\u00e3o da JCEGC ser\u00e1 composta por 12 membros, sendo tr\u00eas membros natos e nove membros designados pela Chefia-Adjunta de P&amp;D pertencentes ao quadro de pesquisadores da Embrapa Gado de Corte, com mandato de 12 meses.<\/p>\n\n\n\n<ul class=\"wp-block-list\">\n<li>1<sup>o<\/sup>&nbsp;Os membros natos s\u00e3o aqueles cujo mandato est\u00e1 condicionado \u00e0 ocupa\u00e7\u00e3o de um cargo de confian\u00e7a, sendo membros natos o Chefe-Adjunto de P&amp;D; o Chefe-Adjunto de Transfer\u00eancia de Tecnologia (TT) e o Editor do N\u00facleo de Comunica\u00e7\u00e3o Organizacional (NCO).<\/li>\n<\/ul>\n\n\n\n<p>Art. 4<sup>o<\/sup>&nbsp;A Comiss\u00e3o da JCEGC ser\u00e1 subdividida em Comit\u00ea Organizador, respons\u00e1vel pela organiza\u00e7\u00e3o da Jornada, e Comit\u00ea Cient\u00edfico, respons\u00e1vel pela avalia\u00e7\u00e3o e classifica\u00e7\u00e3o dos trabalhos submetidos.<\/p>\n\n\n\n<ul class=\"wp-block-list\">\n<li>1<sup>o<\/sup>&nbsp;O Comit\u00ea Organizador ser\u00e1 formado por um coordenador, um vice-coordenador e um secret\u00e1rio-executivo que dever\u00e1 ser o Editor do NCO com o apoio das Chefias-Adjuntas de P&amp;D e TT. O coordenador e o vice-coordenador ser\u00e3o escolhidos entre os membros designados pelo Chefe-Adjunto de P&amp;D, sendo que o vice-coordenador ser\u00e1 o coordenador no ano seguinte e assim sucessivamente.<\/li>\n\n\n\n<li>2<sup>o<\/sup>&nbsp;O Comit\u00ea Cient\u00edfico ser\u00e1 formado pelos 9 membros designados pelo Chefe-Adjunto de P&amp;D.<\/li>\n<\/ul>\n\n\n\n<p><strong>CAP\u00cdTULO IV<\/strong><\/p>\n\n\n\n<p><strong>Das compet\u00eancias<\/strong><\/p>\n\n\n\n<p>Art. 5<sup>o&nbsp;<\/sup>O Comit\u00ea Organizador da JCEGC tem por atribui\u00e7\u00e3o coordenar a realiza\u00e7\u00e3o anual da JCEGC, bem como definir datas, programa\u00e7\u00e3o, capta\u00e7\u00e3o de recursos, divulga\u00e7\u00e3o do evento, avalia\u00e7\u00e3o, julgamento e premia\u00e7\u00e3o dos autores dos trabalhos apresentados.<\/p>\n\n\n\n<p>Art. 6<sup>o&nbsp;<\/sup>\u00c9 da compet\u00eancia do Coordenador:<\/p>\n\n\n\n<p>I \u2013 Convocar e presidir as reuni\u00f5es;<\/p>\n\n\n\n<p>II \u2013 Dar os encaminhamentos necess\u00e1rios para a realiza\u00e7\u00e3o da Jornada Cient\u00edfica;<\/p>\n\n\n\n<p>II \u2013 Solicitar \u00e0 Chefia-Adjunta de P&amp;D, se necess\u00e1rio for, a substitui\u00e7\u00e3o de membros;<\/p>\n\n\n\n<p>IV \u2013 Captar recursos para a realiza\u00e7\u00e3o da JCEGC; e<\/p>\n\n\n\n<p>V \u2013 Providenciar a confec\u00e7\u00e3o dos trof\u00e9us.<\/p>\n\n\n\n<p>Art. 7<sup>o&nbsp;<\/sup>\u00c9 de compet\u00eancia do Vice-Coordenador:<\/p>\n\n\n\n<p>I \u2013 Substituir o coordenador em suas aus\u00eancias eventuais;<\/p>\n\n\n\n<p>II \u2013 Auxiliar o coordenador em todas as atividades que forem necess\u00e1rias para a realiza\u00e7\u00e3o da JCEGC.<\/p>\n\n\n\n<p>Art. 8<sup>o&nbsp;<\/sup>\u00c9 de compet\u00eancia do Secret\u00e1rio-Executivo:<\/p>\n\n\n\n<p>I \u2013 Receber as inscri\u00e7\u00f5es;<\/p>\n\n\n\n<p>II \u2013 Realizar a divulga\u00e7\u00e3o do evento;<\/p>\n\n\n\n<p>III \u2013 Fazer a editora\u00e7\u00e3o dos resumos e outras atividades necess\u00e1rias para bom andamento dos trabalhos do Evento.<\/p>\n\n\n\n<p>Art. 9<sup>o&nbsp;<\/sup>\u00c9 de compet\u00eancia do Comit\u00ea Cient\u00edfico:<\/p>\n\n\n\n<p>I \u2013 Definir normas para submiss\u00e3o de resumos;<\/p>\n\n\n\n<p>II \u2013 Avaliar os resumos submetidos;<\/p>\n\n\n\n<p>III \u2013 Avaliar os autores dos resumos em suas apresenta\u00e7\u00f5es orais para fins de premia\u00e7\u00e3o como \u201cDestaque Cient\u00edfico\u201d, conforme a categoria.<\/p>\n\n\n\n<p><strong>CAP\u00cdTULO V<\/strong><\/p>\n\n\n\n<p><strong>Do funcionamento<\/strong><\/p>\n\n\n\n<p>Art. 10\u00ba Da submiss\u00e3o dos resumos:<\/p>\n\n\n\n<ul class=\"wp-block-list\">\n<li>1\u00ba Os resumos dever\u00e3o ser submetidos por estagi\u00e1rios, bolsistas de inicia\u00e7\u00e3o cient\u00edfica, apoio t\u00e9cnico, mestrandos, doutorandos, bolsistas de DCR e p\u00f3s-doutores (inclusive bolsistas de fomento tecnol\u00f3gico) desde que estejam devidamente registrados no programa de Est\u00e1gios da Embrapa Gado de Corte e em dia com suas obriga\u00e7\u00f5es para com o Setor de Gest\u00e3o de Pessoas (SGP) da Embrapa Gado de Corte (contrato de bolsa, registro de frequ\u00eancia, etc.), e com a anu\u00eancia do orientador.<\/li>\n\n\n\n<li>2\u00ba Os estagi\u00e1rios, bolsistas de inicia\u00e7\u00e3o cient\u00edfica, apoio t\u00e9cnico, mestrandos, doutorandos, bolsistas de DCR, bolsistas de fomento tecnol\u00f3gico e p\u00f3s-doutores, ao submeterem trabalhos na JCEGC, t\u00eam ci\u00eancia que as informa\u00e7\u00f5es e dados utilizados na elabora\u00e7\u00e3o do resumo s\u00e3o oriundos de projetos de pesquisa desenvolvidos pela Embrapa Gado de Corte, portanto, s\u00e3o de propriedade da mesma.<\/li>\n\n\n\n<li>3\u00b0 \u00c9 de responsabilidade do orientador (empregado da Embrapa Gado de Corte) a an\u00e1lise da exist\u00eancia de informa\u00e7\u00e3o \u201csens\u00edvel\u201d no trabalho a ser apresentado por seus orientados e a ado\u00e7\u00e3o de provid\u00eancias para a n\u00e3o divulga\u00e7\u00e3o das mesmas, para garantir o privil\u00e9gio \u00e0 Institui\u00e7\u00e3o quanto \u00e0 propriedade intelectual;<\/li>\n\n\n\n<li>4\u00ba Cada participante poder\u00e1 encaminhar um \u00fanico trabalho como primeiro autor, o qual ser\u00e1 objeto de apresenta\u00e7\u00e3o oral, podendo ser coautor de outros resumos.<\/li>\n\n\n\n<li>5\u00b0 As datas limites para submiss\u00e3o dos resumos, bem como as normas para elabora\u00e7\u00e3o dos mesmos ser\u00e3o definidas anualmente e divulgadas antes do evento pela Comiss\u00e3o da JCEGC.<\/li>\n<\/ul>\n\n\n\n<p>Art. 11<sup>o<\/sup>&nbsp;Do julgamento dos resumos para classifica\u00e7\u00e3o:<\/p>\n\n\n\n<ul class=\"wp-block-list\">\n<li>1\u00ba Cada resumo ser\u00e1 avaliado por pelo menos dois membros do Comit\u00ea Cient\u00edfico. O resumo representar\u00e1 30% (trinta por cento) da nota final do autor para fins de classifica\u00e7\u00e3o.<\/li>\n\n\n\n<li>2\u00ba A apresenta\u00e7\u00e3o oral dever\u00e1 ser feita de acordo com um roteiro elaborado e disponibilizado anualmente pela Comiss\u00e3o da JCEGC. A avalia\u00e7\u00e3o da apresenta\u00e7\u00e3o ser\u00e1 feita pelos membros do Comit\u00ea Cient\u00edfico presentes no dia do evento. A apresenta\u00e7\u00e3o oral representar\u00e1 70% (setenta por cento) da nota final do autor para fins de classifica\u00e7\u00e3o.<\/li>\n<\/ul>\n\n\n\n<p>Art. 12<sup>o<\/sup>&nbsp;Dos Pr\u00eamios de incentivo:<\/p>\n\n\n\n<ul class=\"wp-block-list\">\n<li>1<sup>o<\/sup>&nbsp;Os resumos inscritos que obtiverem as maiores m\u00e9dias (nota do resumo e nota da apresenta\u00e7\u00e3o) concedidas pelo Comit\u00ea Cient\u00edfico receber\u00e3o os pr\u00eamios de \u201cDestaque Cient\u00edfico da JCEGC\u201d, os quais ser\u00e3o divididos nas categorias:<\/li>\n<\/ul>\n\n\n\n<p>I \u2013 Inicia\u00e7\u00e3o Cient\u00edfica (estagi\u00e1rios ou bolsistas de gradua\u00e7\u00e3o) \u2013 premia\u00e7\u00e3o para 1\u00ba, 2\u00ba e 3\u00ba lugares;<\/p>\n\n\n\n<p>II \u2013 Apoio T\u00e9cnico e Mestrado \u2013 premia\u00e7\u00e3o para 1\u00ba, 2\u00ba e 3\u00ba lugares;<\/p>\n\n\n\n<p>III \u2013 Doutorado e p\u00f3s-doutorado (incluindo DCR) \u2013 premia\u00e7\u00e3o para o 1\u00ba, 2\u00ba e 3\u00b0 lugares.<\/p>\n\n\n\n<ul class=\"wp-block-list\">\n<li>2\u00ba Os cinco primeiros lugares de cada categoria ser\u00e3o chamados e receber\u00e3o certificados de men\u00e7\u00e3o honrosa. Dentre os presentes, ser\u00e3o anunciados os tr\u00eas primeiros lugares classificados para recebimento dos trof\u00e9us.<\/li>\n<\/ul>\n\n\n\n<p><strong>CAP\u00cdTULO VI<\/strong><\/p>\n\n\n\n<p><strong>Disposi\u00e7\u00f5es finais<\/strong><\/p>\n\n\n\n<p>Art. 13<sup>o&nbsp;<\/sup>Este Regimento Interno entrar\u00e1 em vigor ap\u00f3s sua aprova\u00e7\u00e3o pela Chefia-Geral da Embrapa Gado de Corte, devendo ser disponibilizado na intranet da Unidade.<\/p>\n\n\n\n<p>Art. 14<sup>o&nbsp;<\/sup>Altera\u00e7\u00f5es neste Regimento Interno dever\u00e3o ser discutidas nas reuni\u00f5es da Comiss\u00e3o da Jornada Cient\u00edfica, convocadas com pauta exclusiva para esse fim. As resolu\u00e7\u00f5es, se aprovadas pelos seus membros, ser\u00e3o validadas ap\u00f3s delibera\u00e7\u00e3o da Chefia-Geral da Embrapa Gado de Corte.<\/p>\n\n\n\n<ul class=\"wp-block-list\">\n<li>1<sup>o&nbsp;<\/sup>Os casos omissos a este Regimento Interno ser\u00e3o resolvidos por recomenda\u00e7\u00e3o da Comiss\u00e3o da Jornada Cient\u00edfica e delibera\u00e7\u00e3o da Chefia-Adjunta de Pesquisa e Desenvolvimento.<\/li>\n<\/ul>\n","protected":false},"excerpt":{"rendered":"<p>JORNADA CIENT\u00cdFICA DA EMBRAPA GADO DE CORTE REGIMENTO INTERNO CAP\u00cdTULO I Do objeto Art. 1o&nbsp;Este regimento interno regula o funcionamento da Jornada Cient\u00edfica da Embrapa Gado de Corte (JCEGC), que tem por finalidade a realiza\u00e7\u00e3o anual de um evento cient\u00edfico destinado \u00e0 apresenta\u00e7\u00e3o de trabalhos desenvolvidos por estagi\u00e1rios e bolsistas na Embrapa Gado de Corte,<a class=\"moretag\" href=\"https:\/\/cloud.cnpgc.embrapa.br\/jornadacientifica\/regulamento\/\"><span class=\"screen-reader-text\">Read more about Regimento<\/span>[&#8230;]<\/a><\/p>\n","protected":false},"author":3,"featured_media":0,"parent":0,"menu_order":0,"comment_status":"closed","ping_status":"open","template":"","meta":{"_exactmetrics_skip_tracking":false,"_exactmetrics_sitenote_active":false,"_exactmetrics_sitenote_note":"","_exactmetrics_sitenote_category":0,"footnotes":""},"class_list":["post-8","page","type-page","status-publish","hentry"],"_links":{"self":[{"href":"https:\/\/cloud.cnpgc.embrapa.br\/jornadacientifica\/wp-json\/wp\/v2\/pages\/8","targetHints":{"allow":["GET"]}}],"collection":[{"href":"https:\/\/cloud.cnpgc.embrapa.br\/jornadacientifica\/wp-json\/wp\/v2\/pages"}],"about":[{"href":"https:\/\/cloud.cnpgc.embrapa.br\/jornadacientifica\/wp-json\/wp\/v2\/types\/page"}],"author":[{"embeddable":true,"href":"https:\/\/cloud.cnpgc.embrapa.br\/jornadacientifica\/wp-json\/wp\/v2\/users\/3"}],"replies":[{"embeddable":true,"href":"https:\/\/cloud.cnpgc.embrapa.br\/jornadacientifica\/wp-json\/wp\/v2\/comments?post=8"}],"version-history":[{"count":6,"href":"https:\/\/cloud.cnpgc.embrapa.br\/jornadacientifica\/wp-json\/wp\/v2\/pages\/8\/revisions"}],"predecessor-version":[{"id":94,"href":"https:\/\/cloud.cnpgc.embrapa.br\/jornadacientifica\/wp-json\/wp\/v2\/pages\/8\/revisions\/94"}],"wp:attachment":[{"href":"https:\/\/cloud.cnpgc.embrapa.br\/jornadacientifica\/wp-json\/wp\/v2\/media?parent=8"}],"curies":[{"name":"wp","href":"https:\/\/api.w.org\/{rel}","templated":true}]}}