{"id":143,"date":"2014-06-03T18:04:22","date_gmt":"2014-06-03T18:04:22","guid":{"rendered":"http:\/\/cloud.cnpgc.embrapa.br\/nap\/?page_id=143"},"modified":"2018-08-20T12:24:16","modified_gmt":"2018-08-20T12:24:16","slug":"dicas-uteis","status":"publish","type":"page","link":"https:\/\/cloud.cnpgc.embrapa.br\/nap\/dicas-uteis\/","title":{"rendered":"Arquivos \u00fateis"},"content":{"rendered":"<p><a href=\"https:\/\/cloud.cnpgc.embrapa.br\/nap\/files\/2018\/08\/p\u00edlula-SEG-2.jpg\"><img decoding=\"async\" class=\"alignnone size-medium wp-image-943\" src=\"https:\/\/cloud.cnpgc.embrapa.br\/nap\/files\/2018\/08\/p\u00edlula-SEG-2.jpg\" alt=\"\" width=\"1\" height=\"1\" \/><\/a><a href=\"https:\/\/cloud.cnpgc.embrapa.br\/nap\/files\/2018\/08\/SEG_MINUTA_Versao_ajustada_item_11.1.7-FINAL-18-07-18.pdf\">SEG_MINUTA_Versao_ajustada_item_11.1.7 FINAL 18-07-18<\/a><\/p>\n<p><a href=\"https:\/\/cloud.cnpgc.embrapa.br\/nap\/files\/2018\/08\/Tutorial-Novas-Telas-do-Ideare-18Jul2018.pdf\">Tutorial-Novas Telas do Ideare-18Jul2018<\/a><\/p>\n<p><a href=\"https:\/\/cloud.cnpgc.embrapa.br\/nap\/files\/2018\/08\/D\u00favidas-novo-SEG_04-06-18_tipos_convers\u00e3o-e-outros.pdf\">D\u00favidas novo SEG_04-06-18_tipos_convers\u00e3o e outros<\/a><\/p>\n<p><a href=\"https:\/\/cloud.cnpgc.embrapa.br\/nap\/files\/2018\/08\/D\u00favidas-novo-SEG-_Resultados_11_05_2018.pdf\">D\u00favidas novo SEG _Resultados_11_05_2018<\/a><\/p>\n<p><a href=\"https:\/\/cloud.cnpgc.embrapa.br\/nap\/files\/2018\/08\/EscalaTRL-MRL-17Abr2018.pdf\">EscalaTRL-MRL-17Abr2018<\/a><\/p>\n<p><a href=\"https:\/\/cloud.cnpgc.embrapa.br\/nap\/files\/2018\/08\/Resultados-dos-Projetos-11Jul2018.pdf\">Resultados dos Projetos-11Jul2018<\/a><\/p>\n<p><a href=\"https:\/\/cloud.cnpgc.embrapa.br\/nap\/files\/2018\/08\/Instru\u00e7\u00f5es-preenchimento_Ideare_projetos_tipos_I_II_III-03Ago2018.pdf\">Instru\u00e7\u00f5es preenchimento_Ideare_projetos_tipos_I_II_III-03Ago2018<\/a><\/p>\n<p>Pilula 1<\/p>\n<p><a href=\"https:\/\/cloud.cnpgc.embrapa.br\/nap\/files\/2018\/08\/p\u00edlula-SEG-1.jpg\"><img fetchpriority=\"high\" decoding=\"async\" class=\"alignnone size-medium wp-image-924\" src=\"https:\/\/cloud.cnpgc.embrapa.br\/nap\/files\/2018\/08\/p\u00edlula-SEG-1-205x300.jpg\" alt=\"\" width=\"205\" height=\"300\" srcset=\"https:\/\/cloud.cnpgc.embrapa.br\/nap\/files\/2018\/08\/p\u00edlula-SEG-1-205x300.jpg 205w, https:\/\/cloud.cnpgc.embrapa.br\/nap\/files\/2018\/08\/p\u00edlula-SEG-1.jpg 574w\" sizes=\"(max-width: 205px) 100vw, 205px\" \/><\/a><\/p>\n<p>Pilula 2<\/p>\n<p><a href=\"https:\/\/cloud.cnpgc.embrapa.br\/nap\/files\/2018\/08\/p\u00edlula-SEG-2.jpg\"><img decoding=\"async\" class=\"alignnone size-medium wp-image-943\" src=\"https:\/\/cloud.cnpgc.embrapa.br\/nap\/files\/2018\/08\/p\u00edlula-SEG-2.jpg\" alt=\"\" width=\"1\" height=\"1\" \/><\/a><a href=\"https:\/\/cloud.cnpgc.embrapa.br\/nap\/files\/2018\/08\/Pilula-2.jpg\"><img decoding=\"async\" class=\"alignnone size-medium wp-image-945\" src=\"https:\/\/cloud.cnpgc.embrapa.br\/nap\/files\/2018\/08\/Pilula-2-212x300.jpg\" alt=\"\" width=\"212\" height=\"300\" srcset=\"https:\/\/cloud.cnpgc.embrapa.br\/nap\/files\/2018\/08\/Pilula-2-212x300.jpg 212w, https:\/\/cloud.cnpgc.embrapa.br\/nap\/files\/2018\/08\/Pilula-2-768x1087.jpg 768w, https:\/\/cloud.cnpgc.embrapa.br\/nap\/files\/2018\/08\/Pilula-2-724x1024.jpg 724w, https:\/\/cloud.cnpgc.embrapa.br\/nap\/files\/2018\/08\/Pilula-2-600x849.jpg 600w\" sizes=\"(max-width: 212px) 100vw, 212px\" \/><\/a><\/p>\n<p>Pilula 3<\/p>\n<p><a href=\"https:\/\/cloud.cnpgc.embrapa.br\/nap\/files\/2018\/08\/p\u00edlula-SEG-3.jpg\"><img loading=\"lazy\" decoding=\"async\" class=\"alignnone size-medium wp-image-926\" src=\"https:\/\/cloud.cnpgc.embrapa.br\/nap\/files\/2018\/08\/p\u00edlula-SEG-3-206x300.jpg\" alt=\"\" width=\"206\" height=\"300\" srcset=\"https:\/\/cloud.cnpgc.embrapa.br\/nap\/files\/2018\/08\/p\u00edlula-SEG-3-206x300.jpg 206w, https:\/\/cloud.cnpgc.embrapa.br\/nap\/files\/2018\/08\/p\u00edlula-SEG-3.jpg 548w\" sizes=\"(max-width: 206px) 100vw, 206px\" \/><\/a><\/p>\n<p>Pilula 4<\/p>\n<p><a href=\"https:\/\/cloud.cnpgc.embrapa.br\/nap\/files\/2018\/08\/p\u00edlula-SEG-4.jpg\"><img loading=\"lazy\" decoding=\"async\" class=\"alignnone size-medium wp-image-927\" src=\"https:\/\/cloud.cnpgc.embrapa.br\/nap\/files\/2018\/08\/p\u00edlula-SEG-4-205x300.jpg\" alt=\"\" width=\"205\" height=\"300\" srcset=\"https:\/\/cloud.cnpgc.embrapa.br\/nap\/files\/2018\/08\/p\u00edlula-SEG-4-205x300.jpg 205w, https:\/\/cloud.cnpgc.embrapa.br\/nap\/files\/2018\/08\/p\u00edlula-SEG-4.jpg 569w\" sizes=\"(max-width: 205px) 100vw, 205px\" \/><\/a><\/p>\n<p>Pilula 5<\/p>\n<p><a href=\"https:\/\/cloud.cnpgc.embrapa.br\/nap\/files\/2018\/08\/p\u00edlula-SEG-5.jpg\"><img loading=\"lazy\" decoding=\"async\" class=\"alignnone size-medium wp-image-928\" src=\"https:\/\/cloud.cnpgc.embrapa.br\/nap\/files\/2018\/08\/p\u00edlula-SEG-5-211x300.jpg\" alt=\"\" width=\"211\" height=\"300\" srcset=\"https:\/\/cloud.cnpgc.embrapa.br\/nap\/files\/2018\/08\/p\u00edlula-SEG-5-211x300.jpg 211w, https:\/\/cloud.cnpgc.embrapa.br\/nap\/files\/2018\/08\/p\u00edlula-SEG-5.jpg 590w\" sizes=\"(max-width: 211px) 100vw, 211px\" \/><\/a><\/p>\n<p>&nbsp;<\/p>\n<p>&nbsp;<\/p>\n","protected":false},"excerpt":{"rendered":"<p>SEG_MINUTA_Versao_ajustada_item_11.1.7 FINAL 18-07-18 Tutorial-Novas Telas do Ideare-18Jul2018 D\u00favidas novo SEG_04-06-18_tipos_convers\u00e3o e outros D\u00favidas novo SEG _Resultados_11_05_2018 EscalaTRL-MRL-17Abr2018 Resultados dos Projetos-11Jul2018 Instru\u00e7\u00f5es preenchimento_Ideare_projetos_tipos_I_II_III-03Ago2018 Pilula 1 Pilula 2 Pilula 3 Pilula 4 [&hellip;]<\/p>\n","protected":false},"author":39,"featured_media":0,"parent":0,"menu_order":0,"comment_status":"closed","ping_status":"closed","template":"","meta":{"_exactmetrics_skip_tracking":false,"_exactmetrics_sitenote_active":false,"_exactmetrics_sitenote_note":"","_exactmetrics_sitenote_category":0,"footnotes":""},"class_list":["post-143","page","type-page","status-publish","hentry"],"_links":{"self":[{"href":"https:\/\/cloud.cnpgc.embrapa.br\/nap\/wp-json\/wp\/v2\/pages\/143","targetHints":{"allow":["GET"]}}],"collection":[{"href":"https:\/\/cloud.cnpgc.embrapa.br\/nap\/wp-json\/wp\/v2\/pages"}],"about":[{"href":"https:\/\/cloud.cnpgc.embrapa.br\/nap\/wp-json\/wp\/v2\/types\/page"}],"author":[{"embeddable":true,"href":"https:\/\/cloud.cnpgc.embrapa.br\/nap\/wp-json\/wp\/v2\/users\/39"}],"replies":[{"embeddable":true,"href":"https:\/\/cloud.cnpgc.embrapa.br\/nap\/wp-json\/wp\/v2\/comments?post=143"}],"version-history":[{"count":32,"href":"https:\/\/cloud.cnpgc.embrapa.br\/nap\/wp-json\/wp\/v2\/pages\/143\/revisions"}],"predecessor-version":[{"id":948,"href":"https:\/\/cloud.cnpgc.embrapa.br\/nap\/wp-json\/wp\/v2\/pages\/143\/revisions\/948"}],"wp:attachment":[{"href":"https:\/\/cloud.cnpgc.embrapa.br\/nap\/wp-json\/wp\/v2\/media?parent=143"}],"curies":[{"name":"wp","href":"https:\/\/api.w.org\/{rel}","templated":true}]}}