{"id":8,"date":"2014-05-14T13:14:25","date_gmt":"2014-05-14T13:14:25","guid":{"rendered":"http:\/\/cloud.cnpgc.embrapa.br\/nap\/?page_id=8"},"modified":"2014-05-15T14:26:02","modified_gmt":"2014-05-15T14:26:02","slug":"sobre","status":"publish","type":"page","link":"https:\/\/cloud.cnpgc.embrapa.br\/nap\/","title":{"rendered":"Sobre"},"content":{"rendered":"<p>O <strong>N\u00facleo de Apoio \u00e0 Programa\u00e7\u00e3o (NAP) da Embrapa Gado de Corte<\/strong>, \u00a0tem por finalidade assessorar a Chefia da Embrapa Gado de Corte na integra\u00e7\u00e3o de compet\u00eancias e esfor\u00e7os, auxiliando na constru\u00e7\u00e3o de projetos competitivos em: Pesquisa, Desenvolvimento e Inova\u00e7\u00e3o (PD&amp;I), Transfer\u00eancia de Tecnologia (TT) e Desenvolvimento Institucional (DI), submetidos por pesquisadores e analistas, de forma a sistematizar os procedimentos de submiss\u00e3o de projetos e de aprimorar e incrementar a obten\u00e7\u00e3o dos recursos necess\u00e1rios ao desenvolvimento de a\u00e7\u00f5es de PD&amp;I, TT e DI, de compet\u00eancia da Embrapa Gado de Corte.<\/p>\n","protected":false},"excerpt":{"rendered":"<p>O N\u00facleo de Apoio \u00e0 Programa\u00e7\u00e3o (NAP) da Embrapa Gado de Corte, \u00a0tem por finalidade assessorar a Chefia da Embrapa Gado de Corte na integra\u00e7\u00e3o de compet\u00eancias e esfor\u00e7os, auxiliando [&hellip;]<\/p>\n","protected":false},"author":3,"featured_media":0,"parent":0,"menu_order":0,"comment_status":"closed","ping_status":"closed","template":"","meta":{"_exactmetrics_skip_tracking":false,"_exactmetrics_sitenote_active":false,"_exactmetrics_sitenote_note":"","_exactmetrics_sitenote_category":0,"footnotes":""},"class_list":["post-8","page","type-page","status-publish","hentry"],"_links":{"self":[{"href":"https:\/\/cloud.cnpgc.embrapa.br\/nap\/wp-json\/wp\/v2\/pages\/8","targetHints":{"allow":["GET"]}}],"collection":[{"href":"https:\/\/cloud.cnpgc.embrapa.br\/nap\/wp-json\/wp\/v2\/pages"}],"about":[{"href":"https:\/\/cloud.cnpgc.embrapa.br\/nap\/wp-json\/wp\/v2\/types\/page"}],"author":[{"embeddable":true,"href":"https:\/\/cloud.cnpgc.embrapa.br\/nap\/wp-json\/wp\/v2\/users\/3"}],"replies":[{"embeddable":true,"href":"https:\/\/cloud.cnpgc.embrapa.br\/nap\/wp-json\/wp\/v2\/comments?post=8"}],"version-history":[{"count":9,"href":"https:\/\/cloud.cnpgc.embrapa.br\/nap\/wp-json\/wp\/v2\/pages\/8\/revisions"}],"predecessor-version":[{"id":61,"href":"https:\/\/cloud.cnpgc.embrapa.br\/nap\/wp-json\/wp\/v2\/pages\/8\/revisions\/61"}],"wp:attachment":[{"href":"https:\/\/cloud.cnpgc.embrapa.br\/nap\/wp-json\/wp\/v2\/media?parent=8"}],"curies":[{"name":"wp","href":"https:\/\/api.w.org\/{rel}","templated":true}]}}