{"id":914,"date":"2018-08-13T18:40:47","date_gmt":"2018-08-13T18:40:47","guid":{"rendered":"http:\/\/cloud.cnpgc.embrapa.br\/nap\/?page_id=914"},"modified":"2020-07-03T00:00:57","modified_gmt":"2020-07-03T00:00:57","slug":"editais-abertos","status":"publish","type":"page","link":"https:\/\/cloud.cnpgc.embrapa.br\/nap\/editais-abertos\/","title":{"rendered":"Editais abertos"},"content":{"rendered":"\n<h3 class=\"wp-block-heading\"><strong>SEG &#8211; Sistema Embrapa de Gest\u00e3o&nbsp;2020<\/strong><\/h3>\n\n\n\n<p><\/p>\n\n\n<p><a href=\"https:\/\/cloud.cnpgc.embrapa.br\/nap\/files\/2020\/05\/01_2020-Comissionamento-pela-Diretoria-Executiva-Tema-Continuidade-de-projetos-de-melhoramento-gen\u00e9tico.pdf\"><strong>Chamada_01_2020<\/strong> &#8211; Comissionamento pela Diretoria Executiva, <\/a><a href=\"https:\/\/cloud.cnpgc.embrapa.br\/nap\/files\/2020\/05\/01_2020-Comissionamento-pela-Diretoria-Executiva-Tema-Continuidade-de-projetos-de-melhoramento-gen\u00e9tico.pdf\">Tema: Continuidade de projetos de melhoramento gen\u00e9tico<\/a><\/p>\n<p><a href=\"https:\/\/cloud.cnpgc.embrapa.br\/nap\/files\/2020\/05\/02_2020-Comissionamento-pela-Diretoria-Executiva-Tema-Recursos-Gen\u00e9ticos.pdf\"><strong>Chamada_02_2020<\/strong> &#8211; Comissionamento pela Diretoria Executiva, Tema: Recursos Gen\u00e9ticos<\/a><\/p>\n<p><a href=\"https:\/\/cloud.cnpgc.embrapa.br\/nap\/files\/2020\/05\/03_2020-Chamada-Competitiva-\u2013-Portf\u00f3lios-de-projetos-e-suas-prioridades-2020.pdf\"><strong>Chamada_03_2020<\/strong> &#8211;&nbsp; Competitiva \u2013 Portf\u00f3lios de projetos e suas prioridades (2020)<\/a><\/p>\n<p><a href=\"https:\/\/cloud.cnpgc.embrapa.br\/nap\/files\/2020\/05\/04_2020-Comissionamento-DE-Tema-Qualidade-em-Lab-Multiusu\u00e1rios-e-Recursos-Gen\u00e9ticos.pdf\"><strong>Chamada 04_2020<\/strong> &#8211; Comissionamento DE Tema Qualidade em Laborat\u00f3rios Multiusu\u00e1rios e Recursos Gen\u00e9ticos<\/a><\/p>\n\n\n<hr class=\"wp-block-separator\" \/>\n\n\n\n<p style=\"text-align:center\" class=\"has-medium-font-size\"><strong>CALEND\u00c1RIO de tramita\u00e7\u00e3o interna para as <\/strong><br><strong>Chamadas SEG&nbsp; &#8211; &nbsp;Editais 02 e 03\/2020&nbsp;<\/strong><\/p>\n\n\n\n<p><strong>Chamada 02\/2020<\/strong> &#8211; Comissionamento pela Diretoria\nExecutiva Tema: Recursos Gen\u00e9ticos<\/p>\n\n\n\n<p><strong>Chamada Competitiva 03\/2020<\/strong> &#8211; Portf\u00f3lios de projetos e suas prioridades (2020)<\/p>\n\n\n\n<ul class=\"wp-block-gallery columns-1 wp-block-gallery-1 is-layout-flex wp-block-gallery-is-layout-flex\"><li class=\"blocks-gallery-item\"><figure><img fetchpriority=\"high\" decoding=\"async\" width=\"928\" height=\"1024\" src=\"https:\/\/cloud.cnpgc.embrapa.br\/nap\/files\/2020\/05\/Calend\u00e1rio-de-tramita\u00e7\u00e3o-interna-SEG-2020-928x1024.png\" alt=\"\" data-id=\"1281\" data-link=\"http:\/\/cloud.cnpgc.embrapa.br\/nap\/editais-abertos\/calendario-de-tramitacao-interna-seg-2020-2\/\" class=\"wp-image-1281\" srcset=\"https:\/\/cloud.cnpgc.embrapa.br\/nap\/files\/2020\/05\/Calend\u00e1rio-de-tramita\u00e7\u00e3o-interna-SEG-2020-928x1024.png 928w, https:\/\/cloud.cnpgc.embrapa.br\/nap\/files\/2020\/05\/Calend\u00e1rio-de-tramita\u00e7\u00e3o-interna-SEG-2020-272x300.png 272w, https:\/\/cloud.cnpgc.embrapa.br\/nap\/files\/2020\/05\/Calend\u00e1rio-de-tramita\u00e7\u00e3o-interna-SEG-2020-768x847.png 768w, https:\/\/cloud.cnpgc.embrapa.br\/nap\/files\/2020\/05\/Calend\u00e1rio-de-tramita\u00e7\u00e3o-interna-SEG-2020-600x662.png 600w\" sizes=\"(max-width: 928px) 100vw, 928px\" \/><\/figure><\/li><\/ul>\n\n\n\n<hr class=\"wp-block-separator\" \/>\n\n\n\n<blockquote class=\"wp-block-quote is-style-default is-layout-flow wp-block-quote-is-layout-flow\"><p><strong>Projetos que necessitam de pareceres da <a href=\"http:\/\/cloud.cnpgc.embrapa.br\/ceua\/\">CEUA<\/a> ou <a href=\"http:\/\/cloud.cnpgc.embrapa.br\/cibio\/\">CIBio: <\/a><\/strong>o proponente deve providenciar encaminhamentos para as respectivas comiss\u00f5es e o protocolo de submiss\u00e3o deve ser apresentado em reuni\u00e3o no CTI. <\/p><\/blockquote>\n\n\n\n<pre class=\"wp-block-preformatted\">________________________________________________________<\/pre>\n\n\n\n<p class=\"has-text-color has-medium-font-size has-vivid-cyan-blue-color\"><strong>FORMUL\u00c1RIOS<\/strong><\/p>\n\n\n\n<p><a href=\"https:\/\/cloud.cnpgc.embrapa.br\/nap\/files\/2018\/07\/Formulario-Exequilibilidade-de-projetos.doc\">Formul\u00e1rio exequilibilidade de projetos<\/a><\/p>\n\n\n<div class=\"wp-block-file\"><a href=\"https:\/\/cloud.cnpgc.embrapa.br\/nap\/files\/2017\/12\/PARTICIPACAO-em-propostas-externas-a-unidade.doc\">Formul\u00e1rio de Participa\u00e7\u00e3o em propostas externas \u00e0 Unidade<\/a><\/div>\n\n\n<p>Formul\u00e1rio Exig\u00eancias adicionais<\/p>\n\n\n\n<p class=\"has-text-color has-medium-font-size has-vivid-cyan-blue-color\"><strong>ARQUIVOS \u00daTEIS DO IDEARE<\/strong><br><\/p>\n\n\n\n<p><\/p>\n","protected":false},"excerpt":{"rendered":"<p>SEG &#8211; Sistema Embrapa de Gest\u00e3o&nbsp;2020 Chamada_01_2020 &#8211; Comissionamento pela Diretoria Executiva, Tema: Continuidade de projetos de melhoramento gen\u00e9tico Chamada_02_2020 &#8211; Comissionamento pela Diretoria Executiva, Tema: Recursos Gen\u00e9ticos Chamada_03_2020 &#8211;&nbsp; [&hellip;]<\/p>\n","protected":false},"author":39,"featured_media":0,"parent":0,"menu_order":0,"comment_status":"closed","ping_status":"closed","template":"","meta":{"_exactmetrics_skip_tracking":false,"_exactmetrics_sitenote_active":false,"_exactmetrics_sitenote_note":"","_exactmetrics_sitenote_category":0,"footnotes":""},"class_list":["post-914","page","type-page","status-publish","hentry"],"_links":{"self":[{"href":"https:\/\/cloud.cnpgc.embrapa.br\/nap\/wp-json\/wp\/v2\/pages\/914","targetHints":{"allow":["GET"]}}],"collection":[{"href":"https:\/\/cloud.cnpgc.embrapa.br\/nap\/wp-json\/wp\/v2\/pages"}],"about":[{"href":"https:\/\/cloud.cnpgc.embrapa.br\/nap\/wp-json\/wp\/v2\/types\/page"}],"author":[{"embeddable":true,"href":"https:\/\/cloud.cnpgc.embrapa.br\/nap\/wp-json\/wp\/v2\/users\/39"}],"replies":[{"embeddable":true,"href":"https:\/\/cloud.cnpgc.embrapa.br\/nap\/wp-json\/wp\/v2\/comments?post=914"}],"version-history":[{"count":137,"href":"https:\/\/cloud.cnpgc.embrapa.br\/nap\/wp-json\/wp\/v2\/pages\/914\/revisions"}],"predecessor-version":[{"id":1293,"href":"https:\/\/cloud.cnpgc.embrapa.br\/nap\/wp-json\/wp\/v2\/pages\/914\/revisions\/1293"}],"wp:attachment":[{"href":"https:\/\/cloud.cnpgc.embrapa.br\/nap\/wp-json\/wp\/v2\/media?parent=914"}],"curies":[{"name":"wp","href":"https:\/\/api.w.org\/{rel}","templated":true}]}}