{"id":10,"date":"2014-06-09T13:07:00","date_gmt":"2014-06-09T13:07:00","guid":{"rendered":"http:\/\/cloud.cnpgc.embrapa.br\/nti\/?page_id=10"},"modified":"2015-05-13T13:04:38","modified_gmt":"2015-05-13T17:04:38","slug":"governanca","status":"publish","type":"page","link":"https:\/\/cloud.cnpgc.embrapa.br\/nti\/governanca\/","title":{"rendered":"Governan\u00e7a"},"content":{"rendered":"<p style=\"text-align: justify;\">A Governan\u00e7a de TI est\u00e1 relacionada ao desenvolvimento de um conjunto estruturado de compet\u00eancias e habilidades estrat\u00e9gicas\u00a0de forma a\u00a0atender \u00e0 necessidade crescente da Embrapa\u00a0de otimizar a aplica\u00e7\u00e3o de recursos, reduzir os custos e alinhar a\u00a0TI \u00e0s suas estrat\u00e9gias de neg\u00f3cio.<\/p>\n<h1 style=\"text-align: justify;\">Plano Diretor de Tecnologia da Informa\u00e7\u00e3o<\/h1>\n<p style=\"text-align: justify;\">O Plano Diretor de Tecnologia da Informa\u00e7\u00e3o\u00a0(PDTI) tem como prop\u00f3sito orientar o planejamento e a execu\u00e7\u00e3o das a\u00e7\u00f5es de TI\u00a0na Embrapa, de maneira a consolidar a import\u00e2ncia estrat\u00e9gica dessa \u00e1rea e garantir\u00a0seu alinhamento aos Planos Diretores. Portanto, este consiste em um instrumento\u00a0essencial para orientar a\u00e7\u00f5es e decis\u00f5es sobre tecnologia de informa\u00e7\u00e3o.<\/p>\n<p style=\"text-align: justify;\">Est\u00e1 em vig\u00eancia o <a href=\"https:\/\/svn.cnpgc.embrapa.br\/tic\/Governanca\/2012.01.01-Embrapa-II_Plano_Diretor_de_TI.pdf\" target=\"_blank\">II PDTI da Embrapa<\/a>, que abrange o per\u00edodo de <strong>2012 a 2015<\/strong>. A seguir s\u00e3o listados todos os PDTIs publicados:<\/p>\n<ul style=\"text-align: justify;\">\n<li><a href=\"https:\/\/svn.cnpgc.embrapa.br\/tic\/Governanca\/2012.01.01-Embrapa-II_Plano_Diretor_de_TI.pdf\" target=\"_blank\">II PDTI<\/a> (2012-2015)<\/li>\n<li><a href=\"https:\/\/svn.cnpgc.embrapa.br\/tic\/Governanca\/2010.01.01-Embrapa-I_Plano_Diretor_de_TI.pdf\" target=\"_blank\">I PDTI<\/a> (2010-2011)<\/li>\n<\/ul>\n<p style=\"text-align: justify;\">O n\u00edvel de implanta\u00e7\u00e3o do PDTI nas Unidades Descentralizadas da Empresa, tal como a Embrapa Gado de Corte, \u00e9 mensurado por meio do <a href=\"https:\/\/svn.cnpgc.embrapa.br\/tic\/Governanca\/2012.01.01-Embrapa-Diagnostico_para_o_II_PDTI.pdf\" target=\"_blank\">Relat\u00f3rio do Diagn\u00f3stico de TI<\/a>.<\/p>\n<h1 style=\"text-align: justify;\">Reposit\u00f3rio de Normas<\/h1>\n<p style=\"text-align: justify;\"><a href=\"https:\/\/svn.cnpgc.embrapa.br\/tic\" target=\"_blank\">Neste reposit\u00f3rio<\/a> voc\u00ea poder\u00e1 acessar todos os instrumentos que padronizam, regulamentam e normatizam as a\u00e7\u00f5es desenvolvidas pelo NTI.<\/p>\n","protected":false},"excerpt":{"rendered":"<p>A Governan\u00e7a de TI est\u00e1 relacionada ao desenvolvimento de um conjunto estruturado de compet\u00eancias e habilidades estrat\u00e9gicas\u00a0de forma a\u00a0atender \u00e0 necessidade crescente da Embrapa\u00a0de otimizar a aplica\u00e7\u00e3o de recursos, reduzir [&hellip;]<\/p>\n","protected":false},"author":3,"featured_media":0,"parent":0,"menu_order":0,"comment_status":"open","ping_status":"open","template":"","meta":{"_exactmetrics_skip_tracking":false,"_exactmetrics_sitenote_active":false,"_exactmetrics_sitenote_note":"","_exactmetrics_sitenote_category":0,"footnotes":""},"class_list":["post-10","page","type-page","status-publish","hentry"],"_links":{"self":[{"href":"https:\/\/cloud.cnpgc.embrapa.br\/nti\/wp-json\/wp\/v2\/pages\/10","targetHints":{"allow":["GET"]}}],"collection":[{"href":"https:\/\/cloud.cnpgc.embrapa.br\/nti\/wp-json\/wp\/v2\/pages"}],"about":[{"href":"https:\/\/cloud.cnpgc.embrapa.br\/nti\/wp-json\/wp\/v2\/types\/page"}],"author":[{"embeddable":true,"href":"https:\/\/cloud.cnpgc.embrapa.br\/nti\/wp-json\/wp\/v2\/users\/3"}],"replies":[{"embeddable":true,"href":"https:\/\/cloud.cnpgc.embrapa.br\/nti\/wp-json\/wp\/v2\/comments?post=10"}],"version-history":[{"count":8,"href":"https:\/\/cloud.cnpgc.embrapa.br\/nti\/wp-json\/wp\/v2\/pages\/10\/revisions"}],"predecessor-version":[{"id":138,"href":"https:\/\/cloud.cnpgc.embrapa.br\/nti\/wp-json\/wp\/v2\/pages\/10\/revisions\/138"}],"wp:attachment":[{"href":"https:\/\/cloud.cnpgc.embrapa.br\/nti\/wp-json\/wp\/v2\/media?parent=10"}],"curies":[{"name":"wp","href":"https:\/\/api.w.org\/{rel}","templated":true}]}}