{"id":13,"date":"2014-06-09T13:07:14","date_gmt":"2014-06-09T13:07:14","guid":{"rendered":"http:\/\/cloud.cnpgc.embrapa.br\/nti\/?page_id=13"},"modified":"2022-03-22T11:34:22","modified_gmt":"2022-03-22T15:34:22","slug":"infraestrutura","status":"publish","type":"page","link":"https:\/\/cloud.cnpgc.embrapa.br\/nti\/infraestrutura\/","title":{"rendered":"Infraestrutura"},"content":{"rendered":"<p><strong>Gest\u00e3o da Infraestrutura de TI<\/strong> (Respons\u00e1vel: Carlo Cesar Simioli Garcia)<\/p>\n<ul>\n<li><a href=\"http:\/\/cloud.cnpgc.embrapa.br\/nti\/files\/2015\/05\/InstrucoessWirelessInterno.pdf\">Rede sem fio (wirelles)<\/a><\/li>\n<li><a href=\"http:\/\/cloud.cnpgc.embrapa.br\/nti\/files\/2015\/05\/VPN.pdf\">Rede Privada Virtual (VPN)<\/a><\/li>\n<li><a href=\"http:\/\/cloud.cnpgc.embrapa.br\/nti\/files\/2015\/05\/DICAS.pdf\">Dicas interessantes\u00a0(Mapear unidade de rede, instala\u00e7\u00e3o de antiv\u00edrus e FTP)<\/a><\/li>\n<\/ul>\n","protected":false},"excerpt":{"rendered":"<p>Gest\u00e3o da Infraestrutura de TI (Respons\u00e1vel: Carlo Cesar Simioli Garcia) Rede sem fio (wirelles) Rede Privada Virtual (VPN) Dicas interessantes\u00a0(Mapear unidade de rede, instala\u00e7\u00e3o de antiv\u00edrus e FTP)<\/p>\n","protected":false},"author":3,"featured_media":0,"parent":0,"menu_order":0,"comment_status":"open","ping_status":"open","template":"","meta":{"_exactmetrics_skip_tracking":false,"_exactmetrics_sitenote_active":false,"_exactmetrics_sitenote_note":"","_exactmetrics_sitenote_category":0,"footnotes":""},"class_list":["post-13","page","type-page","status-publish","hentry"],"_links":{"self":[{"href":"https:\/\/cloud.cnpgc.embrapa.br\/nti\/wp-json\/wp\/v2\/pages\/13","targetHints":{"allow":["GET"]}}],"collection":[{"href":"https:\/\/cloud.cnpgc.embrapa.br\/nti\/wp-json\/wp\/v2\/pages"}],"about":[{"href":"https:\/\/cloud.cnpgc.embrapa.br\/nti\/wp-json\/wp\/v2\/types\/page"}],"author":[{"embeddable":true,"href":"https:\/\/cloud.cnpgc.embrapa.br\/nti\/wp-json\/wp\/v2\/users\/3"}],"replies":[{"embeddable":true,"href":"https:\/\/cloud.cnpgc.embrapa.br\/nti\/wp-json\/wp\/v2\/comments?post=13"}],"version-history":[{"count":22,"href":"https:\/\/cloud.cnpgc.embrapa.br\/nti\/wp-json\/wp\/v2\/pages\/13\/revisions"}],"predecessor-version":[{"id":156,"href":"https:\/\/cloud.cnpgc.embrapa.br\/nti\/wp-json\/wp\/v2\/pages\/13\/revisions\/156"}],"wp:attachment":[{"href":"https:\/\/cloud.cnpgc.embrapa.br\/nti\/wp-json\/wp\/v2\/media?parent=13"}],"curies":[{"name":"wp","href":"https:\/\/api.w.org\/{rel}","templated":true}]}}